{"id":42,"date":"2021-06-26T13:18:18","date_gmt":"2021-06-26T16:18:18","guid":{"rendered":"https:\/\/wp.ufpel.edu.br\/ppgmcf\/?page_id=42"},"modified":"2026-03-13T18:00:44","modified_gmt":"2026-03-13T21:00:44","slug":"documentos","status":"publish","type":"page","link":"https:\/\/wp.ufpel.edu.br\/ppgmcf\/documentos\/","title":{"rendered":"Downloads"},"content":{"rendered":"<p><strong>REGIMENTO DO PPGMCF-UFPEL<\/strong><\/p>\n<p><a href=\"https:\/\/wp.ufpel.edu.br\/ppgmcf\/files\/2021\/06\/Regimento-PPGMCF-UFPEL.pdf\" target=\"_blank\" rel=\"noopener\">Regimento PPGMCF-UFPEL<\/a><\/p>\n<p>&nbsp;<\/p>\n<p><strong>DOCUMENTOS PARA SELE\u00c7\u00c3O DE ALUNO REGULAR<\/strong><\/p>\n<p><a href=\"https:\/\/wp.ufpel.edu.br\/ppgmcf\/documentos\/formulario-de-inscricao\/\" target=\"_blank\" rel=\"attachment noopener wp-att-660\">ANEXO I &#8211; FORMUL\u00c1RIO DE INSCRI\u00c7\u00c3O<\/a><\/p>\n<p><a href=\"https:\/\/wp.ufpel.edu.br\/ppgmcf\/documentos\/planilha-avaliacao-curricular\/\" target=\"_blank\" rel=\"attachment noopener wp-att-661\">ANEXO II &#8211; PLANILHA AVALIA\u00c7\u00c3O CURRICULAR<\/a><\/p>\n<p><a href=\"https:\/\/wp.ufpel.edu.br\/ppgmcf\/documentos\/anexo-iii_2024-2\/\" rel=\"attachment wp-att-1077\">ANEXO III &#8211; Pontos e refer\u00eancias bibliogr\u00e1ficas<\/a><\/p>\n<p><a href=\"https:\/\/wp.ufpel.edu.br\/ppgmcf\/files\/2022\/11\/Autodeclaracao-de-Identidade-de-Genero.docx\">Autodeclaracao-de-Identidade-de-Genero<\/a><\/p>\n<p><a href=\"https:\/\/wp.ufpel.edu.br\/ppgmcf\/documentos\/declaracao-de-etnia\/\" rel=\"attachment wp-att-658\">Declara\u00e7\u00e3o de Etnia<\/a><\/p>\n<p>&nbsp;<\/p>\n<p><strong>DOCUMENTO PARA SELE\u00c7\u00c3O DE ALUNO ESPECIAL<\/strong><\/p>\n<p><a href=\"https:\/\/wp.ufpel.edu.br\/ppgmcf\/files\/2022\/02\/Formulario-de-Inscricao-Aluno-Especial.docx\">Formul\u00e1rio de Inscri\u00e7\u00e3o Aluno Especial<\/a><\/p>\n<p>&nbsp;<\/p>\n<p><strong>PLANO DE TRABALHO<\/strong><\/p>\n<p><a href=\"https:\/\/wp.ufpel.edu.br\/ppgmcf\/documentos\/modelo-plano-de-trabalho-ppgmcf\/\" rel=\"attachment noopener wp-att-690\">Modelo Plano de trabalho &#8211; PPGMCF<\/a><\/p>\n<p>&nbsp;<\/p>\n<p><strong>RELAT\u00d3RIO DISCENTE SEMESTRAL<\/strong><\/p>\n<p><a href=\"https:\/\/wp.ufpel.edu.br\/ppgmcf\/files\/2025\/05\/Atualizacao-do-modelo-de-relatorio-discente-semestral-1.docx\" target=\"_blank\" rel=\"noopener\">Modelo de relat\u00f3rio discente<\/a><\/p>\n<p><a href=\"https:\/\/wp.ufpel.edu.br\/ppgmcf\/files\/2023\/10\/ANEXO-I-Criterios-Manutencao-de-bolsas.pdf\" target=\"_blank\" rel=\"noopener\">ANEXO I &#8211; Crit\u00e9rios Manuten\u00e7\u00e3o de bolsas<\/a><\/p>\n<p>&nbsp;<\/p>\n<p><strong>DOC\u00caNCIA ORIENTADA<\/strong><\/p>\n<p><a href=\"https:\/\/wp.ufpel.edu.br\/ppgmcf\/files\/2023\/03\/Plano-de-ensino-docencia-orientada.doc\">Plano de ensino doc\u00eancia orientada<\/a><\/p>\n<p>&nbsp;<\/p>\n<p><strong>DOCUMENTO PARA AVALIA\u00c7\u00c3O DE PROJETO DE PESQUISA<\/strong><\/p>\n<p><a href=\"https:\/\/wp.ufpel.edu.br\/ppgmcf\/documentos\/ficha_avaliacao_projetos_dr_-2\/\" target=\"_blank\" rel=\"attachment noopener wp-att-822\">FICHA_AVALIA\u00c7\u00c3O_PROJETOS_DR<\/a><\/p>\n<p>&nbsp;<\/p>\n<p><strong>QUALIFICA\u00c7\u00c3O DE DOUTORADO<\/strong><\/p>\n<p>&nbsp;<\/p>\n<p><strong>DOCUMENTO PARA APROVEITAMENTO DE DISCIPLINAS<\/strong><\/p>\n<p><a href=\"https:\/\/wp.ufpel.edu.br\/ppgmcf\/documentos\/modelo-a-aproveitamentos-de-disciplinas\/\" rel=\"attachment wp-att-894\">Aproveitamentos de disciplinas<\/a><\/p>\n<p>&nbsp;<\/p>\n<p><strong>DOCUMENTOS PARA SUBMISS\u00c3O E FINALIZA\u00c7\u00c3O DA DISSERTA\u00c7\u00c3O\/TESE<\/strong><\/p>\n<p><a href=\"https:\/\/wp.ufpel.edu.br\/ppgmcf\/documentos\/formulario-de-solicitacao-de-defesa\/\" rel=\"attachment wp-att-618\">Formul\u00e1rio de solicita\u00e7\u00e3o de defesa<\/a><\/p>\n<p><a href=\"https:\/\/wp.ufpel.edu.br\/ppgmcf\/documentos\/manual-de-normas-ufpel-para-trabalhos-academicos\/\" rel=\"attachment wp-att-621\">Manual de normas UFPel para trabalhos acad\u00eamicos<\/a><\/p>\n<p><a href=\"https:\/\/wp.ufpel.edu.br\/ppgmcf\/documentos\/tutorial-para-solicitacao-de-ficha-catalografica\/\" rel=\"attachment wp-att-623\">Tutorial para solicita\u00e7\u00e3o de ficha catalogr\u00e1fica<\/a><\/p>\n<p><a href=\"https:\/\/wp.ufpel.edu.br\/ppgmcf\/documentos\/termo-de-autorizacao-para-inserir-teses-e-dissertacoes-nas-bases-de-dados-da-ufpel\/\" rel=\"attachment wp-att-626\">Termo de autoriza\u00e7\u00e3o para inserir teses e disserta\u00e7\u00f5es nas bases de dados da UFPel<\/a><\/p>\n<p>&nbsp;<\/p>\n<p><strong>OUTROS DOCUMENTOS<\/strong><\/p>\n<p><a href=\"https:\/\/wp.ufpel.edu.br\/ppgmcf\/documentos\/regimento-prppg-ufpel\/\" target=\"_blank\" rel=\"attachment noopener wp-att-712\">Regimento PRPPG UFPel<\/a><\/p>\n<p><a href=\"https:\/\/wp.ufpel.edu.br\/ppgmcf\/documentos\/regimento-geral-de-cursos-de-pos-graduacao-stricto-sensu-ufpel\/\" target=\"_blank\" rel=\"attachment noopener wp-att-711\">Regimento Geral de Cursos de P\u00f3s-Gradua\u00e7\u00e3o Stricto Sensu UFPel<\/a><\/p>\n<p><a href=\"https:\/\/wp.ufpel.edu.br\/ppgmcf\/documentos\/documento-de-area-cbii\/\" rel=\"attachment wp-att-730\">Documento de \u00e1rea CBII<\/a><\/p>\n","protected":false},"excerpt":{"rendered":"<p>REGIMENTO DO PPGMCF-UFPEL Regimento PPGMCF-UFPEL &nbsp; DOCUMENTOS PARA SELE\u00c7\u00c3O DE ALUNO REGULAR ANEXO I &#8211; FORMUL\u00c1RIO DE INSCRI\u00c7\u00c3O ANEXO II &#8211; PLANILHA AVALIA\u00c7\u00c3O CURRICULAR ANEXO III &#8211; Pontos e refer\u00eancias bibliogr\u00e1ficas Autodeclaracao-de-Identidade-de-Genero Declara\u00e7\u00e3o de Etnia &nbsp; DOCUMENTO PARA SELE\u00c7\u00c3O DE ALUNO ESPECIAL Formul\u00e1rio de Inscri\u00e7\u00e3o Aluno Especial &nbsp; PLANO DE TRABALHO Modelo Plano de trabalho [&hellip;]<\/p>\n","protected":false},"author":1163,"featured_media":0,"parent":0,"menu_order":8,"comment_status":"closed","ping_status":"closed","template":"","meta":{"footnotes":""},"class_list":["post-42","page","type-page","status-publish","hentry"],"_links":{"self":[{"href":"https:\/\/wp.ufpel.edu.br\/ppgmcf\/wp-json\/wp\/v2\/pages\/42","targetHints":{"allow":["GET"]}}],"collection":[{"href":"https:\/\/wp.ufpel.edu.br\/ppgmcf\/wp-json\/wp\/v2\/pages"}],"about":[{"href":"https:\/\/wp.ufpel.edu.br\/ppgmcf\/wp-json\/wp\/v2\/types\/page"}],"author":[{"embeddable":true,"href":"https:\/\/wp.ufpel.edu.br\/ppgmcf\/wp-json\/wp\/v2\/users\/1163"}],"replies":[{"embeddable":true,"href":"https:\/\/wp.ufpel.edu.br\/ppgmcf\/wp-json\/wp\/v2\/comments?post=42"}],"version-history":[{"count":3,"href":"https:\/\/wp.ufpel.edu.br\/ppgmcf\/wp-json\/wp\/v2\/pages\/42\/revisions"}],"predecessor-version":[{"id":1102,"href":"https:\/\/wp.ufpel.edu.br\/ppgmcf\/wp-json\/wp\/v2\/pages\/42\/revisions\/1102"}],"wp:attachment":[{"href":"https:\/\/wp.ufpel.edu.br\/ppgmcf\/wp-json\/wp\/v2\/media?parent=42"}],"curies":[{"name":"wp","href":"https:\/\/api.w.org\/{rel}","templated":true}]}}