{"id":411,"date":"2023-08-07T16:38:46","date_gmt":"2023-08-07T19:38:46","guid":{"rendered":"https:\/\/wp.ufpel.edu.br\/ppgmcf\/?page_id=411"},"modified":"2026-03-13T17:47:43","modified_gmt":"2026-03-13T20:47:43","slug":"processo-seletivo-aluno-especial","status":"publish","type":"page","link":"https:\/\/wp.ufpel.edu.br\/ppgmcf\/processos-seletivos\/processo-seletivo-aluno-especial\/","title":{"rendered":"Aluno Especial"},"content":{"rendered":"<p><strong>SELE\u00c7\u00c3O DE ALUNO ESPECIAL 2026\/1<\/strong><\/p>\n<p>O Programa de P\u00f3s-Gradua\u00e7\u00e3o Multic\u00eantrico em Ci\u00eancias Fisiol\u00f3gicas torna p\u00fablico o novo edital para sele\u00e7\u00e3o de aluno especial com ingresso em 2026\/1.<\/p>\n<p><a href=\"https:\/\/wp.ufpel.edu.br\/ppgmcf\/processos-seletivos\/processo-seletivo-aluno-especial\/sei_3718428_edital_de_selecao_prppg_34\/\" target=\"_blank\" rel=\"attachment noopener wp-att-1095\">SEI_3718428_Edital_de_selecao_PRPPG_34<\/a><\/p>\n<p>&nbsp;<\/p>\n<p><strong>NOVA SELE\u00c7\u00c3O DE ALUNO ESPECIAL 2025\/2<\/strong><\/p>\n<p>O Programa de P\u00f3s-Gradua\u00e7\u00e3o Multic\u00eantrico em Ci\u00eancias Fisiol\u00f3gicas torna p\u00fablico o novo edital para sele\u00e7\u00e3o de aluno especial com ingresso no em 2025\/2.<\/p>\n<p><a href=\"https:\/\/wp.ufpel.edu.br\/ppgmcf\/processos-seletivos\/processo-seletivo-aluno-especial\/sei_3190333_edital_de_selecao_prppg_142\/\" rel=\"attachment wp-att-1048\">SEI_3190333_Edital_de_selecao_PRPPG_142<\/a><\/p>\n<p><a href=\"https:\/\/wp.ufpel.edu.br\/ppgmcf\/processos-seletivos\/processo-seletivo-aluno-especial\/resultado-aluno-especial_2_assinado\/\" rel=\"attachment wp-att-1062\">Resultado-Aluno-Especial_2_assinado<\/a><\/p>\n<p>&nbsp;<\/p>\n<p><strong>SELE\u00c7\u00c3O ALUNO ESPECIAL 2025\/2<\/strong><\/p>\n<p>O Programa de P\u00f3s-Gradua\u00e7\u00e3o Multic\u00eantrico em Ci\u00eancias Fisiol\u00f3gicas torna p\u00fablico o edital para sele\u00e7\u00e3o de aluno especial com ingresso no primeiro semestre de 2025.<\/p>\n<p><a href=\"https:\/\/wp.ufpel.edu.br\/ppgmcf\/processos-seletivos\/processo-seletivo-aluno-especial\/sei_3166137_edital_de_selecao_prppg_124\/\" rel=\"attachment wp-att-1044\">SEI_3166137_Edital_de_selecao_PRPPG_124<\/a><\/p>\n<p><a href=\"https:\/\/wp.ufpel.edu.br\/ppgmcf\/processos-seletivos\/processo-seletivo-aluno-especial\/resultado-aluno-especial_1_assinado\/\" rel=\"attachment wp-att-1043\">Resultado-Aluno-Especial_<\/a><\/p>\n<p>&nbsp;<\/p>\n<p><strong>SELE\u00c7\u00c3O ALUNO ESPECIAL 2025\/1<\/strong><\/p>\n<p>O Programa de P\u00f3s-Gradua\u00e7\u00e3o Multic\u00eantrico em Ci\u00eancias Fisiol\u00f3gicas torna p\u00fablico o edital para sele\u00e7\u00e3o de aluno especial com ingresso no primeiro semestre de 2025. As inscri\u00e7\u00f5es estar\u00e3o abertas at\u00e9 dia 18\/03\/25.<\/p>\n<p><a href=\"https:\/\/wp.ufpel.edu.br\/ppgmcf\/2025\/03\/10\/aberto-o-edital-de-aluno-especial\/edital-de-selecao-de-aluno-especial-2025_1\/\" rel=\"attachment wp-att-973\">Edital de sele\u00e7\u00e3o de aluno especial 2025_1<\/a>.<\/p>\n<p><a href=\"https:\/\/wp.ufpel.edu.br\/ppgmcf\/processos-seletivos\/processo-seletivo-aluno-especial\/resultado_aluno_especial\/\" rel=\"attachment wp-att-978\">Resultado_Aluno_Especial<\/a><\/p>\n<p>&nbsp;<\/p>\n<p><strong>SELE\u00c7\u00c3O ALUNO ESPECIAL 2024\/2<\/strong><\/p>\n<p>O Programa de P\u00f3s-Gradua\u00e7\u00e3o Multic\u00eantrico em Ci\u00eancias Fisiol\u00f3gicas torna p\u00fablico edital para sele\u00e7\u00e3o de aluno especial com segundo semestre de 2024. As inscri\u00e7\u00f5es estar\u00e3o abertas at\u00e9 dia 26\/08\/24.<\/p>\n<p><a href=\"https:\/\/wp.ufpel.edu.br\/ppgmcf\/processos-seletivos\/processo-seletivo-aluno-especial\/sei_ufpel-2713519-edital-de-selecao-prppg\/\" rel=\"attachment wp-att-918\">Edital de Sele\u00e7\u00e3o Aluno Especial<\/a><\/p>\n<p>&nbsp;<\/p>\n<p><strong>SELE\u00c7\u00c3O ALUNO ESPECIAL 2024\/1<\/strong><\/p>\n<p>O Programa de P\u00f3s-Gradua\u00e7\u00e3o Multic\u00eantrico em Ci\u00eancias Fisiol\u00f3gicas torna p\u00fablico edital para sele\u00e7\u00e3o de aluno especial com ingresso no primeiro semestre de 2024. As inscri\u00e7\u00f5es estar\u00e3o abertas at\u00e9 dia 06\/03\/24.<\/p>\n<p><a href=\"https:\/\/wp.ufpel.edu.br\/ppgmcf\/files\/2024\/03\/Edital-aluno-especial.pdf\">Edital aluno especial<\/a><\/p>\n<p><a href=\"https:\/\/wp.ufpel.edu.br\/ppgmcf\/files\/2024\/03\/Resultado-Aluno-Especial.pdf\">Resultado Aluno Especial<\/a> 2024_1<\/p>\n<p>&nbsp;<\/p>\n<p><strong>SELE\u00c7\u00c3O ALUNO ESPECIAL 2023\/2<\/strong><\/p>\n<p>O Programa de P\u00f3s-Gradua\u00e7\u00e3o Multic\u00eantrico em Ci\u00eancias Fisiol\u00f3gicas torna p\u00fablico edital para sele\u00e7\u00e3o de aluno especial com ingresso no segundo semestre de 2023. As inscri\u00e7\u00f5es estar\u00e3o abertas at\u00e9 dia 03\/08\/23.<\/p>\n<p><a href=\"https:\/\/wp.ufpel.edu.br\/ppgmcf\/files\/2023\/07\/Edital-Aluno-Especial.pdf\">Edital Aluno Especial<\/a><\/p>\n<p><a href=\"https:\/\/wp.ufpel.edu.br\/ppgmcf\/files\/2022\/02\/Formulario-de-Inscricao-Aluno-Especial.docx\">Formul\u00e1rio de Inscri\u00e7\u00e3o Aluno Especial<\/a><\/p>\n<p>Selecionados: <a href=\"https:\/\/wp.ufpel.edu.br\/ppgmcf\/files\/2023\/08\/Resultado-Aluno-Especial-2023-2.pdf\">Resultado Aluno Especial 2023-2<\/a><\/p>\n<p>&nbsp;<\/p>\n<p><strong>SELE\u00c7\u00c3O ALUNO ESPECIAL 2023\/1<\/strong><\/p>\n<p>O Programa de P\u00f3s-Gradua\u00e7\u00e3o Multic\u00eantrico em Ci\u00eancias Fisiol\u00f3gicas torna p\u00fablico edital para sele\u00e7\u00e3o de aluno especial com ingresso no segundo semestre de 2023. As inscri\u00e7\u00f5es estar\u00e3o abertas at\u00e9 dia 03\/04\/23.<\/p>\n<p><a href=\"https:\/\/wp.ufpel.edu.br\/ppgmcf\/files\/2023\/03\/Edital-Aluno-Especial.pdf\">Edital Aluno Especial<\/a><\/p>\n<p><a href=\"https:\/\/wp.ufpel.edu.br\/ppgmcf\/files\/2023\/04\/Resultado-Selecao-Aluno-Especial-PPGMCF.pdf\">Resultado Sele\u00e7\u00e3o Aluno Especial PPGMCF<\/a><\/p>\n<p>&nbsp;<\/p>\n<p><strong>SELE\u00c7\u00c3O DE ALUNO ESPECIAL 2022\/2<\/strong><\/p>\n<p>As inscri\u00e7\u00f5es para a Sele\u00e7\u00e3o para cursar disciplinas como aluno especial do PPGMCF estar\u00e3o abertas no per\u00edodo de <strong>15 de agosto de 2022 a 18 de agosto de 2022<\/strong>, pelo email: <strong>ppgmcf.ufpel@gmail.com.<\/strong><\/p>\n<p>Os interessados em cursar disciplinas como aluno especial poder\u00e3o solicitar inscri\u00e7\u00e3o em duas disciplinas oferecidas no 2\u00ba semestre de 2022.<\/p>\n<p><a href=\"https:\/\/wp.ufpel.edu.br\/ppgmcf\/files\/2022\/08\/Edital-Aluno-Especial-2022-2-PPGMCF.pdf\">Edital Aluno Especial 2022-2 PPGMCF<\/a><\/p>\n<p><a href=\"https:\/\/wp.ufpel.edu.br\/ppgmcf\/files\/2022\/08\/Selecionados-Aluno-Especial-2022-2.docx\">Selecionados Aluno Especial 2022-2<\/a><\/p>\n<p>&nbsp;<\/p>\n<p><strong>SELE\u00c7\u00c3O ALUNO ESPECIAL 2022\/1<\/strong><\/p>\n<p>O Programa de P\u00f3s-Gradua\u00e7\u00e3o Multic\u00eantrico em Ci\u00eancias Fisiol\u00f3gicas torna p\u00fablico edital para sele\u00e7\u00e3o de aluno especial com ingresso no primeiro semestre de 2022.<\/p>\n<p>Acesse: <a href=\"https:\/\/wp.ufpel.edu.br\/ppgmcf\/files\/2022\/03\/Edital-aluno-especial-2022-1.pdf\">Edital aluno especial 2022-1<\/a><\/p>\n<p>&nbsp;<\/p>\n","protected":false},"excerpt":{"rendered":"<p>SELE\u00c7\u00c3O DE ALUNO ESPECIAL 2026\/1 O Programa de P\u00f3s-Gradua\u00e7\u00e3o Multic\u00eantrico em Ci\u00eancias Fisiol\u00f3gicas torna p\u00fablico o novo edital para sele\u00e7\u00e3o de aluno especial com ingresso em 2026\/1. SEI_3718428_Edital_de_selecao_PRPPG_34 &nbsp; NOVA SELE\u00c7\u00c3O DE ALUNO ESPECIAL 2025\/2 O Programa de P\u00f3s-Gradua\u00e7\u00e3o Multic\u00eantrico em Ci\u00eancias Fisiol\u00f3gicas torna p\u00fablico o novo edital para sele\u00e7\u00e3o de aluno especial com ingresso [&hellip;]<\/p>\n","protected":false},"author":1163,"featured_media":0,"parent":33,"menu_order":3,"comment_status":"closed","ping_status":"closed","template":"","meta":{"footnotes":""},"class_list":["post-411","page","type-page","status-publish","hentry"],"_links":{"self":[{"href":"https:\/\/wp.ufpel.edu.br\/ppgmcf\/wp-json\/wp\/v2\/pages\/411","targetHints":{"allow":["GET"]}}],"collection":[{"href":"https:\/\/wp.ufpel.edu.br\/ppgmcf\/wp-json\/wp\/v2\/pages"}],"about":[{"href":"https:\/\/wp.ufpel.edu.br\/ppgmcf\/wp-json\/wp\/v2\/types\/page"}],"author":[{"embeddable":true,"href":"https:\/\/wp.ufpel.edu.br\/ppgmcf\/wp-json\/wp\/v2\/users\/1163"}],"replies":[{"embeddable":true,"href":"https:\/\/wp.ufpel.edu.br\/ppgmcf\/wp-json\/wp\/v2\/comments?post=411"}],"version-history":[{"count":3,"href":"https:\/\/wp.ufpel.edu.br\/ppgmcf\/wp-json\/wp\/v2\/pages\/411\/revisions"}],"predecessor-version":[{"id":1096,"href":"https:\/\/wp.ufpel.edu.br\/ppgmcf\/wp-json\/wp\/v2\/pages\/411\/revisions\/1096"}],"up":[{"embeddable":true,"href":"https:\/\/wp.ufpel.edu.br\/ppgmcf\/wp-json\/wp\/v2\/pages\/33"}],"wp:attachment":[{"href":"https:\/\/wp.ufpel.edu.br\/ppgmcf\/wp-json\/wp\/v2\/media?parent=411"}],"curies":[{"name":"wp","href":"https:\/\/api.w.org\/{rel}","templated":true}]}}