{"id":270,"date":"2022-12-13T08:32:47","date_gmt":"2022-12-13T11:32:47","guid":{"rendered":"https:\/\/wp.ufpel.edu.br\/ppgmcf\/?page_id=270"},"modified":"2025-06-17T16:08:49","modified_gmt":"2025-06-17T19:08:49","slug":"processo-seletivo-professor-visitante","status":"publish","type":"page","link":"https:\/\/wp.ufpel.edu.br\/ppgmcf\/processos-seletivos\/processo-seletivo-professor-visitante\/","title":{"rendered":"Professor Visitante"},"content":{"rendered":"<p><strong>PROCESSO SELETIVO PROFESSOR VISITANTE \u2013 PPGMCF<\/strong><\/p>\n<p>Est\u00e3o abertas as inscri\u00e7\u00f5es para professor visitante do PPGMCF. As inscri\u00e7\u00f5es v\u00e3o at\u00e9 dia <strong>23 de maio\u00a0de 2025.<\/strong><\/p>\n<p>Acesse o edital: <a href=\"https:\/\/wp.ufpel.edu.br\/ppgmcf\/2025\/04\/22\/aberto-edital-para-professor-visitante-ppgmcf\/edital_de_selecao_professor_visitante_ppgmcf\/\" rel=\"attachment wp-att-1001\">Edital_de_selecao_Professor_Visitante_PPGMCF<\/a><\/p>\n<p>Anexos:<\/p>\n<p><a href=\"https:\/\/wp.ufpel.edu.br\/ppgmcf\/2025\/04\/22\/aberto-edital-para-professor-visitante-ppgmcf\/anexo_i\/\" rel=\"attachment wp-att-1000\">Anexo_I<\/a><\/p>\n<p><a href=\"https:\/\/wp.ufpel.edu.br\/ppgmcf\/2025\/04\/22\/aberto-edital-para-professor-visitante-ppgmcf\/anexo_ii\/\" rel=\"attachment wp-att-999\">Anexo_II<\/a><\/p>\n<p><a href=\"https:\/\/wp.ufpel.edu.br\/ppgmcf\/processos-seletivos\/homologacao_inscricoes_pofessor_visitante_ppgmcf_assinado\/\" rel=\"attachment wp-att-1015\">Homologacao_inscricoes_Professor_Visitante_PPGMCF<\/a><\/p>\n<p>Resultado:<\/p>\n<p><a href=\"https:\/\/wp.ufpel.edu.br\/ppgmcf\/processos-seletivos\/processo-seletivo-professor-visitante\/resultado_do_processo_seletivo_para_pofessor_visitante_ppgmcf_assinado\/\" rel=\"attachment wp-att-1021\">Resultado_do_processo_seletivo_para_Pofessor_Visitante_PPGMCF<\/a><\/p>\n<p><a href=\"https:\/\/wp.ufpel.edu.br\/ppgmcf\/processos-seletivos\/processo-seletivo-professor-visitante\/resultado_do_processo_seletivo_para_pofessor_visitante_ppgmcf_apos-recurso\/\" rel=\"attachment wp-att-1030\">Resultado_do_processo_seletivo_para_Pofessor_Visitante_PPGMCF_AP\u00d3S RECURSO<\/a><\/p>\n<p>&nbsp;<\/p>\n<p><strong>PROCESSO SELETIVO PROFESSOR VISITANTE \u2013 PPGMCF<\/strong><\/p>\n<p>Est\u00e3o abertas as inscri\u00e7\u00f5es para professor visitante do PPGMCF. As inscri\u00e7\u00f5es v\u00e3o at\u00e9 dia\u00a0<strong>29 de novembro de 2022.<\/strong><\/p>\n<p>Confira o Edital:\u00a0<a href=\"https:\/\/wp.ufpel.edu.br\/ppgmcf\/files\/2022\/09\/Edital-Professor-Visitanto-PPGMCF.pdf\">Edital Professor Visitante PPGMCF<\/a><\/p>\n<p>Anexos:\u00a0<a href=\"https:\/\/wp.ufpel.edu.br\/ppgmcf\/files\/2022\/09\/ANEXOS-Professor-Visitante.pdf\">ANEXOS Professor Visitante<\/a><\/p>\n<p>&nbsp;<\/p>\n<p>O PPGMCF divulga a lista de inscritos no EDITAL N\u00b0 161\/2022 \u2013 Sele\u00e7\u00e3o para Professor Visitante:<\/p>\n<p>Aline Longoni dos Santos<br \/>\nBruna Gazzi de Lima Seolin<br \/>\nDaniela Volcan Almeida<br \/>\nJean Pierre Oses<br \/>\nPatrick T\u00fcrck<\/p>\n<p>&nbsp;<\/p>\n<p>O PPGMCF divulga a Composi\u00e7\u00e3o da Banca Examinadora para o Processo Seletivo para Professor Visitante, EDITAL N\u00b0 161\/2022 :<\/p>\n<p><a href=\"https:\/\/wp.ufpel.edu.br\/ppgmcf\/files\/2022\/12\/Banca-Examinadora-Processo-Seletivo-Professor-Visitante.pdf\">Banca Examinadora Processo Seletivo Professor Visitante<\/a><\/p>\n<p>&nbsp;<\/p>\n<p>O PPGMCF divulga a lista de inscri\u00e7\u00f5es homologadas para o Processo Seletivo para Professor Visitante, EDITAL N\u00b0 161\/2022 :<\/p>\n<p>Aline Longoni dos Santos<br \/>\nBruna Gazzi de Lima Seolin<br \/>\nDaniela Volcan Almeida<br \/>\nPatrick T\u00fcrck<\/p>\n<p>&nbsp;<\/p>\n<p>O PPGMCF divulga o resultado do Processo Seletivo para Professor Visitante, EDITAL N\u00b0 161\/2022 :<\/p>\n<p><a href=\"https:\/\/wp.ufpel.edu.br\/ppgmcf\/files\/2022\/12\/Resultado-Processo-Seletivo-Professor-Visitante-PPGMCF.pdf\">Resultado Processo Seletivo Professor Visitante PPGMCF<\/a><\/p>\n<p>&nbsp;<\/p>\n","protected":false},"excerpt":{"rendered":"<p>PROCESSO SELETIVO PROFESSOR VISITANTE \u2013 PPGMCF Est\u00e3o abertas as inscri\u00e7\u00f5es para professor visitante do PPGMCF. As inscri\u00e7\u00f5es v\u00e3o at\u00e9 dia 23 de maio\u00a0de 2025. Acesse o edital: Edital_de_selecao_Professor_Visitante_PPGMCF Anexos: Anexo_I Anexo_II Homologacao_inscricoes_Professor_Visitante_PPGMCF Resultado: Resultado_do_processo_seletivo_para_Pofessor_Visitante_PPGMCF Resultado_do_processo_seletivo_para_Pofessor_Visitante_PPGMCF_AP\u00d3S RECURSO &nbsp; PROCESSO SELETIVO PROFESSOR VISITANTE \u2013 PPGMCF Est\u00e3o abertas as inscri\u00e7\u00f5es para professor visitante do PPGMCF. As inscri\u00e7\u00f5es v\u00e3o [&hellip;]<\/p>\n","protected":false},"author":1163,"featured_media":0,"parent":33,"menu_order":6,"comment_status":"closed","ping_status":"closed","template":"","meta":{"footnotes":""},"class_list":["post-270","page","type-page","status-publish","hentry"],"_links":{"self":[{"href":"https:\/\/wp.ufpel.edu.br\/ppgmcf\/wp-json\/wp\/v2\/pages\/270","targetHints":{"allow":["GET"]}}],"collection":[{"href":"https:\/\/wp.ufpel.edu.br\/ppgmcf\/wp-json\/wp\/v2\/pages"}],"about":[{"href":"https:\/\/wp.ufpel.edu.br\/ppgmcf\/wp-json\/wp\/v2\/types\/page"}],"author":[{"embeddable":true,"href":"https:\/\/wp.ufpel.edu.br\/ppgmcf\/wp-json\/wp\/v2\/users\/1163"}],"replies":[{"embeddable":true,"href":"https:\/\/wp.ufpel.edu.br\/ppgmcf\/wp-json\/wp\/v2\/comments?post=270"}],"version-history":[{"count":8,"href":"https:\/\/wp.ufpel.edu.br\/ppgmcf\/wp-json\/wp\/v2\/pages\/270\/revisions"}],"predecessor-version":[{"id":1031,"href":"https:\/\/wp.ufpel.edu.br\/ppgmcf\/wp-json\/wp\/v2\/pages\/270\/revisions\/1031"}],"up":[{"embeddable":true,"href":"https:\/\/wp.ufpel.edu.br\/ppgmcf\/wp-json\/wp\/v2\/pages\/33"}],"wp:attachment":[{"href":"https:\/\/wp.ufpel.edu.br\/ppgmcf\/wp-json\/wp\/v2\/media?parent=270"}],"curies":[{"name":"wp","href":"https:\/\/api.w.org\/{rel}","templated":true}]}}