{"id":1104,"date":"2026-03-13T18:08:12","date_gmt":"2026-03-13T21:08:12","guid":{"rendered":"https:\/\/wp.ufpel.edu.br\/ppgmcf\/?page_id=1104"},"modified":"2026-03-13T18:13:29","modified_gmt":"2026-03-13T21:13:29","slug":"2025-2","status":"publish","type":"page","link":"https:\/\/wp.ufpel.edu.br\/ppgmcf\/discentes\/defesas\/2025-2\/","title":{"rendered":"2025"},"content":{"rendered":"<p><strong>MESTRADO<\/strong><\/p>\n<p>1.\u00a0<strong>T\u00edtulo:<\/strong> Protocolos de hidrata\u00e7\u00e3o, par\u00e2metros nutricionais e sinais de fadiga em atletas de rugby feminino.<\/p>\n<p><strong>Autor(a): <\/strong>Carolina C\u00f4rrea de Souza<\/p>\n<p><strong>Orientador(a): <\/strong>Gustavo Dias Ferreira<\/p>\n<p>&nbsp;<\/p>\n<p>2. <strong>T\u00edtulo:<\/strong> O efeito da equoterapia no desempenho funcional e na ansiedade em indiv\u00edduos com Transtorno do Espectro Autista na cidade de S\u00e3o Louren\u00e7o do Sul, RS.<\/p>\n<p><strong>Autor(a): <\/strong>Kelin Spiering<\/p>\n<p><strong>Orientador(a): <\/strong>Bruna Ferrary Deniz<\/p>\n<p>&nbsp;<\/p>\n<p>3. <strong>T\u00edtulo:<\/strong> Ventila\u00e7\u00e3o n\u00e3o invasiva como resgate na emerg\u00eancia: avalia\u00e7\u00e3o dos preditores de falha a curto prazo e altera\u00e7\u00f5es fisiol\u00f3gicas.<\/p>\n<p><strong>Autor(a): <\/strong>Nath\u00e1lia Madruga Monteiro<\/p>\n<p><strong>Orientador(a):\u00a0<\/strong>Rafael Bueno Orcy<\/p>\n","protected":false},"excerpt":{"rendered":"<p>MESTRADO 1.\u00a0T\u00edtulo: Protocolos de hidrata\u00e7\u00e3o, par\u00e2metros nutricionais e sinais de fadiga em atletas de rugby feminino. Autor(a): Carolina C\u00f4rrea de Souza Orientador(a): Gustavo Dias Ferreira &nbsp; 2. T\u00edtulo: O efeito da equoterapia no desempenho funcional e na ansiedade em indiv\u00edduos com Transtorno do Espectro Autista na cidade de S\u00e3o Louren\u00e7o do Sul, RS. Autor(a): Kelin [&hellip;]<\/p>\n","protected":false},"author":1163,"featured_media":0,"parent":646,"menu_order":3,"comment_status":"closed","ping_status":"closed","template":"","meta":{"footnotes":""},"class_list":["post-1104","page","type-page","status-publish","hentry"],"_links":{"self":[{"href":"https:\/\/wp.ufpel.edu.br\/ppgmcf\/wp-json\/wp\/v2\/pages\/1104","targetHints":{"allow":["GET"]}}],"collection":[{"href":"https:\/\/wp.ufpel.edu.br\/ppgmcf\/wp-json\/wp\/v2\/pages"}],"about":[{"href":"https:\/\/wp.ufpel.edu.br\/ppgmcf\/wp-json\/wp\/v2\/types\/page"}],"author":[{"embeddable":true,"href":"https:\/\/wp.ufpel.edu.br\/ppgmcf\/wp-json\/wp\/v2\/users\/1163"}],"replies":[{"embeddable":true,"href":"https:\/\/wp.ufpel.edu.br\/ppgmcf\/wp-json\/wp\/v2\/comments?post=1104"}],"version-history":[{"count":2,"href":"https:\/\/wp.ufpel.edu.br\/ppgmcf\/wp-json\/wp\/v2\/pages\/1104\/revisions"}],"predecessor-version":[{"id":1106,"href":"https:\/\/wp.ufpel.edu.br\/ppgmcf\/wp-json\/wp\/v2\/pages\/1104\/revisions\/1106"}],"up":[{"embeddable":true,"href":"https:\/\/wp.ufpel.edu.br\/ppgmcf\/wp-json\/wp\/v2\/pages\/646"}],"wp:attachment":[{"href":"https:\/\/wp.ufpel.edu.br\/ppgmcf\/wp-json\/wp\/v2\/media?parent=1104"}],"curies":[{"name":"wp","href":"https:\/\/api.w.org\/{rel}","templated":true}]}}