{"id":4381,"date":"2026-04-27T18:26:34","date_gmt":"2026-04-27T21:26:34","guid":{"rendered":"https:\/\/wp.ufpel.edu.br\/ppgmacsa\/?page_id=4381"},"modified":"2026-04-27T18:39:42","modified_gmt":"2026-04-27T21:39:42","slug":"calendario-academico","status":"publish","type":"page","link":"https:\/\/wp.ufpel.edu.br\/ppgmacsa\/calendario-academico\/calendario-academico\/","title":{"rendered":"Calend\u00e1rio acad\u00eamico 2026\/01 e 2026\/02"},"content":{"rendered":"<p><strong>Calend\u00e1rio Acad\u00eamico 2026<\/strong><\/p>\n<p><strong>2026\/1<\/strong><br \/>\nPer\u00edodo de matr\u00edculas para alunos\/as de mestrado e doutorado: 05 e 06\/03\/2026<br \/>\nPer\u00edodo de matr\u00edculas para alunos\/as de mestrado concluintes da gradua\u00e7\u00e3o em 2025\/2: 09\/03\/2026<br \/>\nIn\u00edcio das aulas: 23\/03\/2026<br \/>\n\u00daltimo dia para matr\u00edculas adicionais: 17\/04\/2026<br \/>\n\u00daltimo dia para cancelamento de disciplinas: 17\/04\/2026<br \/>\nSolicita\u00e7\u00e3o de aproveitamento de profici\u00eancia (para ingressantes em 2025\/1): at\u00e9 24\/04\/2026<br \/>\nSolicita\u00e7\u00e3o de aproveitamento de cr\u00e9ditos (para ingressantes em 2026\/1): at\u00e9 24\/04\/2026<br \/>\nEnvio dos planos de estudo (para ingressantes em 2026\/1): at\u00e9 20\/05\/2026<br \/>\n\u00daltimo dia letivo: 25\/07\/2026<br \/>\n\u00daltimo dia para registro de notas e conceitos no Cobalto: 31\/07\/2026<br \/>\nEnvio do coeficiente de rendimento: 07\/08\/2026<br \/>\n<em>Reuni\u00f5es de Colegiado<\/em>: \u00daltima segunda-feira de cada m\u00eas, \u00e0s 14h. O envio de documentos para<br \/>\naprecia\u00e7\u00e3o do colegiado dever\u00e1 ser feito com anteced\u00eancia de at\u00e9 72h antes da reuni\u00e3o.<\/p>\n<p><strong>2026\/2<\/strong><br \/>\nPer\u00edodo de matr\u00edculas para alunos\/as de mestrado e doutorado: 06 a 07\/08\/2026<br \/>\nIn\u00edcio das aulas: 12\/08\/2026<br \/>\n\u00daltimo dia para matr\u00edculas adicionais: 11\/09\/2026<br \/>\n\u00daltimo dia para cancelamento de disciplinas: 11\/09\/2026<br \/>\nSolicita\u00e7\u00e3o de aproveitamento de profici\u00eancia (para ingressantes em 2025\/2): at\u00e9 25\/09\/2026<br \/>\nSolicita\u00e7\u00e3o de aproveitamento de cr\u00e9ditos (para ingressantes em 2026\/2): at\u00e9<br \/>\n25\/09\/2026<br \/>\nEnvio dos planos de estudo dos\/as discentes (para ingressantes em 2026\/2): at\u00e9 23\/10\/2026<br \/>\n11\u00aa SIIEPE: 19 a 23\/10\/2026 (data prov\u00e1vel)<br \/>\n\u00daltimo dia letivo: 12\/12\/2026<br \/>\n\u00daltimo dia para registro de notas e conceitos no Cobalto: 18\/12\/2026<br \/>\nEnvio do coeficiente de rendimento: 18\/12\/2026<\/p>\n","protected":false},"excerpt":{"rendered":"<p>Calend\u00e1rio Acad\u00eamico 2026 2026\/1 Per\u00edodo de matr\u00edculas para alunos\/as de mestrado e doutorado: 05 e 06\/03\/2026 Per\u00edodo de matr\u00edculas para alunos\/as de mestrado concluintes da gradua\u00e7\u00e3o em 2025\/2: 09\/03\/2026 In\u00edcio das aulas: 23\/03\/2026 \u00daltimo dia para matr\u00edculas adicionais: 17\/04\/2026 \u00daltimo dia para cancelamento de disciplinas: 17\/04\/2026 Solicita\u00e7\u00e3o de aproveitamento de profici\u00eancia (para ingressantes em 2025\/1): &hellip; <\/p>\n<p><a class=\"more-link btn\" href=\"https:\/\/wp.ufpel.edu.br\/ppgmacsa\/calendario-academico\/calendario-academico\/\">Continue lendo<\/a><\/p>\n","protected":false},"author":108,"featured_media":0,"parent":2433,"menu_order":0,"comment_status":"closed","ping_status":"closed","template":"","meta":{"jetpack_post_was_ever_published":false,"footnotes":""},"class_list":["post-4381","page","type-page","status-publish","hentry","nodate","item-wrap"],"jetpack_shortlink":"https:\/\/wp.me\/Pa3t0X-18F","jetpack_sharing_enabled":true,"_links":{"self":[{"href":"https:\/\/wp.ufpel.edu.br\/ppgmacsa\/wp-json\/wp\/v2\/pages\/4381","targetHints":{"allow":["GET"]}}],"collection":[{"href":"https:\/\/wp.ufpel.edu.br\/ppgmacsa\/wp-json\/wp\/v2\/pages"}],"about":[{"href":"https:\/\/wp.ufpel.edu.br\/ppgmacsa\/wp-json\/wp\/v2\/types\/page"}],"author":[{"embeddable":true,"href":"https:\/\/wp.ufpel.edu.br\/ppgmacsa\/wp-json\/wp\/v2\/users\/108"}],"replies":[{"embeddable":true,"href":"https:\/\/wp.ufpel.edu.br\/ppgmacsa\/wp-json\/wp\/v2\/comments?post=4381"}],"version-history":[{"count":2,"href":"https:\/\/wp.ufpel.edu.br\/ppgmacsa\/wp-json\/wp\/v2\/pages\/4381\/revisions"}],"predecessor-version":[{"id":4389,"href":"https:\/\/wp.ufpel.edu.br\/ppgmacsa\/wp-json\/wp\/v2\/pages\/4381\/revisions\/4389"}],"up":[{"embeddable":true,"href":"https:\/\/wp.ufpel.edu.br\/ppgmacsa\/wp-json\/wp\/v2\/pages\/2433"}],"wp:attachment":[{"href":"https:\/\/wp.ufpel.edu.br\/ppgmacsa\/wp-json\/wp\/v2\/media?parent=4381"}],"curies":[{"name":"wp","href":"https:\/\/api.w.org\/{rel}","templated":true}]}}