{"id":4373,"date":"2026-04-27T17:49:56","date_gmt":"2026-04-27T20:49:56","guid":{"rendered":"https:\/\/wp.ufpel.edu.br\/ppgmacsa\/?page_id=4373"},"modified":"2026-04-27T17:58:40","modified_gmt":"2026-04-27T20:58:40","slug":"formularios","status":"publish","type":"page","link":"https:\/\/wp.ufpel.edu.br\/ppgmacsa\/downloads\/formularios\/","title":{"rendered":"Formul\u00e1rios"},"content":{"rendered":"<p><a href=\"https:\/\/wp.ufpel.edu.br\/ppgmacsa\/files\/2011\/05\/Formul%C3%A1rio-1-Inscri%C3%A7%C3%A3o.doc\">Formul\u00e1rio 1 \u2013 Inscri\u00e7\u00e3o (Sele\u00e7\u00e3o)<\/a><\/p>\n<p><a href=\"https:\/\/wp.ufpel.edu.br\/ppgmacsa\/files\/2020\/07\/Formul%C3%A1rio-1A-ANTEPROJETO-DE-PESQUISA-Plano-de-Trabalho-2.docx\">Formul\u00e1rio-1A \u2013 Plano de Trabalho (Sele\u00e7\u00e3o)<\/a><\/p>\n<p><a href=\"https:\/\/wp.ufpel.edu.br\/ppgmacsa\/files\/2011\/05\/Formulario-2-Matr%C3%ADcula.doc\">Formul\u00e1rio 2 \u2013 Matr\u00edcula (Ingressantes)<\/a><\/p>\n<p><a href=\"https:\/\/wp.ufpel.edu.br\/ppgmacsa\/files\/2021\/07\/formulario-de-inscricao-em-edital-de-aluno-especial-141.docx\">Formul\u00e1rio 2A \u2013 Inscri\u00e7\u00e3o Aluno Especial (Sele\u00e7\u00e3o Aluno Especial)<\/a><\/p>\n<p><a href=\"https:\/\/wp.ufpel.edu.br\/ppgmacsa\/files\/2011\/05\/Formul%C3%A1rio-3-Plano-de-Estudo.doc\">Formul\u00e1rio 3 \u2013 Indica\u00e7\u00e3o de Comiss\u00e3o Orientadora e Plano de Estudos*<\/a><\/p>\n<p><a href=\"https:\/\/wp.ufpel.edu.br\/ppgmacsa\/files\/2023\/06\/Formulario-4-Encaminhamento-de-Defesas-3-3.doc\">Formul\u00e1rio 4 \u2013 Encaminhamento de Defesas de Disserta\u00e7\u00e3o\/Tese*<\/a><\/p>\n<p><a href=\"https:\/\/wp.ufpel.edu.br\/ppgmacsa\/files\/2011\/05\/Formul%C3%A1rio-6-Aproveitamento-de-Cr%C3%A9ditos.doc\">Formul\u00e1rio 6 \u2013 Aproveitamento de Cr\u00e9ditos*<\/a><\/p>\n<p><a href=\"https:\/\/wp.ufpel.edu.br\/ppgmacsa\/files\/2023\/06\/Formulario-7A-Encaminhamento-Defesa-Qualificacao-2.doc\">Formul\u00e1rio 7A \u2013 Encaminhamento Exame de Qualifica\u00e7\u00e3o*<\/a><\/p>\n<p><a href=\"https:\/\/wp.ufpel.edu.br\/ppgmacsa\/files\/2023\/07\/Formulario_8_Mudanca_Nivel.doc\">Formul\u00e1rio 8 \u2013 Mudan\u00e7a de N\u00edvel<\/a><\/p>\n<p><a href=\"https:\/\/wp.ufpel.edu.br\/ppgmacsa\/files\/2011\/05\/Formul%C3%A1rio-9-Cancelamento-de-Disciplina.doc\">Formul\u00e1rio 9 \u2013 Cancelamento de Disciplina<\/a><\/p>\n<p><a href=\"https:\/\/wp.ufpel.edu.br\/ppgmacsa\/files\/2011\/05\/Formul%C3%A1rio-9A-Inclus%C3%A3o-de-Disciplina.doc\">Formul\u00e1rio 9A \u2013 Inclus\u00e3o de Disciplina<\/a><\/p>\n<p><a href=\"https:\/\/wp.ufpel.edu.br\/prppgi\/files\/2019\/04\/TRANCAMENTO-DE-MATRICULA-ATUALIZADO.doc\"><strong>Formul\u00e1rio 10 \u2013 Trancamento de<\/strong> matr\u00edcula<\/a><\/p>\n<p>*<strong>Fazer o\u00a0<em>upload<\/em>\u00a0do requerimento no respectivo formul\u00e1rio eletr\u00f4nico, conforme indicado no Manual do PPGMACSA:<\/strong><\/p>\n<p>Aproveitamento de cr\u00e9ditos:\u00a0<a href=\"https:\/\/forms.gle\/pCbucVRDDgz4CCid7\">https:\/\/forms.gle\/pCbucVRDDgz4CCid7<\/a><\/p>\n<p>Defesa de Disserta\u00e7\u00e3o\/Tese:\u00a0<a href=\"https:\/\/forms.gle\/bF2gD9z7Y61VnvSV8\">https:\/\/forms.gle\/bF2gD9z7Y61VnvSV8<\/a><\/p>\n<p>Exame de Qualifica\u00e7\u00e3o:\u00a0<a href=\"https:\/\/forms.gle\/xjNNzVcFvpzoA6tcA\">https:\/\/forms.gle\/xjNNzVcFvpzoA6tcA<\/a><\/p>\n<p>(INICIAL) Indica\u00e7\u00e3o de comiss\u00e3o orientadora e plano de estudos:\u00a0<a href=\"https:\/\/forms.gle\/ZyYwHbFFqAopmC8K7\">https:\/\/forms.gle\/ZyYwHbFFqAopmC8K7<\/a><\/p>\n<p>(REVIS\u00c3O) Indica\u00e7\u00e3o de comiss\u00e3o orientadora e plano de estudos:\u00a0<a href=\"https:\/\/forms.gle\/rALDAFyhRKo7NUWi7\">https:\/\/forms.gle\/rALDAFyhRKo7NUWi7<\/a><\/p>\n<p>Profici\u00eancia em l\u00edngua inglesa:\u00a0<a href=\"https:\/\/forms.gle\/t7GJdRucHNoYijmKA\">https:\/\/forms.gle\/t7GJdRucHNoYijmKA<\/a><\/p>\n<p>&nbsp;<\/p>\n<p><a href=\"https:\/\/wp.ufpel.edu.br\/ppgmacsa\/files\/2025\/12\/Termo-de-responsabilidade-alunos-PPGMACSA.pdf\">Termo de responsabilidade<\/a>\u00a0 e\u00a0<a href=\"https:\/\/forms.gle\/SZ2eXDXUwmWkNYZm6\">Formul\u00e1rio do Termo de responsabilidade<\/a>\u00a0\u00a0(obrigat\u00f3rios para a confirma\u00e7\u00e3o de matr\u00edcula)<\/p>\n<p><a href=\"https:\/\/wp.ufpel.edu.br\/ppgmacsa\/files\/2023\/12\/Solicitacao-de-auxilio-para-eventos-e-trabalhos-de-campo-macsa-2.doc\">Solicita\u00e7\u00e3o de aux\u00edlio financeiro\u00a0<\/a>(Participa\u00e7\u00e3o em evento\/ sa\u00edda de campo)<\/p>\n<p><a href=\"https:\/\/wp.ufpel.edu.br\/ppgmacsa\/files\/2023\/08\/Relatorio-de-Viagem-para-discentes-PPGMACSA.docx\">Relat\u00f3rio de viagem para presta\u00e7\u00e3o de contas de aux\u00edlio financeiro<\/a>\u00a0(sa\u00eddas de campo)<\/p>\n<p><a href=\"https:\/\/wp.ufpel.edu.br\/ppgmacsa\/files\/2023\/05\/Requerimento-de-alunos-1.doc\">Requerimento de alunos\u00a0<\/a><a href=\"https:\/\/wp.ufpel.edu.br\/ppgmacsa\/files\/2020\/08\/Requerimento-de-alunos.doc\">\u00a0<\/a>(profici\u00eancia, prorroga\u00e7\u00f5es de prazo e outros)<\/p>\n<p><a href=\"https:\/\/wp.ufpel.edu.br\/ppgmacsa\/files\/2024\/08\/Termo-Dissertacoes-e-Teses.pdf\">Termo de autoriza\u00e7\u00e3o para divulga\u00e7\u00e3o de Disserta\u00e7\u00f5es e Teses\u00a0<\/a>(biblioteca)<\/p>\n<p><a href=\"https:\/\/wp.ufpel.edu.br\/ppgmacsa\/files\/2021\/10\/Requerimento-para-dispensa-de-DOI-e-DOII.docx\">Requerimento para solicita\u00e7\u00e3o de dispensa de Doc\u00eancia Orientada I e\/ou II<\/a><\/p>\n<p>&nbsp;<\/p>\n","protected":false},"excerpt":{"rendered":"<p>Formul\u00e1rio 1 \u2013 Inscri\u00e7\u00e3o (Sele\u00e7\u00e3o) Formul\u00e1rio-1A \u2013 Plano de Trabalho (Sele\u00e7\u00e3o) Formul\u00e1rio 2 \u2013 Matr\u00edcula (Ingressantes) Formul\u00e1rio 2A \u2013 Inscri\u00e7\u00e3o Aluno Especial (Sele\u00e7\u00e3o Aluno Especial) Formul\u00e1rio 3 \u2013 Indica\u00e7\u00e3o de Comiss\u00e3o Orientadora e Plano de Estudos* Formul\u00e1rio 4 \u2013 Encaminhamento de Defesas de Disserta\u00e7\u00e3o\/Tese* Formul\u00e1rio 6 \u2013 Aproveitamento de Cr\u00e9ditos* Formul\u00e1rio 7A \u2013 Encaminhamento Exame &hellip; <\/p>\n<p><a class=\"more-link btn\" href=\"https:\/\/wp.ufpel.edu.br\/ppgmacsa\/downloads\/formularios\/\">Continue lendo<\/a><\/p>\n","protected":false},"author":108,"featured_media":0,"parent":146,"menu_order":1,"comment_status":"closed","ping_status":"closed","template":"","meta":{"jetpack_post_was_ever_published":false,"footnotes":""},"class_list":["post-4373","page","type-page","status-publish","hentry","nodate","item-wrap"],"jetpack_shortlink":"https:\/\/wp.me\/Pa3t0X-18x","jetpack_sharing_enabled":true,"_links":{"self":[{"href":"https:\/\/wp.ufpel.edu.br\/ppgmacsa\/wp-json\/wp\/v2\/pages\/4373","targetHints":{"allow":["GET"]}}],"collection":[{"href":"https:\/\/wp.ufpel.edu.br\/ppgmacsa\/wp-json\/wp\/v2\/pages"}],"about":[{"href":"https:\/\/wp.ufpel.edu.br\/ppgmacsa\/wp-json\/wp\/v2\/types\/page"}],"author":[{"embeddable":true,"href":"https:\/\/wp.ufpel.edu.br\/ppgmacsa\/wp-json\/wp\/v2\/users\/108"}],"replies":[{"embeddable":true,"href":"https:\/\/wp.ufpel.edu.br\/ppgmacsa\/wp-json\/wp\/v2\/comments?post=4373"}],"version-history":[{"count":1,"href":"https:\/\/wp.ufpel.edu.br\/ppgmacsa\/wp-json\/wp\/v2\/pages\/4373\/revisions"}],"predecessor-version":[{"id":4375,"href":"https:\/\/wp.ufpel.edu.br\/ppgmacsa\/wp-json\/wp\/v2\/pages\/4373\/revisions\/4375"}],"up":[{"embeddable":true,"href":"https:\/\/wp.ufpel.edu.br\/ppgmacsa\/wp-json\/wp\/v2\/pages\/146"}],"wp:attachment":[{"href":"https:\/\/wp.ufpel.edu.br\/ppgmacsa\/wp-json\/wp\/v2\/media?parent=4373"}],"curies":[{"name":"wp","href":"https:\/\/api.w.org\/{rel}","templated":true}]}}