{"id":4370,"date":"2026-04-27T17:45:50","date_gmt":"2026-04-27T20:45:50","guid":{"rendered":"https:\/\/wp.ufpel.edu.br\/ppgmacsa\/?page_id=4370"},"modified":"2026-04-27T17:58:50","modified_gmt":"2026-04-27T20:58:50","slug":"guias-manuais-e-modelos","status":"publish","type":"page","link":"https:\/\/wp.ufpel.edu.br\/ppgmacsa\/downloads\/guias-manuais-e-modelos\/","title":{"rendered":"Guias, manuais e modelos"},"content":{"rendered":"<p><strong><a href=\"https:\/\/wp.ufpel.edu.br\/ppgmacsa\/files\/2025\/09\/Manual_PPGMACSA_atualizado_23_09_2025-2.pdf\">Manual PPGMACSA (atualizado 23\/09\/2025)<\/a><\/strong><\/p>\n<p><strong><a href=\"https:\/\/wp.ufpel.edu.br\/ppgmacsa\/files\/2025\/11\/Quadro-de-pontuacao-Seletivos-1.pdf\">Quadro de pontua\u00e7\u00e3o Seletivos<\/a><\/strong><\/p>\n<p><strong><a href=\"https:\/\/wp.ufpel.edu.br\/ppgmacsa\/files\/2023\/08\/GUIA_PARA_UTILIZACAO_PROAP_2023.docx\">Guia para utiliza\u00e7\u00e3o do PROAP<\/a><\/strong><\/p>\n<p><strong><a href=\"https:\/\/wp.ufpel.edu.br\/ppgmacsa\/files\/2024\/10\/Modelo_Projeto_Pesquisa_MACSA_2024-1.docx\">Modelo de Projeto de Pesquisa PPGMACSA\u00a0<\/a>(atualizado 2024)<\/strong><\/p>\n<p><strong><a href=\"https:\/\/wp.ufpel.edu.br\/ppgmacsa\/files\/2020\/10\/IN_Progressao_MsC-Dr_PPGMACSA.pdf\">Instru\u00e7\u00e3o Normativa de Progress\u00e3o\/Mudan\u00e7a de n\u00edvel (Mestrado-Doutorado)<\/a><\/strong><\/p>\n<p><strong><a href=\"https:\/\/ccs2.ufpel.edu.br\/wp\/2023\/11\/23\/manual-de-normas-da-ufpel-para-trabalhos-academicos-e-atualizado\/\" target=\"_blank\" rel=\"noopener\">Manual e normas da UFPel para trabalhos acad\u00eamicos<\/a><\/strong><\/p>\n<p><strong><a href=\"https:\/\/wp.ufpel.edu.br\/ppgmacsa\/files\/2011\/05\/CONCEITO-ESTAGIO-DOCENCIA-ORIENTADA.doc\">Atestado de conceito de Est\u00e1gio Doc\u00eancia Orientada<\/a><\/strong><\/p>\n<p><strong><a href=\"https:\/\/wp.ufpel.edu.br\/ppgmacsa\/files\/2022\/11\/QUALIFICACAO-orientacoes-e-criterios-para-realizacao-do-exame.pdf\">Qualifica\u00e7\u00e3o \u2013 Orienta\u00e7\u00f5es e crit\u00e9rios para realiza\u00e7\u00e3o do exame<\/a><\/strong><\/p>\n<p><strong><a href=\"https:\/\/wp.ufpel.edu.br\/ppgmacsa\/files\/2026\/04\/DO-EXAME-DE-QUALIFICACAO_mestrado.pdf\">Instru\u00e7\u00e3o Normativa \u2013 DO EXAME DE QUALIFICA\u00c7\u00c3O_mestrado<\/a><\/strong><\/p>\n<p><strong><a href=\"https:\/\/wp.ufpel.edu.br\/ppgmacsa\/files\/2026\/04\/DO-EXAME-DE-QUALIFICACAO_doutorado.pdf\">Instru\u00e7\u00e3o Normativa \u2013 DO EXAME DE QUALIFICA\u00c7\u00c3O_doutorado<\/a><\/strong><\/p>\n<p><strong><a href=\"https:\/\/wp.ufpel.edu.br\/ppgmacsa\/files\/2011\/05\/Carta-para-homologa%C3%A7%C3%A3o.doc\">Carta para Homologa\u00e7\u00e3o de Disserta\u00e7\u00e3o\/Tese<\/a><\/strong><\/p>\n<p><strong><a href=\"https:\/\/wp.ufpel.edu.br\/ppgmacsa\/files\/2020\/08\/Carta-Convite-Banca-MACSA.doc\">Carta convite para participa\u00e7\u00e3o em banca examinadora de qualifica\u00e7\u00e3o\/ disserta\u00e7\u00e3o\/ tese<\/a><\/strong><\/p>\n<p><strong><a href=\"https:\/\/wp.ufpel.edu.br\/ppgmacsa\/files\/2023\/12\/Normativa_MACSA_credencia_descredencia_recredencia_2023.pdf\">Normativa de credenciamento, recredenciamento e descredenciamento MACSA<\/a><\/strong><\/p>\n<p><strong><a href=\"https:\/\/docs.google.com\/spreadsheets\/d\/1qSB1lCsIos67IbfG8kArYQWOx6RARHYd\/edit?usp=sharing&amp;ouid=110264828158076538644&amp;rtpof=true&amp;sd=true\">\u00cdndice de avalia\u00e7\u00e3o docente IAD<\/a><\/strong><\/p>\n<p><strong><a href=\"https:\/\/wp.ufpel.edu.br\/ppgmacsa\/files\/2024\/08\/Quadro_producao_Prof_Visitante.xlsx\">Quadro de produ\u00e7\u00e3o para Professor Visitante<\/a><\/strong><\/p>\n<p><strong><a href=\"https:\/\/wp.ufpel.edu.br\/ppgmacsa\/files\/2020\/10\/Guia-de-Boas-Praticas-em-Pesquisa-Cientifica-na-UFPel_Final.pdf\">Guia de Boas Pr\u00e1ticas em Pesquisa Cient\u00edfica na UFPel<\/a><\/strong><\/p>\n<p><strong><a href=\"https:\/\/wp.ufpel.edu.br\/ppgmacsa\/files\/2023\/10\/SEI_UFPel-2373244-Resolucao.pdf\">Resolu\u00e7\u00e3o COCEPE sobre distribui\u00e7\u00e3o e ac\u00famulo de bolsas com atividades remuneradas<\/a><\/strong><\/p>\n<p><strong><a href=\"https:\/\/wp.ufpel.edu.br\/ppgmacsa\/files\/2025\/05\/Manual-de-como-preencher-a-plataforma-SICAPES.docx\">Tutorial de preenchimento da plataforma SICAPES (PDSE)<\/a><\/strong><\/p>\n<p><strong><a href=\"https:\/\/wp.ufpel.edu.br\/ppgmacsa\/files\/2025\/07\/Modelo_Programa_Analitico_ementa.docx\">Modelo de Programa Anal\u00edtico de disciplina (altera\u00e7\u00e3o\/proposi\u00e7\u00e3o)<\/a><\/strong><\/p>\n<p><strong><a href=\"https:\/\/wp.ufpel.edu.br\/ppgmacsa\/files\/2025\/08\/Modelo-CONCEITO-ESTAGIO-DOCENCIA.doc\">Modelo conceito Est\u00e1gio Doc\u00eancia<\/a><\/strong><\/p>\n<p>&nbsp;<\/p>\n","protected":false},"excerpt":{"rendered":"<p>Manual PPGMACSA (atualizado 23\/09\/2025) Quadro de pontua\u00e7\u00e3o Seletivos Guia para utiliza\u00e7\u00e3o do PROAP Modelo de Projeto de Pesquisa PPGMACSA\u00a0(atualizado 2024) Instru\u00e7\u00e3o Normativa de Progress\u00e3o\/Mudan\u00e7a de n\u00edvel (Mestrado-Doutorado) Manual e normas da UFPel para trabalhos acad\u00eamicos Atestado de conceito de Est\u00e1gio Doc\u00eancia Orientada Qualifica\u00e7\u00e3o \u2013 Orienta\u00e7\u00f5es e crit\u00e9rios para realiza\u00e7\u00e3o do exame Instru\u00e7\u00e3o Normativa \u2013 DO &hellip; <\/p>\n<p><a class=\"more-link btn\" href=\"https:\/\/wp.ufpel.edu.br\/ppgmacsa\/downloads\/guias-manuais-e-modelos\/\">Continue lendo<\/a><\/p>\n","protected":false},"author":108,"featured_media":0,"parent":146,"menu_order":2,"comment_status":"closed","ping_status":"closed","template":"","meta":{"jetpack_post_was_ever_published":false,"footnotes":""},"class_list":["post-4370","page","type-page","status-publish","hentry","nodate","item-wrap"],"jetpack_shortlink":"https:\/\/wp.me\/Pa3t0X-18u","jetpack_sharing_enabled":true,"_links":{"self":[{"href":"https:\/\/wp.ufpel.edu.br\/ppgmacsa\/wp-json\/wp\/v2\/pages\/4370","targetHints":{"allow":["GET"]}}],"collection":[{"href":"https:\/\/wp.ufpel.edu.br\/ppgmacsa\/wp-json\/wp\/v2\/pages"}],"about":[{"href":"https:\/\/wp.ufpel.edu.br\/ppgmacsa\/wp-json\/wp\/v2\/types\/page"}],"author":[{"embeddable":true,"href":"https:\/\/wp.ufpel.edu.br\/ppgmacsa\/wp-json\/wp\/v2\/users\/108"}],"replies":[{"embeddable":true,"href":"https:\/\/wp.ufpel.edu.br\/ppgmacsa\/wp-json\/wp\/v2\/comments?post=4370"}],"version-history":[{"count":1,"href":"https:\/\/wp.ufpel.edu.br\/ppgmacsa\/wp-json\/wp\/v2\/pages\/4370\/revisions"}],"predecessor-version":[{"id":4372,"href":"https:\/\/wp.ufpel.edu.br\/ppgmacsa\/wp-json\/wp\/v2\/pages\/4370\/revisions\/4372"}],"up":[{"embeddable":true,"href":"https:\/\/wp.ufpel.edu.br\/ppgmacsa\/wp-json\/wp\/v2\/pages\/146"}],"wp:attachment":[{"href":"https:\/\/wp.ufpel.edu.br\/ppgmacsa\/wp-json\/wp\/v2\/media?parent=4370"}],"curies":[{"name":"wp","href":"https:\/\/api.w.org\/{rel}","templated":true}]}}