{"id":4322,"date":"2026-04-27T16:26:40","date_gmt":"2026-04-27T19:26:40","guid":{"rendered":"https:\/\/wp.ufpel.edu.br\/ppgmacsa\/?page_id=4322"},"modified":"2026-04-28T09:59:26","modified_gmt":"2026-04-28T12:59:26","slug":"dissertacoes","status":"publish","type":"page","link":"https:\/\/wp.ufpel.edu.br\/ppgmacsa\/atividades\/pesquisa\/producao-cientifica\/dissertacoes\/","title":{"rendered":"Disserta\u00e7\u00f5es"},"content":{"rendered":"<table style=\"border-collapse: collapse; width: 100%;\" border=\"1\">\n<tbody>\n<tr>\n<td style=\"width: 100%;\">2025<\/td>\n<\/tr>\n<tr>\n<td style=\"width: 100%;\">\n<p style=\"text-align: justify;\">Minerais silicatados fonte de pot\u00e1ssio na sucess\u00e3o de trevo persa e arroz irrigado no Sul do Rio Grande do Sul\u00a0<sub>Ver\u00f4nica Lemos Vargas, 2025<\/sub><\/p>\n<p style=\"text-align: justify;\"><a href=\"http:\/\/guaiaca.ufpel.edu.br\/xmlui\/handle\/prefix\/17141\">Estimativa espacial do estoque de carbono org\u00e2nico do solo no munic\u00edpio de S\u00e3o Jos\u00e9 do Norte \u2013 RS<\/a>\u00a0<sub>Rafael Junqueira Moro, 2025<\/sub><\/p>\n<p class=\"page-header first-page-header\" style=\"text-align: justify;\"><a href=\"http:\/\/guaiaca.ufpel.edu.br\/xmlui\/handle\/prefix\/17153\">Indicadores de qualidade do solo em unidades de refer\u00eancia produtiva de noz-pec\u00e3 sob diferentes sistemas de manejo<\/a>\u00a0<sub>Jaqueline Lubke Weege, 2025<\/sub><\/p>\n<\/td>\n<\/tr>\n<\/tbody>\n<\/table>\n<table style=\"border-collapse: collapse; width: 100%;\" border=\"1\">\n<tbody>\n<tr>\n<td style=\"width: 100%;\">2024<\/td>\n<\/tr>\n<tr>\n<td style=\"width: 100%;\">\n<p style=\"text-align: justify;\"><strong>FIGUEIREDO, J. P Indicadores qu\u00edmicos e biol\u00f3gicos de qualidade de solo em agroecossistemas familiares sob diferentes usos e manejos (convencional e agroecol\u00f3gico)<\/strong><\/p>\n<p style=\"text-align: justify;\"><strong><a href=\"http:\/\/guaiaca.ufpel.edu.br\/xmlui\/handle\/prefix\/13781\">Biochar de lodo de esgoto: atributos f\u00edsico-h\u00eddricos e efici\u00eancia agron\u00f4mica para mudas de eucalipto<\/a>\u00a0<sub>KAREN RAQUEL PENING KLITZKE, 2024<\/sub><\/strong><\/p>\n<p style=\"text-align: justify;\"><strong><a href=\"http:\/\/guaiaca.ufpel.edu.br\/xmlui\/handle\/prefix\/13785\">Atributos f\u00edsicos de um Planossolo e produtividade de arroz em sistema residual de soja e sob sulco camalh\u00e3o em \u00e1reas de v\u00e1rzea<\/a>\u00a0<sub>MIKAEL BUENO LONGARAY, 2024<\/sub><\/strong><\/p>\n<p style=\"text-align: justify;\">Aduba\u00e7\u00e3o nitrogenada para o arroz irrigado por sulco: desempenho agron\u00f4mico e emiss\u00e3o de gases do efeito estufa\u00a0<sub>Nathan Roschildt, 2024<\/sub><\/p>\n<p style=\"text-align: justify;\"><a href=\"http:\/\/guaiaca.ufpel.edu.br\/xmlui\/handle\/prefix\/15783\">\u00a0Qualidade f\u00edsica do solo em diferentes sistemas de uso e manejo no bioma Pampa<\/a>\u00a0<sub>JULIANA VARGAS BOZZATO, 2024<\/sub><\/p>\n<p style=\"text-align: justify;\"><a href=\"http:\/\/guaiaca.ufpel.edu.br\/xmlui\/handle\/prefix\/16663\">Elementos potencialmente poluidores em solo constru\u00eddo de minera\u00e7\u00e3o de carv\u00e3o sob cultivo de gram\u00edneas perenes aos 8,6 e 20 anos<\/a>\u00a0<sub>Bruna Lemons Brisolara, 2024<\/sub><\/p>\n<\/td>\n<\/tr>\n<\/tbody>\n<\/table>\n<table style=\"border-collapse: collapse; width: 100%;\" border=\"1\">\n<tbody>\n<tr>\n<td style=\"width: 100%;\">2023<\/td>\n<\/tr>\n<tr>\n<td style=\"width: 100%;\">\n<p style=\"text-align: justify;\"><strong><a href=\"http:\/\/guaiaca.ufpel.edu.br\/xmlui\/handle\/prefix\/13826\">Fauna ed\u00e1fica e sua rela\u00e7\u00e3o com os atributos qu\u00edmicos e f\u00edsicos de um solo construido ap\u00f3s 14,6 anos de revegeta\u00e7\u00e3o<\/a>\u00a0<sub>MAUR\u00cdCIO SILVA DE OLIVEIRA, 2023<\/sub><\/strong><\/p>\n<p style=\"text-align: justify;\"><strong>CUNHA, I. M. Produtividade de soja sob doses de f\u00f3sforo e pot\u00e1ssio e ado\u00e7\u00e3o de diferentes mecanismos rompedores em Planossolo na Campanha do Rio Grande do Sul<\/strong><\/p>\n<p style=\"text-align: justify;\"><strong>LEMOS, R. S. Organismos da fauna, teor de mat\u00e9ria org\u00e2nica e condi\u00e7\u00e3o f\u00edsica de um solo sob plantio direto no Sul do Rio Grande do Sul: o impacto de curto prazo da rota\u00e7\u00e3o de culturas no manejo conservacionista<\/strong><\/p>\n<\/td>\n<\/tr>\n<\/tbody>\n<\/table>\n<table style=\"border-collapse: collapse; width: 100%;\" border=\"1\">\n<tbody>\n<tr>\n<td style=\"width: 100%;\">2022<\/td>\n<\/tr>\n<tr>\n<td style=\"width: 100%;\">\n<p style=\"text-align: justify;\"><strong><a href=\"http:\/\/guaiaca.ufpel.edu.br\/handle\/prefix\/8933\">Aduba\u00e7\u00e3o nitrogenada e fosfatada e emiss\u00f5es de am\u00f4nia, metano e \u00f3xido nitroso em cultivo de arroz irrigado por sulco\u00a0<sub>PAMELA ANDRADES TIMM, 2022<\/sub><\/a><\/strong><\/p>\n<p style=\"text-align: justify;\"><strong><a href=\"http:\/\/guaiaca.ufpel.edu.br\/handle\/prefix\/8932\">Avalia\u00e7\u00e3o de atributos qu\u00edmicos e biol\u00f3gicos na recupera\u00e7\u00e3o de solo minerado na regi\u00e3o de Candiota\/RS<\/a>\u00a0<sub>MARIA BERTASO DE GARCIA FERNANDEZ, 2022<\/sub><\/strong><\/p>\n<p style=\"text-align: justify;\"><strong><a href=\"http:\/\/guaiaca.ufpel.edu.br\/handle\/prefix\/9107\">Atributos morfol\u00f3gicos, qu\u00edmicos e f\u00edsico-h\u00eddricos de Neossolos Lit\u00f3licos e Regol\u00edticos da Regi\u00e3o do Escudo Cristalino Sul-Riograndense<\/a><sub>\u00a0LUCAS DA SILVA BARBOSA, 2022<\/sub><\/strong><\/p>\n<p style=\"text-align: justify;\"><strong><a href=\"http:\/\/guaiaca.ufpel.edu.br\/xmlui\/handle\/prefix\/16265\">Sistemas integrados de cultivo e pecu\u00e1ria em terras baixas do Sul do Brasil: Par\u00e2metros f\u00edsicos e estoques de carbono org\u00e2nico de um Planossolo\u00a0<\/a><sub>Jardel Bohmer Junior, 2022<\/sub><\/strong><\/p>\n<p style=\"text-align: justify;\"><strong>\u00a0<a href=\"http:\/\/guaiaca.ufpel.edu.br\/xmlui\/handle\/prefix\/13825\">Predi\u00e7\u00e3o espacial de carbono org\u00e2nico do solo em escala de propriedade agr\u00edcola na regi\u00e3o Sul do Brasil<\/a>\u00a0<sub>JEFERSON DIEGO LEIDEMER, 2022<\/sub><\/strong><\/p>\n<\/td>\n<\/tr>\n<\/tbody>\n<\/table>\n<table style=\"border-collapse: collapse; width: 100%;\" border=\"1\">\n<tbody>\n<tr>\n<td style=\"width: 100%;\">2021<\/td>\n<\/tr>\n<tr>\n<td style=\"width: 100%;\">\n<p style=\"text-align: justify;\"><strong>\u00a0MONTIEL, T. H. ATRIBUTOS MICROBIOL\u00d3GICOS, QU\u00cdMICOS E F\u00cdSICOS DE SOLO IMPACTADO PELA MINERA\u00c7\u00c3O DE CARV\u00c3O AP\u00d3S 11,5 ANOS DE REVEGETA\u00c7\u00c3O<\/strong><\/p>\n<p style=\"text-align: justify;\"><strong>\u00a0<a href=\"http:\/\/guaiaca.ufpel.edu.br\/handle\/prefix\/8101\">MANEJO DO TERVO PERSA E DA ADUBA\u00c7\u00c3O NITROGENADA PARA O ARROZ IRRIGADO: DIN\u00c2MICA DE NUTRIENTES NO SOLO E RESPOSTA DE PLANTAS<\/a>\u00a0<sub>CRISTIANO WEINERT, 2021<\/sub><\/strong><\/p>\n<p style=\"text-align: justify;\"><strong>NETA, M. C. C. C. Abordagem Bayesiana para ajuste da distribui\u00e7\u00e3o de probabibilidade de vari\u00e1veis hidrol\u00f3gicas<\/strong><\/p>\n<\/td>\n<\/tr>\n<\/tbody>\n<\/table>\n<table style=\"border-collapse: collapse; width: 100%;\" border=\"1\">\n<tbody>\n<tr>\n<td style=\"width: 100%;\">2020<\/td>\n<\/tr>\n<tr>\n<td style=\"width: 100%;\">\n<p style=\"text-align: justify;\"><strong>\u00a0BICCA, J. M. DIN\u00c2MICA DA LIBERA\u00c7\u00c3O DE NUTRIENTES E DE ARGILA DISPERSA DE UM SOLO SOL\u00d3DICO TRATADO COM AGROMINERAL SILIC\u00c1TICO, GESSO E CAL<\/strong><\/p>\n<p style=\"text-align: justify;\"><strong><a href=\"http:\/\/guaiaca.ufpel.edu.br\/handle\/prefix\/6576\">APLICA\u00c7\u00c3O DE GESSO DE DESSULFURA\u00c7\u00c3O DE GASES DE COMBUST\u00c3O NA MELHORIA DE ATRIBUTOS QU\u00cdMICOS DE SOLOS IMPACTADOS PELA MINERA\u00c7\u00c3O DE CARV\u00c3O E EFEITOS SOBRE ATRIBUTOS DE PLANTAS\u00a0<\/a><sub>JULIA LIMA REGINATO, 2020<\/sub><\/strong><\/p>\n<p style=\"text-align: justify;\"><strong><a href=\"http:\/\/guaiaca.ufpel.edu.br\/xmlui\/handle\/prefix\/14498\">EMISS\u00d5ES DE GAZES DO EFEITO ESTUFA E ESTOQUE DE CARBONO EM PLANOSSOLO CULTIVADO COM ARROZ IRRIGADO: EFEITOS DO SISTEMA DE PREPARO DO SOLO E DE ROTA\u00c7\u00c3O DE CULTURAS<\/a>\u00a0<sub>CAMILA LEMOS LACERDA, 2020<\/sub><\/strong><\/p>\n<p style=\"text-align: justify;\"><strong><a href=\"http:\/\/guaiaca.ufpel.edu.br\/xmlui\/handle\/prefix\/14493\">\u00a0INCORPORA\u00c7\u00c3O DE LODOS DE ESTA\u00c7\u00d5ES DE TRATAMENTO DE \u00c1GUA: EFEITOS SOBRE ATRIBUTOS DO SOLO E DESEMPENHO AGRON\u00d4MICO DE CULTIVOS ANUAIS\u00a0<\/a><sub>PABLO LACERDA RIBEIRO, 2020<\/sub><\/strong><\/p>\n<p><strong><a href=\"http:\/\/guaiaca.ufpel.edu.br\/handle\/prefix\/8569\">PRODUTIVIDADE DE SOJA E ATRIBUTOS QU\u00cdMICOS E F\u00cdSICOS DO SOLO EM ROTA\u00c7\u00c3O DE CULTURA COM ARROZ IRRIGADO<\/a>\u00a0<sub>PATRICK MORAIS VEBER, 2020<\/sub><\/strong><\/td>\n<\/tr>\n<\/tbody>\n<\/table>\n<table style=\"border-collapse: collapse; width: 100%;\" border=\"1\">\n<tbody>\n<tr>\n<td style=\"width: 100%;\">2019<\/td>\n<\/tr>\n<tr>\n<td style=\"width: 100%;\">\n<p style=\"text-align: justify;\"><strong><a href=\"http:\/\/guaiaca.ufpel.edu.br\/handle\/prefix\/4532\">RELA\u00c7\u00d5ES INTENSIDADE-DURA\u00c7\u00c3O-FREQU\u00caNCIA DE PRECIPITA\u00c7\u00c3O UTILIZANDO DADOS DE SAT\u00c9LITE<\/a>\u00a0<sub>LET\u00cdCIA BURKET MELLO, 2019<\/sub><\/strong><\/p>\n<p style=\"text-align: justify;\"><strong><a href=\"http:\/\/guaiaca.ufpel.edu.br\/handle\/prefix\/5003\">T\u00c9CNICA GEOESTAT\u00cdSTICA NA AVALIA\u00c7\u00c3O DE ATRIBUTOS FISICO H\u00cdDRICOS DOS SOLOS NA SUBBACIA SANTA RITA, PELOTAS\/RS<\/a>\u00a0<sub>LEONIR ALDRIGHI DUTRA JUNIOR, 2019<\/sub><\/strong><\/p>\n<p style=\"text-align: justify;\"><strong>\u00a0PERES, M. M. EFICI\u00caNCIA AGRON\u00d4MICA DE AGROMINERAIS DA FORMA\u00c7\u00c3O SERRA GERAL COMO FONTE DE NUTRIENTES<\/strong><\/p>\n<p style=\"text-align: justify;\"><strong>RODRIGUES, M. F.\u00a0VALIDA\u00c7\u00c3O DA AVALIA\u00c7\u00c3O VISUAL DA ESTRUTURA DO SOLO (VESS) EM SOLOS CONSTRU\u00cdDOS DE \u00c1REAS DE MINERA\u00c7\u00c3O DE CARV\u00c3O<\/strong><\/p>\n<p style=\"text-align: justify;\"><strong><a href=\"http:\/\/guaiaca.ufpel.edu.br\/handle\/prefix\/5348\">CAPACIDADE DE USO DA TERRA E ABATIMENTO DE EROS\u00c3O H\u00cdDRICA EM PROPRIEDADES DA BACIA HIDROGR\u00c1FICA DO ARROIO EPAMINONDAS EM PELOTAS (RS)\u00a0<\/a><sub>MARGARETH ANDRADE DOS REIS,\u00a0 2019<\/sub><\/strong><\/p>\n<p style=\"text-align: justify;\"><strong><a href=\"http:\/\/guaiaca.ufpel.edu.br\/handle\/prefix\/6577\">PERDA E APORTE DE SEDIMENTOS ESTIMADOS PELOS MODELOS RUSLE E SEDD EM BACIA HIDROGR\u00c1FICA DE CLIMA SUBTROPICAL\u00a0<\/a><sub>MAYARA ZANCHIN, 2019<\/sub><\/strong><\/p>\n<\/td>\n<\/tr>\n<\/tbody>\n<\/table>\n<table style=\"border-collapse: collapse; width: 100%;\" border=\"1\">\n<tbody>\n<tr>\n<td style=\"width: 100%;\">2018<\/td>\n<\/tr>\n<tr>\n<td style=\"width: 100%;\">\n<p style=\"text-align: justify;\"><strong>SAL\u00c9, M. M. EFICI\u00caNCIA DE ABSOR\u00c7\u00c3O E DE UTILIZA\u00c7\u00c3O DE F\u00d3SFORO POR CEREAIS E HORTALI\u00c7AS<\/strong><\/p>\n<p style=\"text-align: justify;\"><strong><a href=\"http:\/\/guaiaca.ufpel.edu.br\/handle\/prefix\/4113\">EMISS\u00d5ES DE METANO E \u00d3XIDO NITROSO EM SISTEMAS DE PRODU\u00c7\u00c3O E \u00c1REA NATURAL DE TERRAS BAIXAS\u00a0<\/a><sub>MIGUEL DAVID FUENTES GUEVARA, 2018<\/sub><\/strong><\/p>\n<p style=\"text-align: justify;\"><strong>\u00a0SILVA, T. P. VARIABILIDADE ESPACIAL DE ATRIBUTOS F\u00cdSICOS E ESTIMATIVA DA EROS\u00c3O H\u00cdDRICA DE SOLOS NA SUB BACIA MICAELA-RS<\/strong><\/p>\n<p style=\"text-align: justify;\"><strong>ARDUIN, R. L. N. USO DE AGRO MINERAL SILIC\u00c1TICO, GESSO E CAL PARA ESTABILIZA\u00c7\u00c3O DA ARGILA DE \u00c1REA DEGRADADA DA BARRAGEM SANTA B\u00c1RBARA, PELOTAS-RS<\/strong><\/p>\n<p style=\"text-align: justify;\"><strong>CAMPOS, A. D. S. EFEITOS DA SISTEMATIZA\u00c7\u00c3O NOS ATRIBUTOS F\u00cdSICO-H\u00cdDRICOS EM SOLO DE TERRAS BAIXAS, AVALIADOS POR MEIO DE FERRAMENTAS DE ESTAT\u00cdSTICA CL\u00c1SSICA E DE GEOESTAT\u00cdSTICA<\/strong><\/p>\n<p style=\"text-align: justify;\"><strong><a href=\"http:\/\/guaiaca.ufpel.edu.br\/handle\/prefix\/5349\">EMISS\u00d5ES DE METANO E \u00d3XIDO NITROSO EM SISTEMAS DE ROTA\u00c7\u00c3O DE CULTURAS EM UM PLANOSSOLO DO RIO GRANDE DO SUL\u00a0<\/a><sub>ANDERSON DIAS DA SILVEIRA, 2018<\/sub><\/strong><\/p>\n<p style=\"text-align: justify;\"><strong><a href=\"http:\/\/guaiaca.ufpel.edu.br\/handle\/prefix\/4522\">MOVIMENTA\u00c7\u00c3O DE \u00c1GUA SALOBRA NA LAGUNA DOS PATOS\/RS MEDIANTE A UTILIZA\u00c7\u00c3O DE IMAGENS MODIS<\/a>\u00a0<sub>HERIC SANTOS, 2018<\/sub><\/strong><\/p>\n<\/td>\n<\/tr>\n<\/tbody>\n<\/table>\n<table style=\"border-collapse: collapse; width: 100%;\" border=\"1\">\n<tbody>\n<tr>\n<td style=\"width: 100%;\">2017<\/td>\n<\/tr>\n<tr>\n<td style=\"width: 100%;\">\n<p style=\"text-align: justify;\"><strong>\u00a0GEISSLER, L. O. ATRIBUTOS F\u00cdSICO-QU\u00cdMICOS E DA FAUNA ED\u00c1FICA COMO INDICADORES DE RECUPERA\u00c7\u00c3O DE \u00c1REAS DEGRADADAS PELA MINERA\u00c7\u00c3O DE CARV\u00c3O<\/strong><\/p>\n<p style=\"text-align: justify;\"><strong>\u00a0<a href=\"http:\/\/guaiaca.ufpel.edu.br\/handle\/prefix\/4112\">SUBPRODUTOS DA MINERA\u00c7\u00c3O DE CALC\u00c1RIO DA FORMA\u00c7\u00c3O IRATI COMO FONTES DE C\u00c1LCIO, MAGN\u00c9SIO E ENXOFRE<\/a><sub>\u00a0MARLON RODRIGUES, 2017<\/sub><\/strong><\/p>\n<p style=\"text-align: justify;\"><strong><a href=\"http:\/\/guaiaca.ufpel.edu.br\/handle\/prefix\/4118\">AN\u00c1LISE DE CHUVAS INTENSAS COM ABORDAGEM DE DADOS PLUVIOGR\u00c1FICOS E PLUVIOM\u00c9TRICOS\u00a0<\/a><sub>VIVIANE RODRIGUES DORNELES, 2017<\/sub><\/strong><\/p>\n<p style=\"text-align: justify;\"><strong><a href=\"http:\/\/guaiaca.ufpel.edu.br\/handle\/prefix\/4533\">ESTUDO ESPACIAL MULTI-RESOLU\u00c7\u00c3O E ESPECTRO-TEMPORAL SUBPIXEL NO MAPEAMENTO DO USO E COBERTURA DO SOLO<\/a>\u00a0<sub>ALINE WANKE HIP\u00d3LITO, 2017<\/sub><\/strong><\/p>\n<\/td>\n<\/tr>\n<\/tbody>\n<\/table>\n<table style=\"border-collapse: collapse; width: 100%;\" border=\"1\">\n<tbody>\n<tr>\n<td style=\"width: 100%;\">2016<\/td>\n<\/tr>\n<tr>\n<td style=\"width: 100%;\">\n<p style=\"text-align: justify;\"><strong><a href=\"http:\/\/repositorio.ufpel.edu.br\/handle\/prefix\/3215\">IDENTIFICA\u00c7\u00c3O DE SERVI\u00c7OS ECOSSIST\u00caMICOS DE CAMPOS NATIVOS NO BIOMA PAMPA E VALORA\u00c7\u00c3O DO ESTOQUE DE CARBONO UTILIZANDO A METODOLOGIA TESSA\u00a0<sub>DANIELA SCHIMIDT SCHOSSLER, 2016<\/sub><\/a><\/strong><\/p>\n<p style=\"text-align: justify;\"><strong><a href=\"http:\/\/repositorio.ufpel.edu.br\/handle\/prefix\/3226\">CINZA DE CASCA DE ARROZ E LODO DE ESTA\u00c7\u00c3O DE TRATAMENTO DE ESGOTO COMO FERTILIZANTES\u00a0<\/a><sub>J\u00c9SSICA PEDROSO ROSADO, 2016<\/sub><\/strong><\/p>\n<p style=\"text-align: justify;\"><strong><a href=\"http:\/\/repositorio.ufpel.edu.br\/handle\/prefix\/3223\">\u00cdNDICES DE SECA AGR\u00cdCOLAS E METEOROLOGICA PARA ALGUMAS LOCALIDADES NO ESTADO DO RIO GRANDE DO SUL<\/a>\u00a0<sub>SU\u00c9LEN CRISTIANE RIEMER DA SILVEIRA, 2016<\/sub><\/strong><\/p>\n<p style=\"text-align: justify;\"><strong>\u00a0<a href=\"http:\/\/repositorio.ufpel.edu.br\/handle\/prefix\/3216\">MAPEAMENTO DE \u00c1REAS DE SOJA EM MUNIC\u00cdPIOS DA METADE SUL DO ESTADO DO RIO GRANDE DO SUL A PARTIR DE IMAGENS DE SAT\u00c9LITE<\/a>\u00a0<sub>GABRIEL DA SILVA LEMOS, 2016<\/sub><\/strong><\/p>\n<p style=\"text-align: justify;\"><strong>JUNIOR, L. C. W.\u00a0 IDENTIFICA\u00c7\u00c3O E MAPEAMENTO DE \u00c1REAS DE SOJA NA REGI\u00c3O SUL DO RIO GRANDE DO SUL POR MEIO DE IMAGENS MODIS LUIS CARLOS WEYMAR JUNIOR, 2016<\/strong><\/p>\n<p style=\"text-align: justify;\"><strong>\u00a0<a href=\"http:\/\/repositorio.ufpel.edu.br\/handle\/prefix\/3224\">QUALIDADE ESTRUTURAL DA CAMADA SUPERFICIAL DE UM ARGISSOLO SOB DIFERENTES USO\u00a0<\/a><sub>RODRIGO BRUM DE PAIVA, 2016<\/sub><\/strong><\/p>\n<p style=\"text-align: justify;\"><strong><a href=\"http:\/\/repositorio.ufpel.edu.br\/handle\/prefix\/3214\">DIN\u00c2MICA DE GASES DE EFEITO ESTUFA EM PLANTA\u00c7\u00d5ES DE\u00a0<\/a><\/strong><em><b>AC\u00c1CIA MEARNSII DE WILD<\/b><\/em><strong>\u00a0EM SOLOS NO BIOMA PAMPA\u00a0<sub>ANA PAULA ROCHA NEVES, 2016<\/sub><\/strong><\/p>\n<p style=\"text-align: justify;\"><strong>\u00a0<a href=\"http:\/\/guaiaca.ufpel.edu.br\/handle\/prefix\/4243\">CARACTERIZA\u00c7\u00c3O E DELINEAMENTO DE BANHADOS: ESTUDO DE CASO NO BANHADO DO TAIM\u00a0<\/a><sub>MARCELO GONI BRAGA, 2016<\/sub><\/strong><\/p>\n<p style=\"text-align: justify;\"><strong>PENNING, L. H. RELA\u00c7\u00c3O TEMPORAL ENTRE O ARMAZENAMENTO DE \u00c1GUA NO SOLO E VARI\u00c1VEIS CLIM\u00c1TICAS USANDO A ABORDAGEM EM ESPA\u00c7O DE ESTADOS EM UMA \u00c1REA DE TERRAS BAIXAS CULTIVADA COM ARROZ IRRIGADO POR ASPERS\u00c3O<\/strong><\/p>\n<p style=\"text-align: justify;\"><strong><a href=\"http:\/\/repositorio.ufpel.edu.br\/handle\/prefix\/3212\">AN\u00c1LISE DOS IMPACTOS AMBIENTAIS DAS ATIVIDADES POTENCIALMENTE POLUIDORAS NA BACIA HIDROGR\u00c1FICA DO ARROIO CHASQUEIRO\u00a0<\/a><sub>AFR\u00c2NIO DAS NEVES COSTA FILHO, 2016<\/sub><\/strong><\/p>\n<\/td>\n<\/tr>\n<\/tbody>\n<\/table>\n<table style=\"border-collapse: collapse; width: 100%;\" border=\"1\">\n<tbody>\n<tr style=\"height: 40px;\">\n<td style=\"width: 100%; height: 40px;\">2015<\/td>\n<\/tr>\n<tr style=\"height: 40px;\">\n<td style=\"width: 100%; height: 40px;\">\n<p style=\"text-align: justify;\"><strong><a href=\"http:\/\/repositorio.ufpel.edu.br\/handle\/prefix\/3222\">EFICI\u00caNCIA AGRON\u00d4MICA DE FERTILIZANTE NITROGENADO DE LIBERA\u00c7\u00c3O CONTROLADA E SEUS EFEITOS NAS EMISS\u00d5ES DE METANO E \u00d3XIDO NITROSO EM ARROZ IRRIGADO\u00a0<\/a><sub>THAIS ANTOLINI VE\u00c7OZZI, 2015<\/sub><\/strong><\/p>\n<p style=\"text-align: justify;\"><strong>\u00a0<a href=\"http:\/\/guaiaca.ufpel.edu.br\/handle\/prefix\/8687\">AVALIA\u00c7\u00c3O DAS CARACTER\u00cdSTICAS QUANTI-QUALITATIVAS DOS RECURSOS H\u00cdDRICOS EM SUB-BACIA DO RIO PIRATINI\/RS\u00a0<\/a><sub>ROSIANE SCHWANTZ DO COUTO, 2015<\/sub><\/strong><\/p>\n<p style=\"text-align: justify;\"><strong>\u00a0<a href=\"http:\/\/repositorio.ufpel.edu.br\/handle\/prefix\/3217\">AVALIA\u00c7\u00c3O DA OCORR\u00caNCIA DE SECA NO ESTADO DO RIO GRANDE DO SUL<\/a>\u00a0<sub>GISELE MACHADO DA SILVA, 2015<\/sub><\/strong><\/p>\n<p style=\"text-align: justify;\"><strong><a href=\"http:\/\/repositorio.ufpel.edu.br\/handle\/prefix\/3225\">A\u00c7\u00c3O ENTRE DADOS METEOROL\u00d3GICOS ESTIMADOS E OBSERVADOS PARA UTILIZA\u00c7\u00c3O EM MODELOS DE ESTIMATIVA DE PRODUTIVIDADE AGR\u00cdCOLA<\/a>\u00a0<sub>MARCELO CRESTANI MOTA, 2015<\/sub><\/strong><\/p>\n<p style=\"text-align: justify;\"><strong><a href=\"http:\/\/repositorio.ufpel.edu.br\/handle\/prefix\/3213\">\u00a0VARIABILIDADE DOS COMPONENTES DE PRODUTIVIDADE EM POMAR DE PESSEGUEIRO IRRIGADO EM FUN\u00c7\u00c3O DA GRANULOMETRIA DO SOLO\u00a0<sub>ALEX BECKER MONTEIRO, 2015<\/sub><\/a><\/strong><\/p>\n<\/td>\n<\/tr>\n<\/tbody>\n<\/table>\n<table style=\"border-collapse: collapse; width: 100%;\" border=\"1\">\n<tbody>\n<tr>\n<td style=\"width: 100%;\">2014<\/td>\n<\/tr>\n<tr>\n<td style=\"width: 100%;\">\n<p style=\"text-align: justify;\"><strong><a href=\"http:\/\/guaiaca.ufpel.edu.br\/handle\/prefix\/8689\">MODELAGEM DA GERA\u00c7\u00c3O DE SEDIMENTOS POR MEIO DA MEUPS NA BACIA HIDROGR\u00c1FICA DO ARROIO SANTA B\u00c1RBARA, PELOTAS\/RS<\/a>\u00a0\u00a0<sub>PAMELA BILHAFAN DISCONZI, 2014<\/sub><\/strong><\/p>\n<p style=\"text-align: justify;\"><strong><a href=\"http:\/\/guaiaca.ufpel.edu.br\/handle\/prefix\/8691\">MITIGA\u00c7\u00c3O DA COMPACTA\u00c7\u00c3O DO SOLO EM PLANTIO DIRETO<\/a>\u00a0<sub>M\u00c1RCIO RENATO NUNES, 2014<\/sub><\/strong><\/p>\n<p style=\"text-align: justify;\"><strong><a href=\"http:\/\/guaiaca.ufpel.edu.br\/handle\/prefix\/8688\">PAR\u00c2METROS DE SOLO E DE PLANTA EM CONFIGURA\u00c7\u00d5ES DE ESPA\u00c7AMENTOS ENTRE LINHAS DA CANA-DE-A\u00c7UCAR<\/a>\u00a0<sub>WILDON PANZIERA, 2014<\/sub><\/strong><\/p>\n<p style=\"text-align: justify;\"><strong><a href=\"http:\/\/repositorio.ufpel.edu.br\/handle\/prefix\/3218\">EMISS\u00d5ES DE METANO E \u00d3XIDO NITROSO EM \u00c1REA DE ARROZ IRRIGADO INFLUENCIADAS POR SISTEMA DE PREPARO DO SOLO<\/a>\u00a0<sub>JAQUELINE TROMBETTA DA SILVA, 2014<\/sub><\/strong><\/p>\n<p style=\"text-align: justify;\"><strong>NETO, G. C. M. EFICI\u00caNCIA DE UTILIZA\u00c7\u00c3O DE NITROG\u00caNIO PELAS CULTIVARES DE ARROZ IRGA 417 E IRGA 424<\/strong><\/p>\n<p style=\"text-align: justify;\"><strong>GERBER, A. C.\u00a0<a href=\"http:\/\/guaiaca.ufpel.edu.br\/handle\/prefix\/8690\">COBERTURA, USO DA TERRA E QUALIDADE DA \u00c1GUA NA BACIA DE CONTRIBUI\u00c7\u00c3O DA ESTA\u00c7\u00c3O DE TRATAMENTO DE \u00c1GUA MOREIRA-RS\u00a0<\/a><sub>ANDREIA COLMAN GERBER, 2014<\/sub><\/strong><\/p>\n<p style=\"text-align: justify;\"><strong>\u00a0JURU\u00c1, K. T. \u00cdNDICES DE QUALIDADE DA \u00c1GUA PARA MONITORAMENTO DOS RECURSOS H\u00cdDRICOS EM UMA MICROBACIA HIDROGR\u00c1FICA RURAL<\/strong><\/p>\n<p style=\"text-align: justify;\"><strong>TUCHTENHAGEN, I. K. QUALIDADE F\u00cdSICA DE UM ARGISSOLO SOB A INFLU\u00caCIA DE DIFERENTES DOSES DE CINZA DE CASCA DE ARROZ<\/strong><\/p>\n<\/td>\n<\/tr>\n<\/tbody>\n<\/table>\n<table style=\"border-collapse: collapse; width: 100%;\" border=\"1\">\n<tbody>\n<tr>\n<td style=\"width: 100%;\">2013<\/td>\n<\/tr>\n<tr>\n<td style=\"width: 100%;\">\n<h1 class=\"post-title entry-title\" style=\"text-align: justify;\"><strong style=\"font-size: 16px;\">WINKLER, A. S.\u00a0<\/strong><strong style=\"font-size: 16px;\">EFEITO DA DECLIVIDADE DO TERRENO EM RELA\u00c7\u00c3O AO ARMAZENAMENTO SUPERFICIAL DA \u00c1GUA EM \u00c1REAS SISTEMATIZADAS<\/strong><\/h1>\n<div class=\"entry-content clearfix\">\n<p style=\"text-align: justify;\"><strong>\u00a0ALVES, R. P. A.\u00a0<\/strong><strong>PAR\u00c2METROS DE UM LATOSSOLO VERMELHO CULTIVADO COM CANA-DE A\u00c7\u00daCAR EM SALTO DO JACU\u00cd NO RIO GRANDE DO SUL<\/strong><\/p>\n<p style=\"text-align: justify;\"><strong><a href=\"http:\/\/guaiaca.ufpel.edu.br\/xmlui\/handle\/prefix\/9796\">EFEITO RESIDUAL DA CINZA DA CASCA DE ARROZ NA ACIDEZ E NA DISPONIBILIDADE DE F\u00d3SFORO, SIL\u00cdCIO E POT\u00c1SSIO NO SOLO \u00a0<\/a><sub>ALINE HERNANDEZ KATH, 2013<\/sub><\/strong><\/p>\n<p style=\"text-align: justify;\"><strong><a href=\"http:\/\/guaiaca.ufpel.edu.br\/handle\/prefix\/8692\">EROSIVIDADE DETERMINADA POR DESAGREGA\u00c7\u00c3O DE CHUVA DI\u00c1RIA NO LADO BRASILEIRO DA BACIA DA LAGOA MIRIM<\/a>\u00a0<sub>JACIRA PORTO DOS SANTOS, 2013<\/sub><\/strong><\/p>\n<p style=\"text-align: justify;\"><strong>S\u00d3RIA, M. QUALIDADE DA \u00c1GUA NA BACIA DE CONTRIBUI\u00c7\u00c3O DA ESTA\u00c7\u00c3O DE TRATAMENTO DE \u00c1GUA SINNOT \u2013 PELOTAS\/RS<\/strong><\/p>\n<\/div>\n<\/td>\n<\/tr>\n<\/tbody>\n<\/table>\n<h1 class=\"post-title entry-title\" style=\"text-align: justify;\"><strong style=\"font-size: 16px;\">\u00a0<\/strong><\/h1>\n<h1 class=\"post-title entry-title\" style=\"text-align: justify;\"><strong style=\"font-size: 16px;\">\u00a0<\/strong><\/h1>\n<h1 class=\"post-title entry-title\" style=\"text-align: justify;\"><strong style=\"font-size: 16px;\">\u00a0<\/strong><\/h1>\n<div class=\"entry-content clearfix\">\n<p style=\"text-align: justify;\">\n<\/div>\n","protected":false},"excerpt":{"rendered":"<p>2025 Minerais silicatados fonte de pot\u00e1ssio na sucess\u00e3o de trevo persa e arroz irrigado no Sul do Rio Grande do Sul\u00a0Ver\u00f4nica Lemos Vargas, 2025 Estimativa espacial do estoque de carbono org\u00e2nico do solo no munic\u00edpio de S\u00e3o Jos\u00e9 do Norte \u2013 RS\u00a0Rafael Junqueira Moro, 2025 Indicadores de qualidade do solo em unidades de refer\u00eancia produtiva &hellip; <\/p>\n<p><a class=\"more-link btn\" href=\"https:\/\/wp.ufpel.edu.br\/ppgmacsa\/atividades\/pesquisa\/producao-cientifica\/dissertacoes\/\">Continue lendo<\/a><\/p>\n","protected":false},"author":108,"featured_media":0,"parent":4291,"menu_order":0,"comment_status":"closed","ping_status":"closed","template":"","meta":{"jetpack_post_was_ever_published":false,"footnotes":""},"class_list":["post-4322","page","type-page","status-publish","hentry","nodate","item-wrap"],"jetpack_shortlink":"https:\/\/wp.me\/Pa3t0X-17I","jetpack_sharing_enabled":true,"_links":{"self":[{"href":"https:\/\/wp.ufpel.edu.br\/ppgmacsa\/wp-json\/wp\/v2\/pages\/4322","targetHints":{"allow":["GET"]}}],"collection":[{"href":"https:\/\/wp.ufpel.edu.br\/ppgmacsa\/wp-json\/wp\/v2\/pages"}],"about":[{"href":"https:\/\/wp.ufpel.edu.br\/ppgmacsa\/wp-json\/wp\/v2\/types\/page"}],"author":[{"embeddable":true,"href":"https:\/\/wp.ufpel.edu.br\/ppgmacsa\/wp-json\/wp\/v2\/users\/108"}],"replies":[{"embeddable":true,"href":"https:\/\/wp.ufpel.edu.br\/ppgmacsa\/wp-json\/wp\/v2\/comments?post=4322"}],"version-history":[{"count":3,"href":"https:\/\/wp.ufpel.edu.br\/ppgmacsa\/wp-json\/wp\/v2\/pages\/4322\/revisions"}],"predecessor-version":[{"id":4394,"href":"https:\/\/wp.ufpel.edu.br\/ppgmacsa\/wp-json\/wp\/v2\/pages\/4322\/revisions\/4394"}],"up":[{"embeddable":true,"href":"https:\/\/wp.ufpel.edu.br\/ppgmacsa\/wp-json\/wp\/v2\/pages\/4291"}],"wp:attachment":[{"href":"https:\/\/wp.ufpel.edu.br\/ppgmacsa\/wp-json\/wp\/v2\/media?parent=4322"}],"curies":[{"name":"wp","href":"https:\/\/api.w.org\/{rel}","templated":true}]}}