{"id":3680,"date":"2025-03-08T11:32:48","date_gmt":"2025-03-08T14:32:48","guid":{"rendered":"https:\/\/wp.ufpel.edu.br\/ppgmacsa\/?page_id=3680"},"modified":"2026-03-07T11:22:05","modified_gmt":"2026-03-07T14:22:05","slug":"oferta-de-disciplinas-periodo-de-matriculas-e-inicio-das-aulas-ppgmacsa-2025-1","status":"publish","type":"page","link":"https:\/\/wp.ufpel.edu.br\/ppgmacsa\/administracao\/oferta-de-disciplinas-periodo-de-matriculas-e-inicio-das-aulas-ppgmacsa-2025-1\/","title":{"rendered":"Oferta de disciplinas, per\u00edodo de matr\u00edculas e in\u00edcio das aulas em 2026\/1"},"content":{"rendered":"<p><a href=\"https:\/\/wp.ufpel.edu.br\/ppgmacsa\/files\/2026\/03\/ofertas_2026_1.jpg\"><img loading=\"lazy\" decoding=\"async\" class=\"alignnone wp-image-4232\" src=\"https:\/\/wp.ufpel.edu.br\/ppgmacsa\/files\/2026\/03\/ofertas_2026_1-424x294.jpg\" alt=\"\" width=\"736\" height=\"510\" srcset=\"https:\/\/wp.ufpel.edu.br\/ppgmacsa\/files\/2026\/03\/ofertas_2026_1-424x294.jpg 424w, https:\/\/wp.ufpel.edu.br\/ppgmacsa\/files\/2026\/03\/ofertas_2026_1-212x147.jpg 212w, https:\/\/wp.ufpel.edu.br\/ppgmacsa\/files\/2026\/03\/ofertas_2026_1.jpg 751w\" sizes=\"auto, (max-width: 736px) 100vw, 736px\" \/><\/a><\/p>\n<p>&nbsp;<\/p>\n<p style=\"text-align: justify;\"><strong>Estat\u00edstica Experimental II: <\/strong>sala a ser confirmada pelo DME; <strong>Elabora\u00e7\u00e3o de Disserta\u00e7\u00e3o<\/strong>\u00a0(9999803) e\u00a0<strong>Elabora\u00e7\u00e3o de Tese<\/strong> (9999802); <strong>Doc\u00eancia orientada I\u00a0<\/strong>(D000488)<strong>\u00a0e Doc\u00eancia orientada II\u00a0<\/strong>(D000489);<\/p>\n<p><span style=\"font-size: 14pt; color: #0000ff;\"><strong>Per\u00edodo de matr\u00edculas para alunos\/as de mestrado e doutorado: 05 e 06\/03\/2026<\/strong><\/span><\/p>\n<p><span style=\"font-size: 14pt; color: #0000ff;\"><strong>Per\u00edodo de matr\u00edculas para alunos\/as de mestrado concluintes da gradua\u00e7\u00e3o em 2025\/2: 09\/03\/2026<\/strong><\/span><\/p>\n<p><span style=\"font-size: 14pt; color: #0000ff;\"><strong>In\u00edcio das aulas: 23\/03\/2026<\/strong><\/span><\/p>\n<p style=\"text-align: justify;\"><strong>-&gt; Alunos regulares: As matr\u00edculas s\u00f3 ser\u00e3o confirmadas e efetivadas ap\u00f3s o preenchimento do formul\u00e1rio com o Termo de Responsabilidade (https:\/\/wp.ufpel.edu.br\/ppgmacsa\/files\/2025\/12\/Termo-de-responsabilidade-alunos-PPGMACSA.pdf). <\/strong>Solicita\u00e7\u00e3o de matr\u00edcula via acesso ao cobalto \u201cAluno&gt;&gt;Cadastro&gt;&gt;Solicita\u00e7\u00e3o de matr\u00edcula p\u00f3s\u201d;<\/p>\n<p style=\"text-align: justify;\"><strong>-&gt; Alunos ingressantes:<\/strong> ser\u00e1 enviado e-mail com orienta\u00e7\u00f5es para a matr\u00edcula;<\/p>\n<p style=\"text-align: justify;\"><strong>Aluno(s) de outro PPG que desejam cursar disciplina(s) do PPGMACSA -&gt;<\/strong> ap\u00f3s contato e confirma\u00e7\u00e3o do professor titular da disciplina, solicitar abertura da vaga ao PPGMACSA e posteriormente, solicitar matr\u00edcula em seu PPG;<\/p>\n<p style=\"text-align: justify;\"><strong>Aluno(s) do PPGMACSA que desejam cursar disciplina(s) de outro PPG-<\/strong>&gt; ap\u00f3s contato e abertura da vaga pelo referido PPG, enviar Formul\u00e1rio de matr\u00edcula (dispon\u00edvel em downloads) assinado pelo(a) orientador(a), para o e-mail da secretaria.<\/p>\n","protected":false},"excerpt":{"rendered":"<p>&nbsp; Estat\u00edstica Experimental II: sala a ser confirmada pelo DME; Elabora\u00e7\u00e3o de Disserta\u00e7\u00e3o\u00a0(9999803) e\u00a0Elabora\u00e7\u00e3o de Tese (9999802); Doc\u00eancia orientada I\u00a0(D000488)\u00a0e Doc\u00eancia orientada II\u00a0(D000489); Per\u00edodo de matr\u00edculas para alunos\/as de mestrado e doutorado: 05 e 06\/03\/2026 Per\u00edodo de matr\u00edculas para alunos\/as de mestrado concluintes da gradua\u00e7\u00e3o em 2025\/2: 09\/03\/2026 In\u00edcio das aulas: 23\/03\/2026 -&gt; Alunos regulares: &hellip; <\/p>\n<p><a class=\"more-link btn\" href=\"https:\/\/wp.ufpel.edu.br\/ppgmacsa\/administracao\/oferta-de-disciplinas-periodo-de-matriculas-e-inicio-das-aulas-ppgmacsa-2025-1\/\">Continue lendo<\/a><\/p>\n","protected":false},"author":108,"featured_media":0,"parent":1000,"menu_order":1,"comment_status":"closed","ping_status":"closed","template":"","meta":{"jetpack_post_was_ever_published":false,"footnotes":""},"class_list":["post-3680","page","type-page","status-publish","hentry","nodate","item-wrap"],"jetpack_shortlink":"https:\/\/wp.me\/Pa3t0X-Xm","jetpack_sharing_enabled":true,"_links":{"self":[{"href":"https:\/\/wp.ufpel.edu.br\/ppgmacsa\/wp-json\/wp\/v2\/pages\/3680","targetHints":{"allow":["GET"]}}],"collection":[{"href":"https:\/\/wp.ufpel.edu.br\/ppgmacsa\/wp-json\/wp\/v2\/pages"}],"about":[{"href":"https:\/\/wp.ufpel.edu.br\/ppgmacsa\/wp-json\/wp\/v2\/types\/page"}],"author":[{"embeddable":true,"href":"https:\/\/wp.ufpel.edu.br\/ppgmacsa\/wp-json\/wp\/v2\/users\/108"}],"replies":[{"embeddable":true,"href":"https:\/\/wp.ufpel.edu.br\/ppgmacsa\/wp-json\/wp\/v2\/comments?post=3680"}],"version-history":[{"count":3,"href":"https:\/\/wp.ufpel.edu.br\/ppgmacsa\/wp-json\/wp\/v2\/pages\/3680\/revisions"}],"predecessor-version":[{"id":4233,"href":"https:\/\/wp.ufpel.edu.br\/ppgmacsa\/wp-json\/wp\/v2\/pages\/3680\/revisions\/4233"}],"up":[{"embeddable":true,"href":"https:\/\/wp.ufpel.edu.br\/ppgmacsa\/wp-json\/wp\/v2\/pages\/1000"}],"wp:attachment":[{"href":"https:\/\/wp.ufpel.edu.br\/ppgmacsa\/wp-json\/wp\/v2\/media?parent=3680"}],"curies":[{"name":"wp","href":"https:\/\/api.w.org\/{rel}","templated":true}]}}