{"id":3430,"date":"2024-10-01T10:22:09","date_gmt":"2024-10-01T13:22:09","guid":{"rendered":"https:\/\/wp.ufpel.edu.br\/ppgmacsa\/?page_id=3430"},"modified":"2024-10-01T10:25:11","modified_gmt":"2024-10-01T13:25:11","slug":"criticas-e-sugestoes","status":"publish","type":"page","link":"https:\/\/wp.ufpel.edu.br\/ppgmacsa\/criticas-e-sugestoes\/","title":{"rendered":"Cr\u00edticas e sugest\u00f5es"},"content":{"rendered":"<p>No link abaixo \u00e9 poss\u00edvel indicar de forma AN\u00d4NIMA sua opini\u00e3o sobre o PPGMACSA, nossas limita\u00e7\u00f5es e potencialidades, cr\u00edticas e sugest\u00f5es. Sua opini\u00e3o ser\u00e1 muito importante para que o Programa possa ser cada vez melhor!<\/p>\n<p>https:\/\/forms.gle\/GkTjCXUVc81NypP19<\/p>\n","protected":false},"excerpt":{"rendered":"<p>No link abaixo \u00e9 poss\u00edvel indicar de forma AN\u00d4NIMA sua opini\u00e3o sobre o PPGMACSA, nossas limita\u00e7\u00f5es e potencialidades, cr\u00edticas e sugest\u00f5es. Sua opini\u00e3o ser\u00e1 muito importante para que o Programa possa ser cada vez melhor! https:\/\/forms.gle\/GkTjCXUVc81NypP19<\/p>\n","protected":false},"author":108,"featured_media":0,"parent":0,"menu_order":1001,"comment_status":"closed","ping_status":"closed","template":"","meta":{"jetpack_post_was_ever_published":false,"footnotes":""},"class_list":["post-3430","page","type-page","status-publish","hentry","nodate","item-wrap"],"jetpack_shortlink":"https:\/\/wp.me\/Pa3t0X-Tk","jetpack_sharing_enabled":true,"_links":{"self":[{"href":"https:\/\/wp.ufpel.edu.br\/ppgmacsa\/wp-json\/wp\/v2\/pages\/3430","targetHints":{"allow":["GET"]}}],"collection":[{"href":"https:\/\/wp.ufpel.edu.br\/ppgmacsa\/wp-json\/wp\/v2\/pages"}],"about":[{"href":"https:\/\/wp.ufpel.edu.br\/ppgmacsa\/wp-json\/wp\/v2\/types\/page"}],"author":[{"embeddable":true,"href":"https:\/\/wp.ufpel.edu.br\/ppgmacsa\/wp-json\/wp\/v2\/users\/108"}],"replies":[{"embeddable":true,"href":"https:\/\/wp.ufpel.edu.br\/ppgmacsa\/wp-json\/wp\/v2\/comments?post=3430"}],"version-history":[{"count":4,"href":"https:\/\/wp.ufpel.edu.br\/ppgmacsa\/wp-json\/wp\/v2\/pages\/3430\/revisions"}],"predecessor-version":[{"id":3435,"href":"https:\/\/wp.ufpel.edu.br\/ppgmacsa\/wp-json\/wp\/v2\/pages\/3430\/revisions\/3435"}],"wp:attachment":[{"href":"https:\/\/wp.ufpel.edu.br\/ppgmacsa\/wp-json\/wp\/v2\/media?parent=3430"}],"curies":[{"name":"wp","href":"https:\/\/api.w.org\/{rel}","templated":true}]}}