{"id":2152,"date":"2021-04-01T18:16:30","date_gmt":"2021-04-01T21:16:30","guid":{"rendered":"https:\/\/wp.ufpel.edu.br\/ppgmacsa\/?page_id=2152"},"modified":"2026-03-07T11:25:30","modified_gmt":"2026-03-07T14:25:30","slug":"regimento","status":"publish","type":"page","link":"https:\/\/wp.ufpel.edu.br\/ppgmacsa\/administracao\/regimento\/","title":{"rendered":"Regimentos e Instru\u00e7\u00f5es Normativas"},"content":{"rendered":"<p><a href=\"https:\/\/wp.ufpel.edu.br\/ppgmacsa\/files\/2026\/01\/SEI_3611002_Parecer_Normativo_COCEPE_142_2025.pdf\">Regimento PPGMACSA (ingressantes a partir de 2025\/2) COCEPE_142_2025<\/a><\/p>\n<p><a href=\"https:\/\/wp.ufpel.edu.br\/ppgmacsa\/files\/2021\/05\/SEI_UFPel-0841757-Parecer-Normativo-COCEPE.pdf\">Regimento PPGMACSA (Ingressantes 2020 a 2025\/1)<\/a><\/p>\n<p><a href=\"https:\/\/wp.ufpel.edu.br\/ppgmacsa\/files\/2025\/07\/Resolucao-no89-2024.-Novo-Regimento-da-Pos-Graduacao.pdf\">Regimento Geral dos Programas de P\u00f3s-Gradua\u00e7\u00e3o Stricto Sensu UFPel &#8211; RESOLU\u00c7\u00c3O COCEPE N\u00ba 89, DE 12 DE DEZEMBRO DE 2024<\/a><\/p>\n<p><a href=\"https:\/\/wp.ufpel.edu.br\/ppgmacsa\/files\/2026\/03\/DO-EXAME-DE-QUALIFICACAO_mestrado.pdf\">IN para o Exame de Qualifica\u00e7\u00e3o &#8211; Mestrado<\/a><\/p>\n<p><a href=\"https:\/\/wp.ufpel.edu.br\/ppgmacsa\/files\/2026\/03\/DO-EXAME-DE-QUALIFICACAO_doutorado.pdf\">IN para o Exame de Qualifica\u00e7\u00e3o &#8211; Doutorado<\/a><\/p>\n","protected":false},"excerpt":{"rendered":"<p>Regimento PPGMACSA (ingressantes a partir de 2025\/2) COCEPE_142_2025 Regimento PPGMACSA (Ingressantes 2020 a 2025\/1) Regimento Geral dos Programas de P\u00f3s-Gradua\u00e7\u00e3o Stricto Sensu UFPel &#8211; RESOLU\u00c7\u00c3O COCEPE N\u00ba 89, DE 12 DE DEZEMBRO DE 2024 IN para o Exame de Qualifica\u00e7\u00e3o &#8211; Mestrado IN para o Exame de Qualifica\u00e7\u00e3o &#8211; Doutorado<\/p>\n","protected":false},"author":108,"featured_media":0,"parent":1000,"menu_order":4,"comment_status":"closed","ping_status":"closed","template":"","meta":{"jetpack_post_was_ever_published":false,"footnotes":""},"class_list":["post-2152","page","type-page","status-publish","hentry","nodate","item-wrap"],"jetpack_shortlink":"https:\/\/wp.me\/Pa3t0X-yI","jetpack_sharing_enabled":true,"_links":{"self":[{"href":"https:\/\/wp.ufpel.edu.br\/ppgmacsa\/wp-json\/wp\/v2\/pages\/2152","targetHints":{"allow":["GET"]}}],"collection":[{"href":"https:\/\/wp.ufpel.edu.br\/ppgmacsa\/wp-json\/wp\/v2\/pages"}],"about":[{"href":"https:\/\/wp.ufpel.edu.br\/ppgmacsa\/wp-json\/wp\/v2\/types\/page"}],"author":[{"embeddable":true,"href":"https:\/\/wp.ufpel.edu.br\/ppgmacsa\/wp-json\/wp\/v2\/users\/108"}],"replies":[{"embeddable":true,"href":"https:\/\/wp.ufpel.edu.br\/ppgmacsa\/wp-json\/wp\/v2\/comments?post=2152"}],"version-history":[{"count":3,"href":"https:\/\/wp.ufpel.edu.br\/ppgmacsa\/wp-json\/wp\/v2\/pages\/2152\/revisions"}],"predecessor-version":[{"id":2185,"href":"https:\/\/wp.ufpel.edu.br\/ppgmacsa\/wp-json\/wp\/v2\/pages\/2152\/revisions\/2185"}],"up":[{"embeddable":true,"href":"https:\/\/wp.ufpel.edu.br\/ppgmacsa\/wp-json\/wp\/v2\/pages\/1000"}],"wp:attachment":[{"href":"https:\/\/wp.ufpel.edu.br\/ppgmacsa\/wp-json\/wp\/v2\/media?parent=2152"}],"curies":[{"name":"wp","href":"https:\/\/api.w.org\/{rel}","templated":true}]}}