{"id":146,"date":"2011-05-23T16:52:40","date_gmt":"2011-05-23T19:52:40","guid":{"rendered":"https:\/\/wp.ufpel.edu.br\/ppgmacsa\/"},"modified":"2026-04-27T17:43:14","modified_gmt":"2026-04-27T20:43:14","slug":"downloads","status":"publish","type":"page","link":"https:\/\/wp.ufpel.edu.br\/ppgmacsa\/downloads\/","title":{"rendered":"Documentos"},"content":{"rendered":"<p><span style=\"font-family: 'arial black', sans-serif; font-size: 14pt; color: #000000;\">DOCUMENTOS E MODELOS<\/span><\/p>\n<p><span style=\"font-family: 'arial black', sans-serif;\"><a href=\"https:\/\/wp.ufpel.edu.br\/ppgmacsa\/files\/2025\/09\/Manual_PPGMACSA_atualizado_23_09_2025-2.pdf\">Manual PPGMACSA (atualizado 23\/09\/2025)<\/a><\/span><\/p>\n<p><strong><a href=\"https:\/\/wp.ufpel.edu.br\/ppgmacsa\/files\/2025\/11\/Quadro-de-pontuacao-Seletivos-1.pdf\"><span style=\"font-family: 'arial black', sans-serif;\">Quadro de pontua\u00e7\u00e3o Seletivos<\/span><\/a><\/strong><\/p>\n<p><span style=\"font-size: 12pt; font-family: 'arial black', sans-serif;\"><strong><a href=\"https:\/\/wp.ufpel.edu.br\/ppgmacsa\/files\/2023\/08\/GUIA_PARA_UTILIZACAO_PROAP_2023.docx\">Guia para utiliza\u00e7\u00e3o do PROAP<\/a><\/strong><\/span><\/p>\n<p><span style=\"font-family: 'arial black', sans-serif;\"><a href=\"https:\/\/wp.ufpel.edu.br\/ppgmacsa\/files\/2024\/10\/Modelo_Projeto_Pesquisa_MACSA_2024-1.docx\">Modelo de Projeto de Pesquisa PPGMACSA <\/a>(atualizado 2024)<\/span><\/p>\n<p><span style=\"font-size: 12pt; font-family: 'arial black', sans-serif;\"><strong><a href=\"https:\/\/wp.ufpel.edu.br\/ppgmacsa\/files\/2020\/10\/IN_Progressao_MsC-Dr_PPGMACSA.pdf\"><span style=\"font-family: 'arial black', sans-serif;\">Instru\u00e7\u00e3o Normativa de Progress\u00e3o\/Mudan\u00e7a de n\u00edvel (Me<\/span>strado-Doutorado)<\/a><\/strong><\/span><\/p>\n<p><span style=\"font-size: 12pt; font-family: 'arial black', sans-serif;\"><strong><a href=\"https:\/\/ccs2.ufpel.edu.br\/wp\/2023\/11\/23\/manual-de-normas-da-ufpel-para-trabalhos-academicos-e-atualizado\/\" target=\"_blank\" rel=\"noopener\">Manual e normas da UFPel para trabalhos acad\u00eamicos<\/a><\/strong><\/span><\/p>\n<p><span style=\"font-size: 12pt; font-family: 'arial black', sans-serif;\"><strong><a href=\"https:\/\/wp.ufpel.edu.br\/ppgmacsa\/files\/2011\/05\/CONCEITO-ESTAGIO-DOCENCIA-ORIENTADA.doc\">Atestado de conceito de Est\u00e1gio Doc\u00eancia Orientada<\/a><\/strong><\/span><\/p>\n<p><span style=\"font-size: 12pt; font-family: 'arial black', sans-serif;\"><strong><a href=\"https:\/\/wp.ufpel.edu.br\/ppgmacsa\/files\/2022\/11\/QUALIFICACAO-orientacoes-e-criterios-para-realizacao-do-exame.pdf\">Qualifica\u00e7\u00e3o &#8211; Orienta\u00e7\u00f5es e crit\u00e9rios para realiza\u00e7\u00e3o do exame<\/a><\/strong><\/span><\/p>\n<p><span style=\"font-family: 'arial black', sans-serif;\"><strong><a href=\"https:\/\/wp.ufpel.edu.br\/ppgmacsa\/files\/2026\/04\/DO-EXAME-DE-QUALIFICACAO_mestrado.pdf\">Instru\u00e7\u00e3o Normativa &#8211; DO EXAME DE QUALIFICA\u00c7\u00c3O_mestrado<\/a><\/strong><\/span><\/p>\n<p><strong><span style=\"font-family: 'arial black', sans-serif;\"><a href=\"https:\/\/wp.ufpel.edu.br\/ppgmacsa\/files\/2026\/04\/DO-EXAME-DE-QUALIFICACAO_doutorado.pdf\">Instru\u00e7\u00e3o Normativa &#8211; DO EXAME DE QUALIFICA\u00c7\u00c3O_doutorado<\/a><\/span><\/strong><\/p>\n<p><span style=\"font-size: 12pt; font-family: 'arial black', sans-serif;\"><strong><a href=\"https:\/\/wp.ufpel.edu.br\/ppgmacsa\/files\/2011\/05\/Carta-para-homologa\u00e7\u00e3o.doc\">Carta para Homologa\u00e7\u00e3o de Disserta\u00e7\u00e3o\/Tese<\/a><\/strong><\/span><\/p>\n<p><span style=\"font-size: 12pt; font-family: 'arial black', sans-serif;\"><strong><a href=\"https:\/\/wp.ufpel.edu.br\/ppgmacsa\/files\/2020\/08\/Carta-Convite-Banca-MACSA.doc\">Carta convite para participa\u00e7\u00e3o em banca examinadora de qualifica\u00e7\u00e3o\/ disserta\u00e7\u00e3o\/ tese<\/a><\/strong><\/span><\/p>\n<p><span style=\"font-family: 'arial black', sans-serif;\"><a href=\"https:\/\/wp.ufpel.edu.br\/ppgmacsa\/files\/2023\/12\/Normativa_MACSA_credencia_descredencia_recredencia_2023.pdf\">Normativa de credenciamento, recredenciamento e descredenciamento MACSA<\/a><\/span><\/p>\n<p><span style=\"font-size: 12pt; font-family: 'arial black', sans-serif;\"><a href=\"https:\/\/docs.google.com\/spreadsheets\/d\/1qSB1lCsIos67IbfG8kArYQWOx6RARHYd\/edit?usp=sharing&amp;ouid=110264828158076538644&amp;rtpof=true&amp;sd=true\">\u00cdndice de avalia\u00e7\u00e3o docente IAD<\/a><\/span><\/p>\n<p><span style=\"font-family: 'arial black', sans-serif;\"><strong><a href=\"https:\/\/wp.ufpel.edu.br\/ppgmacsa\/files\/2024\/08\/Quadro_producao_Prof_Visitante.xlsx\">Quadro de produ\u00e7\u00e3o para Professor Visitante<\/a><\/strong><\/span><\/p>\n<p><span style=\"font-size: 12pt; font-family: 'arial black', sans-serif;\"><strong><a href=\"https:\/\/wp.ufpel.edu.br\/ppgmacsa\/files\/2020\/10\/Guia-de-Boas-Praticas-em-Pesquisa-Cientifica-na-UFPel_Final.pdf\">Guia de Boas Pr\u00e1ticas em Pesquisa Cient\u00edfica na UFPel<\/a><\/strong><\/span><\/p>\n<p><span style=\"font-family: 'arial black', sans-serif; font-size: 12pt;\"><strong><a href=\"https:\/\/wp.ufpel.edu.br\/ppgmacsa\/files\/2023\/10\/SEI_UFPel-2373244-Resolucao.pdf\">Resolu\u00e7\u00e3o COCEPE sobre distribui\u00e7\u00e3o e ac\u00famulo de bolsas com atividades remuneradas<\/a><\/strong><\/span><\/p>\n<p><span style=\"font-family: 'arial black', sans-serif;\"><a href=\"https:\/\/wp.ufpel.edu.br\/ppgmacsa\/files\/2025\/05\/Manual-de-como-preencher-a-plataforma-SICAPES.docx\">Tutorial de preenchimento da plataforma SICAPES (PDSE)<\/a><\/span><\/p>\n<p><a href=\"https:\/\/wp.ufpel.edu.br\/ppgmacsa\/files\/2025\/07\/Modelo_Programa_Analitico_ementa.docx\"><span style=\"font-family: 'arial black', sans-serif;\"><strong>Modelo de Programa Anal\u00edtico de disciplina (altera\u00e7\u00e3o\/proposi\u00e7\u00e3o)<\/strong><\/span><\/a><\/p>\n<p><span style=\"font-family: 'arial black', sans-serif;\"><strong><a href=\"https:\/\/wp.ufpel.edu.br\/ppgmacsa\/files\/2025\/08\/Modelo-CONCEITO-ESTAGIO-DOCENCIA.doc\">Modelo conceito Est\u00e1gio Doc\u00eancia<\/a><\/strong><\/span><\/p>\n<p>&nbsp;<\/p>\n<p><span style=\"font-size: 14pt; font-family: 'arial black', sans-serif; color: #000000;\">FORMUL\u00c1RIOS<\/span><\/p>\n<p><span style=\"font-size: 12pt; font-family: 'arial black', sans-serif;\"><a href=\"https:\/\/wp.ufpel.edu.br\/ppgmacsa\/files\/2011\/05\/Formul\u00e1rio-1-Inscri\u00e7\u00e3o.doc\">Formul\u00e1rio 1 &#8211; Inscri\u00e7\u00e3o (Sele\u00e7\u00e3o)<\/a><\/span><\/p>\n<p><span style=\"font-size: 12pt; font-family: 'arial black', sans-serif;\"><a href=\"https:\/\/wp.ufpel.edu.br\/ppgmacsa\/files\/2020\/07\/Formul\u00e1rio-1A-ANTEPROJETO-DE-PESQUISA-Plano-de-Trabalho-2.docx\">Formul\u00e1rio-1A &#8211; Plano de Trabalho (Sele\u00e7\u00e3o)<\/a><\/span><\/p>\n<p><span style=\"font-size: 12pt; font-family: 'arial black', sans-serif;\"><a href=\"https:\/\/wp.ufpel.edu.br\/ppgmacsa\/files\/2011\/05\/Formulario-2-Matr\u00edcula.doc\">Formul\u00e1rio 2 &#8211; Matr\u00edcula (Ingressantes)<\/a><\/span><\/p>\n<p><span style=\"font-size: 12pt; font-family: 'arial black', sans-serif;\"><strong><a href=\"https:\/\/wp.ufpel.edu.br\/ppgmacsa\/files\/2021\/07\/formulario-de-inscricao-em-edital-de-aluno-especial-141.docx\">Formul\u00e1rio 2A &#8211; Inscri\u00e7\u00e3o Aluno Especial (Sele\u00e7\u00e3o Aluno Especial)<\/a><\/strong><\/span><\/p>\n<p><span style=\"font-size: 12pt; font-family: 'arial black', sans-serif;\"><a href=\"https:\/\/wp.ufpel.edu.br\/ppgmacsa\/files\/2011\/05\/Formul\u00e1rio-3-Plano-de-Estudo.doc\">Formul\u00e1rio 3 &#8211; Indica\u00e7\u00e3o de Comiss\u00e3o Orientadora e Plano de Estudos<span style=\"color: #ff0000;\">*<\/span><\/a><\/span><\/p>\n<p><span style=\"font-size: 12pt; font-family: 'arial black', sans-serif;\"><a href=\"https:\/\/wp.ufpel.edu.br\/ppgmacsa\/files\/2023\/06\/Formulario-4-Encaminhamento-de-Defesas-3-3.doc\">Formul\u00e1rio 4 &#8211; Encaminhamento de Defesas de Disserta\u00e7\u00e3o\/Tese<span style=\"color: #ff0000;\">*<\/span><\/a><\/span><\/p>\n<p><span style=\"font-size: 12pt; font-family: 'arial black', sans-serif;\"><a href=\"https:\/\/wp.ufpel.edu.br\/ppgmacsa\/files\/2011\/05\/Formul\u00e1rio-6-Aproveitamento-de-Cr\u00e9ditos.doc\">Formul\u00e1rio 6 &#8211; Aproveitamento de Cr\u00e9ditos<span style=\"color: #ff0000;\">*<\/span><\/a><\/span><\/p>\n<p><span style=\"font-size: 12pt; font-family: 'arial black', sans-serif;\"><a href=\"https:\/\/wp.ufpel.edu.br\/ppgmacsa\/files\/2023\/06\/Formulario-7A-Encaminhamento-Defesa-Qualificacao-2.doc\">Formul\u00e1rio 7A &#8211; Encaminhamento Exame de Qualifica\u00e7\u00e3o<span style=\"color: #ff0000;\">*<\/span><\/a><\/span><\/p>\n<p><span style=\"font-family: 'arial black', sans-serif; font-size: 12pt;\"><strong><a href=\"https:\/\/wp.ufpel.edu.br\/ppgmacsa\/files\/2023\/07\/Formulario_8_Mudanca_Nivel.doc\">Formul\u00e1rio 8 &#8211; Mudan\u00e7a de N\u00edvel<\/a><\/strong><\/span><\/p>\n<p><span style=\"font-size: 12pt; font-family: 'arial black', sans-serif;\"><a href=\"https:\/\/wp.ufpel.edu.br\/ppgmacsa\/files\/2011\/05\/Formul\u00e1rio-9-Cancelamento-de-Disciplina.doc\">Formul\u00e1rio 9 &#8211; Cancelamento de Disciplina<\/a><\/span><\/p>\n<p><span style=\"font-size: 12pt; font-family: 'arial black', sans-serif;\"><a href=\"https:\/\/wp.ufpel.edu.br\/ppgmacsa\/files\/2011\/05\/Formul\u00e1rio-9A-Inclus\u00e3o-de-Disciplina.doc\">Formul\u00e1rio 9A &#8211; Inclus\u00e3o de Disciplina<\/a><\/span><\/p>\n<p><span style=\"font-size: 12pt; font-family: 'arial black', sans-serif;\"><a href=\"https:\/\/wp.ufpel.edu.br\/prppgi\/files\/2019\/04\/TRANCAMENTO-DE-MATRICULA-ATUALIZADO.doc\"><strong>Formul\u00e1rio 10 &#8211; Trancamento de matr\u00edcula<\/strong><\/a><\/span><\/p>\n<p>&nbsp;<\/p>\n<p><span style=\"font-size: 14pt; color: #000000; font-family: 'arial black', sans-serif;\"><strong>DOCUMENTOS RELATIVOS \u00c0 BOLSA CAPES:\u00a0<\/strong><\/span><\/p>\n<p><span style=\"font-family: 'arial black', sans-serif;\"><strong><a href=\"https:\/\/wp.ufpel.edu.br\/ppgmacsa\/files\/2025\/04\/Formulario-cadastramento-de-bolsa-CAPES-PPGMACSA.xlsx\">Formul\u00e1rio cadastramento de bolsa CAPES PPGMACSA <\/a>(enviar \u00e0 coordena\u00e7\u00e3o no ingresso)<\/strong><\/span><\/p>\n<p><span style=\"font-family: 'arial black', sans-serif;\"><strong><a href=\"https:\/\/wp.ufpel.edu.br\/ppgmacsa\/files\/2025\/04\/Formulario-prorrogacao-de-bolsa-CAPES-PPGMACSA.xls\">Formul\u00e1rio prorroga\u00e7\u00e3o de bolsa CAPES PPGMACSA <\/a>(enviar \u00e0 coordena\u00e7\u00e3o com anteced\u00eancia m\u00ednima de 7 dias do prazo de vig\u00eancia, conforme aplicativo Bolsista CAPES)<\/strong><\/span><\/p>\n<p><span style=\"font-family: 'arial black', sans-serif;\"><a href=\"https:\/\/wp.ufpel.edu.br\/ppgmacsa\/files\/2025\/04\/Formulario-reativacao-de-bolsa-CAPES-PPGMACSA.xls\"><strong>Formul\u00e1rio reativa\u00e7\u00e3o de bolsa CAPES PPGMACSA<\/strong><\/a><strong> (enviar \u00e0 coordena\u00e7\u00e3o no dia de retorno do PDSE)<\/strong><\/span><\/p>\n<p><span style=\"font-family: 'arial black', sans-serif;\"><a href=\"https:\/\/wp.ufpel.edu.br\/ppgmacsa\/files\/2025\/04\/Termo-de-Compromisso-DS-atualizado.docx\"><strong>Termo de Compromisso CAPES DS atualizado <\/strong><\/a><strong>(enviar \u00e0 coordena\u00e7\u00e3o no ingresso)<\/strong><\/span><\/p>\n<p><span style=\"font-family: 'arial black', sans-serif;\"><a href=\"https:\/\/wp.ufpel.edu.br\/ppgmacsa\/files\/2025\/04\/Declaracao-de-Acumulo-bolsa-e-atividade.docx\"><strong>Declara\u00e7\u00e3o de ac\u00famulo bolsa e atividade <\/strong><\/a><strong>(enviar \u00e0 coordena\u00e7\u00e3o em caso de acumula\u00e7\u00e3o)<\/strong><\/span><\/p>\n<p>&nbsp;<\/p>\n<p><span style=\"font-size: 14pt; font-family: 'arial black', sans-serif;\"><span style=\"color: #ff0000;\">*<\/span><strong><span style=\"color: #000000;\">Fazer o <em>upload<\/em> do requerimento no respectivo formul\u00e1rio eletr\u00f4nico, conforme indicado no Manual do PPGMACSA:<\/span><\/strong><\/span><\/p>\n<p><span style=\"font-size: 12pt; font-family: 'arial black', sans-serif;\">Aproveitamento de cr\u00e9ditos: <a href=\"https:\/\/forms.gle\/pCbucVRDDgz4CCid7\">https:\/\/forms.gle\/pCbucVRDDgz4CCid7<\/a><\/span><\/p>\n<p><span style=\"font-size: 12pt; font-family: 'arial black', sans-serif;\">Defesa de Disserta\u00e7\u00e3o\/Tese: <a href=\"https:\/\/forms.gle\/bF2gD9z7Y61VnvSV8\">https:\/\/forms.gle\/bF2gD9z7Y61VnvSV8<\/a><\/span><\/p>\n<p><span style=\"font-size: 12pt; font-family: 'arial black', sans-serif;\">Exame de Qualifica\u00e7\u00e3o: <a href=\"https:\/\/forms.gle\/xjNNzVcFvpzoA6tcA\">https:\/\/forms.gle\/xjNNzVcFvpzoA6tcA<\/a><\/span><\/p>\n<p><span style=\"font-size: 12pt; font-family: 'arial black', sans-serif;\">(INICIAL) Indica\u00e7\u00e3o de comiss\u00e3o orientadora e plano de estudos: <a href=\"https:\/\/forms.gle\/ZyYwHbFFqAopmC8K7\">https:\/\/forms.gle\/ZyYwHbFFqAopmC8K7<\/a><\/span><\/p>\n<p><span style=\"font-size: 12pt; font-family: 'arial black', sans-serif;\">(REVIS\u00c3O) Indica\u00e7\u00e3o de comiss\u00e3o orientadora e plano de estudos: <a href=\"https:\/\/forms.gle\/rALDAFyhRKo7NUWi7\">https:\/\/forms.gle\/rALDAFyhRKo7NUWi7<\/a><\/span><\/p>\n<p><span style=\"font-size: 12pt; font-family: 'arial black', sans-serif;\">Profici\u00eancia em l\u00edngua inglesa: <a href=\"https:\/\/forms.gle\/t7GJdRucHNoYijmKA\">https:\/\/forms.gle\/t7GJdRucHNoYijmKA<\/a><\/span><\/p>\n<p>&nbsp;<\/p>\n<p><span style=\"font-size: 14pt; font-family: 'arial black', sans-serif; color: #000000;\"><strong>SOLICITA\u00c7\u00d5ES E AUTORIZA\u00c7\u00d5ES<\/strong><\/span><\/p>\n<p><span style=\"font-family: 'arial black', sans-serif;\"><a href=\"https:\/\/wp.ufpel.edu.br\/ppgmacsa\/files\/2025\/12\/Termo-de-responsabilidade-alunos-PPGMACSA.pdf\">Termo de responsabilidade<\/a>\u00a0 e <a href=\"https:\/\/forms.gle\/SZ2eXDXUwmWkNYZm6\">Formul\u00e1rio do Termo de responsabilidade<\/a> \u00a0(obrigat\u00f3rios para a confirma\u00e7\u00e3o de matr\u00edcula)<\/span><\/p>\n<p><span style=\"font-size: 12pt; font-family: 'arial black', sans-serif;\"><a href=\"https:\/\/wp.ufpel.edu.br\/ppgmacsa\/files\/2023\/12\/Solicitacao-de-auxilio-para-eventos-e-trabalhos-de-campo-macsa-2.doc\">Solicita\u00e7\u00e3o de aux\u00edlio financeiro <\/a>(Participa\u00e7\u00e3o em evento\/ sa\u00edda de campo)<\/span><\/p>\n<p><span style=\"font-size: 12pt; font-family: 'arial black', sans-serif;\"><strong><a href=\"https:\/\/wp.ufpel.edu.br\/ppgmacsa\/files\/2023\/08\/Relatorio-de-Viagem-para-discentes-PPGMACSA.docx\">Relat\u00f3rio de viagem para presta\u00e7\u00e3o de contas de aux\u00edlio financeiro<\/a><\/strong>\u00a0<strong>(sa\u00eddas de campo)<\/strong><\/span><\/p>\n<p><span style=\"font-size: 12pt; font-family: 'arial black', sans-serif;\"><a href=\"https:\/\/wp.ufpel.edu.br\/ppgmacsa\/files\/2023\/05\/Requerimento-de-alunos-1.doc\">Requerimento de alunos <\/a><a href=\"https:\/\/wp.ufpel.edu.br\/ppgmacsa\/files\/2020\/08\/Requerimento-de-alunos.doc\">\u00a0<\/a>(profici\u00eancia, prorroga\u00e7\u00f5es de prazo e outros)<\/span><\/p>\n<p><span style=\"font-size: 12pt; font-family: 'arial black', sans-serif;\"><a href=\"https:\/\/wp.ufpel.edu.br\/ppgmacsa\/files\/2024\/08\/Termo-Dissertacoes-e-Teses.pdf\">Termo de autoriza\u00e7\u00e3o para divulga\u00e7\u00e3o de Disserta\u00e7\u00f5es e Teses <\/a>(biblioteca)<\/span><\/p>\n<p><span style=\"font-size: 12pt; font-family: 'arial black', sans-serif;\"><strong><a href=\"https:\/\/wp.ufpel.edu.br\/ppgmacsa\/files\/2021\/10\/Requerimento-para-dispensa-de-DOI-e-DOII.docx\">Requerimento para solicita\u00e7\u00e3o de dispensa de Doc\u00eancia Orientada I e\/ou II<\/a><\/strong><\/span><\/p>\n<p>&nbsp;<\/p>\n<p><span style=\"font-size: 14pt; font-family: 'arial black', sans-serif; color: #000000;\"><strong>OUTROS ARQUIVOS<\/strong><\/span><\/p>\n<p><span style=\"font-size: 12pt; font-family: 'arial black', sans-serif;\"><strong><a href=\"https:\/\/wp.ufpel.edu.br\/prppg\/documentos-2\/\">https:\/\/wp.ufpel.edu.br\/prppg\/documentos-2\/<\/a><\/strong><\/span><\/p>\n","protected":false},"excerpt":{"rendered":"<p>DOCUMENTOS E MODELOS Manual PPGMACSA (atualizado 23\/09\/2025) Quadro de pontua\u00e7\u00e3o Seletivos Guia para utiliza\u00e7\u00e3o do PROAP Modelo de Projeto de Pesquisa PPGMACSA (atualizado 2024) Instru\u00e7\u00e3o Normativa de Progress\u00e3o\/Mudan\u00e7a de n\u00edvel (Mestrado-Doutorado) Manual e normas da UFPel para trabalhos acad\u00eamicos Atestado de conceito de Est\u00e1gio Doc\u00eancia Orientada Qualifica\u00e7\u00e3o &#8211; Orienta\u00e7\u00f5es e crit\u00e9rios para realiza\u00e7\u00e3o do exame &hellip; <\/p>\n<p><a class=\"more-link btn\" href=\"https:\/\/wp.ufpel.edu.br\/ppgmacsa\/downloads\/\">Continue lendo<\/a><\/p>\n","protected":false},"author":108,"featured_media":0,"parent":0,"menu_order":600,"comment_status":"closed","ping_status":"closed","template":"","meta":{"jetpack_post_was_ever_published":false,"footnotes":""},"class_list":["post-146","page","type-page","status-publish","hentry","nodate","item-wrap"],"jetpack_shortlink":"https:\/\/wp.me\/Pa3t0X-2m","jetpack_sharing_enabled":true,"_links":{"self":[{"href":"https:\/\/wp.ufpel.edu.br\/ppgmacsa\/wp-json\/wp\/v2\/pages\/146","targetHints":{"allow":["GET"]}}],"collection":[{"href":"https:\/\/wp.ufpel.edu.br\/ppgmacsa\/wp-json\/wp\/v2\/pages"}],"about":[{"href":"https:\/\/wp.ufpel.edu.br\/ppgmacsa\/wp-json\/wp\/v2\/types\/page"}],"author":[{"embeddable":true,"href":"https:\/\/wp.ufpel.edu.br\/ppgmacsa\/wp-json\/wp\/v2\/users\/108"}],"replies":[{"embeddable":true,"href":"https:\/\/wp.ufpel.edu.br\/ppgmacsa\/wp-json\/wp\/v2\/comments?post=146"}],"version-history":[{"count":4,"href":"https:\/\/wp.ufpel.edu.br\/ppgmacsa\/wp-json\/wp\/v2\/pages\/146\/revisions"}],"predecessor-version":[{"id":4369,"href":"https:\/\/wp.ufpel.edu.br\/ppgmacsa\/wp-json\/wp\/v2\/pages\/146\/revisions\/4369"}],"wp:attachment":[{"href":"https:\/\/wp.ufpel.edu.br\/ppgmacsa\/wp-json\/wp\/v2\/media?parent=146"}],"curies":[{"name":"wp","href":"https:\/\/api.w.org\/{rel}","templated":true}]}}