{"id":7473,"date":"2025-02-24T13:56:43","date_gmt":"2025-02-24T16:56:43","guid":{"rendered":"https:\/\/wp.ufpel.edu.br\/ppgl\/?page_id=7473"},"modified":"2025-02-24T14:06:36","modified_gmt":"2025-02-24T17:06:36","slug":"2025-2","status":"publish","type":"page","link":"https:\/\/wp.ufpel.edu.br\/ppgl\/trabalhos-defendidos\/teses\/2025-2\/","title":{"rendered":"2025"},"content":{"rendered":"<p><b>BRUNA VIT\u00d3RIA TEJADA<\/b><\/p>\n<p>Mulheres e trabalho reprodutivo: um olhar discursivo para os efeitos da pandemia nas rela\u00e7\u00f5es generificadas<\/p>\n<p>Prof.\u00aa Dr.\u00aa\u00a0 Luciana Iost Vinhas<\/p>\n<p>URL:<\/p>\n<p>&nbsp;<\/p>\n","protected":false},"excerpt":{"rendered":"<p>BRUNA VIT\u00d3RIA TEJADA Mulheres e trabalho reprodutivo: um olhar discursivo para os efeitos da pandemia nas rela\u00e7\u00f5es generificadas Prof.\u00aa Dr.\u00aa\u00a0 Luciana Iost Vinhas URL: &nbsp;<\/p>\n","protected":false},"author":253,"featured_media":0,"parent":3090,"menu_order":0,"comment_status":"closed","ping_status":"closed","template":"","meta":{"jetpack_post_was_ever_published":false,"footnotes":""},"class_list":["post-7473","page","type-page","status-publish","hentry"],"jetpack_sharing_enabled":true,"jetpack_shortlink":"https:\/\/wp.me\/P8vD3Q-1Wx","_links":{"self":[{"href":"https:\/\/wp.ufpel.edu.br\/ppgl\/wp-json\/wp\/v2\/pages\/7473","targetHints":{"allow":["GET"]}}],"collection":[{"href":"https:\/\/wp.ufpel.edu.br\/ppgl\/wp-json\/wp\/v2\/pages"}],"about":[{"href":"https:\/\/wp.ufpel.edu.br\/ppgl\/wp-json\/wp\/v2\/types\/page"}],"author":[{"embeddable":true,"href":"https:\/\/wp.ufpel.edu.br\/ppgl\/wp-json\/wp\/v2\/users\/253"}],"replies":[{"embeddable":true,"href":"https:\/\/wp.ufpel.edu.br\/ppgl\/wp-json\/wp\/v2\/comments?post=7473"}],"version-history":[{"count":4,"href":"https:\/\/wp.ufpel.edu.br\/ppgl\/wp-json\/wp\/v2\/pages\/7473\/revisions"}],"predecessor-version":[{"id":7478,"href":"https:\/\/wp.ufpel.edu.br\/ppgl\/wp-json\/wp\/v2\/pages\/7473\/revisions\/7478"}],"up":[{"embeddable":true,"href":"https:\/\/wp.ufpel.edu.br\/ppgl\/wp-json\/wp\/v2\/pages\/3090"}],"wp:attachment":[{"href":"https:\/\/wp.ufpel.edu.br\/ppgl\/wp-json\/wp\/v2\/media?parent=7473"}],"curies":[{"name":"wp","href":"https:\/\/api.w.org\/{rel}","templated":true}]}}