{"id":7458,"date":"2025-02-24T13:54:52","date_gmt":"2025-02-24T16:54:52","guid":{"rendered":"https:\/\/wp.ufpel.edu.br\/ppgl\/?page_id=7458"},"modified":"2025-02-25T12:06:28","modified_gmt":"2025-02-25T15:06:28","slug":"2024-2","status":"publish","type":"page","link":"https:\/\/wp.ufpel.edu.br\/ppgl\/trabalhos-defendidos\/dissertacoes\/2024-2\/","title":{"rendered":"2024"},"content":{"rendered":"<p>Ana Clara Molina dos Santos<\/p>\n<p>MATERNIDADE COMPULS\u00d3RIA: VALORA\u00c7\u00c3O E DISCURSO INTOLERANTE EM COMENT\u00c1RIOS NO FACEBOOK<\/p>\n<p>Orientadora: Prof.\u00aa Dr.\u00aa Karina Giacomelli<\/p>\n<p>URL:<\/p>\n<p>&nbsp;<\/p>\n<p>Anderson Luis Brum de Freitas<\/p>\n<p>\u201cPara sobreviver, deixe o passado ensinar\u201d: Identidades Diasp\u00f3ricas e Afrofuturismo em <i>A Par\u00e1bola do Semeador<\/i> e <i>A Par\u00e1bola dos Talentos<\/i>, de Octavia Butler e <i>Binti<\/i>, de Nnedi Okorafor<\/p>\n<p>Orientador: Prof. Dr. Eduardo Marks de Marques<\/p>\n<p>URL:<\/p>\n<p>&nbsp;<\/p>\n<p><b>ANGEL ALVES HILIAN<\/b><\/p>\n<p>A tradu\u00e7\u00e3o como \u00edndice global de subjetividade: uma an\u00e1lise das tradu\u00e7\u00f5es de<i> the sun and her flowers<\/i> de Rupi Kaur<\/p>\n<p>Orientadora: Profa. Dra. Daiane Neumann<\/p>\n<p>URL:<\/p>\n<p>&nbsp;<\/p>\n<p>Bruno da Silva Oliveira<\/p>\n<p>O USO DE TECNOLOGIAS DIGITAIS POR PROFESSORES DE L\u00cdNGUAS EM FORMA\u00c7\u00c3O: REFLEX\u00d5ES SOBRE PR\u00c1TICAS DE ESTUDO MEDIADAS POR TDICs<\/p>\n<p>Orientador: Prof. Dr. Rafael Vetromille-Castro<\/p>\n<p>URL:<\/p>\n<p>&nbsp;<\/p>\n<p>Camila Knebel Fenner<\/p>\n<p>INDEPEND\u00caNCIA MO\u00c7AMBICANA, POL\u00cdTICA E LIBERDADE EM ORGIA DOS\u00a0LOUCOS (1990), DE UNGULANI BA KA KHOSA.<\/p>\n<p>Orientador: ALFEU SPAREMBERGER<\/p>\n<p>URL:<\/p>\n<p>&nbsp;<\/p>\n<p>Carmelina Cardozo de Souza Correa Pereira<\/p>\n<p>Uma Po\u00e9tica de Dark Academia:\u00a0como <i>Babel <\/i>de R. F. Kuang representa um processo de mudan\u00e7a no g\u00eanero<\/p>\n<p>Orientador: Prof. Dr. Eduardo Marks de Marques<\/p>\n<p>URL:<\/p>\n<p>&nbsp;<\/p>\n<p><b>DANIEL ALMEIDA DA SILVA<\/b><\/p>\n<p><i>Yogas\u016btra de Pata\u00f1jali: uma an\u00e1lise das tradu\u00e7\u00f5es brasileiras<\/i><\/p>\n<p>Orientadora: Juliana Steil<\/p>\n<p>URL:<\/p>\n<p>&nbsp;<\/p>\n<p><b>DANIELE DA SILVA PROEN\u00c7A<\/b><\/p>\n<p><b>TRADU\u00c7\u00c3O COMENTADA DO CONTO<\/b><b><i> \u201cMaese P\u00e9rez, El organista\u201d <\/i><\/b><b>DE GUSTAVO\u00a0<\/b><b>ADOLFO B\u00c9CQUER<\/b><\/p>\n<p>Orientadora: Prof.\u00aa Dr.\u00aa\u00a0 Andrea Cristiane Kahmann<\/p>\n<p>URL:<\/p>\n<p>&nbsp;<\/p>\n<p>Ediane Pereira da Cunha<\/p>\n<p>AQUISI\u00c7\u00c3O DA ESTRUTURA SIL\u00c1BICA CCV NO PORTUGU\u00caS BRASILEIRO COMO L1: RELEITURA DE UM ESTUDO DE CASO VIA TEORIA DOS SISTEMAS DIN\u00c2MICOS COMPLEXOS<\/p>\n<p>Orientadora: Prof.\u00aa Dr.\u00aa Giovana Ferreira Gon\u00e7alves<\/p>\n<p>URL:<\/p>\n<p>&nbsp;<\/p>\n<p>GABRIEL DIAS MORALES<\/p>\n<p>CORPO, ABJE\u00c7\u00c3O E EROTISMO EM A C\u00c9U ABERTO, DE JO\u00c3O GILBERTO NOLL, E M\u00c3OS DE CAVALO, DE DANIEL GALERA<\/p>\n<p>Orientador: Prof. Dr. Alfeu Sparemberger<\/p>\n<p>URL:<\/p>\n<p>&nbsp;<\/p>\n<p><b>Gabriel Zardo de Oliveira<\/b><\/p>\n<p>A influ\u00eancia da l\u00edngua espanhola na l\u00edngua portuguesa em contexto de fronteira Brasil-Uruguai: o emprego da reg\u00eancia verbal em textos escritos por estudantes do Ensino Fundamental II<\/p>\n<p>Orientador: Prof. Dr. Bernardo Kolling Limberger<\/p>\n<p>URL:<\/p>\n<p>&nbsp;<\/p>\n<p>Julia da Rosa Diogo<\/p>\n<p>Varia\u00e7\u00e3o lexical diat\u00f3pica no 9\u00ba ano do Ensino Fundamental II: um estudo sobre cren\u00e7as dos estudantes e processamento da vari\u00e1vel regional<\/p>\n<p>Orientador: Prof. Dr. Bernardo Kolling Limberger<\/p>\n<p>URL:<\/p>\n<p>&nbsp;<\/p>\n<p><b>J\u00daLIA MELO DOS SANTOS<\/b><\/p>\n<p>AL\u00c9M DO EROTISMO: A DIMENS\u00c3O POL\u00cdTICA E OS DESAFIOS DA CENSURA NAS OBRAS DE ADELAIDE CARRARO<\/p>\n<p>Orientador: Prof. Dr. Aulus Mandagar\u00e1 Martins<\/p>\n<p>URL:<\/p>\n<p>&nbsp;<\/p>\n<p>Leonardo da Rosa Ribeiro<\/p>\n<p>Translinguagem e leitura: efeitos da instru\u00e7\u00e3o para pr\u00e1ticas transl\u00edngues na compreens\u00e3o leitora em franc\u00eas<\/p>\n<p>como l\u00edngua estrangeira<\/p>\n<p>Orientador: Prof. Dr. Bernardo Kolling Limberger<\/p>\n<p>URL:<\/p>\n<p>&nbsp;<\/p>\n<p>LET\u00cdCIA PISKE SOARES<\/p>\n<p>UM ESTUDO SOBRE A AQUISI\u00c7\u00c3O FONOL\u00d3GICA DAS CONSOANTES PALATAIS<\/p>\n<p>DO PORTUGU\u00caS BRASILEIRO<\/p>\n<p>Orientador: Profa. Dra. Ana Ruth Moresco Miranda<\/p>\n<p>URL:<\/p>\n<p>&nbsp;<\/p>\n<p>Maria Alice Schmidt Sep\u00falveda<\/p>\n<p>A INFLU\u00caNCIA DA L\u00cdNGUA MATERNA NOS ERROS ORTOGR\u00c1FICOS DE VOGAIS NO\u00a0APRENDIZADO DE INGL\u00caS POR FALANTES DE PORTUGU\u00caS<\/p>\n<p>Orientadora: Profa. Dra . Ana Ruth Moresco Miranda<\/p>\n<p>URL:<\/p>\n<p>&nbsp;<\/p>\n<p><b>RAQUEL PORTELLA DE SOUZA<\/b><\/p>\n<p>A aplicabilidade dos par\u00e2metros para uma educa\u00e7\u00e3o dial\u00f3gica alterit\u00e1ria visando: o aluno como sujeito de sua aprendizagem<\/p>\n<p>Orientadora: Prof\u00aa. Dr\u00aa Karina Giacomelli<\/p>\n<p>URL:<\/p>\n<p>&nbsp;<\/p>\n<p><b>R\u00d4MULO SCHWANZ DIEL<\/b><\/p>\n<p><b>Desenvolvimento lingu\u00edstico das vogais baixas anteriores do ingl\u00eas como L2: o papel da instru\u00e7\u00e3o expl\u00edcita e treinamento articulat\u00f3rio mediada pelo ultrassom<\/b><\/p>\n<p>Orientadora: Profa. Dra. Giovana Ferreira Gon\u00e7alves<\/p>\n<p>URL:<\/p>\n","protected":false},"excerpt":{"rendered":"<p>Ana Clara Molina dos Santos MATERNIDADE COMPULS\u00d3RIA: VALORA\u00c7\u00c3O E DISCURSO INTOLERANTE EM COMENT\u00c1RIOS NO FACEBOOK Orientadora: Prof.\u00aa Dr.\u00aa Karina Giacomelli URL: &nbsp; Anderson Luis Brum de Freitas \u201cPara sobreviver, deixe o passado ensinar\u201d: Identidades Diasp\u00f3ricas e Afrofuturismo em A Par\u00e1bola do Semeador e A Par\u00e1bola dos Talentos, de Octavia Butler e Binti, de Nnedi Okorafor [&hellip;]<\/p>\n","protected":false},"author":253,"featured_media":0,"parent":397,"menu_order":0,"comment_status":"closed","ping_status":"closed","template":"","meta":{"jetpack_post_was_ever_published":false,"footnotes":""},"class_list":["post-7458","page","type-page","status-publish","hentry"],"jetpack_sharing_enabled":true,"jetpack_shortlink":"https:\/\/wp.me\/P8vD3Q-1Wi","_links":{"self":[{"href":"https:\/\/wp.ufpel.edu.br\/ppgl\/wp-json\/wp\/v2\/pages\/7458","targetHints":{"allow":["GET"]}}],"collection":[{"href":"https:\/\/wp.ufpel.edu.br\/ppgl\/wp-json\/wp\/v2\/pages"}],"about":[{"href":"https:\/\/wp.ufpel.edu.br\/ppgl\/wp-json\/wp\/v2\/types\/page"}],"author":[{"embeddable":true,"href":"https:\/\/wp.ufpel.edu.br\/ppgl\/wp-json\/wp\/v2\/users\/253"}],"replies":[{"embeddable":true,"href":"https:\/\/wp.ufpel.edu.br\/ppgl\/wp-json\/wp\/v2\/comments?post=7458"}],"version-history":[{"count":5,"href":"https:\/\/wp.ufpel.edu.br\/ppgl\/wp-json\/wp\/v2\/pages\/7458\/revisions"}],"predecessor-version":[{"id":7489,"href":"https:\/\/wp.ufpel.edu.br\/ppgl\/wp-json\/wp\/v2\/pages\/7458\/revisions\/7489"}],"up":[{"embeddable":true,"href":"https:\/\/wp.ufpel.edu.br\/ppgl\/wp-json\/wp\/v2\/pages\/397"}],"wp:attachment":[{"href":"https:\/\/wp.ufpel.edu.br\/ppgl\/wp-json\/wp\/v2\/media?parent=7458"}],"curies":[{"name":"wp","href":"https:\/\/api.w.org\/{rel}","templated":true}]}}