{"id":5538,"date":"2022-05-15T20:25:01","date_gmt":"2022-05-15T23:25:01","guid":{"rendered":"https:\/\/wp.ufpel.edu.br\/ppgl\/?page_id=5538"},"modified":"2022-05-15T20:25:09","modified_gmt":"2022-05-15T23:25:09","slug":"2021-2","status":"publish","type":"page","link":"https:\/\/wp.ufpel.edu.br\/ppgl\/trabalhos-defendidos\/teses\/2021-2\/","title":{"rendered":"2021"},"content":{"rendered":"<p><strong>MARCO ANT\u00d4NIO ADAMOLI<\/strong><\/p>\n<p>&nbsp;<\/p>\n<p>DO LATIM \u00c0S L\u00cdNGUAS ROM^NICAS: UM ESTUDO SOBRE A DIACRONIA DAS VOGAIS T\u00d4NICAS DO ESPANHOL, PORTUGU\u00caS, ITALIANO E FRABC\u00caS \u00c1 LUZ DA TEORIA DOS TRA\u00c7OS<\/p>\n<p>&nbsp;<\/p>\n<p>Orientador: Profa. Dra. Carmen L\u00facia Barreto Matzenauer<\/p>\n<p>&nbsp;<\/p>\n<p>&nbsp;<\/p>\n<p>&nbsp;<\/p>\n<p><strong>C\u00cdCERO AUGUSTO KURZ LEMES<\/strong><\/p>\n<p>&nbsp;<\/p>\n<p>UMA PROPOSTA DE FORMULA\u00c7\u00c3O DE PERGUNTAS DO ROTEIRO DE ENTREVISTA COM BASE NAS NO\u00c7\u00d5ES BAKHTINIANAS DE ALTERIDADE E EXOTOPIA<\/p>\n<p>&nbsp;<\/p>\n<p>Orientador: Profa. Dra. Karina Giacomelli<\/p>\n<p>&nbsp;<\/p>\n<p>&nbsp;<\/p>\n<p>&nbsp;<\/p>\n<p><strong>SANDRA BEATRIZ M\u00c9NDEZ TORRES<\/strong><\/p>\n<p>&nbsp;<\/p>\n<p>LET\u2019S TALK ABOUT BETWEENA! DESIGN THINKING E O ENSINO DE L\u00cdNGUA INGLESA NA FRONTEIRA SUL DO BRASIL<\/p>\n<p>&nbsp;<\/p>\n<p>Orientador: Profa. Dra. Karina Giacomelli<\/p>\n<p>&nbsp;<\/p>\n<p>&nbsp;<\/p>\n<p><strong>TANIER BOTELHO DOS SANTOS<\/strong><\/p>\n<p>&nbsp;<\/p>\n<p>FERRAMENTAS DIGITAIS EM CONTEXTO ESCOLAR: PRODUZINDO HIST\u00d3RIAS EM QUADRINHOS EM L\u00cdNGUA INGLESA<\/p>\n<p>&nbsp;<\/p>\n<p>ORIENTADOR: Prof. Dr. Vilson Jos\u00e9 Leffa<\/p>\n<p>&nbsp;<\/p>\n","protected":false},"excerpt":{"rendered":"<p>MARCO ANT\u00d4NIO ADAMOLI &nbsp; DO LATIM \u00c0S L\u00cdNGUAS ROM^NICAS: UM ESTUDO SOBRE A DIACRONIA DAS VOGAIS T\u00d4NICAS DO ESPANHOL, PORTUGU\u00caS, ITALIANO E FRABC\u00caS \u00c1 LUZ DA TEORIA DOS TRA\u00c7OS &nbsp; Orientador: Profa. Dra. Carmen L\u00facia Barreto Matzenauer &nbsp; &nbsp; &nbsp; C\u00cdCERO AUGUSTO KURZ LEMES &nbsp; UMA PROPOSTA DE FORMULA\u00c7\u00c3O DE PERGUNTAS DO ROTEIRO DE ENTREVISTA [&hellip;]<\/p>\n","protected":false},"author":253,"featured_media":0,"parent":3090,"menu_order":0,"comment_status":"closed","ping_status":"closed","template":"","meta":{"jetpack_post_was_ever_published":false,"footnotes":""},"class_list":["post-5538","page","type-page","status-publish","hentry"],"jetpack_sharing_enabled":true,"jetpack_shortlink":"https:\/\/wp.me\/P8vD3Q-1rk","_links":{"self":[{"href":"https:\/\/wp.ufpel.edu.br\/ppgl\/wp-json\/wp\/v2\/pages\/5538","targetHints":{"allow":["GET"]}}],"collection":[{"href":"https:\/\/wp.ufpel.edu.br\/ppgl\/wp-json\/wp\/v2\/pages"}],"about":[{"href":"https:\/\/wp.ufpel.edu.br\/ppgl\/wp-json\/wp\/v2\/types\/page"}],"author":[{"embeddable":true,"href":"https:\/\/wp.ufpel.edu.br\/ppgl\/wp-json\/wp\/v2\/users\/253"}],"replies":[{"embeddable":true,"href":"https:\/\/wp.ufpel.edu.br\/ppgl\/wp-json\/wp\/v2\/comments?post=5538"}],"version-history":[{"count":1,"href":"https:\/\/wp.ufpel.edu.br\/ppgl\/wp-json\/wp\/v2\/pages\/5538\/revisions"}],"predecessor-version":[{"id":5541,"href":"https:\/\/wp.ufpel.edu.br\/ppgl\/wp-json\/wp\/v2\/pages\/5538\/revisions\/5541"}],"up":[{"embeddable":true,"href":"https:\/\/wp.ufpel.edu.br\/ppgl\/wp-json\/wp\/v2\/pages\/3090"}],"wp:attachment":[{"href":"https:\/\/wp.ufpel.edu.br\/ppgl\/wp-json\/wp\/v2\/media?parent=5538"}],"curies":[{"name":"wp","href":"https:\/\/api.w.org\/{rel}","templated":true}]}}