{"id":5535,"date":"2022-05-15T20:22:46","date_gmt":"2022-05-15T23:22:46","guid":{"rendered":"https:\/\/wp.ufpel.edu.br\/ppgl\/?page_id=5535"},"modified":"2022-05-15T20:22:46","modified_gmt":"2022-05-15T23:22:46","slug":"2021-2","status":"publish","type":"page","link":"https:\/\/wp.ufpel.edu.br\/ppgl\/trabalhos-defendidos\/dissertacoes\/2021-2\/","title":{"rendered":"2021"},"content":{"rendered":"<p><strong>ANA PAULA CHAMORRO BONOW<\/strong><\/p>\n<p>&nbsp;<\/p>\n<p>DIRTY POEM \u2013 FERREIRA GULLAR ENM INGL\u00caS<\/p>\n<p>&nbsp;<\/p>\n<p>Orientador: Profa. Dra. Dra. Juliana Steil Tefen<\/p>\n<p>&nbsp;<\/p>\n<p>&nbsp;<\/p>\n<p>&nbsp;<\/p>\n<p><strong>BRUNA ESCALANTE AYRES<\/strong><\/p>\n<p>&nbsp;<\/p>\n<p>DO TRABALHO AO CONSUMO: A REPRESENTA\u00c7\u00c3O LITER\u00c1RIA DA SOCIEDADE EM PARA\u00cdSO DAS DAMAS, DE \u00c9MILE ZOLA<\/p>\n<p>&nbsp;<\/p>\n<p>Orientador: Prof. Dra. Milena Kunrath Hoffmann<\/p>\n<p>&nbsp;<\/p>\n<p>&nbsp;<\/p>\n<p>&nbsp;<\/p>\n<p><strong>CAROLINA ALVES PERES<\/strong><\/p>\n<p>&nbsp;<\/p>\n<p>O PROCESSO DE SUBJETIVA\u00c7\u00c3O EM NARRATIVAS DIGITAIS: UM ESTUDO SOBRE A EXPERI\u00caNCIA NARRATIVA EM THE WITCHER 3: WILD HUNT<\/p>\n<p>&nbsp;<\/p>\n<p>Orientador: Profa. Dra. Daiane Neumann<\/p>\n<p>&nbsp;<\/p>\n<p>&nbsp;<\/p>\n<p>&nbsp;<\/p>\n<p><strong>C\u00c1SSIA BENEMANN DA SILVA<\/strong><\/p>\n<p>&nbsp;<\/p>\n<p>O PAPEL DA MULHER NO MATRIARCADO DA GILEAD DE OS TESTAMENTOS E O CONTO DA AIA, DE MARGARET ATWOOD<\/p>\n<p>&nbsp;<\/p>\n<p>Orientador: Prof. Dr. Eduardo Marks de Marques<\/p>\n<p>&nbsp;<\/p>\n<p>&nbsp;<\/p>\n<p>&nbsp;<\/p>\n<p><strong>GABRIELA WALLY GRIEP<\/strong><\/p>\n<p>&nbsp;<\/p>\n<p>INFLU\u00caNCIAS DO POMERANO NA LEITURA DE PALAVRAS COGNATAS EM INGL\u00caS<\/p>\n<p>&nbsp;<\/p>\n<p>Orientador: Prof. Dr. Bernardo Kolling Limberger,<\/p>\n<p>&nbsp;<\/p>\n<p>&nbsp;<\/p>\n<p>&nbsp;<\/p>\n<p><strong>JEAN FABR\u00cdCIO LOPES FERREIRA<\/strong><\/p>\n<p>&nbsp;<\/p>\n<p>MUDAN\u00c7AS HIST\u00d3RICAS NO ESPA\u00c7O SUL-RIO-GRANDENSE E NA FIGURA DO GA\u00daCHO NA TRILOGIA DO GA\u00daCHO A P\u00c9, DE CYRO MARTINS<\/p>\n<p>&nbsp;<\/p>\n<p>Orientador: Prof. Dr. Eduardo Marks de Marques<\/p>\n<p>&nbsp;<\/p>\n<p>&nbsp;<\/p>\n<p>&nbsp;<\/p>\n<p><strong>JEEAN KARLOS SOUZA GOMES<\/strong><\/p>\n<p>&nbsp;<\/p>\n<p>A POESIA DE MAKUMBA DE EDIMILSON PEREIRA: RISCOS E CRUZOS, AX\u00c9 E ZAMANI<\/p>\n<p>&nbsp;<\/p>\n<p>Orientador: Profa. Dra. Milena Hoffmann Kunrath<\/p>\n<p>&nbsp;<\/p>\n<p>&nbsp;<\/p>\n<p>&nbsp;<\/p>\n<p><strong>KASSANDRA NAELY RODRIGUES DOS SANTOS<\/strong><\/p>\n<p>&nbsp;<\/p>\n<p>DO TRABALHO AO CONSUMO: A REPRESENTA\u00c7\u00c3O LITER\u00c1RIA DA SOCIEDADE EM O PARA\u00cdSO DAS DAMAS, DE \u00c9MILE ZOLA<\/p>\n<p>&nbsp;<\/p>\n<p>Orientador: Profa. Dra. Milena Hoffmann Kunrath<\/p>\n<p>&nbsp;<\/p>\n<p>&nbsp;<\/p>\n<p>&nbsp;<\/p>\n<p><strong>LOUISE ARIANE DA CAMPO<\/strong><\/p>\n<p>&nbsp;<\/p>\n<p>MULHERES JORNALISTAS EM SITE PORNOGR\u00c1FICO: UMA AN\u00c1LISE DISCURSIVA PELO VI\u00c9S DA DESIGNA\u00c7\u00c3O<\/p>\n<p>&nbsp;<\/p>\n<p>Orientador: Profa. Dra. Luciana Iost Vinhas<\/p>\n<p>&nbsp;<\/p>\n<p>&nbsp;<\/p>\n<p>&nbsp;<\/p>\n<p><strong>MILLAINE DE SOUZA CARVALHO<\/strong><\/p>\n<p>&nbsp;<\/p>\n<p>ENTRE SUJEITO DO DIREITO E OBJETO DE LEI: AN\u00c1LISE DISCURSIVA DE TESTEMUNHOS DE MULHERES QUE ABORTARAM<\/p>\n<p>&nbsp;<\/p>\n<p>Orientador: Profa. Dra. Luciana Iost Vinhas<\/p>\n<p>&nbsp;<\/p>\n<p>&nbsp;<\/p>\n<p><strong>MISAEL KR\u00dcGER LEMES<\/strong><\/p>\n<p>&nbsp;<\/p>\n<p>AQUISI\u00c7\u00c3O DAS VOGAIS ALTAS ANTERIORES DO INGL\u00caS COMO L2: O PAPEL DA INSTRU\u00c7\u00c3O EXPL\u00cdCITA MEDIADA PELO ULTRASSOM<\/p>\n<p>&nbsp;<\/p>\n<p>Orientador: Profa. Dra. Giovana Ferreira-Gon\u00e7alves<\/p>\n<p>&nbsp;<\/p>\n<p>&nbsp;<\/p>\n<p>&nbsp;<\/p>\n<p><strong>PATRICIA PEREIRA MELCHEQUE<\/strong><\/p>\n<p>&nbsp;<\/p>\n<p>EMERG\u00caNCIA DOS GESTOS ARTICULAT\u00d3RIOS NA AQUISI\u00c7\u00c3O DO TAP EM S\u00cdLABA CVC: ASPECTOS AC\u00daSTICOS<\/p>\n<p>&nbsp;<\/p>\n<p>Orientador: Profa. Dra. Giovana Ferreira Gon\u00e7alves<\/p>\n<p>&nbsp;<\/p>\n<p>&nbsp;<\/p>\n<p>&nbsp;<\/p>\n<p><strong>RAPHAELA PALOMBO BICA DE FREITAS<\/strong><\/p>\n<p>&nbsp;<\/p>\n<p>INFLU\u00caNCIAS TRANSLINGU\u00cdSTICAS LEXICAIS NA PRODU\u00c7\u00c3O ORAL EM ESPANHOL POR BRASILEIROS ADULTOS RESIDENTES NA CATALUNHA<\/p>\n<p>&nbsp;<\/p>\n<p>Orientador: Prof. Dr. Bernardo Kolling Limberger<\/p>\n<p>&nbsp;<\/p>\n<p>&nbsp;<\/p>\n<p>&nbsp;<\/p>\n<p><strong>SUELEN AIRES B\u00d6ETTGE<\/strong><\/p>\n<p>&nbsp;<\/p>\n<p>\u201cDEUS ME LIVRE TER MAIS FILHOS\u201d; A CONSTRU\u00c7\u00c3O DO SENTIDO DE VIOL\u00caNCIA OBST\u00c9TRICA A PARTIR DOS DICURSOS DE MULHERES E DE M\u00c9DICAS 9OS0 OBSTETRAS<\/p>\n<p>&nbsp;<\/p>\n<p>Orientador: Profa. Dra. Daiane Neumann<\/p>\n<p>&nbsp;<\/p>\n<p>&nbsp;<\/p>\n<p>&nbsp;<\/p>\n<p><strong>SUZANA SCHMECHEL DE \u00c1VILA<\/strong><\/p>\n<p>&nbsp;<\/p>\n<p>TESTEMUNHOS DE RESIST\u00caNCIA: UMA AN\u00c1LISE DE DISCURSOS DE MULHERES V\u00cdTIMAS DE VIOL\u00caNCIA DOM\u00c9STICA<\/p>\n<p>&nbsp;<\/p>\n<p>Orientador: Profa. Dra. Luciana Iost Vinhas<\/p>\n<p>&nbsp;<\/p>\n<p>&nbsp;<\/p>\n<p>&nbsp;<\/p>\n<p><strong>THALENA EVANGELISTA SANTOS<\/strong><\/p>\n<p>&nbsp;<\/p>\n<p>CARACTERIZA\u00c7\u00c3O AC\u00daSTICA DAS CONSOANTES FRICATIVAS ALVEOLARES PRODUZIDAS POR SENEGALESES EM PROCESSO DE AQUISI\u00c7\u00c3O DO PORTUGU\u00caS BRASILEIRO<\/p>\n<p>&nbsp;<\/p>\n<p>Orientador: Profa. Dra. Mirian Rose Brum de Paula<\/p>\n<p>&nbsp;<\/p>\n<p>&nbsp;<\/p>\n<p>&nbsp;<\/p>\n<p><strong>TIAGO ALVES DA SILVA LOPES<\/strong><\/p>\n<p>&nbsp;<\/p>\n<p>O GIGANTE ACORDOU: UMA AN\u00c1LISE DISCURSIVA DOS PROTESTOS DE JUNHO DE 2013 EM TR\u00caS GESTOS<\/p>\n<p>&nbsp;<\/p>\n<p>Orientador: Profa. Dra. Luciana Iost Vinhas<\/p>\n<p>&nbsp;<\/p>\n<p>&nbsp;<\/p>\n<p>&nbsp;<\/p>\n<p><strong>VAL\u00c9RIA CASTRO NUNES<\/strong><\/p>\n<p>&nbsp;<\/p>\n<p>A CONSTITUI\u00c7\u00c3O DE SUBJETIVIDADES EM MEIO A CONTEXTOS DISCURSIVOS NORMALIZADORES: SER, ESTAR E EXISTIR COMO INDIV\u00cdDUO NEURODIVERGENTE<\/p>\n<p>&nbsp;<\/p>\n<p>Orientador: Profa. Dra.\u00a0 Let\u00edcia Fonseca Richthofen de Freitas<\/p>\n<p>&nbsp;<\/p>\n<p>&nbsp;<\/p>\n<p>&nbsp;<\/p>\n<p><strong>VINICIUS BORGES DE ALMEIDA<\/strong><\/p>\n<p>&nbsp;<\/p>\n<p>CONSIDERA\u00c7\u00d5ES SOBRE BILINGUISMO, POL\u00cdTICAS LINGU\u00cdSTICAS E IDENTIDADES: O CASO DE UMA FAM\u00cdLIA BRASILEIRA NIPODESCENDENTE<\/p>\n<p>&nbsp;<\/p>\n<p>Orientador: Profa. Dra. Isabella Ferreira Mozillo<\/p>\n","protected":false},"excerpt":{"rendered":"<p>ANA PAULA CHAMORRO BONOW &nbsp; DIRTY POEM \u2013 FERREIRA GULLAR ENM INGL\u00caS &nbsp; Orientador: Profa. Dra. Dra. Juliana Steil Tefen &nbsp; &nbsp; &nbsp; BRUNA ESCALANTE AYRES &nbsp; DO TRABALHO AO CONSUMO: A REPRESENTA\u00c7\u00c3O LITER\u00c1RIA DA SOCIEDADE EM PARA\u00cdSO DAS DAMAS, DE \u00c9MILE ZOLA &nbsp; Orientador: Prof. Dra. Milena Kunrath Hoffmann &nbsp; &nbsp; &nbsp; CAROLINA ALVES [&hellip;]<\/p>\n","protected":false},"author":253,"featured_media":0,"parent":397,"menu_order":0,"comment_status":"closed","ping_status":"closed","template":"","meta":{"jetpack_post_was_ever_published":false,"footnotes":""},"class_list":["post-5535","page","type-page","status-publish","hentry"],"jetpack_sharing_enabled":true,"jetpack_shortlink":"https:\/\/wp.me\/P8vD3Q-1rh","_links":{"self":[{"href":"https:\/\/wp.ufpel.edu.br\/ppgl\/wp-json\/wp\/v2\/pages\/5535","targetHints":{"allow":["GET"]}}],"collection":[{"href":"https:\/\/wp.ufpel.edu.br\/ppgl\/wp-json\/wp\/v2\/pages"}],"about":[{"href":"https:\/\/wp.ufpel.edu.br\/ppgl\/wp-json\/wp\/v2\/types\/page"}],"author":[{"embeddable":true,"href":"https:\/\/wp.ufpel.edu.br\/ppgl\/wp-json\/wp\/v2\/users\/253"}],"replies":[{"embeddable":true,"href":"https:\/\/wp.ufpel.edu.br\/ppgl\/wp-json\/wp\/v2\/comments?post=5535"}],"version-history":[{"count":1,"href":"https:\/\/wp.ufpel.edu.br\/ppgl\/wp-json\/wp\/v2\/pages\/5535\/revisions"}],"predecessor-version":[{"id":5537,"href":"https:\/\/wp.ufpel.edu.br\/ppgl\/wp-json\/wp\/v2\/pages\/5535\/revisions\/5537"}],"up":[{"embeddable":true,"href":"https:\/\/wp.ufpel.edu.br\/ppgl\/wp-json\/wp\/v2\/pages\/397"}],"wp:attachment":[{"href":"https:\/\/wp.ufpel.edu.br\/ppgl\/wp-json\/wp\/v2\/media?parent=5535"}],"curies":[{"name":"wp","href":"https:\/\/api.w.org\/{rel}","templated":true}]}}