{"id":5532,"date":"2022-05-15T20:20:07","date_gmt":"2022-05-15T23:20:07","guid":{"rendered":"https:\/\/wp.ufpel.edu.br\/ppgl\/?page_id=5532"},"modified":"2022-05-15T20:20:07","modified_gmt":"2022-05-15T23:20:07","slug":"2019-2","status":"publish","type":"page","link":"https:\/\/wp.ufpel.edu.br\/ppgl\/trabalhos-defendidos\/dissertacoes\/2019-2\/","title":{"rendered":"2019"},"content":{"rendered":"<p><strong>ALINE ROSINSKI VIEIRA<\/strong><\/p>\n<p>&nbsp;<\/p>\n<p>A PRODU\u00c7\u00c3O DA LATERAL P\u00d3S-VOC\u00c1LICA EM UMA COMUNIDADE BIL\u00cdNGUE: ASPECTOS DO PORTUGU\u00caS SOB A INFLU\u00caNCIA DO POLON\u00caS COMO L\u00cdNGUA DE IMIGRA\u00c7\u00c3O<\/p>\n<p>&nbsp;<\/p>\n<p>Orientadora: Profa. Dr. Giovana Ferreira-Gon\u00e7alves<\/p>\n<p>URI: http:\/\/guaiaca.ufpel.edu.br:8080\/handle\/prefix\/4469<\/p>\n<p>&nbsp;<\/p>\n<p>&nbsp;<\/p>\n<p><strong>ANA PAULA ROESLER LEGG<\/strong><\/p>\n<p>&nbsp;<\/p>\n<p>O PAPEL DA COMPET\u00caNCIA SIMB\u00d3LICA NO PROCESSO DE INTERNACIONALIZA\u00c7\u00c3O DA EDUCA\u00c7\u00c3O SUPERIOR BRASILEIRA; FRONTEIRAS LINGU\u00cdSTICAS E O IDIOMAS SEM FRONTEIRAS<\/p>\n<p>&nbsp;<\/p>\n<p>Orientador: Prof. Dr. Rafael Vetromille-Castro<\/p>\n<p>Coorientadora: Profa. Dra. Let\u00edcia Fonseca Richthofen de Freitas<\/p>\n<p>URI: http:\/\/guaiaca.ufpel.edu.br:8080\/handle\/prefix\/4809<\/p>\n<p>&nbsp;<\/p>\n<p>&nbsp;<\/p>\n<p>&nbsp;<\/p>\n<p><strong>ANE CRISTINA THUROW<\/strong><\/p>\n<p>&nbsp;<\/p>\n<p>DA TELA \u00c0 TRAMA: O EFEITO METAF\u00d3RICO E A HETERONORMATIVIDADE NA S\u00c9RIE DE TELEVIS\u00c3O \u201cSESS\u00c3O DE TERAPIA\u201d<\/p>\n<p>&nbsp;<\/p>\n<p>Orientadora: Profa. Dra. \u00a0Aracy Gra\u00e7a Ernst<\/p>\n<p>URI: http:\/\/guaiaca.ufpel.edu.br:8080\/handle\/prefix\/4814<\/p>\n<p>&nbsp;<\/p>\n<p>&nbsp;<\/p>\n<p>&nbsp;<\/p>\n<p><strong>ANDR\u00c9 DANIEL PAIX\u00c3O<\/strong><\/p>\n<p>&nbsp;<\/p>\n<p>A EVOLU\u00c7\u00c3O DO DICION\u00c1RIO DE LIBRAS COMO MATERIAL DE CONSULTA LINGU\u00cdSTICA: DA FOLHA AO CLICK<\/p>\n<p>&nbsp;<\/p>\n<p>Orientadora: Profa. Dra. Tatiana Bolivar Lebedeff<\/p>\n<p>&nbsp;<\/p>\n<p>&nbsp;<\/p>\n<p>&nbsp;<\/p>\n<p><strong>D\u00c9BORA MEDEIROS DA ROSA AIRES<\/strong><\/p>\n<p>&nbsp;<\/p>\n<p>IDEOLOGIAS LINGU\u00cdSTICAS NO ENSINO DE L\u00cdNGUA ESTRANGEIRA: RELA\u00c7\u00d5ES ENTRE PORTUGU\u00caS (LM) E ESPANHOL (LE)<\/p>\n<p>&nbsp;<\/p>\n<p>Orientador: Orientadora: Profa. Dra. Isabella Ferreira Mozzillo<\/p>\n<p>URI: http:\/\/guaiaca.ufpel.edu.br:8080\/handle\/prefix\/4341<\/p>\n<p>&nbsp;<\/p>\n<p>&nbsp;<\/p>\n<p>&nbsp;<\/p>\n<p><strong>DIULIENE KOHLS RIBEIRO<\/strong><\/p>\n<p>&nbsp;<\/p>\n<p>VOGAIS ALTAS CORONAIS NA PRODU\u00c7\u00c3O DE BRASILEIROS BILINGUES PORTUGU\u00caS\/ALEM\u00c3O<\/p>\n<p>&nbsp;<\/p>\n<p>Orientadora: Profa. Dra. Carmen L\u00facia Barreto Matzenauer<\/p>\n<p>URI<\/p>\n<p>&nbsp;<\/p>\n<p>&nbsp;<\/p>\n<p>&nbsp;<\/p>\n<p><strong>CAMILA DA COSTA FONSECA<\/strong><\/p>\n<p>&nbsp;<\/p>\n<p>OS PAPE\u00cdS DO INGL\u00caS E NOVE NOITES: O DILEMA DA REPRESENTA\u00c7\u00c3O DO OUTRO E DE SI<\/p>\n<p>&nbsp;<\/p>\n<p>Orientador: Prof. Dr. Alfeu Sparemberger<\/p>\n<p>URI: http:\/\/guaiaca.ufpel.edu.br:8080\/handle\/prefix\/4470<\/p>\n<p>&nbsp;<\/p>\n<p>&nbsp;<\/p>\n<p>&nbsp;<\/p>\n<p><strong>CRISTINA NAPP DOS SANTOS<\/strong><\/p>\n<p>&nbsp;<\/p>\n<p>MEM\u00d3RIA INCONSOL\u00c1VEL, NARRATIVA COMO SEPULTURA: TRABALHOS DE LUTO EM ELENA DE PETRA COSTA E K. RELATO DE UMA BUSCA DE BARNARDO KUCINSKI<\/p>\n<p>&nbsp;<\/p>\n<p>Orientadora: Profa. Dra. Cl\u00e1udia Lorena Vouto da Fonseca<\/p>\n<p>&nbsp;<\/p>\n<p>&nbsp;<\/p>\n<p><strong>EUG\u00caNIA ADAMY BASSO<\/strong><\/p>\n<p>&nbsp;<\/p>\n<p>SOBRE AVESSOS E DEM\u00d4NIOS: DISCURSO E PERVERS\u00c3O EM LAVOURA ARCAICA, DE RADUAN NASSAR<\/p>\n<p>&nbsp;<\/p>\n<p>Orientadora: Profa. Dra. Cl\u00e1udia Lorena Vouto da Fonseca<\/p>\n<p>URI: http:\/\/guaiaca.ufpel.edu.br:8080\/handle\/prefix\/4471<\/p>\n<p>&nbsp;<\/p>\n<p>&nbsp;<\/p>\n<p>&nbsp;<\/p>\n<p><strong>FRANCIELE COLLOVINI TAVARES<\/strong><\/p>\n<p>&nbsp;<\/p>\n<p>AS SOANTES PALATAIS DO PORTUGU\u00caS NA DIACRONIA E NA AQUISI\u00c7\u00c3O DA LINGUAGEM ESCRITA<\/p>\n<p>Orientadora: Ana Ruth Moresco Miranda<\/p>\n<p>&nbsp;<\/p>\n<p>&nbsp;<\/p>\n<p>&nbsp;<\/p>\n<p><strong>JEHNIFER PENNING<\/strong><\/p>\n<p>&nbsp;<\/p>\n<p>DI\u00c1RIO DA QUEDA: O TRAUMA E A MEM\u00d3RIA DA SEGUNDA GUERRA EM DISCUSS\u00c3O NA CONTEMPORANEIDADE<\/p>\n<p>&nbsp;<\/p>\n<p>Orientador: Prof. Dr. Helano Jader Cavalcante Ribeiro<\/p>\n<p>URI: http:\/\/guaiaca.ufpel.edu.br:8080\/handle\/prefix\/4472<\/p>\n<p>&nbsp;<\/p>\n<p>&nbsp;<\/p>\n<p>&nbsp;<\/p>\n<p><strong>JOSEANE MACIEL VIANA<\/strong><\/p>\n<p>&nbsp;<\/p>\n<p>ADAPTA\u00c7\u00c3O DO SHAPE CODING PARA O ENSINO DE L\u00cdNGUA PORTUGUESA PARA SURDOS DO SEXTO ANO DO ENSINO FUNDAMENTAL<\/p>\n<p>&nbsp;<\/p>\n<p>Orientadora: Profa. Dra. Tatiana Bolivar Lebedeff<\/p>\n<p>URI: http:\/\/guaiaca.ufpel.edu.br:8080\/handle\/prefix\/4478<\/p>\n<p>&nbsp;<\/p>\n<p>&nbsp;<\/p>\n<p><strong>LUANA DE CARVALHO KR\u00dcGER<\/strong><\/p>\n<p>&nbsp;<\/p>\n<p>O LIMIAR ENTRE O CORPO HUMANO E O CORPO ROB\u00d3TICO: TRANSUMANISMO E P\u00d3S-HUMANISMO NAS OBRAS DEUSES DE PEDRA, DE JEANETTE WINTERSON E ANDROIDES SONHAM COM OVELHAS EL\u00c9TRICAS?, DE PHILIP DICK<\/p>\n<p>&nbsp;<\/p>\n<p>Orientador: Prof. Dr. Eduardo Marks de Marques<\/p>\n<p>URI: http:\/\/guaiaca.ufpel.edu.br:8080\/handle\/prefix\/4479<\/p>\n<p>&nbsp;<\/p>\n<p>&nbsp;<\/p>\n<p>&nbsp;<\/p>\n<p><strong>MARIA AM\u00c1LIA CASSOL LIED<\/strong><\/p>\n<p>&nbsp;<\/p>\n<p>A POL\u00cdTICA E A ECONOMIA NA SOCIEDADE DIST\u00d3PICA DOS JOGOS VORAZES, DE SUZANNE COLLINS<\/p>\n<p>&nbsp;<\/p>\n<p>Orientador: Eduardo Marks de Marques<\/p>\n<p>URI: http:\/\/guaiaca.ufpel.edu.br:8080\/handle\/prefix\/4810<\/p>\n<p>&nbsp;<\/p>\n<p>&nbsp;<\/p>\n<p>&nbsp;<\/p>\n<p><strong>MARIA JOILMA FERREIRA DOS REIS<\/strong><\/p>\n<p>&nbsp;<\/p>\n<p>\u2018A ARTE QUE LIBERTA N\u00c3O PODE VIR DA M\u00c3O QUE ESCRAVIZA\u201d: ESCRITA RESISTENTE E DISCURSO CONTRA-HEGEM\u00d4NICO EM QUARTO DE DESPEJO, DE CAROLINA MARIA DE JESUS<\/p>\n<p>&nbsp;<\/p>\n<p>Orientador: Prof. Dr. Alfeu Sparemberger<\/p>\n<p>URI: http:\/\/guaiaca.ufpel.edu.br:8080\/handle\/prefix\/4811<\/p>\n<p>&nbsp;<\/p>\n<p>&nbsp;<\/p>\n<p>&nbsp;<\/p>\n<p><strong>M\u00c1RCIO AUR\u00c9LIO FRIEDRICH<\/strong><\/p>\n<p>Gloss\u00e1rio em Libras: uma Proposta de Terminologia Pedag\u00f3gica (Portugu\u00eas-Libras) no Curso de Administra\u00e7\u00e3o da UFPel<\/p>\n<p>&nbsp;<\/p>\n<p>Orientadora: Profa. Dra. Tatiana Bolivar Lebedeff<\/p>\n<p>URI: http:\/\/guaiaca.ufpel.edu.br:8080\/handle\/prefix\/4480<\/p>\n<p>&nbsp;<\/p>\n<p>&nbsp;<\/p>\n<p>&nbsp;<\/p>\n<p><strong>MARIANA M\u00dcLLER DE \u00c1VILA<\/strong><\/p>\n<p>&nbsp;<\/p>\n<p>A ESCRITA INICIAL DE CRIAN\u00c7AS BRASILEIRAS, MO\u00c7AMBICANAS E PORTUGUESAS: UM ESTUDO SOBRE A REPRESENTA\u00c7\u00c3O DA NASALIDADE FONOL\u00d3GICA<\/p>\n<p>&nbsp;<\/p>\n<p>Orientadora: Profa. Dra. Ana Ruth Moresco Miranda<\/p>\n<p>URI: http:\/\/guaiaca.ufpel.edu.br:8080\/handle\/prefix\/4812<\/p>\n<p>&nbsp;<\/p>\n<p>&nbsp;<\/p>\n<p>&nbsp;<\/p>\n<p>&nbsp;<\/p>\n<p><strong>MARIANE PEREIRA ROCHA<\/strong><\/p>\n<p>&nbsp;<\/p>\n<p>\u201cA MOLDURA DESTE RETRATO EM V\u00c3O PRENDE SUAS PERSONAGENS\u201d: FOTOGRAFIA, MEM\u00d3RIA E ESQUECIMENTO EM CARLOS DRUMMOND DE ANDRADE<\/p>\n<p>&nbsp;<\/p>\n<p>Orientador: Prof. Dr. Aulus Mandagar\u00e1 Martins<\/p>\n<p>URI: http:\/\/guaiaca.ufpel.edu.br:8080\/handle\/prefix\/4481<\/p>\n<p>&nbsp;<\/p>\n<p>&nbsp;<\/p>\n<p>&nbsp;<\/p>\n<p><strong>MAUR\u00cdCIO SIGNORINI DIAS<\/strong><\/p>\n<p>&nbsp;<\/p>\n<p>MEM\u00d3RIAS SOBRE TEMPOS DE REPRESS\u00c3O EM PERFORMANCES NARRATIVAS DE DOCENTES<\/p>\n<p>&nbsp;<\/p>\n<p>Orientadora: Profa. Dra. Let\u00edcia Fonseca Richthofen de Freitas<\/p>\n<p>URI: http:\/\/guaiaca.ufpel.edu.br:8080\/handle\/prefix\/4482<\/p>\n<p>&nbsp;<\/p>\n<p>&nbsp;<\/p>\n<p>&nbsp;<\/p>\n<p><strong>MAYARA ESPINDOLA LEMOS<\/strong><\/p>\n<p>&nbsp;<\/p>\n<p>O AGIR DO\/A REVISOR\/A DE TEXTOS SOB UMA PERSPECTIVA SOCIAL E INTERACIONISTA<\/p>\n<p>&nbsp;<\/p>\n<p>Orientadora: Profa. Dra. Cleide In\u00eas Wittke<\/p>\n<p>URI: http:\/\/guaiaca.ufpel.edu.br:8080\/handle\/prefix\/4813<\/p>\n<p>&nbsp;<\/p>\n<p>&nbsp;<\/p>\n<p>&nbsp;<\/p>\n<p><strong>PRISCILA COSTA MACHADO<\/strong><\/p>\n<p>&nbsp;<\/p>\n<p>A INFLU\u00caNCIA DOS ATRATORES NA PRODU\u00c7\u00c3O ORAL DE FALANTES BIL\u00cdNGUESNA PORTUGU\u00caS\/ESPANHOL E O FATOR FRONTEIRI\u00c7O: A TRANSFER\u00caNCIA EM FOCO<\/p>\n<p>&nbsp;<\/p>\n<p>Orientadora: Profa. Dra. Cintia Avila Blank<\/p>\n<p>URI: http:\/\/guaiaca.ufpel.edu.br:8080\/handle\/prefix\/4484<\/p>\n<p>&nbsp;<\/p>\n<p>&nbsp;<\/p>\n<p>&nbsp;<\/p>\n<p><strong>THAIS TELLES BARBIERI<\/strong><\/p>\n<p>&nbsp;<\/p>\n<p>AQUISI\u00c7\u00c3O DE ENCONTROS CONSONANTAIS COM TAP NO PORTUGU\u00caS BRASILEIRO: AN\u00c1LISES AC\u00daSTICA E ARTICULAT\u00d3RIA<\/p>\n<p>&nbsp;<\/p>\n<p>Orientadora: Profa. Dra. Giovana Ferreira Gon\u00e7alves<\/p>\n<p>URI: http:\/\/guaiaca.ufpel.edu.br:8080\/handle\/prefix\/4485<\/p>\n<p>&nbsp;<\/p>\n<p>&nbsp;<\/p>\n<p>&nbsp;<\/p>\n<p><strong>SANTIAGO BRETANHA FREITAS<\/strong><\/p>\n<p>&nbsp;<\/p>\n<p>IMAGIN\u00c1RIOS DE TRABALHO NA EMERG\u00caNCIA DO CAPITALISMO: DISCURSO POL\u00cdTICO ENDERE\u00c7ADO AOS TRABALHADORES BRASILEIROS (1937\/1945)<\/p>\n<p>&nbsp;<\/p>\n<p>Orientadora: Profa. Dra. Aracy Gra\u00e7a Ernst<\/p>\n<p>URI: http:\/\/guaiaca.ufpel.edu.br:8080\/handle\/prefix\/7493<\/p>\n<p>&nbsp;<\/p>\n<p>&nbsp;<\/p>\n<p>&nbsp;<\/p>\n<p><strong>VIRG\u00cdNIA BARBOSA LUCENA CAETANO<\/strong><\/p>\n<p>&nbsp;<\/p>\n<p>N\u00c3O TEM CABIMENTO: CORPO E SUBJETIVIDADE NO DISCURSO DE SUJEITOS GORDOS<\/p>\n<p>&nbsp;<\/p>\n<p>Orientadora: Profa. Dra. Luciana Iost Vinhas<\/p>\n<p>URI: http:\/\/guaiaca.ufpel.edu.br:8080\/handle\/prefix\/4486<\/p>\n<p>&nbsp;<\/p>\n","protected":false},"excerpt":{"rendered":"<p>ALINE ROSINSKI VIEIRA &nbsp; A PRODU\u00c7\u00c3O DA LATERAL P\u00d3S-VOC\u00c1LICA EM UMA COMUNIDADE BIL\u00cdNGUE: ASPECTOS DO PORTUGU\u00caS SOB A INFLU\u00caNCIA DO POLON\u00caS COMO L\u00cdNGUA DE IMIGRA\u00c7\u00c3O &nbsp; Orientadora: Profa. Dr. Giovana Ferreira-Gon\u00e7alves URI: http:\/\/guaiaca.ufpel.edu.br:8080\/handle\/prefix\/4469 &nbsp; &nbsp; ANA PAULA ROESLER LEGG &nbsp; O PAPEL DA COMPET\u00caNCIA SIMB\u00d3LICA NO PROCESSO DE INTERNACIONALIZA\u00c7\u00c3O DA EDUCA\u00c7\u00c3O SUPERIOR BRASILEIRA; FRONTEIRAS LINGU\u00cdSTICAS [&hellip;]<\/p>\n","protected":false},"author":253,"featured_media":0,"parent":397,"menu_order":0,"comment_status":"closed","ping_status":"closed","template":"","meta":{"jetpack_post_was_ever_published":false,"footnotes":""},"class_list":["post-5532","page","type-page","status-publish","hentry"],"jetpack_sharing_enabled":true,"jetpack_shortlink":"https:\/\/wp.me\/P8vD3Q-1re","_links":{"self":[{"href":"https:\/\/wp.ufpel.edu.br\/ppgl\/wp-json\/wp\/v2\/pages\/5532","targetHints":{"allow":["GET"]}}],"collection":[{"href":"https:\/\/wp.ufpel.edu.br\/ppgl\/wp-json\/wp\/v2\/pages"}],"about":[{"href":"https:\/\/wp.ufpel.edu.br\/ppgl\/wp-json\/wp\/v2\/types\/page"}],"author":[{"embeddable":true,"href":"https:\/\/wp.ufpel.edu.br\/ppgl\/wp-json\/wp\/v2\/users\/253"}],"replies":[{"embeddable":true,"href":"https:\/\/wp.ufpel.edu.br\/ppgl\/wp-json\/wp\/v2\/comments?post=5532"}],"version-history":[{"count":1,"href":"https:\/\/wp.ufpel.edu.br\/ppgl\/wp-json\/wp\/v2\/pages\/5532\/revisions"}],"predecessor-version":[{"id":5534,"href":"https:\/\/wp.ufpel.edu.br\/ppgl\/wp-json\/wp\/v2\/pages\/5532\/revisions\/5534"}],"up":[{"embeddable":true,"href":"https:\/\/wp.ufpel.edu.br\/ppgl\/wp-json\/wp\/v2\/pages\/397"}],"wp:attachment":[{"href":"https:\/\/wp.ufpel.edu.br\/ppgl\/wp-json\/wp\/v2\/media?parent=5532"}],"curies":[{"name":"wp","href":"https:\/\/api.w.org\/{rel}","templated":true}]}}