{"id":5449,"date":"2022-03-15T07:15:28","date_gmt":"2022-03-15T10:15:28","guid":{"rendered":"https:\/\/wp.ufpel.edu.br\/ppgl\/?page_id=5449"},"modified":"2022-03-15T07:15:28","modified_gmt":"2022-03-15T10:15:28","slug":"2020-2","status":"publish","type":"page","link":"https:\/\/wp.ufpel.edu.br\/ppgl\/trabalhos-defendidos\/dissertacoes\/2020-2\/","title":{"rendered":"2020"},"content":{"rendered":"<p><strong>ANTONELLA ROMINA SAVIA VIDALES<\/strong><\/p>\n<p>A ESCUTA DA VOZ FEMININA NOS POEMAS DE STORNI: UMA PROPOSTA DE TRADU\u00c7\u00c3O<\/p>\n<p>Orientadora: Profa. Dra. Daiane Neumann<\/p>\n<p>Coorientadora: Profa. Dra. Andrea Cristiane Kahmann<\/p>\n<p>URI: <a href=\"http:\/\/guaiaca.ufpel.edu.br:8080\/handle\/prefix\/7436\">http:\/\/guaiaca.ufpel.edu.br:8080\/handle\/prefix\/7436<\/a><\/p>\n<p>&nbsp;<\/p>\n<p><strong>ANNA J\u00daLIA KARINI MARTINS<\/strong><\/p>\n<p>IDEOLOGIAS LINGU\u00cdSTICAS: PERSPECTIVAS DE PROFESSORES E ALUNOS SOBRE A RELA\u00c7\u00c3O L\u00cdNGUA-CULTURA NA AULA DE L\u00cdNGUA ESTRANGEIRA<\/p>\n<p>Orientadora: Profa. Dra. Isabella Ferreira Mozzillo<\/p>\n<p>Coorientador: Prof. Dr. Bernardo Kolling Limberger<\/p>\n<p>URI: <a href=\"http:\/\/guaiaca.ufpel.edu.br:8080\/handle\/prefix\/7435\">http:\/\/guaiaca.ufpel.edu.br:8080\/handle\/prefix\/7435<\/a><\/p>\n<p>&nbsp;<\/p>\n<p><strong>AROLDO GARCIA DOS ANJOS<\/strong><\/p>\n<p>LAVRAR A N\u00c9VOA: O TEMPO EM <em>SATOLEP<\/em>, DE VITOR RAMIL<\/p>\n<p>Orientadora: Profa. Dra. Daiane Neumann<\/p>\n<p>URI: <a href=\"http:\/\/guaiaca.ufpel.edu.br:8080\/handle\/prefix\/7447\">http:\/\/guaiaca.ufpel.edu.br:8080\/handle\/prefix\/7447<\/a><\/p>\n<p>&nbsp;<\/p>\n<p>&nbsp;<\/p>\n<p><strong>BRUNA VIT\u00d3RIA TEJADA<\/strong><\/p>\n<p>G\u00caNERO, RISO E VIOL\u00caNCIA: UM OLHAR DISCURSIVO PARA O HUMOR DE DANILO GENTILI<\/p>\n<p>Orientadora: Profa. Dr. Luciana Iost Vinhas<\/p>\n<p>URI: <a href=\"http:\/\/guaiaca.ufpel.edu.br:8080\/handle\/prefix\/7448\">http:\/\/guaiaca.ufpel.edu.br:8080\/handle\/prefix\/7448<\/a><\/p>\n<p>&nbsp;<\/p>\n<p><strong>CARIM LUCIANE DA SILVA RODRIGUES<\/strong><\/p>\n<p>ORYX E CRAKE: A NATURALIZA\u00c7\u00c3O DOS ESPA\u00c7OS DIST\u00d3PICOS PELO CAPITALISMO<\/p>\n<p>Orientador: Prof. Dr. Eduardo Marks de Marques<\/p>\n<p>URI: <a href=\"http:\/\/guaiaca.ufpel.edu.br:8080\/handle\/prefix\/7449\">http:\/\/guaiaca.ufpel.edu.br:8080\/handle\/prefix\/7449<\/a><\/p>\n<p>&nbsp;<\/p>\n<p><strong>EDUARDO LOPES CHAGAS<\/strong><\/p>\n<p>DISCUTINDO A NA\u00c7\u00c3O: MITOS FUNDADORES, MEM\u00d3RIA E HIST\u00d3RIA EM <em>VIVA O POVO <\/em>BRASILEIRO, DE JO\u00c3O UBALDO RIBEIRO<\/p>\n<p>Orientador: Prof. Dr. Alfeu Sparemberger<\/p>\n<p>URI: <a href=\"http:\/\/guaiaca.ufpel.edu.br:8080\/handle\/prefix\/7450\">http:\/\/guaiaca.ufpel.edu.br:8080\/handle\/prefix\/7450<\/a><\/p>\n<p>&nbsp;<\/p>\n<p><strong>GABRIELA DE MELLO SILVA<\/strong><\/p>\n<p>A DISPUTA DISCURSIVA PELA NARRATIVA DO GOLPE MILITAR DE 1964 NO TWITTER<\/p>\n<p>Orientadora: Profa. Dra. Raquel da Cunha Recuero<\/p>\n<p>URI: <a href=\"http:\/\/guaiaca.ufpel.edu.br:8080\/handle\/prefix\/7451\">http:\/\/guaiaca.ufpel.edu.br:8080\/handle\/prefix\/7451<\/a><\/p>\n<p>&nbsp;<\/p>\n<p><strong>GLENDA LIMA DE LIMA<\/strong><\/p>\n<p>\u201cO MENINO SUSPENSO NA MEM\u00d3RIA\u201d: A INF\u00c2NCIA NA POESIA DE DRUMMOND<\/p>\n<p>Orientador: Prof. Dr. Aulus Mandagar\u00e1 Martins<\/p>\n<p>URI: <a href=\"http:\/\/guaiaca.ufpel.edu.br:8080\/handle\/prefix\/7452\">http:\/\/guaiaca.ufpel.edu.br:8080\/handle\/prefix\/7452<\/a><\/p>\n<p>&nbsp;<\/p>\n<p>&nbsp;<\/p>\n<p><strong>GRACIELE DE PAULA SANTOS CORDEIRO<\/strong><\/p>\n<p>INVESTIGANDO ESTRAT\u00c9GIAS DE TRADU\u00c7\u00c3O DO JAPON\u00caS: UM ESTUDO DE LEGENDAS OFICIAIS E AMADORAS DO ANIM\u00ca <em>ONE PIECE<\/em><\/p>\n<p>Orientador: Prof. Dr. Bernardo Kolling Limberger<\/p>\n<p>URI: <a href=\"http:\/\/guaiaca.ufpel.edu.br:8080\/handle\/prefix\/7455\">http:\/\/guaiaca.ufpel.edu.br:8080\/handle\/prefix\/7455<\/a><\/p>\n<p>&nbsp;<\/p>\n<p><strong>ISABELA BRITO OLIVEIRA<\/strong><\/p>\n<p>OS DIAS ANTIGOS DA TERRA-M\u00c9DIA: B\u00cdBLIA E MITOLOGIAS EM O SILMARILLION, DE J. R. R. TOLKIEN<\/p>\n<p>Orientador: Prof. Dr. Eduardo Marks de Marques<\/p>\n<p>URI: <a href=\"http:\/\/guaiaca.ufpel.edu.br:8080\/handle\/prefix\/7456\">http:\/\/guaiaca.ufpel.edu.br:8080\/handle\/prefix\/7456<\/a><\/p>\n<p>&nbsp;<\/p>\n<p><strong>JESS\u00c9 CARVALHO LEBKUCHEN<\/strong><\/p>\n<p>CORPOS (IN) VIS\u00cdVEIS: A EXPERI\u00caNCIA DA INVISIBILIDADE SOCIAL DO CORPO ABJETO EM <em>ENQUANTO OS DENTES,<\/em> DE CARLOS EDUARDO PEREIRA<\/p>\n<p>Orientador: Prof. Dr. Alfeu Sparemberger<\/p>\n<p>URI: <a href=\"http:\/\/guaiaca.ufpel.edu.br:8080\/handle\/prefix\/7457\">http:\/\/guaiaca.ufpel.edu.br:8080\/handle\/prefix\/7457<\/a><\/p>\n<p>&nbsp;<\/p>\n<p><strong>LISSA PACHALSKI<\/strong><\/p>\n<p>A GRAFIA DE S\u00cdLABAS COMPLEXAS NA AQUISI\u00c7\u00c3O DA ESCRITA: RELA\u00c7\u00d5ES ENTRE FONOLOGIA E ORTOGRAFIA<\/p>\n<p>Orientadora: Profa. Dra. Ana Ruth Moresco Miranda<\/p>\n<p>URI: <a href=\"http:\/\/guaiaca.ufpel.edu.br:8080\/handle\/prefix\/7458\">http:\/\/guaiaca.ufpel.edu.br:8080\/handle\/prefix\/7458<\/a><\/p>\n<p>&nbsp;<\/p>\n<p><strong>LUISA DA SILVA HIDALGO<\/strong><\/p>\n<p>POR QUE ESPANHOL? O IMAGIN\u00c1RIO DE L\u00cdNGUA ESPANHOLA NO DISCURSO DE ALUNOS E PROFESSORES DE PELOTAS-RS E DE JAGUAR\u00c3O-RS<\/p>\n<p>Orientadora: Profa. Dra. Luciana Iost Vinhas<\/p>\n<p>URI: <a href=\"http:\/\/guaiaca.ufpel.edu.br:8080\/handle\/prefix\/7459\">http:\/\/guaiaca.ufpel.edu.br:8080\/handle\/prefix\/7459<\/a><\/p>\n<p>&nbsp;<\/p>\n<p>&nbsp;<\/p>\n<p><strong>MARIANA WASKOW RAD\u00dcNZ<\/strong><\/p>\n<p>IRM\u00c3O \u00c0 SOMBRA: UMA POSSIBILIDADE DE EXIST\u00caNCIA POR MEIO DA RECORDA\u00c7\u00c3O EM <em>\u00c0 SOMBRA DO MEU IRM\u00c3O<\/em>, DE UWE TIMM, E <em>SOB OS P\u00c9S, MEU CORPO INTEIRO<\/em>, DE M\u00c1RCIA TIBURI<\/p>\n<p>Orientadora: Profa. Dra. Danieli Gallindo Gon\u00e7alves<\/p>\n<p>URI: http:\/\/guaiaca.ufpel.edu.br:8080\/handle\/prefix\/7666<\/p>\n<p>&nbsp;<\/p>\n<p>&nbsp;<\/p>\n<p><strong>MILENA ALVES BORBA<\/strong><\/p>\n<p>A PROFANA\u00c7\u00c3O DE MACHADO DE ASSIS NAS BIOFIC\u00c7\u00d5ES BRASILEIRAS<\/p>\n<p>Orientador: Prof. Dr. Alfeu Sparemberger<\/p>\n<p>URI: <a href=\"http:\/\/guaiaca.ufpel.edu.br:8080\/handle\/prefix\/7492\">http:\/\/guaiaca.ufpel.edu.br:8080\/handle\/prefix\/7492<\/a><\/p>\n<p>&nbsp;<\/p>\n<p>&nbsp;<\/p>\n<p><strong>VAL\u00c9RIA CASTRO NUNES<\/strong><\/p>\n<p>A CONSTITUI\u00c7\u00c3O DE SUBJETIVIDADES EM MEIO A CONTEXTOS DISCURSIVOS NORMALIZADORES: SER, ESTAR E EXISTIR COMO INDIV\u00cdDUO NEURODIVERGENTE<\/p>\n<p>Orientadora: Profa. Dra. Let\u00edcia Fonseca Richthofen de Freitas<\/p>\n<p>Coorientadora: Profa. Dra. Tatiana Bol\u00edvar Lebedeff<\/p>\n<p>URI: <a href=\"http:\/\/guaiaca.ufpel.edu.br:8080\/handle\/prefix\/7460\">http:\/\/guaiaca.ufpel.edu.br:8080\/handle\/prefix\/7460<\/a><\/p>\n<p>&nbsp;<\/p>\n<p>&nbsp;<\/p>\n<p><strong>WENDEL WICKBOLDT BUCHWEITZ<\/strong><\/p>\n<p>SOB O OLHO D\u2019ELE (S): GILEAD E O LEGADO DAS VOZES FEMININAS EM <em>O CONTO DA AIA<\/em> E <em>OS TESTAMENTOS, <\/em>DE MARGARET ATWOOD<\/p>\n<p>Orientador: Prof. Dr. Eduardo Marks de Marques<\/p>\n<p>URI: <a href=\"http:\/\/guaiaca.ufpel.edu.br:8080\/handle\/prefix\/7461\">http:\/\/guaiaca.ufpel.edu.br:8080\/handle\/prefix\/7461<\/a><\/p>\n<p>&nbsp;<\/p>\n<p>&nbsp;<\/p>\n<p>&nbsp;<\/p>\n<p>&nbsp;<\/p>\n<p>&nbsp;<\/p>\n<p>&nbsp;<\/p>\n<p>&nbsp;<\/p>\n<p>&nbsp;<\/p>\n<p>&nbsp;<\/p>\n<p>&nbsp;<\/p>\n<p>&nbsp;<\/p>\n<p>&nbsp;<\/p>\n<p>&nbsp;<\/p>\n<p>&nbsp;<\/p>\n","protected":false},"excerpt":{"rendered":"<p>ANTONELLA ROMINA SAVIA VIDALES A ESCUTA DA VOZ FEMININA NOS POEMAS DE STORNI: UMA PROPOSTA DE TRADU\u00c7\u00c3O Orientadora: Profa. Dra. Daiane Neumann Coorientadora: Profa. Dra. Andrea Cristiane Kahmann URI: http:\/\/guaiaca.ufpel.edu.br:8080\/handle\/prefix\/7436 &nbsp; ANNA J\u00daLIA KARINI MARTINS IDEOLOGIAS LINGU\u00cdSTICAS: PERSPECTIVAS DE PROFESSORES E ALUNOS SOBRE A RELA\u00c7\u00c3O L\u00cdNGUA-CULTURA NA AULA DE L\u00cdNGUA ESTRANGEIRA Orientadora: Profa. Dra. Isabella [&hellip;]<\/p>\n","protected":false},"author":253,"featured_media":0,"parent":397,"menu_order":0,"comment_status":"closed","ping_status":"closed","template":"","meta":{"jetpack_post_was_ever_published":false,"footnotes":""},"class_list":["post-5449","page","type-page","status-publish","hentry"],"jetpack_sharing_enabled":true,"jetpack_shortlink":"https:\/\/wp.me\/P8vD3Q-1pT","_links":{"self":[{"href":"https:\/\/wp.ufpel.edu.br\/ppgl\/wp-json\/wp\/v2\/pages\/5449","targetHints":{"allow":["GET"]}}],"collection":[{"href":"https:\/\/wp.ufpel.edu.br\/ppgl\/wp-json\/wp\/v2\/pages"}],"about":[{"href":"https:\/\/wp.ufpel.edu.br\/ppgl\/wp-json\/wp\/v2\/types\/page"}],"author":[{"embeddable":true,"href":"https:\/\/wp.ufpel.edu.br\/ppgl\/wp-json\/wp\/v2\/users\/253"}],"replies":[{"embeddable":true,"href":"https:\/\/wp.ufpel.edu.br\/ppgl\/wp-json\/wp\/v2\/comments?post=5449"}],"version-history":[{"count":1,"href":"https:\/\/wp.ufpel.edu.br\/ppgl\/wp-json\/wp\/v2\/pages\/5449\/revisions"}],"predecessor-version":[{"id":5451,"href":"https:\/\/wp.ufpel.edu.br\/ppgl\/wp-json\/wp\/v2\/pages\/5449\/revisions\/5451"}],"up":[{"embeddable":true,"href":"https:\/\/wp.ufpel.edu.br\/ppgl\/wp-json\/wp\/v2\/pages\/397"}],"wp:attachment":[{"href":"https:\/\/wp.ufpel.edu.br\/ppgl\/wp-json\/wp\/v2\/media?parent=5449"}],"curies":[{"name":"wp","href":"https:\/\/api.w.org\/{rel}","templated":true}]}}