{"id":5398,"date":"2022-02-14T13:12:10","date_gmt":"2022-02-14T16:12:10","guid":{"rendered":"https:\/\/wp.ufpel.edu.br\/ppgl\/?page_id=5398"},"modified":"2022-02-14T13:12:10","modified_gmt":"2022-02-14T16:12:10","slug":"2020-2","status":"publish","type":"page","link":"https:\/\/wp.ufpel.edu.br\/ppgl\/trabalhos-defendidos\/teses\/2020-2\/","title":{"rendered":"2020"},"content":{"rendered":"<p><strong>IEDA LOURDES GOMES DE ASSUMP\u00c7\u00c3O<\/strong><\/p>\n<p>DID\u00c1TICA E IDENTIDADES: CORPOS EM MOVIMENTO DE<br \/>\nLICENCIADOS DE UM CURSO DE LETRAS<br \/>\nOrientadora: Profa. Dr. Let\u00edcia Fonseca Richthofen de Freitas<br \/>\nURI: http:\/\/guaiaca.ufpel.edu.br:8080\/handle\/prefix\/7462<\/p>\n<p>&nbsp;<\/p>\n<p><strong>LET\u00cdCIA RIBEIRO SCHINESTSCK<\/strong><\/p>\n<p>#BODYPOSITIVE, MAS NEM T\u00c3O \u201cPOSITIVE\u201d ASSIM: A<br \/>\nDISCURSIVIZA\u00c7\u00c3O DO CORPO NO INSTAGRAM<br \/>\nOrientadora: Profa. Dra. Raquel da Cunha Recuero<br \/>\nURI: http:\/\/guaiaca.ufpel.edu.br:8080\/handle\/prefix\/7463<\/p>\n<p>&nbsp;<\/p>\n<p><strong>LUCIANE BOTELHO MARTINS<\/strong><\/p>\n<p>MEM\u00d3RIA E RESIST\u00caNCIA: UM ESTUDO SOBRE O PR\u00c9-<br \/>\nCONSTRU\u00cdDO E O DISCURSO TRANSVERSO ATRAV\u00c9S DA<br \/>\nIRONIA EM MAFALDA<br \/>\nOrientadora: Profa. Dra. Aracy Gra\u00e7a Ernst<br \/>\nCoorientadora: Profa. Dra. Mar\u00eda Alejandra Vitale<br \/>\nURI: http:\/\/guaiaca.ufpel.edu.br:8080\/handle\/prefix\/6414<\/p>\n<p>&nbsp;<\/p>\n<p><strong>PATR\u00cdCIA MUSSI ESCOBAR IRIONDO OTERO<\/strong><\/p>\n<p>A PRODU\u00c7\u00c3O E A PERCEP\u00c7\u00c3O DE FORMAS ALOF\u00d4NICAS DE<br \/>\nCONSOANTES FRICATIVAS NO PROCESSO DE AQUISI\u00c7\u00c3O DO<br \/>\nESPANHOL POR FALANTES NATIVOS DO PORTUGU\u00caS<br \/>\nBRASILEIRO<br \/>\nOrientadora: Profa. Dra. Carmen L\u00facia Barreto Matzenauer<br \/>\nURI: http:\/\/guaiaca.ufpel.edu.br:8080\/handle\/prefix\/6416<\/p>\n","protected":false},"excerpt":{"rendered":"<p>IEDA LOURDES GOMES DE ASSUMP\u00c7\u00c3O DID\u00c1TICA E IDENTIDADES: CORPOS EM MOVIMENTO DE LICENCIADOS DE UM CURSO DE LETRAS Orientadora: Profa. Dr. Let\u00edcia Fonseca Richthofen de Freitas URI: http:\/\/guaiaca.ufpel.edu.br:8080\/handle\/prefix\/7462 &nbsp; LET\u00cdCIA RIBEIRO SCHINESTSCK #BODYPOSITIVE, MAS NEM T\u00c3O \u201cPOSITIVE\u201d ASSIM: A DISCURSIVIZA\u00c7\u00c3O DO CORPO NO INSTAGRAM Orientadora: Profa. Dra. Raquel da Cunha Recuero URI: http:\/\/guaiaca.ufpel.edu.br:8080\/handle\/prefix\/7463 &nbsp; LUCIANE [&hellip;]<\/p>\n","protected":false},"author":253,"featured_media":0,"parent":3090,"menu_order":0,"comment_status":"closed","ping_status":"closed","template":"","meta":{"jetpack_post_was_ever_published":false,"footnotes":""},"class_list":["post-5398","page","type-page","status-publish","hentry"],"jetpack_sharing_enabled":true,"jetpack_shortlink":"https:\/\/wp.me\/P8vD3Q-1p4","_links":{"self":[{"href":"https:\/\/wp.ufpel.edu.br\/ppgl\/wp-json\/wp\/v2\/pages\/5398","targetHints":{"allow":["GET"]}}],"collection":[{"href":"https:\/\/wp.ufpel.edu.br\/ppgl\/wp-json\/wp\/v2\/pages"}],"about":[{"href":"https:\/\/wp.ufpel.edu.br\/ppgl\/wp-json\/wp\/v2\/types\/page"}],"author":[{"embeddable":true,"href":"https:\/\/wp.ufpel.edu.br\/ppgl\/wp-json\/wp\/v2\/users\/253"}],"replies":[{"embeddable":true,"href":"https:\/\/wp.ufpel.edu.br\/ppgl\/wp-json\/wp\/v2\/comments?post=5398"}],"version-history":[{"count":1,"href":"https:\/\/wp.ufpel.edu.br\/ppgl\/wp-json\/wp\/v2\/pages\/5398\/revisions"}],"predecessor-version":[{"id":5400,"href":"https:\/\/wp.ufpel.edu.br\/ppgl\/wp-json\/wp\/v2\/pages\/5398\/revisions\/5400"}],"up":[{"embeddable":true,"href":"https:\/\/wp.ufpel.edu.br\/ppgl\/wp-json\/wp\/v2\/pages\/3090"}],"wp:attachment":[{"href":"https:\/\/wp.ufpel.edu.br\/ppgl\/wp-json\/wp\/v2\/media?parent=5398"}],"curies":[{"name":"wp","href":"https:\/\/api.w.org\/{rel}","templated":true}]}}