{"id":4430,"date":"2020-03-24T14:42:05","date_gmt":"2020-03-24T17:42:05","guid":{"rendered":"https:\/\/wp.ufpel.edu.br\/ppgl\/?page_id=4430"},"modified":"2020-03-24T14:42:05","modified_gmt":"2020-03-24T17:42:05","slug":"acquisition-variation-et-enseignement","status":"publish","type":"page","link":"https:\/\/wp.ufpel.edu.br\/ppgl\/fr\/domaine\/langage-texte-et-image\/acquisition-variation-et-enseignement\/","title":{"rendered":"Acquisition, variation et enseignement"},"content":{"rendered":"<h1><\/h1>\n<p><strong>Ana Ruth Moresco Miranda <\/strong><a href=\"mailto:anaruthmmiranda@gmail.com\">anaruthmmiranda@gmail.com<\/a><\/p>\n<p>Ligne : Acquisition, variation et enseignement<\/p>\n<p>Domaines d\u2019int\u00e9r\u00eat : acquisition de la phonologie, acquisition de l\u2019\u00e9criture, acquisition du langage, phonologie et enseignement de langue maternelle.<\/p>\n<p>Projets en cours : Donn\u00e9es sur l\u2019acquisition d\u2019\u00e9criture : orthographe et phonologie ; Observatoire de l\u2019\u00e9ducation : Pacte National pour l\u2019Alphab\u00e9tisation au Bon \u00c2ge : Poursuite de la formation des enseignants et am\u00e9lioration des taux de lecture et d\u2019\u00e9criture au cours du cycle initial d\u2019alphab\u00e9tisation (1\u00e8re \u00e0 3e ann\u00e9e de l\u2019\u00e9cole primaire).<\/p>\n<p>&nbsp;<\/p>\n<p><a href=\"http:\/\/lattes.cnpq.br\/5342617922616660\">CV Lattes<\/a><\/p>\n<p>&nbsp;<\/p>\n<p>&nbsp;<\/p>\n<p><strong>Bernardo Kolling<\/strong>\u00a0 Limberger<a href=\"https:\/\/wp.ufpel.edu.br\/ppgl\/docentes\/estudos-da-linguagem\/limberger.bernardo@gmail.com\"> limberger.bernardo@gmail.com<\/a><\/p>\n<p>Ligne : Acquisition, variation et enseignement<\/p>\n<p>Domaines d\u2019int\u00e9r\u00eat : Psycholinguistique, bilinguisme\/multilinguisme, dialectologie et sciences de la lecture.<\/p>\n<p>Projet en cours : La comp\u00e9tence de lecture et le cerveau du bilingue parlant de hunsr\u00fcckish : une \u00e9tude multidisciplinaire ;\u00a0\u00a0Traitement de lecture en langues minoritaires et suppl\u00e9mentaires.<\/p>\n<p>&nbsp;<\/p>\n<p><a href=\"http:\/\/lattes.cnpq.br\/4045334825113050\">CV Lattes<\/a><\/p>\n<p>&nbsp;<\/p>\n<p>&nbsp;<\/p>\n<p><strong>Carmen Barreto Matzenauer<\/strong> \u00a0<a href=\"https:\/\/wp.ufpel.edu.br\/ppgl\/docentes\/estudos-da-linguagem\/carmen.matzenauer@gmail.com\">carmen.matzenauer@gmail.com<\/a><\/p>\n<p>Ligne : Acquisition, variation et enseignement<\/p>\n<p>Domaines d\u2019int\u00e9r\u00eat: Acquisition de phonologie, Phonologie clinique, Variation phonologique, phonologie du portugais, Comparaison entre les syst\u00e8mes phonologiques, Th\u00e9orie phonologique.<\/p>\n<p>Projet en cours : Phonologie dans l\u2019acquisition du langage &#8211; Production et perception.<\/p>\n<p>&nbsp;<\/p>\n<p><a href=\"http:\/\/lattes.cnpq.br\/8424037117639177\">CV Lattes<\/a><\/p>\n<p>&nbsp;<\/p>\n<p>&nbsp;<\/p>\n<p><strong>Giovana Ferreira-Gon\u00e7alves <\/strong><a href=\"mailto:giovanaferreiragoncalves@gmail.com\">giovanaferreiragoncalves@gmail.com<\/a><\/p>\n<p>Ligne : Acquisition, variation et enseignement<\/p>\n<p>Domaines d\u2019int\u00e9r\u00eat : Th\u00e9orie et analyse linguistique et acquisition phonologique<\/p>\n<p>Projets en cours : Ultrasons appliqu\u00e9s \u00e0 l\u2019enseignement des langues ; Acquisition de la phonologie &#8211; \u00e9mergence de gestes articulatoires en tant qu\u2019unit\u00e9s de repr\u00e9sentation.<\/p>\n<p>&nbsp;<\/p>\n<p><a href=\"http:\/\/lattes.cnpq.br\/1966228513900929\">CV Lattes<\/a><\/p>\n<p>&nbsp;<\/p>\n<p>&nbsp;<\/p>\n<p><strong>Isabella Ferreira Mozzillo <\/strong>\u00a0<a href=\"mailto:isabellamozzillo@gmail.com\">isabellamozzillo@gmail.com<\/a><\/p>\n<p>Ligne : Acquisition, variation et enseignement<\/p>\n<p>Domaines d\u2019int\u00e9r\u00eat : bilinguisme, contact linguistique, enseignement et apprentissage du fran\u00e7ais, formation et perfectionnement des professionnels des langues \u00e9trang\u00e8res.<\/p>\n<p>Projet en cours : Ph\u00e9nom\u00e8nes et contextes de contact linguistique.<\/p>\n<p>&nbsp;<\/p>\n<p><a href=\"http:\/\/lattes.cnpq.br\/9812747786053690\">CV Lattes<\/a><\/p>\n<p>&nbsp;<\/p>\n<p>&nbsp;<\/p>\n<p><strong>Leticia Fonseca Richthofen de Freitas <\/strong><a href=\"mailto:letirfreitas@gmail.com\">letirfreitas@gmail.com<\/a><\/p>\n<p>Ligne : Acquisition, variation et enseignement<\/p>\n<p>Domaines d\u2019int\u00e9r\u00eat : performances narratives, processus de constitution identitaire, p\u00e9dagogies culturelles, id\u00e9ologies linguistiques.<\/p>\n<p>Projet en cours : Langue, genre et pouvoir dans des r\u00e9cits de professeur.e.s et d\u2019\u00e9tudiant.e.s.<\/p>\n<p>&nbsp;<\/p>\n<p><a href=\"http:\/\/lattes.cnpq.br\/9914415339003085\">CV Lattes<\/a><\/p>\n<p>&nbsp;<\/p>\n<p>&nbsp;<\/p>\n<p><strong>Mirian Rose Brum-de-Paula <\/strong><a href=\"mailto:brumdepaula@yahoo.fr\">brumdepaula@yahoo.fr<\/a><\/p>\n<p>Ligne : Variation d\u2019acquisition et enseignement<\/p>\n<p>Domaines d\u2019int\u00e9r\u00eat : acquisition phonologique, acquisition de temporalit\u00e9 morphologique, cat\u00e9gorisation et cognition.<\/p>\n<p>Projet en cours : Dynamique des mouvements articulatoires : motifs de voyelles et consonnes liquides du portugais br\u00e9silien.<\/p>\n<p>&nbsp;<\/p>\n<p><a href=\"http:\/\/lattes.cnpq.br\/8713626789041848\">CV Lattes<\/a><\/p>\n<p>&nbsp;<\/p>\n<p>&nbsp;<\/p>\n<p><strong>Rafael Vetromille-Castro<\/strong> <a href=\"mailto:vetromillecastro@gmail.com\">vetromillecastro@gmail.com<\/a><\/p>\n<p>Ligne : Acquisition, variation et enseignement<\/p>\n<p>Domaines d\u2019int\u00e9r\u00eat : Linguistique appliqu\u00e9e et complexit\u00e9 \u00e0 l\u2019intersection avec la formation des enseignants, l\u2019enseignement\/apprentissage des langues et Computer-Assisted Language Learning (CALL).<\/p>\n<p>Projet en cours : Langues \u00e9trang\u00e8res : perspectives \u00e9mergentes en mati\u00e8re d\u2019apprentissage des langues, de d\u00e9veloppement des mat\u00e9riels et de formation des enseignants.<\/p>\n<p>&nbsp;<\/p>\n<p><a href=\"http:\/\/lattes.cnpq.br\/3640307400529210\">CV Lattes<\/a><\/p>\n<p>&nbsp;<\/p>\n<p>&nbsp;<\/p>\n<p><strong>Roberta Rego Rodrigues <\/strong><a href=\"mailto:betareseau@gmail.com\">betareseau@gmail.com<\/a><\/p>\n<p>Ligne : Acquisition, variation et enseignement<\/p>\n<p>Domaines d\u2019int\u00e9r\u00eat : stylistique de la traduction bas\u00e9e sur corpus et linguistique syst\u00e9mique-fonctionnelle.<\/p>\n<p>Projet en cours : Th\u00e9orie et pratique en traduction pour les traducteurs en formation.<\/p>\n<p>&nbsp;<\/p>\n<p><a href=\"http:\/\/lattes.cnpq.br\/6281175549996840\">CV Lattes<\/a><\/p>\n<p>&nbsp;<\/p>\n<p>&nbsp;<\/p>\n<p><strong>Tatiana Bolivar Lebedeff<\/strong> tblebedeff@gmail.com<\/p>\n<p>Ligne : Acquisition, variation et enseignement<\/p>\n<p>Domaines d\u2019int\u00e9r\u00eat :<\/p>\n<p>Projets en cours : Productions Culturelles Sourdes dans le contexte de l\u2019\u00e9ducation bilingue; Approche communicative, apprentissage d\u2019objets pour l\u2019enseignement des langues et place de la culture dans l\u2019enseignement des langues des signes.<\/p>\n<p>&nbsp;<\/p>\n<p><a href=\"http:\/\/lattes.cnpq.br\/0081286250806899\">CV Lattes<\/a><\/p>\n<p>&nbsp;<\/p>\n<p>&nbsp;<\/p>\n<p><strong>Vilson Jos\u00e9 Leffa<\/strong> <a href=\"https:\/\/wp.ufpel.edu.br\/ppgl\/docentes\/estudos-da-linguagem\/leffav@gmail.com\">leffav@gmail.com<\/a><\/p>\n<p>Ligne : Acquisition, variation et enseignement<\/p>\n<p>Domaines d\u2019int\u00e9r\u00eat : enseignement des langues, alphab\u00e9tisation num\u00e9rique, p\u00e9dagogie critique.<\/p>\n<p>Projet en cours : Design Adapt\u00e9 pour l\u2019Enseignement des Langues En Ligne <a href=\"http:\/\/www.elo.pro.br\/cloud\/\">http:\/\/www.elo.pro.br\/cloud\/<\/a><\/p>\n<p>&nbsp;<\/p>\n<p><a href=\"http:\/\/lattes.cnpq.br\/7239316228662609\">CV Lattes<\/a><\/p>\n<p>&nbsp;<\/p>\n","protected":false},"excerpt":{"rendered":"<p>Ana Ruth Moresco Miranda anaruthmmiranda@gmail.com Ligne : Acquisition, variation et enseignement Domaines d\u2019int\u00e9r\u00eat : acquisition de la phonologie, acquisition de l\u2019\u00e9criture, acquisition du langage, phonologie et enseignement de langue maternelle. Projets en cours : Donn\u00e9es sur l\u2019acquisition d\u2019\u00e9criture : orthographe et phonologie ; Observatoire de l\u2019\u00e9ducation : Pacte National pour l\u2019Alphab\u00e9tisation au Bon \u00c2ge : [&hellip;]<\/p>\n","protected":false},"author":253,"featured_media":0,"parent":4418,"menu_order":0,"comment_status":"closed","ping_status":"closed","template":"","meta":{"jetpack_post_was_ever_published":false,"footnotes":""},"class_list":["post-4430","page","type-page","status-publish","hentry"],"jetpack_sharing_enabled":true,"jetpack_shortlink":"https:\/\/wp.me\/P8vD3Q-19s","_links":{"self":[{"href":"https:\/\/wp.ufpel.edu.br\/ppgl\/wp-json\/wp\/v2\/pages\/4430","targetHints":{"allow":["GET"]}}],"collection":[{"href":"https:\/\/wp.ufpel.edu.br\/ppgl\/wp-json\/wp\/v2\/pages"}],"about":[{"href":"https:\/\/wp.ufpel.edu.br\/ppgl\/wp-json\/wp\/v2\/types\/page"}],"author":[{"embeddable":true,"href":"https:\/\/wp.ufpel.edu.br\/ppgl\/wp-json\/wp\/v2\/users\/253"}],"replies":[{"embeddable":true,"href":"https:\/\/wp.ufpel.edu.br\/ppgl\/wp-json\/wp\/v2\/comments?post=4430"}],"version-history":[{"count":1,"href":"https:\/\/wp.ufpel.edu.br\/ppgl\/wp-json\/wp\/v2\/pages\/4430\/revisions"}],"predecessor-version":[{"id":4432,"href":"https:\/\/wp.ufpel.edu.br\/ppgl\/wp-json\/wp\/v2\/pages\/4430\/revisions\/4432"}],"up":[{"embeddable":true,"href":"https:\/\/wp.ufpel.edu.br\/ppgl\/wp-json\/wp\/v2\/pages\/4418"}],"wp:attachment":[{"href":"https:\/\/wp.ufpel.edu.br\/ppgl\/wp-json\/wp\/v2\/media?parent=4430"}],"curies":[{"name":"wp","href":"https:\/\/api.w.org\/{rel}","templated":true}]}}