{"id":4413,"date":"2020-03-24T13:31:48","date_gmt":"2020-03-24T16:31:48","guid":{"rendered":"https:\/\/wp.ufpel.edu.br\/ppgl\/?page_id=4413"},"modified":"2020-03-24T13:31:48","modified_gmt":"2020-03-24T16:31:48","slug":"doctorat","status":"publish","type":"page","link":"https:\/\/wp.ufpel.edu.br\/ppgl\/fr\/admission\/doctorat\/","title":{"rendered":"Doctorat"},"content":{"rendered":"<p>Il existe deux modalit\u00e9s d\u2019admission au PPG Letras UFPel, en tant qu\u2019\u00e9tudiant sp\u00e9cial et en tant qu\u2019\u00e9tudiant r\u00e9gulier du Programme.<\/p>\n<p>&nbsp;<\/p>\n<ul>\n<li>Admission en tant qu\u2019\u00e9tudiant r\u00e9gulier<\/li>\n<\/ul>\n<p>Processus de s\u00e9lection des candidats int\u00e9ress\u00e9s \u00e0 se joindre au Programme \u00e0 titre d\u2019\u00e9tudiant r\u00e9gulier du cours.<\/p>\n<p>Ils peuvent s\u2019inscrire comme candidats, dipl\u00f4m\u00e9s en Lettres ou dans des domaines connexes, titulaires d\u2019un Master en Lettres ou dans des domaines connexes, avec l\u2019approbation du Comit\u00e9 de S\u00e9lection.<\/p>\n<p>L\u2019examen de s\u00e9lection au Programme se d\u00e9roulera en trois phases, sous la responsabilit\u00e9 du Comit\u00e9 de S\u00e9lection.<\/p>\n<p>&nbsp;<\/p>\n<p><strong>Premi\u00e8re phase<\/strong><\/p>\n<p>L\u2019\u00e9valuation de la version \u00e9crite du projet de th\u00e8se qui sera d\u00e9velopp\u00e9e dans le Doctorat. Le candidat doit obtenir une note minimale de 7,0. L\u2019\u00e9valuation est \u00e9liminatoire et sera effectu\u00e9e par un conseil sp\u00e9cifique d\u2019enseignants du Programme.<\/p>\n<p>Dans la premi\u00e8re phase, les crit\u00e8res d\u2019\u00e9valuation suivants seront pris en compte : pertinence et viabilit\u00e9 de la recherche propos\u00e9e (jusqu\u2019\u00e0 <strong>3,0<\/strong> points); revue de litt\u00e9rature (jusqu\u2019\u00e0 <strong>2,0<\/strong> points); objectifs et m\u00e9thodologie (jusqu\u2019\u00e0 <strong>2,0<\/strong> points); clart\u00e9 des id\u00e9es pr\u00e9sent\u00e9es (jusqu\u2019\u00e0 <strong>1,5<\/strong> point); aspects de correction et d\u2019ad\u00e9quation de l\u2019\u00e9criture (jusqu\u2019\u00e0 <strong>1,5<\/strong> point). La somme finale de tous les aspects sera un maximum de 10 points.<\/p>\n<p>&nbsp;<\/p>\n<p><strong>Deuxi\u00e8me phase<\/strong><\/p>\n<p>Dans la deuxi\u00e8me phase, l\u2019\u00e9valuation de la soutenance du projet de th\u00e8se qui sera d\u00e9velopp\u00e9e dans le Doctorat, devant un conseil d\u2019enseignants. Le candidat doit obtenir une note minimale de 7,0. L\u2019\u00e9valuation est \u00e9liminatoire et sera effectu\u00e9e par un conseil sp\u00e9cifique d\u2019enseignants du Programme.<\/p>\n<p>Dans la deuxi\u00e8me phase, les crit\u00e8res d\u2019\u00e9valuation suivants seront pris en consid\u00e9ration : pertinence et viabilit\u00e9 de la recherche propos\u00e9e (jusqu\u2019\u00e0 <strong>3,0<\/strong> points); revue de litt\u00e9rature (jusqu\u2019\u00e0 <strong>2,0<\/strong> points); objectifs et m\u00e9thodologie (jusqu\u2019\u00e0 <strong>2,0<\/strong> points); clart\u00e9 des id\u00e9es pr\u00e9sent\u00e9es (jusqu\u2019\u00e0 <strong>1,5<\/strong> point); aspects de correction et d\u2019ad\u00e9quation de l\u2019\u00e9criture (jusqu\u2019\u00e0 <strong>1,5<\/strong> point). La somme finale de tous les articles sera un maximum de 10 points.<\/p>\n<p>&nbsp;<\/p>\n<p><strong>Troisi\u00e8me phase<\/strong><\/p>\n<p>Dans la troisi\u00e8me phase, l\u2019\u00e9valuation du <em>curriculum vitae<\/em>, selon les crit\u00e8res \u00e9tablis dans le tableau de points <em>curriculum<\/em> v<em>itae<\/em>\u00a0 (Annexe <a href=\"https:\/\/wp.ufpel.edu.br\/ppgl\/files\/2018\/07\/Anexo_2_DOUTORADO.pdf\">2<\/a>) et d\u00e9taill\u00e9 dans le formulaire de preuve <em>Curriculum<\/em> <em>Vitae<\/em> (Annexe <a href=\"https:\/\/wp.ufpel.edu.br\/ppgl\/files\/2018\/07\/Anexo_1_DOUTORADO.pdf\">1<\/a>). Cette \u00e9tape est classificatoire.<\/p>\n<p>Dans l\u2019analyse du <em>curriculum vitae<\/em>: pour noter l\u2019analyse du curriculum, seront utilis\u00e9s les crit\u00e8res \u00e9nonc\u00e9s et d\u00e9taill\u00e9s \u00e0 l\u2019annexe 1, qui devra \u00eatre compl\u00e9t\u00e9 conform\u00e9ment \u00e0 l\u2019annexe 2 et tenir compte des activit\u00e9s suivantes :<\/p>\n<ol>\n<li>titres acad\u00e9miques;<\/li>\n<li>production technique-scientifique au cours des cinq derni\u00e8res ann\u00e9es;<\/li>\n<\/ol>\n<ul>\n<li>activit\u00e9s acad\u00e9miques et scientifiques au cours des cinq derni\u00e8res ann\u00e9es;<\/li>\n<\/ul>\n<ol>\n<li>exp\u00e9rience professionnelle dans le domaine au cours des cinq derni\u00e8res ann\u00e9es.<\/li>\n<li>Pour la classification:<\/li>\n<li>a) \u00c9valuation du projet de th\u00e8se \u2013 Valeur 3.5<\/li>\n<li>b) \u00c9valuation de la d\u00e9fense du projet de th\u00e8se &#8211; Valeur 3.5<\/li>\n<li>c) Analyse du <em>curriculum vitae<\/em> &#8211; Valeur 3.0<\/li>\n<li>d) La note finale sera le r\u00e9sultat de la somme: [(Valeur 3,5) projet de th\u00e8se &#8211; (Valeur 3.5) soutenance du projet de th\u00e8se (Valeur 3.0) analyse du <em>curriculum vitae<\/em>]<\/li>\n<\/ol>\n<p>Le nombre de postes vacants est divulgu\u00e9 par le Programme lors du lancement de chaque avis de s\u00e9lection, soit de vingt-cinq pourcent (25 %) des postes vacants r\u00e9serv\u00e9s aux noirs, quilombolas, indig\u00e8nes ou handicap\u00e9s.<\/p>\n<p>Au moment de l\u2019inscription, il ne faut pas avoir r\u00e9ussi \u00e0 un test de comp\u00e9tence linguistique, puisqu\u2019il peut \u00eatre pr\u00e9sent\u00e9 apr\u00e8s la premi\u00e8re ann\u00e9e du Programme. L\u2019\u00e9tudiant de Doctorat doit prouver la comp\u00e9tence dans une langue \u00e9trang\u00e8re autre que celle pr\u00e9sent\u00e9e lors du titre de ma\u00eetre, prouvant avoir r\u00e9ussi \u00a0un test de comp\u00e9tence en lecture en langue \u00e9trang\u00e8re (allemand, espagnol, fran\u00e7ais ou anglais) d\u00e9livr\u00e9 ou reconnu par le Centre de Lettres et Communication de l\u2019UFPel (certifications internationales ou \u00e9mises par d\u2019autres Institutions d\u2019Enseignement Sup\u00e9rieur seront accept\u00e9es).<\/p>\n<p>&nbsp;<\/p>\n<ul>\n<li>Admission en tant qu\u2019\u00e9tudiant sp\u00e9cial<\/li>\n<\/ul>\n<p>Processus de s\u00e9lection des candidats int\u00e9ress\u00e9s \u00e0 suivre des cours \u00e9lectifs en tant qu\u2019\u00e9tudiant sur une base sp\u00e9ciale.<\/p>\n<p>Les candidats qui veulent s\u2019inscrire doivent \u00eatre dipl\u00f4m\u00e9s en Lettres ou dans des domaines connexes, et avoir <u>un Master<\/u> en Lettres ou dans des domaines connexes, avec l\u2019approbation de la Coordination du Programme.<\/p>\n<p>&nbsp;<\/p>\n","protected":false},"excerpt":{"rendered":"<p>Il existe deux modalit\u00e9s d\u2019admission au PPG Letras UFPel, en tant qu\u2019\u00e9tudiant sp\u00e9cial et en tant qu\u2019\u00e9tudiant r\u00e9gulier du Programme. &nbsp; Admission en tant qu\u2019\u00e9tudiant r\u00e9gulier Processus de s\u00e9lection des candidats int\u00e9ress\u00e9s \u00e0 se joindre au Programme \u00e0 titre d\u2019\u00e9tudiant r\u00e9gulier du cours. Ils peuvent s\u2019inscrire comme candidats, dipl\u00f4m\u00e9s en Lettres ou dans des domaines [&hellip;]<\/p>\n","protected":false},"author":253,"featured_media":0,"parent":4403,"menu_order":0,"comment_status":"closed","ping_status":"closed","template":"","meta":{"jetpack_post_was_ever_published":false,"footnotes":""},"class_list":["post-4413","page","type-page","status-publish","hentry"],"jetpack_sharing_enabled":true,"jetpack_shortlink":"https:\/\/wp.me\/P8vD3Q-19b","_links":{"self":[{"href":"https:\/\/wp.ufpel.edu.br\/ppgl\/wp-json\/wp\/v2\/pages\/4413","targetHints":{"allow":["GET"]}}],"collection":[{"href":"https:\/\/wp.ufpel.edu.br\/ppgl\/wp-json\/wp\/v2\/pages"}],"about":[{"href":"https:\/\/wp.ufpel.edu.br\/ppgl\/wp-json\/wp\/v2\/types\/page"}],"author":[{"embeddable":true,"href":"https:\/\/wp.ufpel.edu.br\/ppgl\/wp-json\/wp\/v2\/users\/253"}],"replies":[{"embeddable":true,"href":"https:\/\/wp.ufpel.edu.br\/ppgl\/wp-json\/wp\/v2\/comments?post=4413"}],"version-history":[{"count":1,"href":"https:\/\/wp.ufpel.edu.br\/ppgl\/wp-json\/wp\/v2\/pages\/4413\/revisions"}],"predecessor-version":[{"id":4415,"href":"https:\/\/wp.ufpel.edu.br\/ppgl\/wp-json\/wp\/v2\/pages\/4413\/revisions\/4415"}],"up":[{"embeddable":true,"href":"https:\/\/wp.ufpel.edu.br\/ppgl\/wp-json\/wp\/v2\/pages\/4403"}],"wp:attachment":[{"href":"https:\/\/wp.ufpel.edu.br\/ppgl\/wp-json\/wp\/v2\/media?parent=4413"}],"curies":[{"name":"wp","href":"https:\/\/api.w.org\/{rel}","templated":true}]}}