{"id":4378,"date":"2020-03-24T13:06:59","date_gmt":"2020-03-24T16:06:59","guid":{"rendered":"https:\/\/wp.ufpel.edu.br\/ppgl\/?page_id=4378"},"modified":"2020-03-24T13:06:59","modified_gmt":"2020-03-24T16:06:59","slug":"equipe-administrative","status":"publish","type":"page","link":"https:\/\/wp.ufpel.edu.br\/ppgl\/fr\/equipe-administrative\/","title":{"rendered":"\u00c9quipe administrative"},"content":{"rendered":"<h3>\u00c9quipe administrative<\/h3>\n<p>&nbsp;<\/p>\n<h4><strong>Coordination<\/strong><\/h4>\n<p>&nbsp;<\/p>\n<p><strong>Coordinatrice<\/strong><\/p>\n<p>Prof. Dr. Giovana Ferreira Gon\u00e7alves<\/p>\n<p>&nbsp;<\/p>\n<p><strong>Coordinatrice adjointe<\/strong><\/p>\n<p>Prof. Dr. Luciana Iost Vinhas<\/p>\n<p>&nbsp;<\/p>\n<p><strong>Secr\u00e9taire<\/strong><\/p>\n<p>Gabriele Pinto Konzen<\/p>\n<p>&nbsp;<\/p>\n<h4><strong>Commission d\u00e9lib\u00e9rative<\/strong><\/h4>\n<p>&nbsp;<\/p>\n<p><strong>Coordinatrice &#8211; Pr\u00e9sidente<\/strong><\/p>\n<p>Prof. Dr. Giovana Ferreira Gon\u00e7alves<\/p>\n<p>&nbsp;<\/p>\n<p><strong>Coordinatrice adjointe<\/strong><\/p>\n<p>Prof. Dr. Luciana Iost Vinhas<\/p>\n<p>&nbsp;<\/p>\n<p><strong>Repr\u00e9sentation de la ligne &#8221; Acquisition, Variation et Enseignement &#8220;<\/strong><\/p>\n<p>Prof. Dr. Carmen L\u00facia Barreto Matzenauer<\/p>\n<p>&nbsp;<\/p>\n<p><strong>Repr\u00e9sentation de la ligne &#8220;Texte, Discours et Relations sociales&#8221;<\/strong><\/p>\n<p>&nbsp;<\/p>\n<p><strong>Repr\u00e9sentation de la ligne &#8220;Litt\u00e9rature, Culture et Traduction&#8221;<\/strong><\/p>\n<p>Prof. Dr. Alfeu Sparemberger<\/p>\n<p>&nbsp;<\/p>\n<p><strong>Repr\u00e9sentation des \u00e9tudiants<\/strong><\/p>\n<p><strong>Titulaire<\/strong>: Bruna Teixeira<\/p>\n<p><strong>Rempla\u00e7ant<\/strong>: Andr\u00e9 Firpo Bevil\u00e0qua<\/p>\n<p>&nbsp;<\/p>\n<p><strong>Repr\u00e9sentation technique et administrative<\/strong><\/p>\n<p>Maria Odete Neves Ramos<\/p>\n<p>&nbsp;<\/p>\n<p><strong>Commission des bourses d\u2019\u00e9tudes<\/strong><\/p>\n<p>Prof. Dr. Giovana Ferreira Gon\u00e7alves &#8211; Pr\u00e9sidente<\/p>\n<p>Prof. Dr. Let\u00edcia Freitas &#8211; Repr\u00e9sentante des enseignants<\/p>\n<p>Bruna Teixeira &#8211; Repr\u00e9sentante des \u00e9tudiants<\/p>\n","protected":false},"excerpt":{"rendered":"<p>\u00c9quipe administrative &nbsp; Coordination &nbsp; Coordinatrice Prof. Dr. Giovana Ferreira Gon\u00e7alves &nbsp; Coordinatrice adjointe Prof. Dr. Luciana Iost Vinhas &nbsp; Secr\u00e9taire Gabriele Pinto Konzen &nbsp; Commission d\u00e9lib\u00e9rative &nbsp; Coordinatrice &#8211; Pr\u00e9sidente Prof. Dr. Giovana Ferreira Gon\u00e7alves &nbsp; Coordinatrice adjointe Prof. Dr. Luciana Iost Vinhas &nbsp; Repr\u00e9sentation de la ligne &#8221; Acquisition, Variation et Enseignement &#8220; [&hellip;]<\/p>\n","protected":false},"author":253,"featured_media":0,"parent":0,"menu_order":0,"comment_status":"closed","ping_status":"closed","template":"","meta":{"jetpack_post_was_ever_published":false,"footnotes":""},"class_list":["post-4378","page","type-page","status-publish","hentry"],"jetpack_sharing_enabled":true,"jetpack_shortlink":"https:\/\/wp.me\/P8vD3Q-18C","_links":{"self":[{"href":"https:\/\/wp.ufpel.edu.br\/ppgl\/wp-json\/wp\/v2\/pages\/4378","targetHints":{"allow":["GET"]}}],"collection":[{"href":"https:\/\/wp.ufpel.edu.br\/ppgl\/wp-json\/wp\/v2\/pages"}],"about":[{"href":"https:\/\/wp.ufpel.edu.br\/ppgl\/wp-json\/wp\/v2\/types\/page"}],"author":[{"embeddable":true,"href":"https:\/\/wp.ufpel.edu.br\/ppgl\/wp-json\/wp\/v2\/users\/253"}],"replies":[{"embeddable":true,"href":"https:\/\/wp.ufpel.edu.br\/ppgl\/wp-json\/wp\/v2\/comments?post=4378"}],"version-history":[{"count":1,"href":"https:\/\/wp.ufpel.edu.br\/ppgl\/wp-json\/wp\/v2\/pages\/4378\/revisions"}],"predecessor-version":[{"id":4380,"href":"https:\/\/wp.ufpel.edu.br\/ppgl\/wp-json\/wp\/v2\/pages\/4378\/revisions\/4380"}],"wp:attachment":[{"href":"https:\/\/wp.ufpel.edu.br\/ppgl\/wp-json\/wp\/v2\/media?parent=4378"}],"curies":[{"name":"wp","href":"https:\/\/api.w.org\/{rel}","templated":true}]}}