{"id":40,"date":"2013-04-05T15:48:31","date_gmt":"2013-04-05T18:48:31","guid":{"rendered":"https:\/\/wp.ufpel.edu.br\/ppgl\/?page_id=40"},"modified":"2023-05-22T12:52:56","modified_gmt":"2023-05-22T15:52:56","slug":"editais-e-documentos","status":"publish","type":"page","link":"https:\/\/wp.ufpel.edu.br\/ppgl\/editais-e-documentos\/","title":{"rendered":"Editais e documentos"},"content":{"rendered":"<table class=\"alignleft\" style=\"height: 232px;\" border=\"3\" width=\"748\">\n<tbody>\n<tr style=\"height: 171px;\">\n<td style=\"width: 429px; height: 171px;\">\n<p><strong>Edital 110\/2023 &#8211; Sele\u00e7\u00e3o Mestrado em Letras (2023\/2)<\/strong><\/p>\n<p><strong>Requerimento de Inscri\u00e7\u00e3o &#8211; Mestrado<\/strong><\/p>\n<p>&nbsp;<\/p>\n<p><strong>Edital 111\/2023 &#8211; Sele\u00e7\u00e3o Doutorado em Letras (2023\/2)<\/strong><\/p>\n<p><strong>Requerimento de Inscri\u00e7\u00e3o &#8211; Doutorado<\/strong><\/p>\n<p>&nbsp;<\/p>\n<p><strong>Anexo 1 (Vers\u00e3o 2023)<\/strong><\/p>\n<p><strong>Anexo 2<\/strong><\/p>\n<p>&nbsp;<\/p>\n<p>&nbsp;<\/p>\n<p><strong>Edital 162\/2022 &#8211; Sele\u00e7\u00e3o de Aluno Especial (2022\/2)<\/strong><\/p>\n<p><strong>Requerimento de inscri\u00e7\u00e3o Aluno Especial (2022\/2)<\/strong><\/p>\n<p><strong>Requerimento de isen\u00e7\u00e3o<\/strong><\/p>\n<p>&nbsp;<\/p>\n<p><strong>Edital 098\/2022 &#8211; Sele\u00e7\u00e3o de Aluno Regular &#8211; Mestrado<\/strong><\/p>\n<p><strong>Edital 099\/2022 &#8211; Sele\u00e7\u00e3o de Aluno Regular &#8211; Doutorado<\/strong><\/p>\n<p><strong>Requerimento de Inscri\u00e7\u00e3o &#8211; Mestrado<\/strong><\/p>\n<p><strong>Requerimento de Inscri\u00e7\u00e3o &#8211; Doutorado<\/strong><\/p>\n<p><strong>Requerimento de Isen\u00e7\u00e3o de Taxa<\/strong><\/p>\n<p><strong>Anexo I<\/strong><\/p>\n<p><strong>Anexo II<\/strong><\/p>\n<p><strong>Retifica\u00e7\u00e3o ao Edital 098\/2022 &#8211; Quadro de Vagas<\/strong><\/p>\n<p><strong>Retifica\u00e7\u00e3o ao Edital 098\/2022 &#8211; Bibliografia, linha de Literatura, Cultura e Tradu\u00e7\u00e3o<\/strong><\/p>\n<p>&nbsp;<\/p>\n<p>&nbsp;<\/p>\n<p>&nbsp;<\/p>\n<p><strong>Edital Aluno Especial 2022\/1<\/strong><\/p>\n<p><strong>Requerimento de inscri\u00e7\u00e3o Aluno Especial 2022\/1<\/strong><\/p>\n<p><strong>Requerimento de isen\u00e7\u00e3o<\/strong><\/p>\n<p>&nbsp;<\/p>\n<p>&nbsp;<\/td>\n<td style=\"width: 533px; height: 171px;\">\n<p><a href=\"https:\/\/wp.ufpel.edu.br\/ppgl\/files\/2023\/05\/Edital-110-2023-Mestrado-PPGL.pdf\">Edital 110\/2023 &#8211; Mestrado PPGL<\/a><\/p>\n<p><a href=\"https:\/\/wp.ufpel.edu.br\/ppgl\/files\/2023\/05\/Requerimento-de-Inscricao-Mestrado-2023_2.docx\">Requerimento de Inscri\u00e7\u00e3o-Mestrado 2023\/2<\/a><\/p>\n<p>&nbsp;<\/p>\n<p><a href=\"https:\/\/wp.ufpel.edu.br\/ppgl\/files\/2023\/05\/Edital-111-2023-Doutorado-PPGL.pdf\">Edital 111\/2023 &#8211; Doutorado PPGL<\/a><\/p>\n<p><a href=\"https:\/\/wp.ufpel.edu.br\/ppgl\/files\/2023\/05\/Requerimento-de-Inscricao-Doutorado-2023_2.docx\">Requerimento de Inscri\u00e7\u00e3o -Doutorado-2023\/2<\/a><\/p>\n<p>&nbsp;<\/p>\n<p><a href=\"https:\/\/wp.ufpel.edu.br\/ppgl\/files\/2023\/05\/ANEXO-1-2023.docx\">ANEXO 1 (2023)<\/a><\/p>\n<p><a href=\"https:\/\/wp.ufpel.edu.br\/ppgl\/files\/2023\/05\/Anexo-2.pdf\">Anexo 2<\/a><\/p>\n<p>&nbsp;<\/p>\n<p>&nbsp;<\/p>\n<p><a href=\"https:\/\/wp.ufpel.edu.br\/ppgl\/files\/2022\/08\/Edital-162-2022-Aluno-Especial-PPGL.pdf\">Edital 162 2022 &#8211; Aluno Especial PPGL<\/a><\/p>\n<p>&nbsp;<\/p>\n<p><a href=\"https:\/\/wp.ufpel.edu.br\/ppgl\/files\/2022\/08\/Requerimento-de-Inscricao-Regime-Especial-2022-2.doc\">Requerimento-de-Inscricao-Regime-Especial-2022-2<\/a><\/p>\n<p><a href=\"https:\/\/wp.ufpel.edu.br\/ppgl\/files\/2022\/08\/Requerimento-de-Isencao-de-Taxa-de-Inscricao.docx\">Requerimento-de-Isencao-de-Taxa-de-Inscricao<\/a><\/p>\n<p>&nbsp;<\/p>\n<p><a href=\"https:\/\/wp.ufpel.edu.br\/ppgl\/files\/2022\/06\/Edital-098-Mestrado-PPGL.pdf\">Edital 098 &#8211; Mestrado PPGL<\/a><\/p>\n<p>&nbsp;<\/p>\n<p><a href=\"https:\/\/wp.ufpel.edu.br\/ppgl\/files\/2022\/06\/Edital-099-Doutorado-PPGL.pdf\">Edital 099 &#8211; Doutorado PPGL<\/a><\/p>\n<p><a href=\"https:\/\/wp.ufpel.edu.br\/ppgl\/files\/2022\/06\/Requerimento-de-Inscricao-Mestrado-2022_2.docx\">Requerimento-de-Inscricao-Mestrado-2022_2<\/a><\/p>\n<p><a href=\"https:\/\/wp.ufpel.edu.br\/ppgl\/files\/2022\/06\/Requerimento-de-Inscricao-Doutorado-2022_2.docx\">Requerimento-de-Inscricao-Doutorado-2022_2<\/a><\/p>\n<p><a href=\"https:\/\/wp.ufpel.edu.br\/ppgl\/files\/2022\/06\/Requerimento-de-Isencao-de-Taxa-de-Inscricao.docx\">Requerimento-de-Isencao-de-Taxa-de-Inscricao<\/a><\/p>\n<p><a href=\"https:\/\/wp.ufpel.edu.br\/ppgl\/files\/2022\/02\/ANEXO-1-Formulario-de-avaliacao.docx\">ANEXO-1 Formul\u00e1rio de avalia\u00e7\u00e3o<\/a><\/p>\n<p><a href=\"https:\/\/wp.ufpel.edu.br\/ppgl\/files\/2021\/07\/ANEXO-2.pdf\">ANEXO 2<\/a><\/p>\n<p><a href=\"https:\/\/wp.ufpel.edu.br\/ppgl\/files\/2022\/06\/Retificacao-Edital-Mestrado.pdf\">Retifica\u00e7\u00e3o &#8211; Edital 098\/2022<\/a><\/p>\n<p><a href=\"https:\/\/wp.ufpel.edu.br\/ppgl\/files\/2022\/06\/Retificacao-Edital-Mestrado-Bibliografia-LCT.pdf\">Retifica\u00e7\u00e3o Edital Mestrado &#8211; Bibliografia LCT<\/a><\/p>\n<p>&nbsp;<\/p>\n<p>&nbsp;<\/p>\n<p>&nbsp;<\/p>\n<p>&nbsp;<\/p>\n<p><a href=\"https:\/\/wp.ufpel.edu.br\/ppgl\/files\/2022\/02\/Edital-especial-2022-1-REV.-11.docx.pdf\">Edital aluno especial 2022-1<\/a><\/p>\n<p><a href=\"https:\/\/wp.ufpel.edu.br\/ppgl\/files\/2022\/02\/Requerimento-de-Inscricao-Regime-Especial-2022-1-11-1.doc\">Requerimento-de-Inscricao-Regime-Especial-2022-1-11<\/a><\/p>\n<p><a href=\"https:\/\/wp.ufpel.edu.br\/ppgl\/files\/2022\/02\/Requerimento-de-Isencao-de-Taxa-de-Inscricao-2-1.docx\">Requerimento-de-Isencao-de-Taxa-de-Inscricao-2<\/a><\/p>\n<p>&nbsp;<\/td>\n<\/tr>\n<\/tbody>\n<\/table>\n<table style=\"border-collapse: collapse; width: 100.668%; height: 287px;\" border=\"1\">\n<tbody>\n<tr>\n<td style=\"width: 375px;\">\n<p><strong>Edital Mestrado 2021\/2<\/strong><\/p>\n<p><strong>Edital Doutorado 2021\/2<\/strong><\/p>\n<p><strong>Anexo I Edital Aluno Regular 2021\/2<\/strong><\/p>\n<p><strong>Anexo II Edital Aluno Regular 2021\/2<\/strong><\/p>\n<p><strong>Requerimento de Inscri\u00e7\u00e3o de Mestrado 2021\/2<\/strong><\/p>\n<p><strong>Requerimento de Inscri\u00e7\u00e3o de Doutorado 2021\/2<\/strong><\/p>\n<p><strong>Requerimento de Isen\u00e7\u00e3o de Taxa de Inscri\u00e7\u00e3o<\/strong><\/p>\n<p><strong>\u00a0<\/strong><\/td>\n<td style=\"width: 374px;\">\n<p><a href=\"https:\/\/wp.ufpel.edu.br\/ppgl\/files\/2021\/07\/SEI_UFPel-1346944-Edital-de-selecao-PRPPGI.pdf\">EDITAL MESTRADO<\/a><\/p>\n<p><a href=\"https:\/\/wp.ufpel.edu.br\/ppgl\/files\/2021\/07\/SEI_UFPel-1346954-Edital-de-selecao-PRPPGI.pdf\">EDITAL DOUTORADO<\/a><\/p>\n<p><a href=\"https:\/\/wp.ufpel.edu.br\/ppgl\/files\/2021\/07\/ANEXO-1.docx\">ANEXO 1<\/a><\/p>\n<p><a href=\"https:\/\/wp.ufpel.edu.br\/ppgl\/files\/2021\/07\/ANEXO-2.pdf\">ANEXO 2<\/a><\/p>\n<p><a href=\"https:\/\/wp.ufpel.edu.br\/ppgl\/files\/2021\/07\/Requerimento-de-Inscricao-Mestrado-2021_2.docx\">Requerimento-de-Inscri\u00e7\u00e3o-Mestrado &#8211; 2021_2<\/a><\/p>\n<p><a href=\"https:\/\/wp.ufpel.edu.br\/ppgl\/files\/2021\/07\/Requerimento-de-Inscricao-Doutorado-2021_2.docx\">Requerimento-de-Inscri\u00e7\u00e3o-Doutorado-2021_2<\/a><\/p>\n<p><a href=\"https:\/\/wp.ufpel.edu.br\/ppgl\/files\/2021\/07\/Requerimento-de-Isencao-de-Taxa-de-Inscricao-2-1.docx\">Requerimento-de-Isencao-de-Taxa-de-Inscricao-2<\/a><\/td>\n<\/tr>\n<tr style=\"height: 369px;\">\n<td style=\"width: 375px; height: 369px;\">\n<p><strong>Edital Mestrado 2020\/2<\/strong><\/p>\n<p><strong>Edital Doutorado 2020\/2<\/strong><\/p>\n<p><strong>Anexo I Edital Aluno Regular 2020\/2<\/strong><\/p>\n<p><strong>Anexo II Edital Aluno Regular 2020\/2<\/strong><\/p>\n<p><strong>Requerimento de Inscri\u00e7\u00e3o de Mestrado 2020\/2<\/strong><\/p>\n<p><strong>Requerimento de Inscri\u00e7\u00e3o de Doutorado 2020\/2<\/strong><\/p>\n<p><strong>Requerimento de Isen\u00e7\u00e3o de Taxa de Inscri\u00e7\u00e3o<\/strong><\/td>\n<td style=\"width: 374px; height: 369px;\">\n<p><a href=\"https:\/\/wp.ufpel.edu.br\/ppgl\/files\/2020\/06\/Edital-Mestrado.pdf\">Edital Mestrado<\/a><\/p>\n<p><a href=\"https:\/\/wp.ufpel.edu.br\/ppgl\/files\/2020\/06\/Edital-Doutorado.pdf\">Edital Doutorado<\/a><\/p>\n<p><a href=\"https:\/\/wp.ufpel.edu.br\/ppgl\/files\/2020\/06\/ANEXO-1.docx\">ANEXO-1<\/a><\/p>\n<p><a href=\"https:\/\/wp.ufpel.edu.br\/ppgl\/files\/2020\/06\/ANEXO-2.pdf\">ANEXO 2<\/a><\/p>\n<p><a href=\"https:\/\/wp.ufpel.edu.br\/ppgl\/files\/2020\/06\/Requerimento-de-Inscri\u00e7\u00e3o-Mestrado.docx\">Requerimento de Inscri\u00e7\u00e3o Mestrado<\/a><\/p>\n<p><a href=\"https:\/\/wp.ufpel.edu.br\/ppgl\/files\/2020\/06\/Requerimento-de-Inscri\u00e7\u00e3o-Doutorado-2020_2.docx\">Requerimento de Inscri\u00e7\u00e3o Doutorado 2020_2<\/a><\/p>\n<p><a href=\"https:\/\/wp.ufpel.edu.br\/ppgl\/files\/2020\/06\/Requerimento-de-Isen\u00e7\u00e3o-de-Taxa-de-Inscri\u00e7\u00e3o.docx\">Requerimento de Isen\u00e7\u00e3o de Taxa de Inscri\u00e7\u00e3o<\/a><\/p>\n<p>&nbsp;<\/td>\n<\/tr>\n<tr style=\"height: 61px;\">\n<td style=\"width: 375px; height: 61px;\"><strong>Resolu\u00e7\u00e3o n.\u00ba 01 de 24 de agosto de 2020<\/strong><\/td>\n<td style=\"width: 374px; height: 61px;\"><a href=\"https:\/\/wp.ufpel.edu.br\/ppgl\/files\/2020\/08\/Resolu\u00e7\u00e3o-01-de-2020.pdf\">Resolu\u00e7\u00e3o 01 de 2020<\/a><\/td>\n<\/tr>\n<\/tbody>\n<\/table>\n<table class=\"alignleft\" style=\"width: 749px;\" border=\"3\">\n<tbody>\n<tr>\n<td style=\"width: 468px;\">\n<p><strong>Ficha de matr\u00edcula Aluno Especial 2020\/1<\/strong><\/p>\n<p><strong>Requerimento de inscri\u00e7\u00e3o Aluno Especial 2020\/1<\/strong><\/p>\n<p><strong>Edital Aluno Especial 2020\/1<\/strong><\/p>\n<p><strong>Anexo I Edital Aluno Especial 2020\/1<\/strong><\/p>\n<p><strong>Anexo II Edital Aluno Especial 2020\/1<\/strong><\/p>\n<p><strong>Resolu\u00e7\u00e3o n. 03 de 18 de dezembro de 2019<\/strong><\/p>\n<p><strong>Resolu\u00e7\u00e3o n. 02 de 01 de novembro de 2019<\/strong><\/p>\n<h6><span style=\"font-size: 13.3333px;\">Ficha de matr\u00edcula 2019\/2 &#8211; Aluno Especial<\/span><\/h6>\n<\/td>\n<td style=\"width: 344px;\">\n<p><a href=\"https:\/\/wp.ufpel.edu.br\/ppgl\/files\/2020\/01\/Ficha-de-matr\u00edcula-Aluno-Especial-20201.doc\">Ficha de matr\u00edcula Aluno Especial 20201<\/a><\/p>\n<p><a href=\"https:\/\/wp.ufpel.edu.br\/ppgl\/files\/2020\/01\/Requerimento-de-Inscri\u00e7\u00e3o-Regime-Especial-2020-1.doc\">Requerimento de inscri\u00e7\u00e3o<\/a><\/p>\n<p><a href=\"https:\/\/wp.ufpel.edu.br\/ppgl\/files\/2020\/01\/Edital-Aluno-Especial-20201.pdf\">Edital Aluno Especial 20201<\/a><\/p>\n<p><a href=\"https:\/\/wp.ufpel.edu.br\/ppgl\/files\/2020\/01\/Anexo-1.pdf\">Anexo 1<\/a><\/p>\n<p><a href=\"https:\/\/wp.ufpel.edu.br\/ppgl\/files\/2020\/01\/Anexo-2.pdf\">Anexo 2<\/a><\/p>\n<p><a href=\"https:\/\/wp.ufpel.edu.br\/ppgl\/files\/2019\/12\/Resolu\u00e7\u00e3o-032019.pdf\">Resolu\u00e7\u00e3o 03\/2019<\/a><\/p>\n<p><a href=\"https:\/\/wp.ufpel.edu.br\/ppgl\/files\/2020\/01\/Resolu\u00e7\u00e3o-02-de-2019.pdf\">Resolu\u00e7\u00e3o 02 de 2019<\/a><\/p>\n<p><span style=\"font-size: 10pt;\"><a href=\"https:\/\/wp.ufpel.edu.br\/ppgl\/files\/2019\/08\/Ficha-de-Matr\u00edcula-2019_2-Aluno-Especial.doc\">Ficha de matr\u00edcula 2019\/2 &#8211; Aluno Especial<\/a><\/span><\/td>\n<\/tr>\n<tr style=\"height: 63px;\">\n<td style=\"width: 468px; height: 63px;\">\n<h6><span style=\"font-size: 13.3333px;\">Edital de sele\u00e7\u00e3o de aluno regular\/ Mestrado 2019\/2<\/span><\/h6>\n<\/td>\n<td style=\"width: 344px; height: 63px;\">\n<h6><a href=\"https:\/\/wp.ufpel.edu.br\/ppgl\/files\/2019\/05\/SEI_UFPel-0544539-Edital-de-sele\u00e7\u00e3o-PRPPGI.pdf\"><span style=\"font-size: 10pt;\">Edital Mestrado<\/span><\/a><\/h6>\n<\/td>\n<\/tr>\n<tr style=\"height: 63px;\">\n<td style=\"width: 468px; height: 63px;\">\n<h6><span style=\"font-size: 13.3333px;\">Edital de sele\u00e7\u00e3o de aluno regular\/ Doutorado 2019\/2<\/span><\/h6>\n<\/td>\n<td style=\"width: 344px; height: 63px;\">\n<h6><span style=\"font-size: 10pt;\"><a href=\"https:\/\/wp.ufpel.edu.br\/ppgl\/files\/2019\/05\/SEI_UFPel-0544553-Edital-de-sele\u00e7\u00e3o-PRPPGI.pdf\">Edital Doutorado<\/a><\/span><\/h6>\n<\/td>\n<\/tr>\n<tr style=\"height: 63px;\">\n<td style=\"width: 468px; height: 63px;\">\n<h6><span style=\"font-size: 13.3333px;\">Retifica\u00e7\u00e3o dos editais de Mestrado e Doutorado<\/span><\/h6>\n<\/td>\n<td style=\"width: 344px; height: 63px;\">\n<h6><span style=\"font-size: 10pt;\"><a href=\"https:\/\/wp.ufpel.edu.br\/ppgl\/files\/2019\/05\/Retifica\u00e7\u00e3o-do-editais-2.pdf\">Retifica\u00e7\u00e3o do editais<\/a><\/span><\/h6>\n<\/td>\n<\/tr>\n<tr style=\"height: 63px;\">\n<td style=\"width: 468px; height: 63px;\">\n<h6><span style=\"font-size: 13.3333px;\">Anexo I<\/span><\/h6>\n<\/td>\n<td style=\"width: 344px; height: 63px;\">\n<h6><span style=\"font-size: 10pt;\"><a href=\"https:\/\/wp.ufpel.edu.br\/ppgl\/files\/2019\/05\/ANEXO-1.pdf\">ANEXO 1<\/a><\/span><\/h6>\n<\/td>\n<\/tr>\n<tr style=\"height: 63px;\">\n<td style=\"width: 468px; height: 63px;\">\n<h6><span style=\"font-size: 13.3333px;\">Anexo II<\/span><\/h6>\n<\/td>\n<td style=\"width: 344px; height: 63px;\">\n<h6><span style=\"font-size: 10pt;\"><a href=\"https:\/\/wp.ufpel.edu.br\/ppgl\/files\/2019\/05\/ANEXO-2.pdf\">ANEXO 2<\/a><\/span><\/h6>\n<\/td>\n<\/tr>\n<tr style=\"height: 63px;\">\n<td style=\"width: 468px; height: 63px;\">\n<h6><span style=\"font-size: 13.3333px;\">Resolu\u00e7\u00e3o n\u00ba 01 de 20 de maio de 2019<\/span><\/h6>\n<\/td>\n<td style=\"width: 344px; height: 63px;\">\n<h6><span style=\"font-size: 10pt;\"><a href=\"https:\/\/wp.ufpel.edu.br\/ppgl\/files\/2019\/05\/Resolu\u00e7\u00e3o-1-2019.pdf\">Resolu\u00e7\u00e3o 01-2019<\/a><\/span><\/h6>\n<\/td>\n<\/tr>\n<tr style=\"height: 63px;\">\n<td style=\"width: 468px; height: 63px;\">\n<h6><span style=\"font-size: 13.3333px;\">Requerimento de Inscri\u00e7\u00e3o de Mestrado<\/span><\/h6>\n<\/td>\n<td style=\"width: 344px; height: 63px;\">\n<h6><span style=\"font-size: 10pt;\"><a href=\"https:\/\/wp.ufpel.edu.br\/ppgl\/files\/2019\/05\/Requerimento-de-inscri\u00e7\u00e3o-sele\u00e7\u00e3o-2019_MESTRADO-1.docx\">Requerimento &#8211; Mestrado<\/a><\/span><\/h6>\n<\/td>\n<\/tr>\n<tr style=\"height: 63px;\">\n<td style=\"width: 468px; height: 63px;\">\n<h6><span style=\"font-size: 13.3333px;\">Requerimento de Inscri\u00e7\u00e3o de Doutorado<\/span><\/h6>\n<\/td>\n<td style=\"width: 344px; height: 63px;\">\n<h6><span style=\"font-size: 10pt;\"><a href=\"https:\/\/wp.ufpel.edu.br\/ppgl\/files\/2019\/05\/Requerimento-de-inscri\u00e7\u00e3o-sele\u00e7\u00e3o-2019_DOUTORADO_ATUALIZADO.docx\">Requerimento &#8211; Doutorado<\/a><\/span><\/h6>\n<\/td>\n<\/tr>\n<tr style=\"height: 63px;\">\n<td style=\"width: 468px; height: 63px;\">\n<h6><span style=\"font-size: 13.3333px;\">Anexo II &#8211; Edital Aluno Especial 2019\/1<\/span><\/h6>\n<\/td>\n<td style=\"width: 344px; height: 63px;\">\n<h6><span style=\"font-size: 10pt;\"><a href=\"https:\/\/wp.ufpel.edu.br\/ppgl\/files\/2019\/02\/ANEXO-II-Edital-Aluno-Especial.pdf\">ANEXO II &#8211; Edital Aluno Especial<\/a><\/span><\/h6>\n<\/td>\n<\/tr>\n<tr style=\"height: 63px;\">\n<td style=\"width: 468px; height: 63px;\">\n<h6><span style=\"font-size: 13.3333px;\">Anexo I &#8211; Edital Aluno Especial 2019\/1<\/span><\/h6>\n<\/td>\n<td style=\"width: 344px; height: 63px;\">\n<h6><span style=\"font-size: 10pt;\"><a href=\"https:\/\/wp.ufpel.edu.br\/ppgl\/files\/2019\/02\/ANEXO-I-Edital-Aluno-Especial.pdf\">ANEXO I &#8211; Edital Aluno Especial<\/a><\/span><\/h6>\n<\/td>\n<\/tr>\n<tr style=\"height: 63px;\">\n<td style=\"width: 468px; height: 63px;\">\n<h6><span style=\"font-size: 13.3333px;\">Ficha de inscri\u00e7\u00e3o Edital Aluno Especial 2019\/1<\/span><\/h6>\n<\/td>\n<td style=\"width: 344px; height: 63px;\">\n<h6><span style=\"font-size: 10pt;\"><a href=\"https:\/\/wp.ufpel.edu.br\/ppgl\/files\/2019\/02\/Requerimento-de-Inscri\u00e7\u00e3o-Regime-Especial-2019.doc\">Ficha de inscri\u00e7\u00e3o &#8211; Aluno Especial 2019\/1<\/a><\/span><\/h6>\n<\/td>\n<\/tr>\n<tr style=\"height: 63px;\">\n<td style=\"width: 468px; height: 63px;\"><\/td>\n<td style=\"width: 344px; height: 63px;\"><\/td>\n<\/tr>\n<tr style=\"height: 63px;\">\n<td style=\"width: 468px; height: 63px;\">Calend\u00e1rio Acad\u00eamico 2021\/02<\/td>\n<td style=\"width: 344px; height: 63px;\"><a href=\"https:\/\/wp.ufpel.edu.br\/ppgl\/files\/2021\/10\/Atualizacao-do-Calendario-2021.docx\">Atualiza\u00e7\u00e3o do Calend\u00e1rio &#8211; 2021<\/a><\/td>\n<\/tr>\n<tr style=\"height: 63px;\">\n<td style=\"width: 468px; height: 63px;\">\n<h6><span style=\"font-size: 13.3333px;\">Calend\u00e1rio Acad\u00eamico 2019<\/span><\/h6>\n<\/td>\n<td style=\"width: 344px; height: 63px;\">\n<h6><span style=\"font-size: 10pt;\"><a href=\"https:\/\/wp.ufpel.edu.br\/ppgl\/files\/2018\/12\/CALEND\u00c1RIO-PPGL-2019.pdf\">Calend\u00e1rio Acad\u00eamico 2019<\/a><\/span><\/h6>\n<\/td>\n<\/tr>\n<tr style=\"height: 63px;\">\n<td style=\"width: 468px; height: 63px;\">\n<h6><strong><span style=\"color: #000000; font-size: 10pt;\">Declara\u00e7\u00e3o de Etnia<\/span><\/strong><\/h6>\n<\/td>\n<td style=\"width: 344px; height: 63px;\">\n<h6><span style=\"font-size: 10pt;\">\u00a0<a href=\"https:\/\/wp.ufpel.edu.br\/ppgl\/files\/2020\/07\/DECLARA\u00c7\u00c3O-DE-ETNIA-PPG-2019.pdf\">DECLARA\u00c7\u00c3O-DE-ETNIA-PPG-2019<\/a><\/span><\/h6>\n<\/td>\n<\/tr>\n<tr style=\"height: 62px;\">\n<td style=\"width: 468px; height: 62px;\">\n<h6>Novo_Regimento do PPGL_a partir do semestre 2018\/2<\/h6>\n<\/td>\n<td style=\"width: 344px; height: 62px;\">\n<h6><a href=\"https:\/\/wp.ufpel.edu.br\/ppgl\/files\/2018\/08\/Regimento_Novo_Vers\u00e3o_Jul_2018.pdf\">Novo_Regimento do PPGL<\/a><\/h6>\n<\/td>\n<\/tr>\n<tr style=\"height: 62px;\">\n<td style=\"width: 468px; height: 62px;\">\n<h6>Regimento do PPGL\/Mestrado<\/h6>\n<\/td>\n<td style=\"width: 344px; height: 62px;\">\n<h6><a href=\"https:\/\/wp.ufpel.edu.br\/ppgl\/files\/2013\/04\/Regimento-PPGL-Novo.pdf\" rel=\"\">Regimento PPGL Antigo<\/a><\/h6>\n<\/td>\n<\/tr>\n<tr style=\"height: 153px;\">\n<td style=\"width: 468px; height: 153px;\">\n<h6>Aux\u00edlio financeiro ao aluno<\/h6>\n<\/td>\n<td style=\"width: 344px; height: 153px;\">\n<h6><span style=\"font-family: verdana, geneva, sans-serif;\"><strong><span style=\"font-size: 10pt;\">\u00a0<a href=\"https:\/\/wp.ufpel.edu.br\/ppgl\/files\/2018\/09\/01_Orienta\u00e7\u00f5es.doc\">Orienta\u00e7\u00f5es<\/a><\/span><\/strong><\/span><\/h6>\n<p><span style=\"font-family: verdana, geneva, sans-serif;\"><strong><span style=\"font-size: 10pt;\"><a href=\"https:\/\/wp.ufpel.edu.br\/ppgl\/files\/2018\/09\/02_Pedido-de-Aux\u00edlio-Financeiro-Discente.doc\">Modelo de pedido<\/a><\/span><\/strong><\/span><\/p>\n<p><span style=\"font-family: verdana, geneva, sans-serif;\"><strong><span style=\"font-size: 10pt;\"><a href=\"https:\/\/wp.ufpel.edu.br\/ppgl\/files\/2018\/09\/03_Termo-de-responsabilidade_Auxilio-Financeiro-Discente.doc\">Termo de responsabilidade<\/a><\/span><\/strong><\/span><\/td>\n<\/tr>\n<tr style=\"height: 62px;\">\n<td style=\"width: 468px; height: 62px;\">\n<h6>Crit\u00e9rios para concess\u00e3o\/manuten\u00e7\u00e3o de bolsas<\/h6>\n<\/td>\n<td style=\"width: 344px; height: 62px;\">\n<p>\u00a0<a href=\"https:\/\/wp.ufpel.edu.br\/ppgl\/files\/2013\/04\/Resolu\u00e7\u00e3o-012016.pdf\">Resolu\u00e7\u00e3o 012016<\/a><\/p>\n<p><a href=\"https:\/\/wp.ufpel.edu.br\/ppgl\/files\/2022\/03\/notacapescnpq-pdf-1.pdf\">notacapescnpq-pdf<\/a><\/p>\n<p><a href=\"https:\/\/wp.ufpel.edu.br\/ppgl\/files\/2022\/03\/Normas-CAPES-bolsa-e-trabalho-remunerado-1.docx\">Normas CAPES bolsa e trabalho remunerado<\/a><\/p>\n<p><a href=\"https:\/\/wp.ufpel.edu.br\/ppgl\/files\/2022\/03\/Portaria-no-76-de-14-de-Abril-de-2010-2-2-1.pdf\">Portaria n\u00ba 76, de 14 de Abril de 2010 (2) (2)<\/a><\/p>\n<p><a href=\"https:\/\/wp.ufpel.edu.br\/ppgl\/files\/2022\/03\/portarias_conjuntas_n_1_e_2_capes-cnpq_15-07-2010-1-1.pdf\">portarias_conjuntas_n_1_e_2_capes-cnpq_15-07-2010 (1)<\/a><\/td>\n<\/tr>\n<tr style=\"height: 62px;\">\n<td style=\"width: 468px; height: 62px;\">\n<h6>Normativa para recredenciamento docente<\/h6>\n<\/td>\n<td style=\"width: 344px; height: 62px;\">\u00a0<a href=\"https:\/\/wp.ufpel.edu.br\/ppgl\/files\/2013\/04\/Resolu\u00e7\u00e3o-022016.pdf\">Resolu\u00e7\u00e3o 022016<\/a><\/td>\n<\/tr>\n<\/tbody>\n<\/table>\n<p>&nbsp;<\/p>\n<p>&nbsp;<\/p>\n<p>&nbsp;<\/p>\n<p>&nbsp;<\/p>\n","protected":false},"excerpt":{"rendered":"<p>Edital 110\/2023 &#8211; Sele\u00e7\u00e3o Mestrado em Letras (2023\/2) Requerimento de Inscri\u00e7\u00e3o &#8211; Mestrado &nbsp; Edital 111\/2023 &#8211; Sele\u00e7\u00e3o Doutorado em Letras (2023\/2) Requerimento de Inscri\u00e7\u00e3o &#8211; Doutorado &nbsp; Anexo 1 (Vers\u00e3o 2023) Anexo 2 &nbsp; &nbsp; Edital 162\/2022 &#8211; Sele\u00e7\u00e3o de Aluno Especial (2022\/2) Requerimento de inscri\u00e7\u00e3o Aluno Especial (2022\/2) Requerimento de isen\u00e7\u00e3o &nbsp; Edital [&hellip;]<\/p>\n","protected":false},"author":253,"featured_media":0,"parent":0,"menu_order":8,"comment_status":"closed","ping_status":"closed","template":"","meta":{"jetpack_post_was_ever_published":false,"footnotes":""},"class_list":["post-40","page","type-page","status-publish","hentry"],"jetpack_sharing_enabled":true,"jetpack_shortlink":"https:\/\/wp.me\/P8vD3Q-E","_links":{"self":[{"href":"https:\/\/wp.ufpel.edu.br\/ppgl\/wp-json\/wp\/v2\/pages\/40","targetHints":{"allow":["GET"]}}],"collection":[{"href":"https:\/\/wp.ufpel.edu.br\/ppgl\/wp-json\/wp\/v2\/pages"}],"about":[{"href":"https:\/\/wp.ufpel.edu.br\/ppgl\/wp-json\/wp\/v2\/types\/page"}],"author":[{"embeddable":true,"href":"https:\/\/wp.ufpel.edu.br\/ppgl\/wp-json\/wp\/v2\/users\/253"}],"replies":[{"embeddable":true,"href":"https:\/\/wp.ufpel.edu.br\/ppgl\/wp-json\/wp\/v2\/comments?post=40"}],"version-history":[{"count":123,"href":"https:\/\/wp.ufpel.edu.br\/ppgl\/wp-json\/wp\/v2\/pages\/40\/revisions"}],"predecessor-version":[{"id":1297,"href":"https:\/\/wp.ufpel.edu.br\/ppgl\/wp-json\/wp\/v2\/pages\/40\/revisions\/1297"}],"wp:attachment":[{"href":"https:\/\/wp.ufpel.edu.br\/ppgl\/wp-json\/wp\/v2\/media?parent=40"}],"curies":[{"name":"wp","href":"https:\/\/api.w.org\/{rel}","templated":true}]}}