{"id":3886,"date":"2019-07-19T10:49:56","date_gmt":"2019-07-19T13:49:56","guid":{"rendered":"https:\/\/wp.ufpel.edu.br\/ppgl\/?page_id=3886"},"modified":"2019-07-19T10:49:56","modified_gmt":"2019-07-19T13:49:56","slug":"doctorado","status":"publish","type":"page","link":"https:\/\/wp.ufpel.edu.br\/ppgl\/es\/seleccion\/doctorado\/","title":{"rendered":"Doctorado"},"content":{"rendered":"<p class=\"Standard\" style=\"text-align: justify\"><span style=\"font-family: 'Arial','sans-serif'\">Hay dos modalidades de ingreso en el PPG Letras UFPEL, como alumno especial y como alumno regular del Programa.<\/span><\/p>\n<p class=\"Standard\" style=\"text-align: justify\"><span style=\"font-family: 'Arial','sans-serif'\">\u00a0<\/span><\/p>\n<ul>\n<li class=\"Standard\" style=\"text-align: justify\"><span style=\"font-family: Arial, sans-serif\">Ingreso como alumno regular<\/span><\/li>\n<\/ul>\n<p><span style=\"font-family: 'Arial','sans-serif'\">Proceso de selecci\u00f3n de candidatos interesados en ingresar en el Programa como alumno regular del Curso.<\/span><\/p>\n<p class=\"Standard\" style=\"text-align: justify\"><span style=\"font-family: 'Arial','sans-serif'\">\u00a0<\/span><span style=\"font-family: 'Arial','sans-serif'\">Podr\u00e1n inscribirse como candidatos, los Graduados en Letras o \u00e1reas afines, que poseen Maestr\u00eda en Letras o \u00e1reas afines, quedando la homologaci\u00f3n a criterio de la Comisi\u00f3n de Selecci\u00f3n.<\/span><\/p>\n<p class=\"Standard\" style=\"text-align: justify\"><span style=\"font-family: 'Arial','sans-serif'\">\u00a0<\/span><span style=\"font-family: 'Arial','sans-serif'\">El Examen de Selecci\u00f3n al Programa ser\u00e1 realizado en 3 fases, bajo la responsabilidad de la Comisi\u00f3n de Selecci\u00f3n.<\/span><\/p>\n<p class=\"Standard\" style=\"text-align: justify\"><span style=\"font-family: 'Arial','sans-serif'\">\u00a0<\/span><\/p>\n<p class=\"Standard\" style=\"text-align: justify\"><strong><span style=\"font-family: 'Arial','sans-serif'\">Primera fase<\/span><\/strong><\/p>\n<p class=\"Standard\" style=\"text-align: justify\"><strong><span style=\"font-family: 'Arial','sans-serif'\">\u00a0<\/span><\/strong><span style=\"font-family: 'Arial','sans-serif'\">La evaluaci\u00f3n de la versi\u00f3n escrita del proyecto de tesis a ser desarrollado en el Doctorado, debiendo el candidato obtener nota m\u00ednima de 7,0. La evaluaci\u00f3n es de car\u00e1cter eliminatorio y ser\u00e1 realizada por evaluadores espec\u00edficos con docentes del PPGL.<\/span><\/p>\n<p class=\"Standard\" style=\"text-align: justify\"><span style=\"font-family: 'Arial','sans-serif'\">\u00a0<\/span><span style=\"font-family: 'Arial','sans-serif'\">En la primera fase, ser\u00e1n llevados en consideraci\u00f3n los siguientes criterios de evaluaci\u00f3n: relevancia y viabilidad de la pesquisa propuesta (hasta 3,0 puntos); revisi\u00f3n de la literatura (hasta 2,0 puntos); objetivos y metodolog\u00eda (hasta 2,0 puntos); claridad de las ideas presentadas (hasta 1,5 puntos); aspectos de correcci\u00f3n y adecuaci\u00f3n de la escrita (hasta 1,5 puntos). La suma total de todos los elementos ser\u00e1 de un m\u00e1ximo de 10 puntos.<\/span><\/p>\n<p class=\"Standard\" style=\"text-align: justify\"><span style=\"font-family: 'Arial','sans-serif'\">\u00a0<\/span><\/p>\n<p class=\"Standard\" style=\"text-align: justify\"><strong><span style=\"font-family: 'Arial','sans-serif'\">Segunda fase<\/span><\/strong><\/p>\n<p class=\"Standard\" style=\"text-align: justify\"><span style=\"font-family: 'Arial','sans-serif'\">\u00a0<\/span><span style=\"font-family: 'Arial','sans-serif'\">En la segunda fase, la evaluaci\u00f3n de la defensa del proyecto de tesis a ser desarrollado en el Doctorado, frente a evaluadores del PPGL, debiendo el candidato obtener nota m\u00ednima de 7,0. La evaluaci\u00f3n es de car\u00e1cter eliminatorio y ser\u00e1 realizada por evaluadores espec\u00edficos con docentes del PPGL.<\/span><\/p>\n<p class=\"Standard\" style=\"text-align: justify\"><span style=\"font-family: 'Arial','sans-serif'\">\u00a0<\/span><span style=\"font-family: 'Arial','sans-serif'\">En la segunda fase, ser\u00e1n considerados los siguientes criterios de evaluaci\u00f3n: relevancia y viabilidad de la pesquisa propuesta (hasta 3,o puntos); revisi\u00f3n de la literatura (hasta 2,0 puntos); objetivos y metodolog\u00eda (hasta 2,0 puntos); claridad de las ideas presentadas (hasta 1,5 puntos); aspectos de correcci\u00f3n y adecuaci\u00f3n de la esrita (hasta 1,5 puntos). La suma total de todos los elementos ser\u00e1 de un m\u00e1ximo de 10 puntos.<\/span><\/p>\n<p class=\"Standard\" style=\"text-align: justify\"><span style=\"font-family: 'Arial','sans-serif'\">\u00a0<\/span><\/p>\n<p class=\"Standard\" style=\"text-align: justify\"><strong><span style=\"font-family: 'Arial','sans-serif'\">Tercera fase<\/span><\/strong><\/p>\n<p class=\"Standard\" style=\"text-align: justify\"><span style=\"font-family: 'Arial','sans-serif'\">\u00a0<\/span><span style=\"font-family: 'Arial','sans-serif'\">En la tercera fase, la evaluaci\u00f3n Curr\u00edculum Vitae comprobado, seg\u00fan criterios establecidos en la Tabla de Puntuaci\u00f3n del curriculum vitae (Anexo 2) y detallados en el formulario de Comprobaci\u00f3n de Curriculum vitae (Anexo 1). Esa etapa es clasificatoria.<\/span><\/p>\n<p class=\"Standard\" style=\"text-align: justify\"><span style=\"font-family: 'Arial','sans-serif'\">\u00a0<\/span><span style=\"font-family: 'Arial','sans-serif'\">En el an\u00e1lisis del curr\u00edculum vitae: para puntuaci\u00f3n del an\u00e1lisis curricular, ser\u00e1n utilizados los criterios establecidos y detallados en el Anexo 1, que deber\u00e1 ser cumplimentado de acuerdo con el Anexo 2 y considerar las siguientes actividades:<\/span><\/p>\n<p class=\"Standard\" style=\"text-align: justify\"><span style=\"font-family: 'Arial','sans-serif'\">\u00a0<\/span><span style=\"font-family: 'Arial','sans-serif'\">I. grados y t\u00edtulos acad\u00e9micos;<\/span><\/p>\n<p class=\"Standard\" style=\"text-align: justify\"><span style=\"font-family: 'Arial','sans-serif'\">II. producci\u00f3n t\u00e9cnica y cient\u00edfica en los \u00faltimos cinco a\u00f1os;<\/span><\/p>\n<p class=\"Standard\" style=\"text-align: justify\"><span style=\"font-family: 'Arial','sans-serif'\">III. actividades acad\u00e9micas y cient\u00edficas en los \u00faltimos cinco a\u00f1os;<\/span><\/p>\n<p class=\"Standard\" style=\"text-align: justify\"><span style=\"font-family: 'Arial','sans-serif'\">IV. experiencia profesional en el \u00e1rea en los \u00faltimos cinco a\u00f1os.<\/span><\/p>\n<p class=\"Standard\" style=\"text-align: justify\"><span style=\"font-family: 'Arial','sans-serif'\">\u00a0<\/span><\/p>\n<p class=\"Standard\" style=\"text-align: justify\"><span style=\"font-family: 'Arial','sans-serif'\">2. Para la clasificaci\u00f3n:<\/span><\/p>\n<p class=\"Standard\" style=\"text-align: justify\"><span style=\"font-family: 'Arial','sans-serif'\">\u00a0<\/span><span style=\"font-family: 'Arial','sans-serif'\">a) Evaluaci\u00f3n del Proyecto de tesis &#8211; Peso 3,5<\/span><\/p>\n<p class=\"Standard\" style=\"text-align: justify\"><span style=\"font-family: 'Arial','sans-serif'\">b) Evaluaci\u00f3n de la defensa del Proyecto de tesis &#8211; Peso 3,5<\/span><\/p>\n<p class=\"Standard\" style=\"text-align: justify\"><span style=\"font-family: 'Arial','sans-serif'\">c) An\u00e1lisis del curr\u00edculum vitae &#8211; Peso 3,0<\/span><\/p>\n<p class=\"Standard\" style=\"text-align: justify\"><span style=\"font-family: 'Arial','sans-serif'\">d) La nota final que ser\u00e1 la resultante de la suma: [(Peso 3,5)] Proyecto de tesis + (Peso 3,5) defensa del Proyecto de <\/span><\/p>\n<p class=\"Standard\" style=\"text-align: justify\"><span style=\"font-family: 'Arial','sans-serif'\">tesis + (Peso 3,0) an\u00e1lisis del curr\u00edculum]<\/span><\/p>\n<p class=\"Standard\" style=\"text-align: justify\"><span style=\"font-family: 'Arial','sans-serif'\">\u00a0<\/span><\/p>\n<p class=\"Standard\" style=\"text-align: justify\"><span style=\"font-family: 'Arial','sans-serif'\">El numero de vacantes es divulgado por el Programa en el lanzamiento de cada edicto de selecci\u00f3n, siendo veinticinco por ciento (25%) de las vacantes reservadas para personas negras, quilombolas, ind\u00edgenas o deficientes.<\/span><\/p>\n<p class=\"Standard\" style=\"text-align: justify\"><span style=\"font-family: 'Arial','sans-serif'\">\u00a0<\/span><span style=\"font-family: 'Arial','sans-serif'\">No ser\u00e1 exigido, en el momento de la inscripci\u00f3n, aprobaci\u00f3n en prueba de competencia en lenguas, la cual podr\u00e1 ser presentada en el transcurrir del primer a\u00f1o de ingreso en el Programa. El doctorando debe comprobar competencia en lengua extranjera diferente de aquella presentada cuando recibe la titulaci\u00f3n de Maestro. Ser\u00e1n\u00a0<\/span><span style=\"font-family: 'Arial','sans-serif'\">aceptos comprobantes de aprobaci\u00f3n en prueba de competencia en lectura, en lengua extranjera (alem\u00e1n, espa\u00f1ol, franc\u00e9s o ingl\u00e9s) emitido o reconocido por el Centro de Letras e Comunica\u00e7\u00e3o de la UFPEL (se reconocen certificaciones internacionales o aquellas emitidas por otra IES).<\/span><\/p>\n<p class=\"Standard\" style=\"text-align: justify\"><span style=\"font-family: 'Arial','sans-serif'\">\u00a0<\/span><\/p>\n<ul>\n<li class=\"Standard\" style=\"text-align: justify\"><span style=\"font-family: 'Arial','sans-serif'\">Ingreso como alumno especial<\/span><\/li>\n<\/ul>\n<p><span style=\"font-family: 'Arial','sans-serif'\">Proceso de selecci\u00f3n de candidatos interesados en cursar asignaturas optativas como alumno en r\u00e9gimen especial.<\/span><\/p>\n<p class=\"Standard\" style=\"text-align: justify\"><span style=\"font-family: 'Arial','sans-serif'\">\u00a0<\/span><span style=\"font-family: 'Arial','sans-serif'\">Podr\u00e1n inscribirse como candidatos o Graduados en Letras o \u00e1reas afines, que poseen Maestr\u00eda en Letras o \u00e1reas afines, quedando la homologaci\u00f3n a criterio de la Coordinaci\u00f3n del Programa.<\/span><\/p>\n","protected":false},"excerpt":{"rendered":"<p>Hay dos modalidades de ingreso en el PPG Letras UFPEL, como alumno especial y como alumno regular del Programa. \u00a0 Ingreso como alumno regular Proceso de selecci\u00f3n de candidatos interesados en ingresar en el Programa como alumno regular del Curso. \u00a0Podr\u00e1n inscribirse como candidatos, los Graduados en Letras o \u00e1reas afines, que poseen Maestr\u00eda en [&hellip;]<\/p>\n","protected":false},"author":253,"featured_media":0,"parent":3877,"menu_order":1,"comment_status":"closed","ping_status":"closed","template":"","meta":{"jetpack_post_was_ever_published":false,"footnotes":""},"class_list":["post-3886","page","type-page","status-publish","hentry"],"jetpack_sharing_enabled":true,"jetpack_shortlink":"https:\/\/wp.me\/P8vD3Q-10G","_links":{"self":[{"href":"https:\/\/wp.ufpel.edu.br\/ppgl\/wp-json\/wp\/v2\/pages\/3886","targetHints":{"allow":["GET"]}}],"collection":[{"href":"https:\/\/wp.ufpel.edu.br\/ppgl\/wp-json\/wp\/v2\/pages"}],"about":[{"href":"https:\/\/wp.ufpel.edu.br\/ppgl\/wp-json\/wp\/v2\/types\/page"}],"author":[{"embeddable":true,"href":"https:\/\/wp.ufpel.edu.br\/ppgl\/wp-json\/wp\/v2\/users\/253"}],"replies":[{"embeddable":true,"href":"https:\/\/wp.ufpel.edu.br\/ppgl\/wp-json\/wp\/v2\/comments?post=3886"}],"version-history":[{"count":1,"href":"https:\/\/wp.ufpel.edu.br\/ppgl\/wp-json\/wp\/v2\/pages\/3886\/revisions"}],"predecessor-version":[{"id":3888,"href":"https:\/\/wp.ufpel.edu.br\/ppgl\/wp-json\/wp\/v2\/pages\/3886\/revisions\/3888"}],"up":[{"embeddable":true,"href":"https:\/\/wp.ufpel.edu.br\/ppgl\/wp-json\/wp\/v2\/pages\/3877"}],"wp:attachment":[{"href":"https:\/\/wp.ufpel.edu.br\/ppgl\/wp-json\/wp\/v2\/media?parent=3886"}],"curies":[{"name":"wp","href":"https:\/\/api.w.org\/{rel}","templated":true}]}}