{"id":3872,"date":"2019-08-11T19:30:48","date_gmt":"2019-08-11T22:30:48","guid":{"rendered":"https:\/\/wp.ufpel.edu.br\/ppgl\/?page_id=3872"},"modified":"2019-09-03T11:43:39","modified_gmt":"2019-09-03T14:43:39","slug":"texto-discurso-y-relaciones-sociales","status":"publish","type":"page","link":"https:\/\/wp.ufpel.edu.br\/ppgl\/es\/maestros\/texto-discurso-y-relaciones-sociales\/","title":{"rendered":"Texto, discurso y relaciones sociales"},"content":{"rendered":"<p>&nbsp;<\/p>\n<p><strong>Adail Sobral\u00a0 <\/strong><a href=\"https:\/\/wp.ufpel.edu.br\/ppgl\/docentes\/texto-discurso-e-relacoes-sociais\/adail.sobral@gmail.com\"><strong>adail.sobral@gmail.com<\/strong><\/a><\/p>\n<p style=\"text-align: justify\">L\u00ednea de investigaci\u00f3n: Texto, discurso y relaciones sociales.<\/p>\n<p style=\"text-align: justify\">\u00c1reas de inter\u00e9s: discursividades, producci\u00f3n de sentido, dialogismo, ense\u00f1anza de lenguas, variaci\u00f3n ling\u00fc\u00edstica, traducci\u00f3n, transculturalidad.<\/p>\n<p style=\"text-align: justify\">Proyecto en ejecuci\u00f3n: Producci\u00f3n de la lectura en diferentes materialidades.<\/p>\n<p><a href=\"http:\/\/lattes.cnpq.br\/0397923948069690\">CV Lattes<\/a><\/p>\n<p>&nbsp;<\/p>\n<p><strong>Aracy Gra\u00e7a Ernst\u00a0\u00a0<\/strong><a href=\"https:\/\/wp.ufpel.edu.br\/ppgl\/docentes\/texto-discurso-e-relacoes-sociais\/aracyep@gmail.com\"><strong>aracyep@gmail.com<\/strong><\/a><\/p>\n<p style=\"text-align: justify\">L\u00ednea: Texto, discurso y relaciones sociales.<br \/>\n\u00c1reas de inter\u00e9s: discurso proverbial, reescrituras de los cuentos de hadas, cuerpo y subjetividad, ideolog\u00eda y ense\u00f1anza, pol\u00edtica e ideolog\u00eda, pol\u00edtica y medios de comunicaci\u00f3n.<\/p>\n<p style=\"text-align: justify\">Proyecto en ejecuci\u00f3n: Producci\u00f3n de la lectura en diferentes materialidades.<\/p>\n<p><a href=\"http:\/\/lattes.cnpq.br\/0111697525286894\">CV Lattes<\/a><\/p>\n<p>&nbsp;<\/p>\n<p><strong>Cleide In\u00eas Wittke\u00a0<\/strong><a href=\"mailto:cleideinesw@yahoo.com.br\"><strong>cleideinesw@yahoo.com.br<\/strong><\/a><strong>\u00a0<\/strong><\/p>\n<p style=\"text-align: justify\">L\u00ednea: Texto, discurso y relaciones sociales<br \/>\n\u00c1reas de inter\u00e9s: ense\u00f1anza de la lengua materna, par\u00e1metros curriculares, discurso y gram\u00e1tica, texto, sentido, g\u00e9neros textuales, formaci\u00f3n de profesores.<\/p>\n<p style=\"text-align: justify\">Proyecto en ejecuci\u00f3n: El texto\/g\u00e9nero textual como objeto de estudio en la ense\u00f1anza de la lengua: estrategias para desarrollar la capacidad lectora y sus efectos en la expresi\u00f3n escrita.<\/p>\n<p><a href=\"http:\/\/lattes.cnpq.br\/9271700127440992\">CV Lattes<\/a><\/p>\n<p>&nbsp;<\/p>\n<p><strong>Daiane Neumann\u00a0<\/strong><a href=\"mailto:daiane_neumann@hotmail.com\"><strong>daiane_neumann@hotmail.com<\/strong><br \/>\n<\/a><\/p>\n<p style=\"text-align: justify\">L\u00ednea: Texto, discurso y relaciones sociales<\/p>\n<p style=\"text-align: justify\">\u00c1reas de inter\u00e9s: La po\u00e9tica de H. Meschonnic; la obra\u202fde \u00c9. Benveniste; la ling\u00fc\u00edstica saussuriana; la relaci\u00f3n entre lengua y literatura; el ritmo y la voz en los textos literarios; traducci\u00f3n.<\/p>\n<p style=\"text-align: justify\">Proyectos en ejecuci\u00f3n : El proceso de construcci\u00f3n de la significaci\u00f3n en el discurso; La po\u00e9tica de la voz: cuestiones de traducci\u00f3n y Retorno a Saussure: relecturas.<\/p>\n<p><a href=\"http:\/\/lattes.cnpq.br\/9399552968699184\">CV Lattes<\/a><\/p>\n<p>&nbsp;<\/p>\n<p><strong>Karina Giacomelli\u00a0<\/strong><a href=\"mailto:karina.giacomelli@gmail.com\"><strong>karina.giacomelli@gmail.com<\/strong><\/a><strong>\u00a0<\/strong><\/p>\n<p style=\"text-align: justify\">L\u00ednea: Texto, discurso y relaciones sociales<br \/>\n\u00c1reas de inter\u00e9s: enunciaci\u00f3n, discurso, ense\u00f1anza, libro de texto y Programa Institucional Brasile\u00f1o de Becas para la Iniciaci\u00f3n a la docencia.<\/p>\n<p style=\"text-align: justify\">Proyecto en ejecuci\u00f3n: La caracterizaci\u00f3n del lenguaje en Bakhtin y Voloshinov.<\/p>\n<p><a href=\"http:\/\/lattes.cnpq.br\/0288454660583513\">CV Lattes<\/a><\/p>\n<p>&nbsp;<\/p>\n<p><strong>Luciana Iost Vinhas\u00a0<\/strong><a href=\"mailto:lucianavinhas@gmail.com\"><strong>lucianavinhas@gmail.com<\/strong><\/a><strong>\u00a0<\/strong><\/p>\n<p style=\"text-align: justify\">L\u00ednea: Texto, discurso y relaciones sociales<br \/>\n\u00c1reas de inter\u00e9s: Texto, enunciaci\u00f3n y discurso; An\u00e1lisis del Discurso y voz; An\u00e1lisis del Discurso y Psicoan\u00e1lisis.<\/p>\n<p style=\"text-align: justify\">Proyectos en ejecuci\u00f3n: La voz de las encarceladas a la luz de An\u00e1lisis del Discurso y \u201cRemontemos\u201d de P\u00eacheux a Saussure: el caso de los anagramas.<\/p>\n<p><a href=\"http:\/\/lattes.cnpq.br\/2001548222755825\">CV Lattes<\/a><\/p>\n<p>&nbsp;<\/p>\n<p><strong>Raquel da Cunha Recuero\u00a0<\/strong><a href=\"mailto:raquelrecuero@gmail.com\"><strong>raquelrecuero@gmail.com<\/strong><\/a><\/p>\n<p style=\"text-align: justify\">L\u00ednea: Texto, discurso y relaciones sociales.<br \/>\n\u00c1reas de inter\u00e9s: Comunicaci\u00f3n y Ling\u00fc\u00edstica Aplicada, redes sociales en Internet, discurso mediado por computadoras y difusi\u00f3n de informaciones en Internet.<\/p>\n<p style=\"text-align: justify\">Proyecto en ejecuci\u00f3n: Violencia, Discurso y Juegos.<\/p>\n<p><a href=\"http:\/\/lattes.cnpq.br\/7230106202961229\">CV Lattes<\/a><\/p>\n","protected":false},"excerpt":{"rendered":"<p>&nbsp; Adail Sobral\u00a0 adail.sobral@gmail.com L\u00ednea de investigaci\u00f3n: Texto, discurso y relaciones sociales. \u00c1reas de inter\u00e9s: discursividades, producci\u00f3n de sentido, dialogismo, ense\u00f1anza de lenguas, variaci\u00f3n ling\u00fc\u00edstica, traducci\u00f3n, transculturalidad. Proyecto en ejecuci\u00f3n: Producci\u00f3n de la lectura en diferentes materialidades. CV Lattes &nbsp; Aracy Gra\u00e7a Ernst\u00a0\u00a0aracyep@gmail.com L\u00ednea: Texto, discurso y relaciones sociales. \u00c1reas de inter\u00e9s: discurso proverbial, reescrituras [&hellip;]<\/p>\n","protected":false},"author":253,"featured_media":0,"parent":3863,"menu_order":2,"comment_status":"closed","ping_status":"closed","template":"","meta":{"jetpack_post_was_ever_published":false,"footnotes":""},"class_list":["post-3872","page","type-page","status-publish","hentry"],"jetpack_sharing_enabled":true,"jetpack_shortlink":"https:\/\/wp.me\/P8vD3Q-10s","_links":{"self":[{"href":"https:\/\/wp.ufpel.edu.br\/ppgl\/wp-json\/wp\/v2\/pages\/3872","targetHints":{"allow":["GET"]}}],"collection":[{"href":"https:\/\/wp.ufpel.edu.br\/ppgl\/wp-json\/wp\/v2\/pages"}],"about":[{"href":"https:\/\/wp.ufpel.edu.br\/ppgl\/wp-json\/wp\/v2\/types\/page"}],"author":[{"embeddable":true,"href":"https:\/\/wp.ufpel.edu.br\/ppgl\/wp-json\/wp\/v2\/users\/253"}],"replies":[{"embeddable":true,"href":"https:\/\/wp.ufpel.edu.br\/ppgl\/wp-json\/wp\/v2\/comments?post=3872"}],"version-history":[{"count":3,"href":"https:\/\/wp.ufpel.edu.br\/ppgl\/wp-json\/wp\/v2\/pages\/3872\/revisions"}],"predecessor-version":[{"id":4020,"href":"https:\/\/wp.ufpel.edu.br\/ppgl\/wp-json\/wp\/v2\/pages\/3872\/revisions\/4020"}],"up":[{"embeddable":true,"href":"https:\/\/wp.ufpel.edu.br\/ppgl\/wp-json\/wp\/v2\/pages\/3863"}],"wp:attachment":[{"href":"https:\/\/wp.ufpel.edu.br\/ppgl\/wp-json\/wp\/v2\/media?parent=3872"}],"curies":[{"name":"wp","href":"https:\/\/api.w.org\/{rel}","templated":true}]}}