{"id":3869,"date":"2019-07-19T09:35:58","date_gmt":"2019-07-19T12:35:58","guid":{"rendered":"https:\/\/wp.ufpel.edu.br\/ppgl\/?page_id=3869"},"modified":"2019-09-03T11:24:46","modified_gmt":"2019-09-03T14:24:46","slug":"adquisicion-variacion-y-ensenanza","status":"publish","type":"page","link":"https:\/\/wp.ufpel.edu.br\/ppgl\/es\/maestros\/adquisicion-variacion-y-ensenanza\/","title":{"rendered":"Adquisici\u00f3n, Variaci\u00f3n y Ense\u00f1anza"},"content":{"rendered":"<p><strong>Ana Ruth Moresco Miranda <\/strong><a href=\"mailto:anaruthmmiranda@gmail.com\">anaruthmmiranda@gmail.com<\/a><\/p>\n<p style=\"text-align: justify\">L\u00ednea: Adquisici\u00f3n, variaci\u00f3n y ense\u00f1anza<\/p>\n<p style=\"text-align: justify\">\u00c1reas de inter\u00e9s: adquisici\u00f3n de la fonolog\u00eda, adquisici\u00f3n de la escritura, adquisici\u00f3n del lenguaje, fonolog\u00eda y ense\u00f1anza de lengua materna.<\/p>\n<p style=\"text-align: justify\">Proyectos en curso: Datos acerca de la adquisici\u00f3n de la escritura: ortograf\u00eda y fonolog\u00eda; Observatorio de la Educaci\u00f3n: Pacto Nacional por la Alfabetizaci\u00f3n en la Edad Correcta: Formaci\u00f3n continuada de profesores y mejora de los \u00edndices de lectura y escritura en el ciclo inicial de alfabetizaci\u00f3n (1\u00b0 al 3\u00b0 a\u00f1o de la ense\u00f1anza primaria).<\/p>\n<p><a href=\"http:\/\/lattes.cnpq.br\/5342617922616660\">CV Lattes<\/a><\/p>\n<p>&nbsp;<\/p>\n<p><strong>Bernardo Kolling Limberger<\/strong>\u00a0\u00a0<a href=\"https:\/\/wp.ufpel.edu.br\/ppgl\/docentes\/estudos-da-linguagem\/limberger.bernardo@gmail.com\">limberger.bernardo@gmail.com<\/a><\/p>\n<p>L\u00ednea: Adquisici\u00f3n, variaci\u00f3n y ense\u00f1anza<\/p>\n<p>\u00c1reas de inter\u00e9s: Psicoling\u00fc\u00edstica, biling\u00fcismo\/multiling\u00fcismo, dialectolog\u00eda y ciencia de la lectura.<\/p>\n<p>Proyectos en curso: La competencia lectora y el cerebro de biling\u00fces hablantes de hunsriqueano: un estudio multidisciplinar; Procesamiento de la lectura en lenguas minoritarias y adicionales.<\/p>\n<p><a href=\"http:\/\/lattes.cnpq.br\/4045334825113050\">CV Lattes<\/a><\/p>\n<p>&nbsp;<\/p>\n<p><strong>Carmen L\u00facia Barreto Matzenauer<\/strong><strong>\u00a0\u00a0<\/strong><a href=\"https:\/\/wp.ufpel.edu.br\/ppgl\/docentes\/estudos-da-linguagem\/carmen.matzenauer@gmail.com\">carmen.matzenauer@gmail.com<\/a><\/p>\n<p style=\"text-align: justify\">L\u00ednea: Adquisici\u00f3n, variaci\u00f3n y ense\u00f1anza<\/p>\n<p style=\"text-align: justify\">\u00c1reas de inter\u00e9s: Adquisici\u00f3n de la fonolog\u00eda, Fonolog\u00eda Cl\u00ednica, Variaci\u00f3n Fonol\u00f3gica, Fonolog\u00eda del Portugu\u00e9s, Comparaci\u00f3n entre Sistemas Fonol\u00f3gicos, Teor\u00eda Fonol\u00f3gica.<\/p>\n<p style=\"text-align: justify\">Proyecto en curso: Fonolog\u00eda en la Adquisici\u00f3n del Lenguaje \u2013 Producci\u00f3n y Percepci\u00f3n.<\/p>\n<p><a href=\"http:\/\/lattes.cnpq.br\/8424037117639177\">CV Lattes<\/a><\/p>\n<p>&nbsp;<\/p>\n<p><strong>Giovana Ferreira-Gon\u00e7alves <\/strong><a href=\"mailto:giovanaferreiragoncalves@gmail.com\">giovanaferreiragoncalves@gmail.com<\/a><\/p>\n<p style=\"text-align: justify\">L\u00ednea: Adquisici\u00f3n, variaci\u00f3n y ense\u00f1anza<\/p>\n<p style=\"text-align: justify\">\u00c1reas de inter\u00e9s: Teor\u00eda y An\u00e1lisis Ling\u00fc\u00edstica \u2013 Teor\u00eda de la Optimidad \u2013 y Adquisici\u00f3n Fonol\u00f3gica<\/p>\n<p style=\"text-align: justify\">Proyectos en curso: Adquisici\u00f3n de la fonolog\u00eda \u2013 emergencia de gestos articulatorios como unidades de representaci\u00f3n; El papel de la frecuencia lexical y segmentar\u00eda en la formaci\u00f3n de la gram\u00e1tica de fonaci\u00f3n en ni\u00f1os de 1-4 a\u00f1os.<\/p>\n<p><a href=\"http:\/\/lattes.cnpq.br\/1966228513900929\">CV Lattes<\/a><\/p>\n<p>&nbsp;<\/p>\n<p><strong>Isabella Ferreira Mozzillo <\/strong><a href=\"mailto:isabellamozzillo@gmail.com\">isabellamozzillo@gmail.com<\/a><\/p>\n<p>L\u00ednea: Adquisici\u00f3n, variaci\u00f3n y ense\u00f1anza<\/p>\n<p style=\"text-align: justify\">\u00c1reas de inter\u00e9s: biling\u00fcismo, contacto ling\u00fc\u00edstico, ense\u00f1anza y aprendizaje de franc\u00e9s, formaci\u00f3n y desarrollo del profesional de lengua extranjera.<\/p>\n<p style=\"text-align: justify\">Proyectos en curso: Fen\u00f3menos y contextos de Lenguas en Contacto.<\/p>\n<p><a href=\"http:\/\/lattes.cnpq.br\/9812747786053690\">CV Lattes<\/a><\/p>\n<p>&nbsp;<\/p>\n<p><strong>Leticia Fonseca Richthofen de Freitas<\/strong> <a href=\"mailto:letirfreitas@gmail.com\">letirfreitas@gmail.com<\/a><\/p>\n<p>L\u00ednea: Adquisici\u00f3n, variaci\u00f3n y ense\u00f1anza<\/p>\n<p style=\"text-align: justify\">\u00c1reas de inter\u00e9s: Actuaciones narrativas, procesos de constituci\u00f3n identitaria, pedagog\u00edas culturales, ideolog\u00edas ling\u00fc\u00edsticas.<\/p>\n<p style=\"text-align: justify\">Proyectos en curso: Lenguaje, G\u00e9nero y Poder en narrativas de profesor@s y de alumn@as.<\/p>\n<p><a href=\"http:\/\/lattes.cnpq.br\/9914415339003085\">CV Lattes<\/a><\/p>\n<p>&nbsp;<\/p>\n<p><strong>Mirian Rose Brum-de-Paula<\/strong> <a href=\"mailto:brumdepaula@yahoo.fr\">brumdepaula@yahoo.fr<\/a><\/p>\n<p style=\"text-align: justify\">L\u00ednea: Adquisici\u00f3n, variaci\u00f3n y ense\u00f1anza<\/p>\n<p style=\"text-align: justify\">\u00c1reas de inter\u00e9s: adquisici\u00f3n fonol\u00f3gica, adquisici\u00f3n de la temporalidad morfol\u00f3gica, categorizaci\u00f3n y cognici\u00f3n.<\/p>\n<p style=\"text-align: justify\">Proyecto en curso: Din\u00e1mica de los movimientos articulatorios: est\u00e1ndares de vocales y consonantes l\u00edquidas del Portugu\u00e9s Brasile\u00f1o.<\/p>\n<p><a href=\"http:\/\/lattes.cnpq.br\/8713626789041848\">CV Lattes<\/a><\/p>\n<p>&nbsp;<\/p>\n<p><strong>Rafael Vetromille-Castro<\/strong> <a href=\"mailto:vetromillecastro@gmail.com\">vetromillecastro@gmail.com<\/a><\/p>\n<p style=\"text-align: justify\">L\u00ednea: Adquisici\u00f3n, variaci\u00f3n y ense\u00f1anza<\/p>\n<p style=\"text-align: justify\">\u00c0reas de inter\u00e9s: Ling\u00fc\u00edstica Aplicada y Complejidad en la intersecci\u00f3n con formaci\u00f3n de profesores, ense\u00f1anza\/aprendizaje de lenguas y CALL.<\/p>\n<p style=\"text-align: justify\">Proyectos en curso: Lenguas extranjeras: perspectivas emergentes en aprendizaje de lenguas, elaboraci\u00f3n de materiales y formaci\u00f3n de profesores.<\/p>\n<p><a href=\"http:\/\/lattes.cnpq.br\/3640307400529210\">CV Lattes<\/a><\/p>\n<p>&nbsp;<\/p>\n<p><strong>Roberta Rego Rodrigues <\/strong><a href=\"mailto:betareseau@gmail.com\">betareseau@gmail.com<\/a><\/p>\n<p style=\"text-align: justify\">L\u00ednea: Adquisici\u00f3n, variaci\u00f3n y ense\u00f1anza<\/p>\n<p style=\"text-align: justify\">\u00c1reas de inter\u00e9s: estil\u00edstica traductora basada en corpus y ling\u00fc\u00edstica sist\u00e9mico-funcional.<\/p>\n<p style=\"text-align: justify\">Proyecto en curso: Teor\u00eda y pr\u00e1ctica en traducci\u00f3n para traductores en formaci\u00f3n.<\/p>\n<p><a href=\"http:\/\/lattes.cnpq.br\/6281175549996840\">CV Lattes<\/a><\/p>\n<p>&nbsp;<\/p>\n<p><strong>Tatiana Bolivar Lebedeff<\/strong> <a href=\"mailto:tblebedeff@gmail.com\">tblebedeff@gmail.com<\/a><\/p>\n<p style=\"text-align: justify\">L\u00ednea: Adquisici\u00f3n, variaci\u00f3n y ense\u00f1anza<\/p>\n<p style=\"text-align: justify\">\u00c1reas de inter\u00e9s:<\/p>\n<p style=\"text-align: justify\">Proyectos en curso: Producciones Culturales Sordas en el Contexto de la Educaci\u00f3n Biling\u00fce; Abordaje comunicativa, objetos de aprendizaje para la ense\u00f1anza de lenguas y el lugar de la cultura en la ense\u00f1anza de lenguas de se\u00f1ales.<\/p>\n<p><a href=\"http:\/\/lattes.cnpq.br\/0081286250806899\">CV Lattes<\/a><\/p>\n<p>&nbsp;<\/p>\n<p><strong>Vilson Jos\u00e9 Leffa<\/strong>\u00a0\u00a0<a href=\"https:\/\/wp.ufpel.edu.br\/ppgl\/docentes\/estudos-da-linguagem\/leffav@gmail.com\">leffav@gmail.com<\/a><\/p>\n<p>L\u00ednea: Adquisici\u00f3n, variaci\u00f3n y ense\u00f1anza<\/p>\n<p>\u00c1reas de inter\u00e9s: ense\u00f1anza de lenguas, alfabetizaciones digitales, pedagog\u00eda cr\u00edtica.<\/p>\n<p>Proyecto en curso: Design Receptivo para la ense\u00f1anza de Lenguas Online \u00a0<a href=\"http:\/\/www.elo.pro.br\/cloud\/\">http:\/\/www.elo.pro.br\/cloud\/<\/a><\/p>\n<p><a href=\"http:\/\/lattes.cnpq.br\/7239316228662609\">CV Lattes<\/a><\/p>\n<p>&nbsp;<\/p>\n","protected":false},"excerpt":{"rendered":"<p>Ana Ruth Moresco Miranda anaruthmmiranda@gmail.com L\u00ednea: Adquisici\u00f3n, variaci\u00f3n y ense\u00f1anza \u00c1reas de inter\u00e9s: adquisici\u00f3n de la fonolog\u00eda, adquisici\u00f3n de la escritura, adquisici\u00f3n del lenguaje, fonolog\u00eda y ense\u00f1anza de lengua materna. Proyectos en curso: Datos acerca de la adquisici\u00f3n de la escritura: ortograf\u00eda y fonolog\u00eda; Observatorio de la Educaci\u00f3n: Pacto Nacional por la Alfabetizaci\u00f3n en la [&hellip;]<\/p>\n","protected":false},"author":253,"featured_media":0,"parent":3863,"menu_order":1,"comment_status":"closed","ping_status":"closed","template":"","meta":{"jetpack_post_was_ever_published":false,"footnotes":""},"class_list":["post-3869","page","type-page","status-publish","hentry"],"jetpack_sharing_enabled":true,"jetpack_shortlink":"https:\/\/wp.me\/P8vD3Q-10p","_links":{"self":[{"href":"https:\/\/wp.ufpel.edu.br\/ppgl\/wp-json\/wp\/v2\/pages\/3869","targetHints":{"allow":["GET"]}}],"collection":[{"href":"https:\/\/wp.ufpel.edu.br\/ppgl\/wp-json\/wp\/v2\/pages"}],"about":[{"href":"https:\/\/wp.ufpel.edu.br\/ppgl\/wp-json\/wp\/v2\/types\/page"}],"author":[{"embeddable":true,"href":"https:\/\/wp.ufpel.edu.br\/ppgl\/wp-json\/wp\/v2\/users\/253"}],"replies":[{"embeddable":true,"href":"https:\/\/wp.ufpel.edu.br\/ppgl\/wp-json\/wp\/v2\/comments?post=3869"}],"version-history":[{"count":3,"href":"https:\/\/wp.ufpel.edu.br\/ppgl\/wp-json\/wp\/v2\/pages\/3869\/revisions"}],"predecessor-version":[{"id":4017,"href":"https:\/\/wp.ufpel.edu.br\/ppgl\/wp-json\/wp\/v2\/pages\/3869\/revisions\/4017"}],"up":[{"embeddable":true,"href":"https:\/\/wp.ufpel.edu.br\/ppgl\/wp-json\/wp\/v2\/pages\/3863"}],"wp:attachment":[{"href":"https:\/\/wp.ufpel.edu.br\/ppgl\/wp-json\/wp\/v2\/media?parent=3869"}],"curies":[{"name":"wp","href":"https:\/\/api.w.org\/{rel}","templated":true}]}}