{"id":3813,"date":"2019-07-18T10:50:52","date_gmt":"2019-07-18T13:50:52","guid":{"rendered":"https:\/\/wp.ufpel.edu.br\/ppgl\/?page_id=3813"},"modified":"2019-09-04T10:44:43","modified_gmt":"2019-09-04T13:44:43","slug":"contacto","status":"publish","type":"page","link":"https:\/\/wp.ufpel.edu.br\/ppgl\/es\/contacto\/","title":{"rendered":"Contacto"},"content":{"rendered":"<p>Programa de Posgrado en Letras<\/p>\n<p><em>Universidade Federal de Pelotas<\/em> (UFPel) \u2013 Campus Porto<\/p>\n<p>Edificio B \u2013 Centro de Letras y Comunicaci\u00f3n \u2013 planta baja, sala 102<\/p>\n<p>Calle Gomes Carneiro, 1 \u2013 Centro<\/p>\n<p>CEP 96010-610 \u2013 Pelotas, RS<\/p>\n<p>&nbsp;<\/p>\n<p>Tel\u00e9fono: +55 (53) 3284-3812<\/p>\n<p>Correo electr\u00f3nico: <a href=\"mailto:ppgl.ufpel@gmail.com\">ppgl.ufpel@gmail.com<\/a><\/p>\n<p>&nbsp;<\/p>\n<p class=\"Standard\"><span style=\"font-size: 18pt\"><strong><span style=\"font-family: 'Arial','sans-serif'\">Enlaces \u00fatiles:<\/span><\/strong><\/span><\/p>\n<h3><a href=\"http:\/\/portal.ufpel.edu.br\/\">Universidade Federal de Pelotas (UFPel)\u00a0<\/a><span style=\"font-family: 'Arial','sans-serif'\">Universidad Federal de Pelotas (UFPel)<\/span><\/h3>\n<p>&nbsp;<\/p>\n<h3><a href=\"https:\/\/wp.ufpel.edu.br\/clc\">Centro de Letras e Comunica\u00e7\u00e3o &#8211; CLC\/UFPel <\/a>\u00a0(Centro de Letras y Comunicaci\u00f3n )<\/h3>\n","protected":false},"excerpt":{"rendered":"<p>Programa de Posgrado en Letras Universidade Federal de Pelotas (UFPel) \u2013 Campus Porto Edificio B \u2013 Centro de Letras y Comunicaci\u00f3n \u2013 planta baja, sala 102 Calle Gomes Carneiro, 1 \u2013 Centro CEP 96010-610 \u2013 Pelotas, RS &nbsp; Tel\u00e9fono: +55 (53) 3284-3812 Correo electr\u00f3nico: ppgl.ufpel@gmail.com &nbsp; Enlaces \u00fatiles: Universidade Federal de Pelotas (UFPel)\u00a0Universidad Federal de [&hellip;]<\/p>\n","protected":false},"author":253,"featured_media":0,"parent":0,"menu_order":8,"comment_status":"closed","ping_status":"closed","template":"","meta":{"jetpack_post_was_ever_published":false,"footnotes":""},"class_list":["post-3813","page","type-page","status-publish","hentry"],"jetpack_sharing_enabled":true,"jetpack_shortlink":"https:\/\/wp.me\/P8vD3Q-Zv","_links":{"self":[{"href":"https:\/\/wp.ufpel.edu.br\/ppgl\/wp-json\/wp\/v2\/pages\/3813","targetHints":{"allow":["GET"]}}],"collection":[{"href":"https:\/\/wp.ufpel.edu.br\/ppgl\/wp-json\/wp\/v2\/pages"}],"about":[{"href":"https:\/\/wp.ufpel.edu.br\/ppgl\/wp-json\/wp\/v2\/types\/page"}],"author":[{"embeddable":true,"href":"https:\/\/wp.ufpel.edu.br\/ppgl\/wp-json\/wp\/v2\/users\/253"}],"replies":[{"embeddable":true,"href":"https:\/\/wp.ufpel.edu.br\/ppgl\/wp-json\/wp\/v2\/comments?post=3813"}],"version-history":[{"count":3,"href":"https:\/\/wp.ufpel.edu.br\/ppgl\/wp-json\/wp\/v2\/pages\/3813\/revisions"}],"predecessor-version":[{"id":4036,"href":"https:\/\/wp.ufpel.edu.br\/ppgl\/wp-json\/wp\/v2\/pages\/3813\/revisions\/4036"}],"wp:attachment":[{"href":"https:\/\/wp.ufpel.edu.br\/ppgl\/wp-json\/wp\/v2\/media?parent=3813"}],"curies":[{"name":"wp","href":"https:\/\/api.w.org\/{rel}","templated":true}]}}