{"id":3792,"date":"2019-07-18T10:01:52","date_gmt":"2019-07-18T13:01:52","guid":{"rendered":"https:\/\/wp.ufpel.edu.br\/ppgl\/?page_id=3792"},"modified":"2019-09-04T10:32:29","modified_gmt":"2019-09-04T13:32:29","slug":"maestria-2","status":"publish","type":"page","link":"https:\/\/wp.ufpel.edu.br\/ppgl\/es\/plan-de-formacion-2\/maestria-2\/","title":{"rendered":"Maestr\u00eda"},"content":{"rendered":"<p style=\"text-align: justify\">El curso de Maestr\u00eda en Letras de UFPel se organiza como un conjunto integrado de asignaturas para garantizar el perfeccionamiento de la formaci\u00f3n ya adquirida por el estudiante y permitirle el desarrollo de estudios y de investigaciones que le posibiliten una cualificada actuaci\u00f3n profesional en el \u00e1rea de Letras, conforme el \u00e1reas de concentraci\u00f3n y l\u00ednea de investigaci\u00f3n elegidas.<\/p>\n<p style=\"text-align: justify\">El Curso de Maestr\u00eda en Letras de UFPel requiere el cumplimiento de una carga horaria m\u00ednima de 26 cr\u00e9ditos as\u00ed distribuidos:<\/p>\n<p style=\"text-align: justify\">I \u2013 asignaturas obligatorias, en un total de 10 (diez) cr\u00e9ditos;<\/p>\n<p style=\"text-align: justify\">II \u2013 asignaturas optativas y\/o T\u00f3picos Especiales, con total de 12 (doce) cr\u00e9ditos;<\/p>\n<p style=\"text-align: justify\">III \u2013 la tutor\u00eda para la disertaci\u00f3n es una asignatura de 2 (dos) cr\u00e9ditos.<\/p>\n<p style=\"text-align: justify\"><strong>Plazo para defensa de la disertaci\u00f3n: 24 meses (pudiendo llegar a 30 meses en casos excepcionales)<\/strong><\/p>\n<p style=\"text-align: justify\"><strong>Asignaturas obligatorias<\/strong> son las que representan el soporte formal e intelectual indispensable al desarrollo del Curso, constituy\u00e9ndose como cr\u00e9ditos de las asignaturas b\u00e1sicas del tronco com\u00fan para la Maestr\u00eda, seg\u00fan las \u00e1reas de concentraci\u00f3n.<\/p>\n<p style=\"text-align: justify\"><strong>Asignaturas optativas<\/strong> son las que tienen como objetivo la formaci\u00f3n del alumno en las diferentes l\u00edneas de investigaci\u00f3n del Curso. Las asignaturas de T\u00f3picos Especiales se configuran como asignaturas optativas de oferta no regular que abordan temas espec\u00edficos relacionados con las \u00e1reas de concentraci\u00f3n del Curso.<\/p>\n<p style=\"text-align: justify\">La matr\u00edcula en tutor\u00eda integra el conjunto de cr\u00e9ditos necesarios para la conclusi\u00f3n del curso. Solamente podr\u00e1n acceder a tutor\u00eda de disertaci\u00f3n quienes, al final del primer a\u00f1o de Maestr\u00eda, hayan completado 22 (veintid\u00f3s) cr\u00e9ditos.<\/p>\n<p style=\"text-align: justify\"><strong>Asignaturas obligatorias:<\/strong><\/p>\n<p style=\"text-align: justify\">Adquisici\u00f3n y Variaci\u00f3n del Lenguaje (4h) \u2013 L\u00ednea Adquisici\u00f3n, variaci\u00f3n y ense\u00f1anza<\/p>\n<p style=\"text-align: justify\">Texto y Discurso (4h) \u2013 L\u00ednea Texto, discurso y relaciones sociales<\/p>\n<p style=\"text-align: justify\">Literatura y Aportes Te\u00f3ricos Contempor\u00e1neos (4h) \u2013 L\u00ednea Literatura, cultura y traducci\u00f3n<\/p>\n<p style=\"text-align: justify\"><strong>\u00a0Disciplinas optativas:<\/strong><\/p>\n<p style=\"text-align: justify\"><strong>\u00a0L\u00ednea &#8211; Adquisici\u00f3n, variaci\u00f3n y ense\u00f1anza<\/strong><\/p>\n<p style=\"text-align: justify\">T\u00f3picos Especiales sobre Herramientas para el Tratamiento de los Datos Ling\u00fc\u00edsticos (4h)<\/p>\n<p style=\"text-align: justify\">T\u00f3picos Especiales sobre Lenguaje, Texto y Ense\u00f1anza (4h)<\/p>\n<p style=\"text-align: justify\">T\u00f3picos Especiales sobre: Lenguas en Contacto (4h)<\/p>\n<p style=\"text-align: justify\">T\u00f3picos Especiales sobre Modelos de An\u00e1lisis Fonol\u00f3gica (4h)<\/p>\n<p style=\"text-align: justify\">T\u00f3picos Especiales sobre Modelos en Emergencia en Adquisici\u00f3n de Lenguaje (4h)<\/p>\n<p style=\"text-align: justify\">T\u00f3picos Especiales sobre Nuevas Perspectivas de Aprendizaje de Lenguas (4h)<\/p>\n<p style=\"text-align: justify\">T\u00f3picos Especiales sobre Metodolog\u00edas Experimentales: la Ultrasonograf\u00eda aplicada al an\u00e1lisis ac\u00fastico del habla (4h)<\/p>\n<p style=\"text-align: justify\">T\u00f3picos Especiales sobre Teor\u00eda Fonol\u00f3gica: Adquisici\u00f3n y Variaci\u00f3n (4h)<\/p>\n<p style=\"text-align: justify\">T\u00f3picos Especiales sobre Lenguaje y Educaci\u00f3n (4h)<\/p>\n<p style=\"text-align: justify\">T\u00f3picos Especiales sobre Aprendizaje de Lenguas y Complejidad (4h)<\/p>\n<p style=\"text-align: justify\">T\u00f3picos Especiales sobre Ling\u00fc\u00edstica Aplicada (4h)<\/p>\n<p style=\"text-align: justify\">T\u00f3picos Especiales sobre Multimodalidad y Ense\u00f1anza de Lenguas \u2013 (2h)<\/p>\n<p style=\"text-align: justify\">T\u00f3picos Especiales sobre Metodolog\u00eda cuantitativa de An\u00e1lisis de Datos \u2013 (4h)<\/p>\n<p style=\"text-align: justify\">T\u00f3picos Especiales sobre\u00a0 Fon\u00e9tica Ac\u00fastica \u2013 (4h)<\/p>\n<p style=\"text-align: justify\">T\u00f3picos Especiales sobre Literacidad y Lectura \u2013 (4h)<\/p>\n<p style=\"text-align: justify\">T\u00f3picos Especiales sobre Fonol\u00f3gica y Adquisici\u00f3n de Lenguas \u2013 (4h)<\/p>\n<p style=\"text-align: justify\">T\u00f3picos Especiales sobre Fonolog\u00eda \u2013 Modelos no-lineales \u2013 (4h)<\/p>\n<p style=\"text-align: justify\">T\u00f3picos Especiales sobre Estudios de Adquisici\u00f3n del Lenguaje \u2013 (4h)<\/p>\n<p style=\"text-align: justify\">T\u00f3picos Especiales sobre Fonolog\u00eda \u2013 Fonolog\u00eda Articulatoria \u2013 (4h)<\/p>\n<p style=\"text-align: justify\"><strong>\u00a0L\u00ednea &#8211; Texto, discurso y relaciones sociales<\/strong><\/p>\n<p style=\"text-align: justify\">T\u00f3picos Especiales sobre Lenguaje e Interacci\u00f3n Social (4h)<\/p>\n<p style=\"text-align: justify\">T\u00f3picos Especiales sobre Desde la Epistemolog\u00eda de la Teor\u00eda de la Enunciaci\u00f3n hacia la Proposici\u00f3n de una Metasem\u00e1ntica (4h)<\/p>\n<p style=\"text-align: justify\">T\u00f3picos Especiales sobre Metodolog\u00eda de Investigaci\u00f3n en Internet (4h)<\/p>\n<p style=\"text-align: justify\">T\u00f3picos Especiales sobre Redes y Comunicaci\u00f3n Mediada por Computadoras (4h)<\/p>\n<p style=\"text-align: justify\">T\u00f3picos Especiales sobre Medios, Discurso y An\u00e1lisis de Redes Sociales I (4h)<\/p>\n<p style=\"text-align: justify\">T\u00f3picos Especiales sobre Medias, Discurso y An\u00e1lisis de Redes Sociales II (4h)<\/p>\n<p style=\"text-align: justify\">T\u00f3picos Especiales sobre An\u00e1lisis del Discurso: Lo pol\u00edtico en el Discurso y el Discurso en la Pol\u00edtica (4h)<\/p>\n<p style=\"text-align: justify\">T\u00f3picos Especiales sobre Lectura, Interpretaci\u00f3n y Sentido (4h)<\/p>\n<p style=\"text-align: justify\">T\u00f3picos Especiales sobre An\u00e1lisis del Discurso: Fundamentos Te\u00f3ricos y Princ\u00edpios Metodol\u00f3gicos (4h)<\/p>\n<p style=\"text-align: justify\">T\u00f3picos Especiais sobre Cuerpo y Discurso (4h)<\/p>\n<p style=\"text-align: justify\">T\u00f3picos Especiales sobre Teor\u00eda y An\u00e1lisis Dial\u00f3gica: Par\u00e1metros Anal\u00edticos (4h)<\/p>\n<p style=\"text-align: justify\"><strong>L\u00ednea \u2013 Literatura, cultura y traducci\u00f3n<\/strong><\/p>\n<p style=\"text-align: justify\">Estudios Avanzados sobre Literatura (4h)<\/p>\n<p style=\"text-align: justify\">Semin\u00e1rio de Investigaci\u00f3n en Literatura (4h)<\/p>\n<p style=\"text-align: justify\">T\u00f3picos Especiales sobre Literatura e Hist\u00f3ria (4h)<\/p>\n<p style=\"text-align: justify\">T\u00f3picos Especiales sobre Comparatismo e Intertextualidad (4h)<\/p>\n<p style=\"text-align: justify\">T\u00f3picos Especiales sobre Literatura Brasile\u00f1a del Siglo XXI (4h)<\/p>\n<p style=\"text-align: justify\">T\u00f3picos Especiales sobre Literatura y Fronteras Culturales\u00a0 (4h)<\/p>\n<p style=\"text-align: justify\">T\u00f3picos Especiales sobre Literaturas y Memorias (4h)<\/p>\n<p style=\"text-align: justify\">T\u00f3picos Especiales sobre Palabra e Imagen (4h)<\/p>\n<p style=\"text-align: justify\">T\u00f3picos Especiales sobre los Sistemas Literarios y los\u00a0 Procesos Culturales (4h)<\/p>\n<p style=\"text-align: justify\">T\u00f3picos Especiales sobre Teor\u00eda y Cr\u00edtica de la Poes\u00eda (4h)<\/p>\n<p style=\"text-align: justify\">T\u00f3picos Especiales sobre Literatura, Cultura y Traducci\u00f3n (4h)<\/p>\n<p style=\"text-align: justify\">T\u00f3picos Especiales sobre Teor\u00eda de la Traducci\u00f3n (4h)<\/p>\n","protected":false},"excerpt":{"rendered":"<p>El curso de Maestr\u00eda en Letras de UFPel se organiza como un conjunto integrado de asignaturas para garantizar el perfeccionamiento de la formaci\u00f3n ya adquirida por el estudiante y permitirle el desarrollo de estudios y de investigaciones que le posibiliten una cualificada actuaci\u00f3n profesional en el \u00e1rea de Letras, conforme el \u00e1reas de concentraci\u00f3n y [&hellip;]<\/p>\n","protected":false},"author":253,"featured_media":0,"parent":3925,"menu_order":0,"comment_status":"closed","ping_status":"closed","template":"","meta":{"jetpack_post_was_ever_published":false,"footnotes":""},"class_list":["post-3792","page","type-page","status-publish","hentry"],"jetpack_sharing_enabled":true,"jetpack_shortlink":"https:\/\/wp.me\/P8vD3Q-Za","_links":{"self":[{"href":"https:\/\/wp.ufpel.edu.br\/ppgl\/wp-json\/wp\/v2\/pages\/3792","targetHints":{"allow":["GET"]}}],"collection":[{"href":"https:\/\/wp.ufpel.edu.br\/ppgl\/wp-json\/wp\/v2\/pages"}],"about":[{"href":"https:\/\/wp.ufpel.edu.br\/ppgl\/wp-json\/wp\/v2\/types\/page"}],"author":[{"embeddable":true,"href":"https:\/\/wp.ufpel.edu.br\/ppgl\/wp-json\/wp\/v2\/users\/253"}],"replies":[{"embeddable":true,"href":"https:\/\/wp.ufpel.edu.br\/ppgl\/wp-json\/wp\/v2\/comments?post=3792"}],"version-history":[{"count":5,"href":"https:\/\/wp.ufpel.edu.br\/ppgl\/wp-json\/wp\/v2\/pages\/3792\/revisions"}],"predecessor-version":[{"id":4032,"href":"https:\/\/wp.ufpel.edu.br\/ppgl\/wp-json\/wp\/v2\/pages\/3792\/revisions\/4032"}],"up":[{"embeddable":true,"href":"https:\/\/wp.ufpel.edu.br\/ppgl\/wp-json\/wp\/v2\/pages\/3925"}],"wp:attachment":[{"href":"https:\/\/wp.ufpel.edu.br\/ppgl\/wp-json\/wp\/v2\/media?parent=3792"}],"curies":[{"name":"wp","href":"https:\/\/api.w.org\/{rel}","templated":true}]}}