{"id":3754,"date":"2019-07-18T08:57:00","date_gmt":"2019-07-18T11:57:00","guid":{"rendered":"https:\/\/wp.ufpel.edu.br\/ppgl\/?page_id=3754"},"modified":"2019-07-18T08:57:00","modified_gmt":"2019-07-18T11:57:00","slug":"texto-discurso-y-relaciones-sociales","status":"publish","type":"page","link":"https:\/\/wp.ufpel.edu.br\/ppgl\/es\/lenguaje-texto-e-imagen\/lenguaje-texto-e-imagen\/texto-discurso-y-relaciones-sociales\/","title":{"rendered":"Texto, discurso y relaciones sociales"},"content":{"rendered":"<p style=\"text-align: justify\">Esa l\u00ednea re\u00fane toda la investigaci\u00f3n de procesos textuales\/discursivos en su organizaci\u00f3n interna y en su funcionamiento en diferentes pr\u00e1cticas sociales, dentro y fuera del contexto escolar.<\/p>\n","protected":false},"excerpt":{"rendered":"<p>Esa l\u00ednea re\u00fane toda la investigaci\u00f3n de procesos textuales\/discursivos en su organizaci\u00f3n interna y en su funcionamiento en diferentes pr\u00e1cticas sociales, dentro y fuera del contexto escolar.<\/p>\n","protected":false},"author":253,"featured_media":0,"parent":3745,"menu_order":0,"comment_status":"closed","ping_status":"closed","template":"","meta":{"jetpack_post_was_ever_published":false,"footnotes":""},"class_list":["post-3754","page","type-page","status-publish","hentry"],"jetpack_sharing_enabled":true,"jetpack_shortlink":"https:\/\/wp.me\/P8vD3Q-Yy","_links":{"self":[{"href":"https:\/\/wp.ufpel.edu.br\/ppgl\/wp-json\/wp\/v2\/pages\/3754","targetHints":{"allow":["GET"]}}],"collection":[{"href":"https:\/\/wp.ufpel.edu.br\/ppgl\/wp-json\/wp\/v2\/pages"}],"about":[{"href":"https:\/\/wp.ufpel.edu.br\/ppgl\/wp-json\/wp\/v2\/types\/page"}],"author":[{"embeddable":true,"href":"https:\/\/wp.ufpel.edu.br\/ppgl\/wp-json\/wp\/v2\/users\/253"}],"replies":[{"embeddable":true,"href":"https:\/\/wp.ufpel.edu.br\/ppgl\/wp-json\/wp\/v2\/comments?post=3754"}],"version-history":[{"count":1,"href":"https:\/\/wp.ufpel.edu.br\/ppgl\/wp-json\/wp\/v2\/pages\/3754\/revisions"}],"predecessor-version":[{"id":3756,"href":"https:\/\/wp.ufpel.edu.br\/ppgl\/wp-json\/wp\/v2\/pages\/3754\/revisions\/3756"}],"up":[{"embeddable":true,"href":"https:\/\/wp.ufpel.edu.br\/ppgl\/wp-json\/wp\/v2\/pages\/3745"}],"wp:attachment":[{"href":"https:\/\/wp.ufpel.edu.br\/ppgl\/wp-json\/wp\/v2\/media?parent=3754"}],"curies":[{"name":"wp","href":"https:\/\/api.w.org\/{rel}","templated":true}]}}