{"id":3716,"date":"2019-07-17T11:33:21","date_gmt":"2019-07-17T14:33:21","guid":{"rendered":"https:\/\/wp.ufpel.edu.br\/ppgl\/?page_id=3716"},"modified":"2019-09-03T11:11:30","modified_gmt":"2019-09-03T14:11:30","slug":"lenguaje-texto-e-imagen","status":"publish","type":"page","link":"https:\/\/wp.ufpel.edu.br\/ppgl\/es\/lenguaje-texto-e-imagen\/","title":{"rendered":"Lenguaje, texto e imagen"},"content":{"rendered":"<p style=\"text-align: justify\">El \u00e1rea congrega investigaciones sobre el lenguaje, considerando cuestiones de adquisici\u00f3n, variaci\u00f3n, procesos relacionados a la traducci\u00f3n, enunciativos y discursivos, din\u00e1mica intertextual, y bien as\u00ed la articulaci\u00f3n de esos estudios con diferentes pr\u00e1cticas sociales y\/o educacionales, con procesos culturales, art\u00edsticos y creativos.<\/p>\n<p>&nbsp;<\/p>\n<p style=\"text-align: justify\"><strong>Adquisici\u00f3n, variaci\u00f3n y ense\u00f1anza<\/strong><\/p>\n<p style=\"text-align: justify\">En esta l\u00ednea est\u00e1n integradas toda las investigaciones sobre los procesos naturales y formales de adquisici\u00f3n de la lengua (materna y extranjera), adem\u00e1s de la variaci\u00f3n del lenguaje y su articulaci\u00f3n con la ense\u00f1anza y con otras interacciones que involucren fronteras ling\u00fc\u00edsticas, culturales, pol\u00edticas y\/o sociales.<\/p>\n<p>&nbsp;<\/p>\n<p style=\"text-align: justify\"><strong>Texto, discurso y relaciones sociales<\/strong><\/p>\n<p style=\"text-align: justify\">Esa l\u00ednea re\u00fane las investigaciones sobre procesos textuales\/discursivos en su organizaci\u00f3n interna y en su funcionamiento en diferentes pr\u00e1cticas sociales, dentro y fuera del contexto escolar.<\/p>\n<p>&nbsp;<\/p>\n<p style=\"text-align: justify\"><strong>Literatura, cultura y traducci\u00f3n<\/strong><\/p>\n<p style=\"text-align: justify\">Esa l\u00ednea investiga el texto literario y sus relaciones con otras artes, discursos, procesos culturales, creativos, su din\u00e1mica intertextual y cuestiones te\u00f3ricas y pr\u00e1cticas de la traducci\u00f3n literaria.<\/p>\n<p style=\"text-align: justify\">\n","protected":false},"excerpt":{"rendered":"<p>El \u00e1rea congrega investigaciones sobre el lenguaje, considerando cuestiones de adquisici\u00f3n, variaci\u00f3n, procesos relacionados a la traducci\u00f3n, enunciativos y discursivos, din\u00e1mica intertextual, y bien as\u00ed la articulaci\u00f3n de esos estudios con diferentes pr\u00e1cticas sociales y\/o educacionales, con procesos culturales, art\u00edsticos y creativos. &nbsp; Adquisici\u00f3n, variaci\u00f3n y ense\u00f1anza En esta l\u00ednea est\u00e1n integradas toda las investigaciones [&hellip;]<\/p>\n","protected":false},"author":253,"featured_media":0,"parent":0,"menu_order":4,"comment_status":"closed","ping_status":"closed","template":"","meta":{"jetpack_post_was_ever_published":false,"footnotes":""},"class_list":["post-3716","page","type-page","status-publish","hentry"],"jetpack_sharing_enabled":true,"jetpack_shortlink":"https:\/\/wp.me\/P8vD3Q-XW","_links":{"self":[{"href":"https:\/\/wp.ufpel.edu.br\/ppgl\/wp-json\/wp\/v2\/pages\/3716","targetHints":{"allow":["GET"]}}],"collection":[{"href":"https:\/\/wp.ufpel.edu.br\/ppgl\/wp-json\/wp\/v2\/pages"}],"about":[{"href":"https:\/\/wp.ufpel.edu.br\/ppgl\/wp-json\/wp\/v2\/types\/page"}],"author":[{"embeddable":true,"href":"https:\/\/wp.ufpel.edu.br\/ppgl\/wp-json\/wp\/v2\/users\/253"}],"replies":[{"embeddable":true,"href":"https:\/\/wp.ufpel.edu.br\/ppgl\/wp-json\/wp\/v2\/comments?post=3716"}],"version-history":[{"count":5,"href":"https:\/\/wp.ufpel.edu.br\/ppgl\/wp-json\/wp\/v2\/pages\/3716\/revisions"}],"predecessor-version":[{"id":4013,"href":"https:\/\/wp.ufpel.edu.br\/ppgl\/wp-json\/wp\/v2\/pages\/3716\/revisions\/4013"}],"wp:attachment":[{"href":"https:\/\/wp.ufpel.edu.br\/ppgl\/wp-json\/wp\/v2\/media?parent=3716"}],"curies":[{"name":"wp","href":"https:\/\/api.w.org\/{rel}","templated":true}]}}