{"id":3709,"date":"2019-07-17T11:05:30","date_gmt":"2019-07-17T14:05:30","guid":{"rendered":"https:\/\/wp.ufpel.edu.br\/ppgl\/?page_id=3709"},"modified":"2019-09-03T11:00:58","modified_gmt":"2019-09-03T14:00:58","slug":"objetivos-2","status":"publish","type":"page","link":"https:\/\/wp.ufpel.edu.br\/ppgl\/es\/objetivos-2\/","title":{"rendered":"Objetivos"},"content":{"rendered":"<p>I \u2212 Objetivos generales:<\/p>\n<p style=\"text-align: justify\">a) actualizar, ampliar y perfeccionar la formaci\u00f3n de investigadores y capacitar a los docentes para actuar en los tres niveles de ense\u00f1anza: b\u00e1sica, secundaria y superior, promoviendo la discusi\u00f3n y la producci\u00f3n de conocimiento en el \u00e1rea de Letras.<\/p>\n<p style=\"text-align: justify\">b) proporcionar a los docentes del \u00e1rea de Letras y a otros profesionales del lenguaje y \u00e1reas afines un programa de estudios, te\u00f3ricos y aplicados, objetivando calificar la competencia profesional.<\/p>\n<p style=\"text-align: justify\">c) formar investigadores cualificados en las diversas esferas del campo de las Letras, capaces de identificar los problemas m\u00e1s significativos y apuntar las soluciones m\u00e1s relevantes\u00a0 por medio de investigaciones originales e innovadoras, comprometidas con el rigor y el avance del conocimiento cient\u00edfico.<\/p>\n<p style=\"text-align: justify\">II \u2212 Objetivos espec\u00edficos:<\/p>\n<p style=\"text-align: justify\">a) implementar y fortalecer las condiciones para la investigaci\u00f3n en la regi\u00f3n, dentro y fuera de la universidad, mediante la institucionalizaci\u00f3n y la consolidaci\u00f3n de proyectos y grupos de estudios que incentiven la cooperaci\u00f3n interinstitucional a nivel nacional y internacional.<\/p>\n<p style=\"text-align: justify\">b) proporcionar a los profesores de universidades y escuelas de la red p\u00fablica y privada, y bien as\u00ed a los dem\u00e1s profesionales que hacen del lenguaje su principal objeto de trabajo, la oportunidad de una formaci\u00f3n cont\u00ednua y de un desarrollo de los conocimientos ling\u00fc\u00edsticos, discursivos y literarios necesarios para su pr\u00e1ctica pedag\u00f3gica y\/o profesional.<\/p>\n<p style=\"text-align: justify\">c) producir conocimiento relacionado a las L\u00edneas de Investigaci\u00f3n del \u00c1rea de Concentraci\u00f3n del Curso, partiendo tanto de la realidad sociocultural de la comunidad, como de la reflexi\u00f3n te\u00f3rica contempor\u00e1nea en el \u00e1mbito de los estudios en Letras.<\/p>\n<p style=\"text-align: justify\">d) ofrecer a los alumnos de los cursos de Letras y de \u00e1reas afines, especialmente, de Rio Grande do Sul y de los pa\u00edses del Mercosur, la oportunidad de una formaci\u00f3n avanzada en investigaci\u00f3n por medio de la participaci\u00f3n en los proyectos vinculados a las l\u00edneas de investigaci\u00f3n del Programa.<\/p>\n<p style=\"text-align: justify\">e) propiciar a los profesores-investigadores de la UFPEL y de las otras universidades de la regi\u00f3n la oportunidad de consolidar y ampliar sus investigaciones por medio de la integraci\u00f3n con nuevos proyectos y el contacto con nuevos investigadores.<\/p>\n<p style=\"text-align: justify\">f) establecer las bases te\u00f3ricas y pr\u00e1cticas para un proyecto de estudios comparativos entre los idiomas portugu\u00e9s, espa\u00f1ol, ingl\u00e9s, franc\u00e9s y alem\u00e1n a nivel de la expresi\u00f3n oral y de la escritura.<\/p>\n","protected":false},"excerpt":{"rendered":"<p>I \u2212 Objetivos generales: a) actualizar, ampliar y perfeccionar la formaci\u00f3n de investigadores y capacitar a los docentes para actuar en los tres niveles de ense\u00f1anza: b\u00e1sica, secundaria y superior, promoviendo la discusi\u00f3n y la producci\u00f3n de conocimiento en el \u00e1rea de Letras. b) proporcionar a los docentes del \u00e1rea de Letras y a otros [&hellip;]<\/p>\n","protected":false},"author":253,"featured_media":0,"parent":0,"menu_order":2,"comment_status":"closed","ping_status":"closed","template":"","meta":{"jetpack_post_was_ever_published":false,"footnotes":""},"class_list":["post-3709","page","type-page","status-publish","hentry"],"jetpack_sharing_enabled":true,"jetpack_shortlink":"https:\/\/wp.me\/P8vD3Q-XP","_links":{"self":[{"href":"https:\/\/wp.ufpel.edu.br\/ppgl\/wp-json\/wp\/v2\/pages\/3709","targetHints":{"allow":["GET"]}}],"collection":[{"href":"https:\/\/wp.ufpel.edu.br\/ppgl\/wp-json\/wp\/v2\/pages"}],"about":[{"href":"https:\/\/wp.ufpel.edu.br\/ppgl\/wp-json\/wp\/v2\/types\/page"}],"author":[{"embeddable":true,"href":"https:\/\/wp.ufpel.edu.br\/ppgl\/wp-json\/wp\/v2\/users\/253"}],"replies":[{"embeddable":true,"href":"https:\/\/wp.ufpel.edu.br\/ppgl\/wp-json\/wp\/v2\/comments?post=3709"}],"version-history":[{"count":3,"href":"https:\/\/wp.ufpel.edu.br\/ppgl\/wp-json\/wp\/v2\/pages\/3709\/revisions"}],"predecessor-version":[{"id":4010,"href":"https:\/\/wp.ufpel.edu.br\/ppgl\/wp-json\/wp\/v2\/pages\/3709\/revisions\/4010"}],"wp:attachment":[{"href":"https:\/\/wp.ufpel.edu.br\/ppgl\/wp-json\/wp\/v2\/media?parent=3709"}],"curies":[{"name":"wp","href":"https:\/\/api.w.org\/{rel}","templated":true}]}}