{"id":3703,"date":"2019-07-17T10:42:36","date_gmt":"2019-07-17T13:42:36","guid":{"rendered":"https:\/\/wp.ufpel.edu.br\/ppgl\/?page_id=3703"},"modified":"2019-09-03T10:53:45","modified_gmt":"2019-09-03T13:53:45","slug":"historia","status":"publish","type":"page","link":"https:\/\/wp.ufpel.edu.br\/ppgl\/es\/historia\/","title":{"rendered":"Historia"},"content":{"rendered":"<p style=\"text-align: justify\">El programa de Posgrado en Letras de la <em>Universidade Federal de Pelotas<\/em> [PPG Letras UFPEL] presenta concepto 5 [en escala hasta el 7] seg\u00fan evaluaci\u00f3n de CAPES [sigla de <em>Coordena\u00e7\u00e3o de Aperfei\u00e7oamento de Pessoal de N\u00edvel Superior<\/em>, o, en traducci\u00f3n libre al espa\u00f1ol: \u201cCoordinaci\u00f3n de Perfeccionamiento de los Profesionales de Nivel Superior\u201d, una fundaci\u00f3n vinculada al Ministerio de Educaci\u00f3n en Brasil]. El PPG Letras UFPEL presenta \u00e1rea de concentraci\u00f3n en Lenguaje, Texto e Imagen, en los niveles de Maestr\u00eda y Doctorado, y tiene como objetivo la formaci\u00f3n de profesionales cualificados en esa \u00e1rea que abarca tanto los estudios ling\u00fc\u00edsticos como los estudios literarios.<\/p>\n<p style=\"text-align: justify\">La configuraci\u00f3n actual de este Programa naci\u00f3 en 2018, debido al proceso de transici\u00f3n del PPG Letras de la <em>Universidade Cat\u00f3lica de Pelotas<\/em> (UCPel) para la <em>Universidade Federal de Pelotas<\/em> (UFPel). En esa transici\u00f3n, se fundieron esos dos Programas de Posgrado referidos.<\/p>\n<p style=\"text-align: justify\">Pero la historia del PPG Letras en UFPEL ha iniciado en marzo de 2011, con un Programa de Maestr\u00eda. \u00c9ste ha sido creado en octubre de 2010, durante la 122\u00aa Reuni\u00f3n del CTC-ES [sigla en portugu\u00e9s de <em>Conselho T\u00e9cnico-Cient\u00edfico da Educa\u00e7\u00e3o Superior<\/em>, o en traducci\u00f3n libre al espa\u00f1ol: \u201cConsejo T\u00e9cnico-Cient\u00edfico de Educaci\u00f3n Superior\u201d]. La Maestr\u00eda en Letras ha surgido en la universidad Federal de la ciudad de Pelotas en el momento en que la adhesi\u00f3n de \u00e9sta al REUNI (sigla de <em>Reestrutura\u00e7\u00e3o e Expans\u00e3o das Universidades Federais<\/em>, o en traducci\u00f3n libre al espa\u00f1ol: \u201cReestructuraci\u00f3n y Expansi\u00f3n de las Universidades Federales\u201d) produc\u00eda un crecimiento acelerado de la Instituci\u00f3n, con la construcci\u00f3n de nuevos edificios, la ampliaci\u00f3n del cuadro de personal docente, la reestructuraci\u00f3n pedag\u00f3gica de diversas carreras de grado y posgrado y la creaci\u00f3n de otras a partir del a\u00f1o de 2008.<\/p>\n<p style=\"text-align: justify\">Ya la Maestr\u00eda en Letras de la Cat\u00f3lica de Pelotas ha sido el primer posgrado del extremo sur de Brasil y uno de los primeros fuera de la capital en Rio Grande do Sul. Ha sido aprobada por el Consejo Universitario de la UCPEL en su 148\u00aa reuni\u00f3n ordinaria, realizada el d\u00eda 20 de octubre de 1993, y ha sido reconocida por la CAPES en la reuni\u00f3n del CTC realizada en 22 de septiembre de 2000. Este acto acto ha sido publicado en el D.O.U [sigla de: <em>Diario Oficial da Uni\u00e3o<\/em>, la prensa oficial de Brasil] en el d\u00eda 6 de abril de 2001.<\/p>\n<p style=\"text-align: justify\">Teniendo en cuenta la consolidaci\u00f3n de ese nivel de estudios, el Posgrado en Letras de UCPEL, en 2005, propone a CAPES la implantaci\u00f3n del nivel de Doctorado, aprobado por el Consejo Universitario de la UCPEL en la 246\u00aa reuni\u00f3n ordinaria, realizada en 20 de abril de 2005. El curso de Doctorado en Letras de UCPEL ha sido reconocido por CAPES en la reuni\u00f3n del CTC realizada en el periodo de 13 a 15 de septiembre de 2005, habiendo sido registrado tal reconocimiento en el D.O.U. de 29 de diciembre de 2005. El primer grupo de alumnos ha ingresado en agosto de 2006.<\/p>\n<p style=\"text-align: justify\">El Programa de Posgrado en Letras de UFPel tiene, por lo tanto, una considerable trayectoria de consolidaci\u00f3n. La reorganizaci\u00f3n de su proyecto pedag\u00f3gico realizada en 2018, ha tenido el objetivo de no solamente fusionar los dos Programas que se convirtieron en uno solo, sino, tambi\u00e9n de enriquecer su configuraci\u00f3n.<\/p>\n","protected":false},"excerpt":{"rendered":"<p>El programa de Posgrado en Letras de la Universidade Federal de Pelotas [PPG Letras UFPEL] presenta concepto 5 [en escala hasta el 7] seg\u00fan evaluaci\u00f3n de CAPES [sigla de Coordena\u00e7\u00e3o de Aperfei\u00e7oamento de Pessoal de N\u00edvel Superior, o, en traducci\u00f3n libre al espa\u00f1ol: \u201cCoordinaci\u00f3n de Perfeccionamiento de los Profesionales de Nivel Superior\u201d, una fundaci\u00f3n vinculada [&hellip;]<\/p>\n","protected":false},"author":253,"featured_media":0,"parent":0,"menu_order":1,"comment_status":"closed","ping_status":"closed","template":"","meta":{"jetpack_post_was_ever_published":false,"footnotes":""},"class_list":["post-3703","page","type-page","status-publish","hentry"],"jetpack_sharing_enabled":true,"jetpack_shortlink":"https:\/\/wp.me\/P8vD3Q-XJ","_links":{"self":[{"href":"https:\/\/wp.ufpel.edu.br\/ppgl\/wp-json\/wp\/v2\/pages\/3703","targetHints":{"allow":["GET"]}}],"collection":[{"href":"https:\/\/wp.ufpel.edu.br\/ppgl\/wp-json\/wp\/v2\/pages"}],"about":[{"href":"https:\/\/wp.ufpel.edu.br\/ppgl\/wp-json\/wp\/v2\/types\/page"}],"author":[{"embeddable":true,"href":"https:\/\/wp.ufpel.edu.br\/ppgl\/wp-json\/wp\/v2\/users\/253"}],"replies":[{"embeddable":true,"href":"https:\/\/wp.ufpel.edu.br\/ppgl\/wp-json\/wp\/v2\/comments?post=3703"}],"version-history":[{"count":3,"href":"https:\/\/wp.ufpel.edu.br\/ppgl\/wp-json\/wp\/v2\/pages\/3703\/revisions"}],"predecessor-version":[{"id":4008,"href":"https:\/\/wp.ufpel.edu.br\/ppgl\/wp-json\/wp\/v2\/pages\/3703\/revisions\/4008"}],"wp:attachment":[{"href":"https:\/\/wp.ufpel.edu.br\/ppgl\/wp-json\/wp\/v2\/media?parent=3703"}],"curies":[{"name":"wp","href":"https:\/\/api.w.org\/{rel}","templated":true}]}}