{"id":3346,"date":"2019-04-18T11:16:39","date_gmt":"2019-04-18T14:16:39","guid":{"rendered":"https:\/\/wp.ufpel.edu.br\/ppgl\/?page_id=3346"},"modified":"2025-02-27T11:11:55","modified_gmt":"2025-02-27T14:11:55","slug":"2018-2","status":"publish","type":"page","link":"https:\/\/wp.ufpel.edu.br\/ppgl\/trabalhos-defendidos\/dissertacoes\/2018-2\/","title":{"rendered":"2018"},"content":{"rendered":"<p><strong>STELLA APARECIDA LEITE LIMA<\/strong><\/p>\n<p>MOVIMENTO O SUL \u00c9 MEU PA\u00cdS: O DISCURSO SEPARATISTA E SEUS EFEITOS DE SENTIDO<\/p>\n<p>Orientadora: Erc\u00edlia Ana Cazarin<\/p>\n<p><a href=\"https:\/\/wp.ufpel.edu.br\/ppgl\/files\/2019\/05\/DISSERTA\u00c7\u00c3O-XV-FINAL.pdf\">Texto Completo<\/a><\/p>\n<p>&nbsp;<\/p>\n<p><strong>ALINE BEHLING DUARTE<\/strong><\/p>\n<p>PRIMING GRAFO-F\u00d4NICO-FONOL\u00d3GICO EM MULTIL\u00cdNGUES: UMA ABORDAGEM DIN\u00c2MICA<\/p>\n<p>Orientadora: C\u00cdNTIA \u00c1VILA BLANK<\/p>\n<p>Data da defesa: 28\/02\/2018<\/p>\n<p><a href=\"https:\/\/wp.ufpel.edu.br\/ppgl\/files\/2019\/04\/Aline-Behling-Duarte.pdf\">Texto Completo<\/a><\/p>\n<p>&nbsp;<\/p>\n<p><strong>ALINE REINHARDT DA SILVEIRA<\/strong><\/p>\n<p>O DISCURSO SOBRE A REFORMA DO ENSINO M\u00c9DIO:<br \/>\numa an\u00e1lise da divulga\u00e7\u00e3o governamental<\/p>\n<p>Orientadora: Prof.\u00aa Dr.\u00aa Erc\u00edlia Ana Cazarin<\/p>\n<p><a href=\"https:\/\/wp.ufpel.edu.br\/ppgl\/files\/2025\/02\/Microsoft-Word-DISSERTAA\u2044A\u2026O-Aline-Reinhardt-da-Silveira-FINAL-PPGL-com-ficha-catalogrA\u00a1fica-Dissertacao-Aline-Reinhardt-da-Silveira.pdf\">Texto Completo<\/a><\/p>\n<p>&nbsp;<\/p>\n<p><strong>\u00c2NGELA MARIA KOLESNY<\/strong><\/p>\n<p>A PRODU\u00c7\u00c3O E A PERCEP\u00c7\u00c3O DOS SONS [r] E [x] DO ESPANHOL POR ALUNOS BRASILEIROS ESTUDANTES DE ESPANHOL COMO L\u00cdNGUA ESTRANGEIRA<\/p>\n<p>Orientadora: MARIA JOS\u00c9 BLASKOVSKI VIEIRA<\/p>\n<p>Data da defesa: 27\/08\/2018<\/p>\n<p><a href=\"https:\/\/wp.ufpel.edu.br\/ppgl\/files\/2019\/04\/Angela-Maria-Kolesny.pdf\">Texto Completo<\/a><\/p>\n<p>&nbsp;<\/p>\n<p>&nbsp;<\/p>\n<p><strong>BIOLANGE OLIVEIRA PIEGAS<\/strong><\/p>\n<p>O RESUMO PRODUZIDO NO MEIO ACAD\u00caMICO SOB A LUZ DE UMA ABORDAGEM LINGU\u00cdSTICO-TEXTUAL<\/p>\n<p>Orientadora: CLEIDE IN\u00caS WITTKE<\/p>\n<p>Data da defesa: 23\/02\/2018<\/p>\n<p><a href=\"https:\/\/wp.ufpel.edu.br\/ppgl\/files\/2019\/04\/Biolange-Oliveira-Piegas.pdf\">Texto Completo<\/a><\/p>\n<p>&nbsp;<\/p>\n<p>&nbsp;<\/p>\n<p><strong>CALEBE SOARES COPELLO<\/strong><\/p>\n<p>AN\u00c1LISE LINGU\u00cdSTICA DE TEXTOS JORNAL\u00cdSTICOS SOBRE O PROCESSO DE IMPEACHMENT DA PRESIDENTE DILMA ROUSSEFF<\/p>\n<p>Orientadora: ROBERTA REGO RODRIGUES<\/p>\n<p>Data da defesa: 26\/02\/2018<\/p>\n<p><a href=\"https:\/\/wp.ufpel.edu.br\/ppgl\/files\/2019\/04\/Calebe-Soares-Copello.pdf\">Texto Completo<\/a><\/p>\n<p>&nbsp;<\/p>\n<p>&nbsp;<\/p>\n<p><strong>CARLA BEATRIZ MEDEIROS KLEIN<\/strong><\/p>\n<p>UM OLHAR SOBRE VARIA\u00c7\u00d5ES LINGU\u00cdSTICAS NO PROCESSO COMUNICATIVO ENTRE DOCENTES SURDOS E DOCENTES OUVINTES NA L\u00cdNGUA BRASILEIRA DE SINAIS &#8211; LIBRAS<\/p>\n<p>Orientador: ADAIL UBIRAJARA SOBRAL<\/p>\n<p>Data da defesa: 17\/12\/2018<\/p>\n<p><a href=\"https:\/\/wp.ufpel.edu.br\/ppgl\/files\/2019\/04\/Carla-Beatriz-Medeiros-Klein.pdf\">Texto Completo<\/a><\/p>\n<p>&nbsp;<\/p>\n<p>&nbsp;<\/p>\n<p><strong>C\u00c1SSIA CILENE DA ROSA SAMPAIO<\/strong><\/p>\n<p>O USO DO SHAPE CODING NO ENSINO DE L\u00cdNGUA PORTUGUESA COMO SEGUNDA L\u00cdNGUA PARA SURDOS: UM ESTUDO SOBRE VARIA\u00c7\u00c3O TEMPORAL<\/p>\n<p>Orientadora:\u00a0 Tatiana Bol\u00edvar Lebedeff<\/p>\n<p>Data da defesa: 31\/08\/2018<\/p>\n<p><a href=\"https:\/\/wp.ufpel.edu.br\/ppgl\/files\/2019\/04\/C\u00e1ssia-Cilene-da-Rosa-de-Sampaio.pdf\">Texto Completo<\/a><\/p>\n<p>&nbsp;<\/p>\n<p>&nbsp;<\/p>\n<p><strong>CLARICE REGINA DE SOUZA CABRAL<\/strong><\/p>\n<p>A DESCONSTRU\u00c7\u00c3O DO MACHISMO PELA LINGUAGEM: ORDENS DE INDEXICALIDADE E OUTSCALINGS MOTIVADOS PELO MOVIMENTO FEMINISTA NO FACEBOOK<\/p>\n<p>Orientadora: LET\u00cdCIA FONSECA RICHTHOFEN DE FREITAS<\/p>\n<p>Data da defesa: 22\/02\/2018<\/p>\n<p><a href=\"https:\/\/wp.ufpel.edu.br\/ppgl\/files\/2019\/04\/Clarice-Regina-de-Souza-Cabral.pdf\">Texto Completo<\/a><\/p>\n<p>&nbsp;<\/p>\n<p>&nbsp;<\/p>\n<p><strong>DANIELLE RASMUSSEN BETEMPS<\/strong><\/p>\n<p>A CAPITU DE DOM CASMURRO: RELA\u00c7\u00d5ES DIAL\u00d3GICAS ENTRE O ROMANCE DE MACHADO DE ASSIS E SUA ADAPTA\u00c7\u00c3O CINEMATOGR\u00c1FICA<\/p>\n<p>Orientadora:\u00a0 Cl\u00e1udia Lorena Vouto da Fonseca<\/p>\n<p>Data da defesa: 25\/01\/2018<\/p>\n<p><a href=\"https:\/\/wp.ufpel.edu.br\/ppgl\/files\/2019\/04\/Danielle-Rasmussen-Betemps.pdf\">Texto Completo<\/a><\/p>\n<p>&nbsp;<\/p>\n<p>&nbsp;<\/p>\n<p><strong>EDUARDO SOARES DA CUNHA<\/strong><\/p>\n<p>A P\u00c1GINA INSTITUCIONAL DA IGREJA CRIST\u00c3 CONTEMPOR\u00c2NEA: UM PROJETO ENUNCIATIVO DE INCLUS\u00c3O E ACEITA\u00c7\u00c3O DE LGBTs?<\/p>\n<p>Orientadora: KARINA GIACOMELLI<\/p>\n<p>Data da defesa: 21\/12\/2018<\/p>\n<p><a href=\"https:\/\/wp.ufpel.edu.br\/ppgl\/files\/2019\/04\/Eduardo-Soares-da-Cunha.pdf\">Texto Completo<\/a><\/p>\n<p>&nbsp;<\/p>\n<p>&nbsp;<\/p>\n<p><strong>FERNANDA LUIZ SAGGIOMO<\/strong><\/p>\n<p>UM ESTUDO ACERCA DOS ERROS ORTOGR\u00c1FICOS DE ALUNOS DO TERCEIRO E DO SEXTO ANO DO ENSINO FUNDAMENTAL<\/p>\n<p>Orientadora: ANA RUTH MORESCO MIRANDA<\/p>\n<p>Data de defesa: 17\/12\/2018<\/p>\n<p><a href=\"https:\/\/wp.ufpel.edu.br\/ppgl\/files\/2019\/04\/Fernanda-Luiz-Saggiomo.pdf\">Texto Completo<\/a><\/p>\n<p>&nbsp;<\/p>\n<p>&nbsp;<\/p>\n<p><strong>FYAMA DA SILVA MEDEIROS<\/strong><\/p>\n<p>A NARRATIVA EMOLDURADA: HEART OF DARKNESS EM GRAPHIC NOVEL<\/p>\n<p>Orientadora: JULIANA STEIL<\/p>\n<p>Data da defesa: 28\/02\/2018<\/p>\n<p><a href=\"https:\/\/wp.ufpel.edu.br\/ppgl\/files\/2019\/04\/Fyama-da-Silva-Medeiros.pdf\">Texto Completo<\/a><\/p>\n<p>&nbsp;<\/p>\n<p>&nbsp;<\/p>\n<p><strong>GILSON RAMOS LOPES NETO<\/strong><\/p>\n<p>PR\u00d3TESE VOC\u00c1LICA EM SEQU\u00caNCIA sC INICIAL POR FALANTES BRASILEIROS DE FRANC\u00caS L2<\/p>\n<p>Orientadora: MARIA JOS\u00c9 BLASKOVSKI VIEIRA<\/p>\n<p>Coorientadora: MIRIAN ROSE BRUM-DE-PAULA<\/p>\n<p>Data da defesa: 27\/02\/2018<\/p>\n<p><a href=\"https:\/\/wp.ufpel.edu.br\/ppgl\/files\/2019\/04\/Gilson-Ramos-Lopes-Neto.pdf\">Texto Completo<\/a><\/p>\n<p>&nbsp;<\/p>\n<p>&nbsp;<\/p>\n<p><strong>GRACIELE URRUTIA DIAS SILVEIRA<\/strong><\/p>\n<p>O DISCURSO DE VIOL\u00caNCIA SIMB\u00d3LICA DE G\u00caNERO EM UMA P\u00c1GINA E EM GRUPOS VOLTADOS AO LEAGUE OF LEGENDS NO FACEBOOK<\/p>\n<p>Orientadora: RAQUEL DA CUNHA RECUERO<\/p>\n<p>Data da defesa: 19\/12\/2018<\/p>\n<p><a href=\"https:\/\/wp.ufpel.edu.br\/ppgl\/files\/2019\/04\/Graciele-Urrutia-Dias-Silveira.pdf\">Texto Completo<\/a><\/p>\n<p>&nbsp;<\/p>\n<p>&nbsp;<\/p>\n<p><strong>ISADORA NU\u00d1EZ DE MATTOS<\/strong><\/p>\n<p>PO\u00c9TICAS DO COTIDIANO: UMA LEITURA DE ANA MARTINS MARQUES<\/p>\n<p>Orientador: AULUS MANDAGAR\u00c1 MARTINS<\/p>\n<p>Data da defesa: 31\/08\/2018<\/p>\n<p><a href=\"https:\/\/wp.ufpel.edu.br\/ppgl\/files\/2019\/04\/Isadora-Nu\u00f1ez-de-Mattos.pdf\">Texto Completo<\/a><\/p>\n<p>&nbsp;<\/p>\n<p>&nbsp;<\/p>\n<p><strong>LAURA FREITAS FILODA<\/strong><\/p>\n<p>O PAPEL DA INSTRU\u00c7\u00c3O EXPL\u00cdCITA, POR MEIO DE ATIVIDADES DE PERCEP\u00c7\u00c3O, NO PROCESSO DE AQUISI\u00c7\u00c3O DAS VOGAIS M\u00c9DIAS DO ESPANHOL POR FALANTES DO PORTUGU\u00caS BRASILEIRO<\/p>\n<p>Orientadora: GIOVANA FERREIRA-GON\u00c7ALVES<\/p>\n<p>Coorientadora: LUCIENE BASSOLS BRISOLARA<\/p>\n<p>Data da defesa: 29\/08\/2018<\/p>\n<p><a href=\"https:\/\/wp.ufpel.edu.br\/ppgl\/files\/2019\/04\/Laura-Freitas-Filoda.pdf\">Texto Completo<\/a><\/p>\n<p>&nbsp;<\/p>\n<p>&nbsp;<\/p>\n<p><strong>LAURA NUNES PINTO<\/strong><\/p>\n<p>(TRANS)FORMA\u00c7\u00d5ES DE G\u00caNERO: POR UMA AN\u00c1LISE DISCURSIVA DOS PROCESSOS DE TRANSEXUALIDADES<\/p>\n<p>Orientadora: ARACY GRA\u00c7A ERNST<\/p>\n<p>Data da defesa: 20\/08\/2018<\/p>\n<p><a href=\"https:\/\/wp.ufpel.edu.br\/ppgl\/files\/2019\/04\/Laura-Nunes-Pinto.pdf\">Texto Completo<\/a><\/p>\n<p>&nbsp;<\/p>\n<p>&nbsp;<\/p>\n<p><strong>LAURA SILVA DE SOUZA<\/strong><\/p>\n<p>OS DISCURSOS DO PODER E O ARQUIVO DO MAL EM O NOME DA ROSA DE UMBERTO ECO<\/p>\n<p>Orientador: HELANO JADER CAVALCANTI RIBEIRO<\/p>\n<p>Data da defesa: 31\/08\/2018<\/p>\n<p><a href=\"https:\/\/wp.ufpel.edu.br\/ppgl\/files\/2019\/04\/Laura-Souza.pdf\">Texto Completo<\/a><\/p>\n<p>&nbsp;<\/p>\n<p>&nbsp;<\/p>\n<p><strong>M\u00c1RCIA SILVA VARGAS<\/strong><\/p>\n<p>RECURSOS EDUCACIONAIS ABERTOS: ASPECTOS JUR\u00cdDICOS E ECON\u00d4MICOS DA PRODU\u00c7\u00c3O DE MATERIAIS DE ENSINO DE L\u00cdNGUA ESTRANGEIRA SOB LICEN\u00c7A CREATIVE COMMONS<\/p>\n<p>Orientador: VILSON JOS\u00c9 LEFFA<\/p>\n<p>Data da defesa: 18\/12\/2018<\/p>\n<p><a href=\"https:\/\/wp.ufpel.edu.br\/ppgl\/files\/2019\/04\/M\u00e1rcia-Silva-Vargas.pdf\">Texto Completo<\/a><\/p>\n<p>&nbsp;<\/p>\n<p>&nbsp;<\/p>\n<p><strong>MARIA EDUARDA MOTTA DOS SANTOS<\/strong><\/p>\n<p>PARA AL\u00c9M DOS BONS JOGOS: OS PRINC\u00cdPIOS DA COMPET\u00caNCIA COMUNICATIVA EM ATIVIDADES GAMIFICADAS<\/p>\n<p>Orientador: RAFAEL VETROMILLE-CASTRO<\/p>\n<p>Data da defesa: 27\/02\/2018<\/p>\n<p><a href=\"https:\/\/wp.ufpel.edu.br\/ppgl\/files\/2019\/04\/Maria-Eduarda-Motta-dos-Santos.pdf\">Texto Completo<\/a><\/p>\n<p>&nbsp;<\/p>\n<p>&nbsp;<\/p>\n<p><strong>MARINA KERR DE BARROS<\/strong><\/p>\n<p>QUEM DISSE QUE S\u00d3 DE PUBLICIDADE VIVE UMA MARCA? A CONSTRU\u00c7\u00c3O DO POSICIONAMENTO DA &#8220;QUEM DISSE BERENICE&#8221; A PARTIR DA AN\u00c1LISE DIAL\u00d3GICA DO DISCURSO<\/p>\n<p>Orientador: ADAIL UBIRAJARA SOBRAL<\/p>\n<p>Data da defesa: 19\/06\/2018<\/p>\n<p><a href=\"https:\/\/wp.ufpel.edu.br\/ppgl\/files\/2019\/04\/Marina-Kerr-de-Barros.pdf\">Texto Completo<\/a><\/p>\n<p>&nbsp;<\/p>\n<p>&nbsp;<\/p>\n<p><strong>NICOLE PRESTES DE OLIVEIRA<\/strong><\/p>\n<p>LANGUAGE MOOCS: UMA AN\u00c1LISE CONECTIVISTA DO ENSINO DE L\u00cdNGUAS<\/p>\n<p>Orientador: VILSON JOS\u00c9 LEFFA<\/p>\n<p>Data da defesa: 21\/12\/2018<\/p>\n<p><a href=\"https:\/\/wp.ufpel.edu.br\/ppgl\/files\/2019\/04\/Nicole-Prestes-de-Oliveira.pdf\">Texto Completo<\/a><\/p>\n<p>&nbsp;<\/p>\n<p>&nbsp;<\/p>\n<p><strong>OT\u00c1VIO BOTELHO ROSA<\/strong><\/p>\n<p>HIST\u00d3RIA, MEM\u00d3RIA, EXPERI\u00caNCIA E TESTEMUNHO EM WENDY GUERRA<\/p>\n<p>Orientador: AULUS MANDAGAR\u00c1 MARTINS<\/p>\n<p>Data da defesa: 27\/02\/2018<\/p>\n<p><a href=\"https:\/\/wp.ufpel.edu.br\/ppgl\/files\/2019\/04\/Ot\u00e1vio-Botelho-Rosa.pdf\">Texto Completo<\/a><\/p>\n<p>&nbsp;<\/p>\n<p>&nbsp;<\/p>\n<p><strong>PETERSON LIMA SCHIMULFENING<\/strong><\/p>\n<p>ESQUEMAS IMAG\u00c9TICOS E O DOM\u00cdNIO DE CONT\u00caINER NO USO DA\u00a0 ESTRUTURA EM+A\/O(S) EM PRODU\u00c7\u00d5ES ESCRITAS DE SURDOS APRENDIZES DE PORTUGU\u00caS COMO L\u00cdNGUA ESTRANGEIRA<\/p>\n<p>Orientadora: MIRIAN ROSE BRUM-DE-PAULA<\/p>\n<p>Data da defesa:\u00a0 31\/08\/2018<\/p>\n<p><a href=\"https:\/\/wp.ufpel.edu.br\/ppgl\/files\/2019\/04\/Peterson-Lima-Schimulfening.pdf\">Texto Completo<\/a><\/p>\n<p>&nbsp;<\/p>\n<p>&nbsp;<\/p>\n<p><strong>RENAN CASTRO FERREIRA<\/strong><\/p>\n<p>SIMILARIDADES TRANSLINGU\u00cdSTICAS ENTRE PORTUGU\u00caS E INGL\u00caS E OS PHRASAL VERBS: A PERCEP\u00c7\u00c3O DE APRENDIZES DE INGL\u00caS &#8211; LE<\/p>\n<p>Orientadora: ISABELLA MOZZILLO<\/p>\n<p>Data da defesa: 23\/02\/2018<\/p>\n<p><a href=\"https:\/\/wp.ufpel.edu.br\/ppgl\/files\/2019\/04\/Renan_Castro_Ferreira.pdf\">Texto Completo<\/a><\/p>\n<p>&nbsp;<\/p>\n<p>&nbsp;<\/p>\n<p><strong>SUSANA SILVEIRA CORR\u00caA<\/strong><\/p>\n<p>AN\u00c1LISE DE CAPAS DA REVISTA VEJA: A CONSTRU\u00c7\u00c3O MIDI\u00c1TICA DA LEGITIMA\u00c7\u00c3O DO PROCESSO DE IMPEACHMENT DA PRESIDENTE DILMA ROUSSEFF \u00c0 LUZ DOS ESTUDOS BAKHTINIANOS<\/p>\n<p>Orientador: ADAIL UBIRAJARA SOBRAL<\/p>\n<p>Data da defesa: 21\/12\/2018<\/p>\n<p><a href=\"https:\/\/wp.ufpel.edu.br\/ppgl\/files\/2019\/04\/Susana-Silveira-Correa.pdf\">Texto Completo<\/a><\/p>\n<p>&nbsp;<\/p>\n<p>&nbsp;<\/p>\n<p><strong>SUSANE DA SILVA COSTA<\/strong><\/p>\n<p>A CONSTRU\u00c7\u00c3O DO SENTIDO NO TEXTO DISSERTATIVO-ARGUMENTATIVO EM REDA\u00c7\u00d5ES DO ENEM<\/p>\n<p>Orientadora: CLEIDE IN\u00caS WITTKE<\/p>\n<p>Data das defesa: 26\/02\/2018<\/p>\n<p><a href=\"https:\/\/wp.ufpel.edu.br\/ppgl\/files\/2019\/04\/Susane-da-Silva-Costa.pdf\">Texto Completo<\/a><\/p>\n<p>&nbsp;<\/p>\n<p>&nbsp;<\/p>\n<p><strong>TAINARA LEMOS PACHECO<\/strong><\/p>\n<p>BUSUU COMO POTENCIAL ESPA\u00c7O DE ENSINO DE INGL\u00caS COMO L\u00cdNGUA ESTRANGEIRA ATRAV\u00c9S DE APLICATIVOS<\/p>\n<p>Orientador: VILSON JOS\u00c9 LEFFA<\/p>\n<p>Data de defesa: 21\/12\/2018<\/p>\n<p><a href=\"https:\/\/wp.ufpel.edu.br\/ppgl\/files\/2019\/04\/Tainara-Lemos-Pacheco.pdf\">Texto Completo<\/a><\/p>\n<p>&nbsp;<\/p>\n<p>&nbsp;<\/p>\n<p><strong>TANANE CAETANO MA\u00c7ANS<\/strong><\/p>\n<p>O NARRADOR DE MEM\u00d3RIAS E A (DES)CONSTRU\u00c7\u00c3O DO PASSADO HIST\u00d3RICO EM &#8220;A FANT\u00c1STICA VIDA BREVE DE OSCAR WAO&#8221;, DE JUNOT D\u00cdAZ, E &#8220;M\u00caS DE C\u00c3ES DANADOS&#8221;, DE MOACYR SCLIAR<\/p>\n<p>Orientadora: CL\u00c1UDIA LORENA VOUTO DA FONSECA<\/p>\n<p>Data da defesa: 31\/08\/2018<\/p>\n<p><a href=\"https:\/\/wp.ufpel.edu.br\/ppgl\/files\/2019\/04\/Tanane-Caetano-Ma\u00e7ans.pdf\">Texto Completo<\/a><\/p>\n<p>&nbsp;<\/p>\n<p>&nbsp;<\/p>\n<p><strong>THA\u00cdS REJES MARQUES<\/strong><\/p>\n<p>O PORTU\u00d1OL NO IR E VIR DOS SUJEITOS FRONTERIZOS DE ACEGU\u00c1 BR\/UY: L\u00cdNGUAS E IDENTIDADES SOB O VI\u00c9S DE UMA LINGU\u00cdSTICA APLICADA INDISCIPLINAR<\/p>\n<p>Orientadora: LET\u00cdCIA FONSECA RICHTHOFEN DE FREITAS<\/p>\n<p>Data da defesa: 09\/02\/2018<\/p>\n<p><a href=\"https:\/\/wp.ufpel.edu.br\/ppgl\/files\/2019\/04\/Tha\u00eds-Rejes-Marques.pdf\">Texto Completo<\/a><\/p>\n<p>&nbsp;<\/p>\n<p>&nbsp;<\/p>\n<p><strong>V\u00cdVIAN PEREIRA FIALHO<\/strong><\/p>\n<p>O PAPEL DOBILINGUISMO NODESEMPENHO DEADULTOS EMTAREFAS ENVOLVENDO CONTROLE INIBIT\u00d3RIO: UMA ABORDAGEM DIN\u00c2MICA<\/p>\n<p>Orientadora: C\u00cdNTIA \u00c1VILA BLANK<\/p>\n<p>Data da defesa: 28\/02\/2018<\/p>\n<p><a href=\"https:\/\/wp.ufpel.edu.br\/ppgl\/files\/2019\/04\/V\u00edvian-Pereira-Fialho.pdf\">Texto Completo<\/a><\/p>\n<p>&nbsp;<\/p>\n<p>&nbsp;<\/p>\n<p><strong>VIVIANE MARTINI<\/strong><\/p>\n<p>O (DES)MONTAR POR UM SALTO: PARA UM PERCURSO DE RESSIGNIFICA\u00c7\u00c3O DO CONTO DE FADA &#8220;CINDERELA&#8221;<\/p>\n<p>Orientadora: DANIELLE GALLINDO GON\u00c7ALVES SILVA<\/p>\n<p>Data da defesa: 27\/02\/2018<\/p>\n<p><a href=\"https:\/\/wp.ufpel.edu.br\/ppgl\/files\/2019\/04\/Viviane-Martini.pdf\">Texto Completo<\/a><\/p>\n<p>&nbsp;<\/p>\n<p>&nbsp;<\/p>\n<p><strong>Y\u00c9SSICA LOPES DA SILVA<\/strong><\/p>\n<p>TV INES: O PROTAGONISMO SURDO NA PRODU\u00c7\u00c3O DE CONTE\u00daDO AUDIOVISUAL QUE PROMOVE INFORMA\u00c7\u00c3O, CULTURA E L\u00cdNGUA<\/p>\n<p>Orientadora: TATIANA LEBEDEFF<\/p>\n<p>Data da defesa: 20\/02\/2018<\/p>\n<p><a href=\"https:\/\/wp.ufpel.edu.br\/ppgl\/files\/2019\/04\/Y\u00e9ssica-Lopes-da-Silva.pdf\">Texto Completo<\/a><\/p>\n","protected":false},"excerpt":{"rendered":"<p>STELLA APARECIDA LEITE LIMA MOVIMENTO O SUL \u00c9 MEU PA\u00cdS: O DISCURSO SEPARATISTA E SEUS EFEITOS DE SENTIDO Orientadora: Erc\u00edlia Ana Cazarin Texto Completo &nbsp; ALINE BEHLING DUARTE PRIMING GRAFO-F\u00d4NICO-FONOL\u00d3GICO EM MULTIL\u00cdNGUES: UMA ABORDAGEM DIN\u00c2MICA Orientadora: C\u00cdNTIA \u00c1VILA BLANK Data da defesa: 28\/02\/2018 Texto Completo &nbsp; ALINE REINHARDT DA SILVEIRA O DISCURSO SOBRE A REFORMA [&hellip;]<\/p>\n","protected":false},"author":253,"featured_media":0,"parent":397,"menu_order":2,"comment_status":"closed","ping_status":"closed","template":"","meta":{"jetpack_post_was_ever_published":false,"footnotes":""},"class_list":["post-3346","page","type-page","status-publish","hentry"],"jetpack_sharing_enabled":true,"jetpack_shortlink":"https:\/\/wp.me\/P8vD3Q-RY","_links":{"self":[{"href":"https:\/\/wp.ufpel.edu.br\/ppgl\/wp-json\/wp\/v2\/pages\/3346","targetHints":{"allow":["GET"]}}],"collection":[{"href":"https:\/\/wp.ufpel.edu.br\/ppgl\/wp-json\/wp\/v2\/pages"}],"about":[{"href":"https:\/\/wp.ufpel.edu.br\/ppgl\/wp-json\/wp\/v2\/types\/page"}],"author":[{"embeddable":true,"href":"https:\/\/wp.ufpel.edu.br\/ppgl\/wp-json\/wp\/v2\/users\/253"}],"replies":[{"embeddable":true,"href":"https:\/\/wp.ufpel.edu.br\/ppgl\/wp-json\/wp\/v2\/comments?post=3346"}],"version-history":[{"count":10,"href":"https:\/\/wp.ufpel.edu.br\/ppgl\/wp-json\/wp\/v2\/pages\/3346\/revisions"}],"predecessor-version":[{"id":3521,"href":"https:\/\/wp.ufpel.edu.br\/ppgl\/wp-json\/wp\/v2\/pages\/3346\/revisions\/3521"}],"up":[{"embeddable":true,"href":"https:\/\/wp.ufpel.edu.br\/ppgl\/wp-json\/wp\/v2\/pages\/397"}],"wp:attachment":[{"href":"https:\/\/wp.ufpel.edu.br\/ppgl\/wp-json\/wp\/v2\/media?parent=3346"}],"curies":[{"name":"wp","href":"https:\/\/api.w.org\/{rel}","templated":true}]}}