{"id":3340,"date":"2019-04-18T08:37:59","date_gmt":"2019-04-18T11:37:59","guid":{"rendered":"https:\/\/wp.ufpel.edu.br\/ppgl\/?page_id=3340"},"modified":"2019-04-18T11:34:19","modified_gmt":"2019-04-18T14:34:19","slug":"2018-2","status":"publish","type":"page","link":"https:\/\/wp.ufpel.edu.br\/ppgl\/trabalhos-defendidos\/teses\/2018-2\/","title":{"rendered":"2018"},"content":{"rendered":"<p><strong>C\u00c1SSIA RODRIGUES GON\u00c7ALVES<\/strong><\/p>\n<p>MASCULINO, BRANCO, HETEROSSEXUAL E CISG\u00caNERO: O PARADIGMA SOCIAL DOMINANTE E O NOVO MAL-ESTAR NA CULTURA<\/p>\n<p>Orientador: ADAIL UBIRAJARA SOBRAL<\/p>\n<p>Data da defesa: 13\/06\/2018<\/p>\n<p>&nbsp;<\/p>\n<p><a href=\"https:\/\/wp.ufpel.edu.br\/ppgl\/files\/2019\/04\/TESE-CASSIA.pdf\">Texto Completo<\/a><\/p>\n<p>&nbsp;<\/p>\n<p>&nbsp;<\/p>\n<p><strong>CRISTINA ZANELLA RODRIGUES<\/strong><\/p>\n<p>LA MADRE EM LEI: SUJEITO E SENTIDO NO DISCURSO DE LUTA PELA TERRA<\/p>\n<p>Orientadora: ARACY\u00a0 GRA\u00c7A ERNST<\/p>\n<p>Data da defesa: 21\/08\/2018<\/p>\n<p>&nbsp;<\/p>\n<p><a href=\"https:\/\/wp.ufpel.edu.br\/ppgl\/files\/2019\/04\/Tese-Cristina-Zanella-Rodrigues.pdf\">Texto Completo<\/a><\/p>\n<p>&nbsp;<\/p>\n<p>&nbsp;<\/p>\n<p><strong>LUCIA ALDA SOARES<\/strong><\/p>\n<p>METODOLOGIAS (CRI)ATIVAS NA ESCOLA: A MULTIPLICIDADE DA APRENDIZAGEM DE L\u00cdNGUA INGLESA BASEADA EM PROJETOS<\/p>\n<p>Orientador: VILSON JOS\u00c9 LEFFA<\/p>\n<p>&nbsp;<\/p>\n<p><a href=\"https:\/\/wp.ufpel.edu.br\/ppgl\/files\/2019\/04\/Tese-Lucia-Silveira-Alda.pdf\">Texto Completo<\/a><\/p>\n","protected":false},"excerpt":{"rendered":"<p>C\u00c1SSIA RODRIGUES GON\u00c7ALVES MASCULINO, BRANCO, HETEROSSEXUAL E CISG\u00caNERO: O PARADIGMA SOCIAL DOMINANTE E O NOVO MAL-ESTAR NA CULTURA Orientador: ADAIL UBIRAJARA SOBRAL Data da defesa: 13\/06\/2018 &nbsp; Texto Completo &nbsp; &nbsp; CRISTINA ZANELLA RODRIGUES LA MADRE EM LEI: SUJEITO E SENTIDO NO DISCURSO DE LUTA PELA TERRA Orientadora: ARACY\u00a0 GRA\u00c7A ERNST Data da defesa: 21\/08\/2018 [&hellip;]<\/p>\n","protected":false},"author":253,"featured_media":0,"parent":3090,"menu_order":1,"comment_status":"closed","ping_status":"closed","template":"","meta":{"jetpack_post_was_ever_published":false,"footnotes":""},"class_list":["post-3340","page","type-page","status-publish","hentry"],"jetpack_sharing_enabled":true,"jetpack_shortlink":"https:\/\/wp.me\/P8vD3Q-RS","_links":{"self":[{"href":"https:\/\/wp.ufpel.edu.br\/ppgl\/wp-json\/wp\/v2\/pages\/3340","targetHints":{"allow":["GET"]}}],"collection":[{"href":"https:\/\/wp.ufpel.edu.br\/ppgl\/wp-json\/wp\/v2\/pages"}],"about":[{"href":"https:\/\/wp.ufpel.edu.br\/ppgl\/wp-json\/wp\/v2\/types\/page"}],"author":[{"embeddable":true,"href":"https:\/\/wp.ufpel.edu.br\/ppgl\/wp-json\/wp\/v2\/users\/253"}],"replies":[{"embeddable":true,"href":"https:\/\/wp.ufpel.edu.br\/ppgl\/wp-json\/wp\/v2\/comments?post=3340"}],"version-history":[{"count":1,"href":"https:\/\/wp.ufpel.edu.br\/ppgl\/wp-json\/wp\/v2\/pages\/3340\/revisions"}],"predecessor-version":[{"id":3345,"href":"https:\/\/wp.ufpel.edu.br\/ppgl\/wp-json\/wp\/v2\/pages\/3340\/revisions\/3345"}],"up":[{"embeddable":true,"href":"https:\/\/wp.ufpel.edu.br\/ppgl\/wp-json\/wp\/v2\/pages\/3090"}],"wp:attachment":[{"href":"https:\/\/wp.ufpel.edu.br\/ppgl\/wp-json\/wp\/v2\/media?parent=3340"}],"curies":[{"name":"wp","href":"https:\/\/api.w.org\/{rel}","templated":true}]}}