{"id":3317,"date":"2019-04-16T08:43:40","date_gmt":"2019-04-16T11:43:40","guid":{"rendered":"https:\/\/wp.ufpel.edu.br\/ppgl\/?page_id=3317"},"modified":"2025-02-23T16:33:38","modified_gmt":"2025-02-23T19:33:38","slug":"formularios","status":"publish","type":"page","link":"https:\/\/wp.ufpel.edu.br\/ppgl\/formularios\/","title":{"rendered":"Formul\u00e1rios"},"content":{"rendered":"<p><strong>Manual de normas UFPel para trabalhos acad\u00eamicos<\/strong><\/p>\n<p><a href=\"https:\/\/wp.ufpel.edu.br\/ppgl\/files\/2023\/11\/Manual_Versao_Final_2__18_10_2023.pdf\">Manual_Versao_Final_2__18_10_2023<\/a><\/p>\n<p><strong>Formul\u00e1rios de Encaminhamento de Exame de Qualifica\u00e7\u00e3o e Defesa &#8211; Mestrado e Doutorado<\/strong><\/p>\n<p><a href=\"https:\/\/wp.ufpel.edu.br\/ppgl\/files\/2020\/06\/Formul\u00e1rio-encaminhamento-exame-de-qualifica\u00e7\u00e3o.doc\">Formul\u00e1rio Encaminhamento Exame de Qualifica\u00e7\u00e3o<\/a><\/p>\n<p><a href=\"https:\/\/wp.ufpel.edu.br\/ppgl\/files\/2020\/10\/ENCAMINHAMENTO-DE-DEFESA-DE-MONOGRAFIA-TCC-DISSERTACAO-OU-TESE-ATUALIZADO-1-1.doc\">Formul\u00e1rio de Encaminhamento de Defesa<\/a><\/p>\n<p><a href=\"https:\/\/wp.ufpel.edu.br\/ppgl\/files\/2019\/08\/003_Cadastro_PPGL_professor_participante-FORMUL\u00c1RIO.doc\">Formul\u00e1rio de Cadastro de Professor Participante Externo<\/a><\/p>\n<p><strong>Documentos para Entrega Vers\u00e3o Final &#8211; Mestrado e Doutorado<\/strong><\/p>\n<p><a href=\"https:\/\/wp.ufpel.edu.br\/ppgl\/files\/2019\/04\/02-Termo-de-Autoriza\u00e7\u00e3o-Publica\u00e7\u00e3o-CAPES.doc\"> Termo de Autoriza\u00e7\u00e3o Publica\u00e7\u00e3o CAPES<\/a><\/p>\n<p><a href=\"https:\/\/wp.ufpel.edu.br\/ppgl\/files\/2021\/03\/Termo_de_autorizacao_para_inserir_teses_e_dissertacoes_nas_bases_de_dados_da_UFPel_e_IBICT__Novo_.pdf\">Termo de Autoriza\u00e7\u00e3o Biblioteca UFPel<\/a><\/p>\n<p><a href=\"https:\/\/wp.ufpel.edu.br\/ppgl\/files\/2019\/04\/04_-Declara\u00e7\u00e3o-de-Orientador-FINALIZACAO-DA-DISSERTACAO.doc\">Declara\u00e7\u00e3o de Orientador<\/a><\/p>\n<p><strong>Est\u00e1gio de Doc\u00eancia<\/strong><\/p>\n<p><a href=\"https:\/\/wp.ufpel.edu.br\/ppgl\/files\/2020\/02\/Formul\u00e1rio-EST\u00c1GIO-DE-DOC\u00caNCIA-1.doc\">Formul\u00e1rio Est\u00e1gio de Doc\u00eancia<\/a><\/p>\n<p><a href=\"https:\/\/wp.ufpel.edu.br\/ppgl\/files\/2019\/04\/Parecer-Orientador-EST\u00c1GIO-DE-DOC\u00caNCIA.doc\">Parecer Orientador Est\u00e1gio de Doc\u00eancia<\/a><\/p>\n<p><strong>Indica\u00e7\u00e3o de Orientador<\/strong><\/p>\n<p><a href=\"https:\/\/wp.ufpel.edu.br\/ppgl\/files\/2020\/11\/Formulario_Indicacao_Orientador.doc\">Formul\u00e1rio Indica\u00e7\u00e3o Orientador<\/a><\/p>\n<p><a href=\"https:\/\/wp.ufpel.edu.br\/ppgl\/files\/2019\/04\/Substitui\u00e7\u00e3o-de-Orientador.doc\">Substitui\u00e7\u00e3o de Orientador<\/a><\/p>\n<p><strong>Disciplinas<\/strong><\/p>\n<p><a href=\"https:\/\/wp.ufpel.edu.br\/ppgl\/files\/2020\/09\/Ficha-de-Matricula-Aluno-Regular-2020-2.doc\">Ficha-de-Matr\u00edcula-Aluno-Regular-2020-2<\/a><\/p>\n<p><a href=\"https:\/\/wp.ufpel.edu.br\/ppgl\/files\/2019\/04\/Formul\u00e1rio-Aproveitamento-de-Disciplinas.doc\">Formul\u00e1rio Aproveitamento de Disciplinas<\/a><\/p>\n<p><a href=\"https:\/\/wp.ufpel.edu.br\/ppgl\/files\/2019\/04\/Formul\u00e1rio-Cancelamento-de-Disciplinas.doc\">Formul\u00e1rio Cancelamento de Disciplinas<\/a><\/p>\n<p><a href=\"https:\/\/wp.ufpel.edu.br\/ppgl\/files\/2019\/04\/Formul\u00e1rio-NOVA-DISCIPLINA.xls\">Formul\u00e1rio de Inser\u00e7\u00e3o de Nova Disciplina<\/a><\/p>\n<p><strong>Documenta\u00e7\u00e3o para Bolsa<\/strong><\/p>\n<p><a href=\"https:\/\/wp.ufpel.edu.br\/ppgl\/files\/2019\/04\/Cadastramento-de-Bolsistas.xls\">Cadastro de Bolsistas<\/a><\/p>\n<p><a href=\"https:\/\/wp.ufpel.edu.br\/ppgl\/files\/2019\/04\/DECLARA\u00c7\u00c3O-de-ci\u00eancia-da-Portaria-capes-76_2010.docx\">Declara\u00e7\u00e3o CAPES<\/a><\/p>\n<p><a href=\"https:\/\/wp.ufpel.edu.br\/ppgl\/files\/2019\/04\/Modelo-Termo-Compromisso-DS.doc\">Modelo Termo Compromisso<\/a><\/p>\n<p>&nbsp;<\/p>\n<p>&nbsp;<\/p>\n","protected":false},"excerpt":{"rendered":"<p>Manual de normas UFPel para trabalhos acad\u00eamicos Manual_Versao_Final_2__18_10_2023 Formul\u00e1rios de Encaminhamento de Exame de Qualifica\u00e7\u00e3o e Defesa &#8211; Mestrado e Doutorado Formul\u00e1rio Encaminhamento Exame de Qualifica\u00e7\u00e3o Formul\u00e1rio de Encaminhamento de Defesa Formul\u00e1rio de Cadastro de Professor Participante Externo Documentos para Entrega Vers\u00e3o Final &#8211; Mestrado e Doutorado Termo de Autoriza\u00e7\u00e3o Publica\u00e7\u00e3o CAPES Termo de Autoriza\u00e7\u00e3o [&hellip;]<\/p>\n","protected":false},"author":253,"featured_media":0,"parent":0,"menu_order":20,"comment_status":"closed","ping_status":"closed","template":"","meta":{"jetpack_post_was_ever_published":false,"footnotes":""},"class_list":["post-3317","page","type-page","status-publish","hentry"],"jetpack_sharing_enabled":true,"jetpack_shortlink":"https:\/\/wp.me\/P8vD3Q-Rv","_links":{"self":[{"href":"https:\/\/wp.ufpel.edu.br\/ppgl\/wp-json\/wp\/v2\/pages\/3317","targetHints":{"allow":["GET"]}}],"collection":[{"href":"https:\/\/wp.ufpel.edu.br\/ppgl\/wp-json\/wp\/v2\/pages"}],"about":[{"href":"https:\/\/wp.ufpel.edu.br\/ppgl\/wp-json\/wp\/v2\/types\/page"}],"author":[{"embeddable":true,"href":"https:\/\/wp.ufpel.edu.br\/ppgl\/wp-json\/wp\/v2\/users\/253"}],"replies":[{"embeddable":true,"href":"https:\/\/wp.ufpel.edu.br\/ppgl\/wp-json\/wp\/v2\/comments?post=3317"}],"version-history":[{"count":18,"href":"https:\/\/wp.ufpel.edu.br\/ppgl\/wp-json\/wp\/v2\/pages\/3317\/revisions"}],"predecessor-version":[{"id":6675,"href":"https:\/\/wp.ufpel.edu.br\/ppgl\/wp-json\/wp\/v2\/pages\/3317\/revisions\/6675"}],"wp:attachment":[{"href":"https:\/\/wp.ufpel.edu.br\/ppgl\/wp-json\/wp\/v2\/media?parent=3317"}],"curies":[{"name":"wp","href":"https:\/\/api.w.org\/{rel}","templated":true}]}}