{"id":33,"date":"2013-04-05T14:56:43","date_gmt":"2013-04-05T17:56:43","guid":{"rendered":"https:\/\/wp.ufpel.edu.br\/ppgl\/?page_id=33"},"modified":"2025-02-23T16:33:56","modified_gmt":"2025-02-23T19:33:56","slug":"inicio","status":"publish","type":"page","link":"https:\/\/wp.ufpel.edu.br\/ppgl\/inicio\/","title":{"rendered":"Hist\u00f3ria"},"content":{"rendered":"<p style=\"text-align: justify;\">O Programa de P\u00f3s-Gradua\u00e7\u00e3o em Letras da Universidade Federal de Pelotas \u2013 PPG em Letras da UFPel, conceito 5, na CAPES, com \u00e1rea de concentra\u00e7\u00e3o em Linguagem, Texto e Imagem, integra os n\u00edveis de Mestrado e Doutorado, e tem, como meta, a forma\u00e7\u00e3o de profissionais qualificados \u2013 Mestres e Doutores \u2013 nessa \u00e1rea que congrega tanto os estudos lingu\u00edsticos quanto os estudos liter\u00e1rios.<\/p>\n<p style=\"text-align: justify;\">A configura\u00e7\u00e3o atual deste Programa nasceu em 2018, devido ao processo de transi\u00e7\u00e3o do PPGL da Universidade Cat\u00f3lica de Pelotas, para a Universidade Federal de Pelotas. Nessa transi\u00e7\u00e3o, houve a fus\u00e3o dos dois Programas de P\u00f3s-Gradua\u00e7\u00e3o.<\/p>\n<p style=\"text-align: justify;\">O curso de Mestrado do PPG em Letras da UFPel teve suas atividades iniciadas em mar\u00e7o de 2011. Foi criado em outubro de 2010, durante a 122\u00aa Reuni\u00e3o do Conselho T\u00e9cnico-Cient\u00edfico da Educa\u00e7\u00e3o Superior (CTC-ES). O Mestrado em Letras surgiu na Universidade Federal de Pelotas no momento em que a sua ades\u00e3o ao REUNI produzia um acelerado crescimento da Institui\u00e7\u00e3o, com a constru\u00e7\u00e3o de novos pr\u00e9dios, amplia\u00e7\u00e3o do quadro docente, reestrutura\u00e7\u00e3o pedag\u00f3gica de v\u00e1rios cursos de gradua\u00e7\u00e3o e cria\u00e7\u00e3o de outros, a partir do ano de 2008.<\/p>\n<p style=\"text-align: justify;\">O n\u00edvel de Mestrado do PPG em Letras da UCPel teve o in\u00edcio do funcionamento em 1994, tendo sido o primeiro Mestrado em Letras da regi\u00e3o sul do Rio Grande do Sul e um dos primeiros do interior do Estado. Foi aprovado pelo Conselho Universit\u00e1rio da UCPel em sua cent\u00e9sima quadrag\u00e9sima oitava reuni\u00e3o ordin\u00e1ria, realizada no dia 20 de outubro de 1993, e foi reconhecido pela CAPES na reuni\u00e3o do CTC realizada em 22\/09\/2000, tendo sido tal ato publicado no D.O.U. em 06\/04\/2001.<\/p>\n<p style=\"text-align: justify;\">Tendo em vista a consolida\u00e7\u00e3o desse n\u00edvel de estudos, o Programa de P\u00f3s-Gradua\u00e7\u00e3o em Letras da UCPel, em 2005, prop\u00f4s \u00e0 CAPES a implanta\u00e7\u00e3o do n\u00edvel de Doutorado, aprovado pelo Conselho Universit\u00e1rio da UCPel em sua ducent\u00e9sima quadrag\u00e9sima sexta reuni\u00e3o ordin\u00e1ria, realizada no dia 20 de abril de 2005. O Curso de Doutorado do PPG em Letras da UCPel foi reconhecido pela CAPES na reuni\u00e3o do CTC realizada no per\u00edodo de 13 a 15 de setembro de 2005, tendo sido registrado tal reconhecimento no D.O.U. de 29\/12\/2005 e teve o ingresso de sua primeira turma em agosto de 2006.<\/p>\n<p style=\"text-align: justify;\">O Programa de P\u00f3s-Gradua\u00e7\u00e3o em Letras da Universidade Federal de Pelotas possui, portanto, um longo hist\u00f3rico de consolida\u00e7\u00e3o. A reorganiza\u00e7\u00e3o de seu projeto pedag\u00f3gico, realizada em 2018, teve o objetivo n\u00e3o apenas de acomodar os dois Programas que se tornaram um, mas tamb\u00e9m de enriquecer sua configura\u00e7\u00e3o.<\/p>\n","protected":false},"excerpt":{"rendered":"<p>O Programa de P\u00f3s-Gradua\u00e7\u00e3o em Letras da Universidade Federal de Pelotas \u2013 PPG em Letras da UFPel, conceito 5, na CAPES, com \u00e1rea de concentra\u00e7\u00e3o em Linguagem, Texto e Imagem, integra os n\u00edveis de Mestrado e Doutorado, e tem, como meta, a forma\u00e7\u00e3o de profissionais qualificados \u2013 Mestres e Doutores \u2013 nessa \u00e1rea que congrega [&hellip;]<\/p>\n","protected":false},"author":253,"featured_media":0,"parent":0,"menu_order":0,"comment_status":"closed","ping_status":"closed","template":"","meta":{"jetpack_post_was_ever_published":false,"footnotes":""},"class_list":["post-33","page","type-page","status-publish","hentry"],"jetpack_sharing_enabled":true,"jetpack_shortlink":"https:\/\/wp.me\/P8vD3Q-x","_links":{"self":[{"href":"https:\/\/wp.ufpel.edu.br\/ppgl\/wp-json\/wp\/v2\/pages\/33","targetHints":{"allow":["GET"]}}],"collection":[{"href":"https:\/\/wp.ufpel.edu.br\/ppgl\/wp-json\/wp\/v2\/pages"}],"about":[{"href":"https:\/\/wp.ufpel.edu.br\/ppgl\/wp-json\/wp\/v2\/types\/page"}],"author":[{"embeddable":true,"href":"https:\/\/wp.ufpel.edu.br\/ppgl\/wp-json\/wp\/v2\/users\/253"}],"replies":[{"embeddable":true,"href":"https:\/\/wp.ufpel.edu.br\/ppgl\/wp-json\/wp\/v2\/comments?post=33"}],"version-history":[{"count":9,"href":"https:\/\/wp.ufpel.edu.br\/ppgl\/wp-json\/wp\/v2\/pages\/33\/revisions"}],"predecessor-version":[{"id":7427,"href":"https:\/\/wp.ufpel.edu.br\/ppgl\/wp-json\/wp\/v2\/pages\/33\/revisions\/7427"}],"wp:attachment":[{"href":"https:\/\/wp.ufpel.edu.br\/ppgl\/wp-json\/wp\/v2\/media?parent=33"}],"curies":[{"name":"wp","href":"https:\/\/api.w.org\/{rel}","templated":true}]}}