{"id":324,"date":"2015-07-21T12:52:12","date_gmt":"2015-07-21T15:52:12","guid":{"rendered":"https:\/\/wp.ufpel.edu.br\/ppgl\/?page_id=324"},"modified":"2025-07-25T19:37:29","modified_gmt":"2025-07-25T22:37:29","slug":"literatura-cultura-traducao","status":"publish","type":"page","link":"https:\/\/wp.ufpel.edu.br\/ppgl\/docentes\/literatura-cultura-traducao\/","title":{"rendered":"Literatura, cultura e tradu\u00e7\u00e3o"},"content":{"rendered":"<p><a href=\"mailto:alfeu.sparemberger@outlook.com\"><span style=\"font-size: 12pt;\"><b>Alfeu <\/b><b>Sparemberger<\/b><\/span><\/a><br \/>\n<b>\u00c1reas de interesse<\/b>: Literatura Brasileira, Literatura Portuguesa e Cultura Brasileira<br \/>\n<b>Projeto em andamento<\/b>: <a href=\"https:\/\/institucional.ufpel.edu.br\/projetos\/id\/u2301\">Os circuitos culturais do Terceiro Mundo: do n\u00e3o-alinhamento ao capitalismo global<\/a><\/p>\n<p><a href=\"http:\/\/lattes.cnpq.br\/9671613350365467\">CV Lattes<\/a><\/p>\n<p>&nbsp;<\/p>\n<p><span style=\"font-size: 12pt;\"><a href=\"mailto: ackahmann@gmail.com\"><b>Andrea Cristiane Kahmann<\/b><\/a><br \/>\n<\/span><b>\u00c1reas de interesse<\/b>: Estudos da Tradu\u00e7\u00e3o e Estudos do Tradutor, especialmente: Tradu\u00e7\u00e3o Liter\u00e1ria, Sociologia da Tradu\u00e7\u00e3o e Hist\u00f3ria e Historiografia da Tradu\u00e7\u00e3o<br \/>\n<b>Projeto em andamento<\/b>: Antologia da poesia traduzida de l\u00edngua espanhola: experi\u00eancia, manipula\u00e7\u00e3o ou farra mefistof\u00e1ustica.<\/p>\n<p><a href=\"http:\/\/lattes.cnpq.br\/5779140095343632\">CV Lattes<\/a><\/p>\n<p>&nbsp;<\/p>\n<p><a href=\"mailto:aulus.mm@gmail.com\"><span style=\"font-size: 12pt;\"><b>Aulus<\/b> <b>Mandagar\u00e1<\/b><b> Martins<\/b><\/span><\/a><br \/>\n<b>\u00c1reas de interesse<\/b>: Literatura brasileira moderna e contempor\u00e2nea; escritas da ditadura; adapta\u00e7\u00f5es liter\u00e1rias, cr\u00edtica liter\u00e1ria, literatura e outras artes<br \/>\n<b>Projeto em andamento<\/b>: <a href=\"https:\/\/institucional.ufpel.edu.br\/projetos\/id\/u6269\">TransMachado: pol\u00edticas de intertextualidade e rela\u00e7\u00f5es &#8220;palimpsestuosas&#8221; nas adapta\u00e7\u00f5es, transposi\u00e7\u00f5es e apropria\u00e7\u00f5es da obra machadiana<\/a><\/p>\n<p><a href=\"http:\/\/lattes.cnpq.br\/5779140095343632\">CV Lattes<\/a><\/p>\n<p>&nbsp;<\/p>\n<p><a href=\"mailto:fonseca.claudialorena@gmail.com\"><span style=\"font-size: 12pt;\"><b>Cl\u00e1udia Lorena <\/b><b>Vouto<\/b><b> da Fonseca<\/b><\/span><\/a><br \/>\n<b>\u00c1reas de interesse<\/b>: Estudos de Intertextualidade; Revistas culturais e liter\u00e1rias; Literatura e Hist\u00f3ria; Literatura latino-americana; Narrativa brasileira contempor\u00e2nea<br \/>\n<b>Projetos em andamento<\/b>: <a href=\"https:\/\/institucional.ufpel.edu.br\/projetos\/id\/u5664\">Publica\u00e7\u00f5es peri\u00f3dicas latino-americanas em alguns momentos do s\u00e9culo XX<\/a><\/p>\n<p><a href=\"http:\/\/lattes.cnpq.br\/7009414478179425\">CV Lattes<\/a><\/p>\n<p>&nbsp;<\/p>\n<p><a href=\"mailto:eduardo.marks@ufpel.edu.br\"><span style=\"font-size: 12pt;\"><b>Eduardo <\/b><b>Marks<\/b><b> de Marques<\/b><\/span><\/a><br \/>\n<b>\u00c1reas de interesse<\/b>: Distopias modernas e contempor\u00e2neas; intersec\u00e7\u00f5es entre literatura e hist\u00f3ria; literaturas de l\u00edngua inglesa, com especial foco no romance contempor\u00e2neo; romance brasileiro do\/no s\u00e9culo XXI; hist\u00f3ria cultural e teorias liter\u00e1rias e culturais; transumanismo e p\u00f3s-humanismo<br \/>\n<b>Projeto<\/b><b> em andamento<\/b>: <a href=\"https:\/\/institucional.ufpel.edu.br\/projetos\/id\/u5289\">O mundo que (des)conhecemos: examinando as distopias p\u00f3s-modernas nas literaturas angl\u00f3fonas contempor\u00e2neas<\/a><\/p>\n<p>Bolsista de Produtividade em Pesquisa &#8211; CNPq<br \/>\n<a href=\"http:\/\/lattes.cnpq.br\/9216599540037680\">CV Lattes\u00a0<\/a><\/p>\n<p>&nbsp;<\/p>\n<p><a href=\"mailto:gh.ruckert@gmail.com\"><strong>Gustavo Henrique R\u00fcckert<\/strong><\/a><br \/>\n\u00c1reas de interesse: Literaturas Africanas de L\u00edngua Portuguesa; Literatura Portuguesa; Representa\u00e7\u00f5es liter\u00e1rias das defici\u00eancias; Literatura e Autismo.<br \/>\nProjetos em andamento: <a href=\"https:\/\/institucional.ufpel.edu.br\/projetos\/id\/u5957\">Literatura incomum: por uma comunidade imaginada de leitores<\/a> e <a href=\"https:\/\/institucional.ufpel.edu.br\/projetos\/id\/u5362\">As palavras a girar: poesia autista em movimento<\/a><\/p>\n<p>Bolsista de Produtividade em Pesquisa &#8211; CNPq<br \/>\n<a href=\"http:\/\/lattes.cnpq.br\/3426796078386126\">CV Lattes<\/a><\/p>\n<p>&nbsp;<\/p>\n<p><a href=\"mailto:hjcribeiro@gmail.com\"><b><span style=\"font-size: 12pt;\">Helano<\/span><\/b><span style=\"font-size: 12pt;\"><b> Jader Cavalcante Ribeiro<\/b><\/span><\/a><br \/>\n<b>\u00c1reas<\/b><b> de interesse<\/b>: literatura e \u00e9tica, biopol\u00edtica, otobiografias e Walter Benjamin<br \/>\n<b>Projeto<\/b><b> em andamento<\/b>: O que resta do mito nazista: leituras cr\u00edticas sobre o nacional-socialismo no contempor\u00e2neo.<\/p>\n<p><a href=\"http:\/\/lattes.cnpq.br\/1446597388661121\">CV Lattes<\/a><\/p>\n<p>&nbsp;<\/p>\n<p><a href=\"mailto:julianasteil@gmail.com\"><span style=\"font-size: 12pt;\"><b>Juliana <\/b><b>Steil<\/b><\/span><\/a><br \/>\n<b style=\"color: var(--cor-texto); font-family: var(--fonte-corpo);\">\u00c1reas de interesse<\/b><span style=\"color: var(--cor-texto); font-family: var(--fonte-corpo);\">: poesia; teoria, hist\u00f3ria e cr\u00edtica da tradu\u00e7\u00e3o; tradu\u00e7\u00e3o liter\u00e1ria; adapta\u00e7\u00e3o de cl\u00e1ssicos; William Blake<br \/>\n<\/span><b style=\"color: var(--cor-texto); font-family: var(--fonte-corpo);\">Projeto em andamento<\/b><span style=\"color: var(--cor-texto); font-family: var(--fonte-corpo);\">:\u00a0<\/span><a href=\"https:\/\/institucional.ufpel.edu.br\/projetos\/id\/u2927\">Processos de recria\u00e7\u00e3o e transforma\u00e7\u00e3o de repert\u00f3rios culturais<\/a><\/p>\n<p><a href=\"http:\/\/lattes.cnpq.br\/5586916987453183\">CV Lattes<\/a><\/p>\n<p>&nbsp;<\/p>\n<p><a href=\"mailto:milena.kunrath@gmail.com\"><b>Milena Hoffmann Kunrath<\/b><\/a><br \/>\n<strong>\u00c1reas de interesse:<\/strong> Literatura Alem\u00e3, Teoria da Literatura, Literatura Comparada, Mem\u00f3ria, Trauma e Esquecimento na Literatura<br \/>\n<strong>Projetos em andamento: <\/strong><a href=\"https:\/\/institucional.ufpel.edu.br\/projetos\/id\/u2961\">A perspectiva hist\u00f3rica entre as gera\u00e7\u00f5es: a altera\u00e7\u00e3o das lembran\u00e7as da Segunda Guerra Mundial de acordo com seu interlocutor<\/a><\/p>\n<p><a href=\"http:\/\/lattes.cnpq.br\/0497963374492258\">CV Lattes<\/a><\/p>\n","protected":false},"excerpt":{"rendered":"<p>Alfeu Sparemberger \u00c1reas de interesse: Literatura Brasileira, Literatura Portuguesa e Cultura Brasileira Projeto em andamento: Os circuitos culturais do Terceiro Mundo: do n\u00e3o-alinhamento ao capitalismo global CV Lattes &nbsp; Andrea Cristiane Kahmann \u00c1reas de interesse: Estudos da Tradu\u00e7\u00e3o e Estudos do Tradutor, especialmente: Tradu\u00e7\u00e3o Liter\u00e1ria, Sociologia da Tradu\u00e7\u00e3o e Hist\u00f3ria e Historiografia da Tradu\u00e7\u00e3o Projeto [&hellip;]<\/p>\n","protected":false},"author":253,"featured_media":0,"parent":68,"menu_order":2,"comment_status":"closed","ping_status":"closed","template":"","meta":{"jetpack_post_was_ever_published":false,"footnotes":""},"class_list":["post-324","page","type-page","status-publish","hentry"],"jetpack_sharing_enabled":true,"jetpack_shortlink":"https:\/\/wp.me\/P8vD3Q-5e","_links":{"self":[{"href":"https:\/\/wp.ufpel.edu.br\/ppgl\/wp-json\/wp\/v2\/pages\/324","targetHints":{"allow":["GET"]}}],"collection":[{"href":"https:\/\/wp.ufpel.edu.br\/ppgl\/wp-json\/wp\/v2\/pages"}],"about":[{"href":"https:\/\/wp.ufpel.edu.br\/ppgl\/wp-json\/wp\/v2\/types\/page"}],"author":[{"embeddable":true,"href":"https:\/\/wp.ufpel.edu.br\/ppgl\/wp-json\/wp\/v2\/users\/253"}],"replies":[{"embeddable":true,"href":"https:\/\/wp.ufpel.edu.br\/ppgl\/wp-json\/wp\/v2\/comments?post=324"}],"version-history":[{"count":36,"href":"https:\/\/wp.ufpel.edu.br\/ppgl\/wp-json\/wp\/v2\/pages\/324\/revisions"}],"predecessor-version":[{"id":7763,"href":"https:\/\/wp.ufpel.edu.br\/ppgl\/wp-json\/wp\/v2\/pages\/324\/revisions\/7763"}],"up":[{"embeddable":true,"href":"https:\/\/wp.ufpel.edu.br\/ppgl\/wp-json\/wp\/v2\/pages\/68"}],"wp:attachment":[{"href":"https:\/\/wp.ufpel.edu.br\/ppgl\/wp-json\/wp\/v2\/media?parent=324"}],"curies":[{"name":"wp","href":"https:\/\/api.w.org\/{rel}","templated":true}]}}