{"id":320,"date":"2015-07-21T12:43:13","date_gmt":"2015-07-21T15:43:13","guid":{"rendered":"https:\/\/wp.ufpel.edu.br\/ppgl\/?page_id=320"},"modified":"2025-07-22T11:37:56","modified_gmt":"2025-07-22T14:37:56","slug":"equipe-administrativa","status":"publish","type":"page","link":"https:\/\/wp.ufpel.edu.br\/ppgl\/equipe-administrativa\/","title":{"rendered":"Equipe Administrativa"},"content":{"rendered":"<p><span style=\"color: #993300;\"><strong>Coordena\u00e7\u00e3o<\/strong><\/span><\/p>\n<p><strong>Coordenador<\/strong><\/p>\n<p>Prof. Dr. Eduardo Marks de Marques<\/p>\n<p><strong>Coordenadora Adjunta<\/strong><\/p>\n<p>&nbsp;<\/p>\n<p><span style=\"color: #993300;\"><strong>Secretaria<\/strong><\/span><\/p>\n<p>Eliza Naomi Sato (Secret\u00e1ria &#8211; PPGL)<\/p>\n<p>Luan Diego Badia<\/p>\n<p>&nbsp;<\/p>\n<p><span style=\"color: #993300;\"><strong>Colegiado<\/strong><\/span><\/p>\n<p><strong>Coordenador &#8211; Presidente<\/strong><\/p>\n<p>Prof. Dr. Eduardo Marks de Marques<\/p>\n<p><strong>Coordenadora adjunta<\/strong><\/p>\n<p>&nbsp;<\/p>\n<p><strong>Representa\u00e7\u00e3o da linha Aquisi\u00e7\u00e3o, Varia\u00e7\u00e3o e Ensino<\/strong><\/p>\n<p>Profa. Dra. Helena Vitalina Selbach<\/p>\n<p><strong>Representa\u00e7\u00e3o da linha Texto, Discurso e Rela\u00e7\u00f5es Sociais<\/strong><\/p>\n<p>Profa. Dra. Karina Giacomelli<\/p>\n<p><strong>Representa\u00e7\u00e3o da linha Literatura, Cultura e Tradu\u00e7\u00e3o<\/strong><\/p>\n<p>Prof. Dr. Gustavo Henrique R\u00fcckert<\/p>\n<p><strong>Representa\u00e7\u00e3o discente<\/strong><\/p>\n<p>&nbsp;<\/p>\n<p><strong>Representa\u00e7\u00e3o T\u00e9cnico-administrativa<\/strong><\/p>\n<p>Eliza Naomi Sato<\/p>\n<p>&nbsp;<\/p>\n<p><span style=\"color: #993300;\"><strong>Comiss\u00e3o de Bolsas<\/strong><\/span><\/p>\n<p>Prof. Dr. Eduardo Marks de Marques \u2013 Presidente<\/p>\n","protected":false},"excerpt":{"rendered":"<p>Coordena\u00e7\u00e3o Coordenador Prof. Dr. Eduardo Marks de Marques Coordenadora Adjunta &nbsp; Secretaria Eliza Naomi Sato (Secret\u00e1ria &#8211; PPGL) Luan Diego Badia &nbsp; Colegiado Coordenador &#8211; Presidente Prof. Dr. Eduardo Marks de Marques Coordenadora adjunta &nbsp; Representa\u00e7\u00e3o da linha Aquisi\u00e7\u00e3o, Varia\u00e7\u00e3o e Ensino Profa. Dra. Helena Vitalina Selbach Representa\u00e7\u00e3o da linha Texto, Discurso e Rela\u00e7\u00f5es Sociais [&hellip;]<\/p>\n","protected":false},"author":253,"featured_media":0,"parent":0,"menu_order":150,"comment_status":"closed","ping_status":"closed","template":"","meta":{"jetpack_post_was_ever_published":false,"footnotes":""},"class_list":["post-320","page","type-page","status-publish","hentry"],"jetpack_sharing_enabled":true,"jetpack_shortlink":"https:\/\/wp.me\/P8vD3Q-5a","_links":{"self":[{"href":"https:\/\/wp.ufpel.edu.br\/ppgl\/wp-json\/wp\/v2\/pages\/320","targetHints":{"allow":["GET"]}}],"collection":[{"href":"https:\/\/wp.ufpel.edu.br\/ppgl\/wp-json\/wp\/v2\/pages"}],"about":[{"href":"https:\/\/wp.ufpel.edu.br\/ppgl\/wp-json\/wp\/v2\/types\/page"}],"author":[{"embeddable":true,"href":"https:\/\/wp.ufpel.edu.br\/ppgl\/wp-json\/wp\/v2\/users\/253"}],"replies":[{"embeddable":true,"href":"https:\/\/wp.ufpel.edu.br\/ppgl\/wp-json\/wp\/v2\/comments?post=320"}],"version-history":[{"count":26,"href":"https:\/\/wp.ufpel.edu.br\/ppgl\/wp-json\/wp\/v2\/pages\/320\/revisions"}],"predecessor-version":[{"id":7734,"href":"https:\/\/wp.ufpel.edu.br\/ppgl\/wp-json\/wp\/v2\/pages\/320\/revisions\/7734"}],"wp:attachment":[{"href":"https:\/\/wp.ufpel.edu.br\/ppgl\/wp-json\/wp\/v2\/media?parent=320"}],"curies":[{"name":"wp","href":"https:\/\/api.w.org\/{rel}","templated":true}]}}