{"id":2626,"date":"2018-12-10T10:35:19","date_gmt":"2018-12-10T12:35:19","guid":{"rendered":"https:\/\/wp.ufpel.edu.br\/ppgl\/?page_id=2626"},"modified":"2018-12-10T10:35:19","modified_gmt":"2018-12-10T12:35:19","slug":"2009-2","status":"publish","type":"page","link":"https:\/\/wp.ufpel.edu.br\/ppgl\/trabalhos-defendidos\/teses\/2009-2\/","title":{"rendered":"2009"},"content":{"rendered":"<p><strong>\u00a0<\/strong><strong>CRISTIANE LAZZAROTTO VOLCAO\u00a0 <\/strong><\/p>\n<p>MODELO PADR\u00c3O DE AQUISI\u00c7\u00c3O DE CONTRASTES: Uma proposta de avalia\u00e7\u00e3o e classifica\u00e7\u00e3o dos Desvios Fonol\u00f3gicos<\/p>\n<p>Orientador: \u00a0CARMEN LUCIA BARRETO MATZENAUER<\/p>\n<p>Data da defesa:\u00a0\u00a0\u00a0 08\/10\/2009<\/p>\n<p><a href=\"https:\/\/wp.ufpel.edu.br\/ppgl\/files\/2018\/11\/MODELO-PADR\u00c3O-DE-AQUISI\u00c7\u00c3O-DE-CONTRASTES-Uma-proposta-de-avalia\u00e7\u00e3o-e-classifica\u00e7\u00e3o-dos-Desvios-Fonol\u00f3gicos-CRISTIANE-LAZZAROTTO-VOLC\u00c3O.pdf\">Texto Completo <\/a><\/p>\n<p><strong>\u00a0<\/strong><\/p>\n<p><strong>\u00a0<\/strong><\/p>\n<p><strong>DULCE CASSOL TAGLIANI<\/strong><\/p>\n<p>O LIVRO DID\u00c1TICO DE L\u00cdNGUA PORTUGUESA NO CONTEXTO ESCOLAR: PERSPECTIVAS DE INTERA\u00c7\u00c3O<\/p>\n<p>Orientador: \u00a0VILSON JOSE LEFFA<\/p>\n<p>Data da defesa:\u00a0\u00a0\u00a0 27\/07\/2009<\/p>\n<p><a href=\"https:\/\/wp.ufpel.edu.br\/ppgl\/files\/2018\/11\/O-LIVRO-DID\u00c1TICO-DE-L\u00cdNGUA-PORTUGUESA-NO-CONTEXTO-ESCOLAR-PERSPECTIVAS-DE-INTERA\u00c7\u00c3O-DULCE-TAGLIANI.pdf\">Texto Completo <\/a><\/p>\n<p>&nbsp;<\/p>\n<p>&nbsp;<\/p>\n<p><strong>VALESCA BRASIL IRALA<\/strong><\/p>\n<p>A REINSTITUCIONALIZA\u00c7\u00c3O COMO PR\u00c1TICA: ENTRE O JOGO DE RIR COM E O JOGO DE RIR DO PROFESSOR<\/p>\n<p>Orientador: \u00a0VILSON JOSE LEFFA<\/p>\n<p>Data da defesa:\u00a0\u00a0\u00a0 08\/06\/2009<\/p>\n<p><a href=\"https:\/\/wp.ufpel.edu.br\/ppgl\/files\/2018\/11\/A-REINSTITUCIONALIZA\u00c7\u00c3O-COMO-PR\u00c1TICA-JOGO-DE-RIR-COM-E-O-JOGO-DE-RIR-DO-PROFESSOR-Valesca-Brasil-Irala-1.pdf\">Texto Completo <\/a><\/p>\n","protected":false},"excerpt":{"rendered":"<p>\u00a0CRISTIANE LAZZAROTTO VOLCAO\u00a0 MODELO PADR\u00c3O DE AQUISI\u00c7\u00c3O DE CONTRASTES: Uma proposta de avalia\u00e7\u00e3o e classifica\u00e7\u00e3o dos Desvios Fonol\u00f3gicos Orientador: \u00a0CARMEN LUCIA BARRETO MATZENAUER Data da defesa:\u00a0\u00a0\u00a0 08\/10\/2009 Texto Completo \u00a0 \u00a0 DULCE CASSOL TAGLIANI O LIVRO DID\u00c1TICO DE L\u00cdNGUA PORTUGUESA NO CONTEXTO ESCOLAR: PERSPECTIVAS DE INTERA\u00c7\u00c3O Orientador: \u00a0VILSON JOSE LEFFA Data da defesa:\u00a0\u00a0\u00a0 27\/07\/2009 Texto [&hellip;]<\/p>\n","protected":false},"author":253,"featured_media":0,"parent":3090,"menu_order":10,"comment_status":"closed","ping_status":"closed","template":"","meta":{"jetpack_post_was_ever_published":false,"footnotes":""},"class_list":["post-2626","page","type-page","status-publish","hentry"],"jetpack_sharing_enabled":true,"jetpack_shortlink":"https:\/\/wp.me\/P8vD3Q-Gm","_links":{"self":[{"href":"https:\/\/wp.ufpel.edu.br\/ppgl\/wp-json\/wp\/v2\/pages\/2626","targetHints":{"allow":["GET"]}}],"collection":[{"href":"https:\/\/wp.ufpel.edu.br\/ppgl\/wp-json\/wp\/v2\/pages"}],"about":[{"href":"https:\/\/wp.ufpel.edu.br\/ppgl\/wp-json\/wp\/v2\/types\/page"}],"author":[{"embeddable":true,"href":"https:\/\/wp.ufpel.edu.br\/ppgl\/wp-json\/wp\/v2\/users\/253"}],"replies":[{"embeddable":true,"href":"https:\/\/wp.ufpel.edu.br\/ppgl\/wp-json\/wp\/v2\/comments?post=2626"}],"version-history":[{"count":5,"href":"https:\/\/wp.ufpel.edu.br\/ppgl\/wp-json\/wp\/v2\/pages\/2626\/revisions"}],"predecessor-version":[{"id":3094,"href":"https:\/\/wp.ufpel.edu.br\/ppgl\/wp-json\/wp\/v2\/pages\/2626\/revisions\/3094"}],"up":[{"embeddable":true,"href":"https:\/\/wp.ufpel.edu.br\/ppgl\/wp-json\/wp\/v2\/pages\/3090"}],"wp:attachment":[{"href":"https:\/\/wp.ufpel.edu.br\/ppgl\/wp-json\/wp\/v2\/media?parent=2626"}],"curies":[{"name":"wp","href":"https:\/\/api.w.org\/{rel}","templated":true}]}}