{"id":2621,"date":"2018-11-08T11:50:01","date_gmt":"2018-11-08T13:50:01","guid":{"rendered":"https:\/\/wp.ufpel.edu.br\/ppgl\/?page_id=2621"},"modified":"2019-05-13T11:36:28","modified_gmt":"2019-05-13T14:36:28","slug":"2011-2","status":"publish","type":"page","link":"https:\/\/wp.ufpel.edu.br\/ppgl\/trabalhos-defendidos\/teses\/2011-2\/","title":{"rendered":"2011"},"content":{"rendered":"<p><strong>Jenice Tasqueto de Mello<\/strong><\/p>\n<p>REPRESENTA\u00c7\u00d5ES DE G\u00caNERO EM ARTIGOS DE DIVULGA\u00c7\u00c3O CIENT\u00cdFICA SOBRE INFARTO DO MIOC\u00c1RDIO<\/p>\n<p>Orientador: Susana Born\u00e9o Funck<\/p>\n<p><a href=\"https:\/\/wp.ufpel.edu.br\/ppgl\/files\/2019\/05\/Representa\u00e7\u00f5es-de-G\u00eanero-em-Artigos-de-Divulga\u00e7\u00e3o-Cientpifica-Sobre-Infarto-do-Miocardio-Jenice-Tasqueto-de-Mello.pdf\">Texto Completo<\/a><\/p>\n<p>&nbsp;<\/p>\n<p>&nbsp;<\/p>\n<p><strong>JULIANA RADATZ KICKHOFEL\u00a0\u00a0\u00a0\u00a0\u00a0\u00a0\u00a0\u00a0\u00a0 <\/strong><\/p>\n<p>PROCESSO DE S\u00c2NDI VOC\u00c1LICO EXTERNO NA AQUISI\u00c7\u00c3O FONOL\u00d3GICA<\/p>\n<p>Orientador: \u00a0CARMEN LUCIA BARRETO MATZENAUER<\/p>\n<p>Data da defesa:\u00a0\u00a0\u00a0 22\/12\/2011<\/p>\n<p><a href=\"https:\/\/wp.ufpel.edu.br\/ppgl\/files\/2018\/11\/Processos-de-S\u00e2ndi-Voc\u00e1lico-Externo-Juliana-Radatz-Kickh\u00f6fel.pdf\">Texto Completo <\/a><\/p>\n<p>&nbsp;<\/p>\n<p>&nbsp;<\/p>\n<p><strong>VANESSA RIBAS FIALHO\u00a0\u00a0\u00a0 <\/strong><\/p>\n<p>COMUNIDADES VIRTUAIS NA FORMA\u00c7\u00c3O DE PROFESSORES DE ESPANHOL L\u00cdNGUA ESTRANGEIRA A DIST\u00c2NCIA NA PERSPECTIVA DA COMPLEXIDADE<\/p>\n<p>Orientador: \u00a0VILSON JOSE LEFFA<\/p>\n<p>Data da defesa:\u00a0\u00a0\u00a0 14\/12\/2011<\/p>\n<p><a href=\"https:\/\/wp.ufpel.edu.br\/ppgl\/files\/2018\/11\/Comunidades-Virtuais-na-Forma\u00e7\u00e3o-de-Professores-de-Espanhol-L\u00edngua-Estrangeira-a-Dist\u00e2ncia-na-Perspectiva-da-Complexidade-Vanessa-Ribas-Fialho.pdf\">Texto Completo <\/a><\/p>\n<p>&nbsp;<\/p>\n<p>&nbsp;<\/p>\n<p><strong>FERNANDA PIZARRO DE MAGALHAES\u00a0\u00a0\u00a0\u00a0\u00a0\u00a0\u00a0\u00a0\u00a0\u00a0 <\/strong><\/p>\n<p>G\u00caNEROS DISCURSIVOS DA ESFERA EMPRESARIAL NO ENSINO DA EDUCA\u00c7\u00c3O PROFISSIONAL: REFLEX\u00d5ES, AN\u00c1LISES E POSSIBILIDADES<\/p>\n<p>Orientador: \u00a0VILSON JOSE LEFFA<\/p>\n<p>Data da defesa:\u00a0\u00a0\u00a0 01\/12\/2011<\/p>\n<p><a href=\"https:\/\/wp.ufpel.edu.br\/ppgl\/files\/2018\/11\/G\u00eaneros-Discursivos-da-Esfera-Empresarial-no-Ensino-da-Educa\u00e7\u00e3o-Profissional-Reflex\u00f5es-An\u00e1lises-e-Possibilidades-Fernanda-Pizarro-de-Magalh\u00e3es.pdf\">Texto Completo <\/a><\/p>\n<p>&nbsp;<\/p>\n<p>&nbsp;<\/p>\n<p>&nbsp;<\/p>\n<p><strong>MATILDE CONTRERAS\u00a0\u00a0\u00a0\u00a0\u00a0\u00a0\u00a0 <\/strong><\/p>\n<p>EL VALOR AXIOL\u00d3GICO DEL OBL\u00cdQUO EN BRASIL, RELACIONADO AL G\u00c9NERO DISCURSIVO Y REFLEJADO EN LA LENGUA EXTRANJERA<\/p>\n<p>Orientador: \u00a0HILARIO INACIO BOHN<\/p>\n<p>Data da defesa:\u00a0\u00a0\u00a0 25\/11\/2011<\/p>\n<p><a href=\"https:\/\/wp.ufpel.edu.br\/ppgl\/files\/2018\/11\/El-Valos-Axiol\u00f3gico-Del-Obl\u00edquo-en-Brasil-Relacionado-Al-G\u00e9nero-Discursivo-y-Reflejado-en-La-Lengua-Extranjera-Matilde-Contreras.pdf\">Texto Completo <\/a><\/p>\n<p>&nbsp;<\/p>\n<p>&nbsp;<\/p>\n<p><strong>SIMONE CARBONI GARCIA\u00a0\u00a0\u00a0\u00a0\u00a0\u00a0\u00a0\u00a0\u00a0\u00a0\u00a0\u00a0\u00a0\u00a0 <\/strong><\/p>\n<p>OBJETOS DE APRENDIZAGEM COMO ARTEFATOS MEDIADORES DA CONSTRU\u00c7\u00c3O DO CONHECIMENTO: UM ESTUDO COM BASE NA EPISTEMOLOGIA HIST\u00d3RICO-CULTURAL<\/p>\n<p>Orientador: \u00a0VILSON JOSE LEFFA<\/p>\n<p>Data da defesa:\u00a0\u00a0\u00a0 26\/10\/2011<\/p>\n<p><a href=\"https:\/\/wp.ufpel.edu.br\/ppgl\/files\/2018\/11\/Objetos-de-Aprendizagem-como-Artefatos-Mediadores-da-Constru\u00e7\u00e3o-do-Conhecimento-Um-Estudo-com-Base-na-Epistemologia-Hist\u00f3rico-Cultural-Simone-Caborni.pdf\">Texto Completo <\/a><\/p>\n<p>&nbsp;<\/p>\n<p>&nbsp;<\/p>\n<p><strong>RENATA KABKE PINHEIRO <\/strong><\/p>\n<p>VIVIANE E MORGANA: UMA NOVA DICOTOMIA EM MEIO \u00c0 TENS\u00c3O DISCURSIVA DE AS BRUMAS DE AVALON<\/p>\n<p>Orientador: \u00a0SUSANA BORNEO FUNCK<\/p>\n<p>Data da defesa:\u00a0\u00a0\u00a0 01\/07\/2011<\/p>\n<p><a href=\"https:\/\/wp.ufpel.edu.br\/ppgl\/files\/2018\/11\/Viviane-e-Morgana-Uma-Nova-Dicotomia-em-Meio-\u00e0-Tens\u00e3o-Discursiva-de-As-Brumas-de-Avalon-Renata-Kabke-Pinheiro.pdf\">Texto Completo <\/a><\/p>\n<p>&nbsp;<\/p>\n","protected":false},"excerpt":{"rendered":"<p>Jenice Tasqueto de Mello REPRESENTA\u00c7\u00d5ES DE G\u00caNERO EM ARTIGOS DE DIVULGA\u00c7\u00c3O CIENT\u00cdFICA SOBRE INFARTO DO MIOC\u00c1RDIO Orientador: Susana Born\u00e9o Funck Texto Completo &nbsp; &nbsp; JULIANA RADATZ KICKHOFEL\u00a0\u00a0\u00a0\u00a0\u00a0\u00a0\u00a0\u00a0\u00a0 PROCESSO DE S\u00c2NDI VOC\u00c1LICO EXTERNO NA AQUISI\u00c7\u00c3O FONOL\u00d3GICA Orientador: \u00a0CARMEN LUCIA BARRETO MATZENAUER Data da defesa:\u00a0\u00a0\u00a0 22\/12\/2011 Texto Completo &nbsp; &nbsp; VANESSA RIBAS FIALHO\u00a0\u00a0\u00a0 COMUNIDADES VIRTUAIS NA FORMA\u00c7\u00c3O [&hellip;]<\/p>\n","protected":false},"author":253,"featured_media":0,"parent":3090,"menu_order":8,"comment_status":"closed","ping_status":"closed","template":"","meta":{"jetpack_post_was_ever_published":false,"footnotes":""},"class_list":["post-2621","page","type-page","status-publish","hentry"],"jetpack_sharing_enabled":true,"jetpack_shortlink":"https:\/\/wp.me\/P8vD3Q-Gh","_links":{"self":[{"href":"https:\/\/wp.ufpel.edu.br\/ppgl\/wp-json\/wp\/v2\/pages\/2621","targetHints":{"allow":["GET"]}}],"collection":[{"href":"https:\/\/wp.ufpel.edu.br\/ppgl\/wp-json\/wp\/v2\/pages"}],"about":[{"href":"https:\/\/wp.ufpel.edu.br\/ppgl\/wp-json\/wp\/v2\/types\/page"}],"author":[{"embeddable":true,"href":"https:\/\/wp.ufpel.edu.br\/ppgl\/wp-json\/wp\/v2\/users\/253"}],"replies":[{"embeddable":true,"href":"https:\/\/wp.ufpel.edu.br\/ppgl\/wp-json\/wp\/v2\/comments?post=2621"}],"version-history":[{"count":8,"href":"https:\/\/wp.ufpel.edu.br\/ppgl\/wp-json\/wp\/v2\/pages\/2621\/revisions"}],"predecessor-version":[{"id":3525,"href":"https:\/\/wp.ufpel.edu.br\/ppgl\/wp-json\/wp\/v2\/pages\/2621\/revisions\/3525"}],"up":[{"embeddable":true,"href":"https:\/\/wp.ufpel.edu.br\/ppgl\/wp-json\/wp\/v2\/pages\/3090"}],"wp:attachment":[{"href":"https:\/\/wp.ufpel.edu.br\/ppgl\/wp-json\/wp\/v2\/media?parent=2621"}],"curies":[{"name":"wp","href":"https:\/\/api.w.org\/{rel}","templated":true}]}}