{"id":2617,"date":"2018-11-06T09:58:01","date_gmt":"2018-11-06T11:58:01","guid":{"rendered":"https:\/\/wp.ufpel.edu.br\/ppgl\/?page_id=2617"},"modified":"2019-05-13T11:39:22","modified_gmt":"2019-05-13T14:39:22","slug":"2012-2","status":"publish","type":"page","link":"https:\/\/wp.ufpel.edu.br\/ppgl\/trabalhos-defendidos\/teses\/2012-2\/","title":{"rendered":"2012"},"content":{"rendered":"<p><strong>ROSANE GARCIA SILVA<\/strong><\/p>\n<p>PADR\u00d5ES DE COOCORR\u00caNCIA CV NA AQUISI\u00c7\u00c3O DO PORTUGU\u00caS BRASILEIRO EM CRIAN\u00c7AS DE 1 A 3 ANOS<\/p>\n<p>Orientador: M\u00e1rcia Cristina Zimmer<\/p>\n<p><a href=\"https:\/\/wp.ufpel.edu.br\/ppgl\/files\/2019\/05\/Padr\u00f5es-de-Concorr\u00eancia-CV-na-Aquisi\u00e7\u00e3o-do-Portugu\u00eas-Brasileiro-em-Crian\u00e7as-de-1-a-3-Anos-Rosane-Garcia-Silva.pdf\">Texto Completo<\/a><\/p>\n<p>&nbsp;<\/p>\n<p>&nbsp;<\/p>\n<p>&nbsp;<\/p>\n<p><strong>VIRGINIA SUSANA ORLANDO COLOMBO<\/strong><\/p>\n<p>&#8220;\u201c\u00a1ESTAMOS EN JAPON\u00c9S!\u201d: Dimens\u00e3o ativo-dial\u00f3gica da compreens\u00e3o e g\u00eaneros discursivos em cursos de leitura em l\u00ednguas estrangeiras pr\u00f3ximas<\/p>\n<p>Orientador: HIL\u00c1RIO INACIO BOHN<\/p>\n<p>Data da defesa: 29\/06\/2012<\/p>\n<p><a href=\"https:\/\/wp.ufpel.edu.br\/ppgl\/files\/2019\/05\/TESE-VIRGINIA-ORLANDO.pdf\">Texto Completo<\/a><\/p>\n<p>&nbsp;<\/p>\n<p><strong>MAGLIANE OLIVEIRA DE MARCO\u00a0\u00a0\u00a0 \u00a0\u00a0\u00a0\u00a0\u00a0\u00a0\u00a0\u00a0\u00a0\u00a0\u00a0\u00a0\u00a0\u00a0\u00a0 <\/strong><\/p>\n<p>O tratamento do onset complexo iniciado por \/s\/ na aquisi\u00e7\u00e3o do ingl\u00eas como LE: um estudo de caso<\/p>\n<p>Orientador: \u00a0CARMEN LUCIA BARRETO MATZENAUER<\/p>\n<p>Data da defesa:\u00a0\u00a0\u00a0 20\/12\/2012<\/p>\n<p><a href=\"https:\/\/wp.ufpel.edu.br\/ppgl\/files\/2018\/11\/O-tratamento-do-onset-complexo-iniciado-por-s-na-aquisi\u00e7\u00e3o-do-ingl\u00eas-com-LE-Um-estudo-de-caso-Magliane-de-Marco-.pdf\">Texto Completo<\/a><\/p>\n<p>&nbsp;<\/p>\n<p>&nbsp;<\/p>\n<p><strong>LILIANE DA SILVA PRESTES RODRIGUES\u00a0\u00a0\u00a0\u00a0\u00a0\u00a0\u00a0 \u00a0\u00a0\u00a0\u00a0\u00a0\u00a0\u00a0\u00a0\u00a0\u00a0\u00a0\u00a0\u00a0\u00a0\u00a0 <\/strong><\/p>\n<p>ADV\u00c9RBIOS ASPECTUALIZADORES DE REITERA\u00c7\u00c3O: ESTUDO BASEADO EM CORPORA SOB A \u00d3TICA DA LINGU\u00cdSTICA COGNITIVA<\/p>\n<p>Orientador: \u00a0MARCIA CRISTINA ZIMMER<\/p>\n<p>Data da defesa:\u00a0\u00a0\u00a0 03\/12\/2012<\/p>\n<p><a href=\"https:\/\/wp.ufpel.edu.br\/ppgl\/files\/2018\/11\/Adv\u00e9rbios-aspectualizadores-de-reitera\u00e7\u00e3o-Estudos-baseados-em-corpora-sob-a-\u00f3tica-da-lingu\u00edstica-cognitiva-LILIANE-DA-SILVE-PRESTE-RODRIGUES-.pdf\">Texto Completo <\/a><\/p>\n<p>&nbsp;<\/p>\n<p>&nbsp;<\/p>\n<p><strong>IVETE BELLOMO MACHADO\u00a0\u00a0\u00a0\u00a0\u00a0\u00a0\u00a0\u00a0\u00a0\u00a0\u00a0\u00a0 <\/strong><\/p>\n<p>A ATIVIDADE DE TRABALHO EM UMA EMPRESA COMERCIAL: DA IMPORT\u00c2NCIA DE ESPA\u00c7OS DE DIZER<\/p>\n<p>Orientador: \u00a0RAQUEL DA CUNHA RECUERO<\/p>\n<p>Data da defesa:\u00a0\u00a0\u00a0 27\/11\/2012<\/p>\n<p><a href=\"https:\/\/wp.ufpel.edu.br\/ppgl\/files\/2018\/11\/A-Atividade-de-Trabalho-em-uma-Empresa-Comercial-Da-Import\u00e2ncia-de-Espa\u00e7os-de-Dizer-Ivete-Bellomo-Machado.pdf\">Texto Completo <\/a><\/p>\n<p>&nbsp;<\/p>\n<p>&nbsp;<\/p>\n<p>&nbsp;<\/p>\n<p><strong>ELISANE PINTO DA SILVA MACHADO DE LIMA\u00a0\u00a0\u00a0\u00a0\u00a0\u00a0\u00a0\u00a0\u00a0\u00a0 <\/strong><\/p>\n<p>ENTRE A (DES)ORGANIZA\u00c7\u00c3O URBANA, UM AUTOM\u00d3VEL-CORPO E UM DISCURSO ITINERANTE: O DIZER DOS ADESIVOS<\/p>\n<p>Orientador: \u00a0RAQUEL DA CUNHA RECUERO<\/p>\n<p>Data da defesa:\u00a0\u00a0\u00a0 28\/10\/2012<\/p>\n<p><a href=\"https:\/\/wp.ufpel.edu.br\/ppgl\/files\/2018\/11\/Entre-a-des-organiza\u00e7\u00e3o-urbanaum-autom\u00f3vel-corpo-e-um-discurso-itinerante-O-dizer-dos-adesivos-Elisane-Pinto-da-Silva-Machado-de-Lima.pdf\">Texto Completo <\/a><\/p>\n<p>&nbsp;<\/p>\n<p>&nbsp;<\/p>\n<p>&nbsp;<\/p>\n<p><strong>ALESSANDRA AVILA MARTINS\u00a0\u00a0\u00a0\u00a0\u00a0\u00a0\u00a0 <\/strong><\/p>\n<p>A REPRESENTA\u00c7\u00c3O DISCURSIVA DA IRMANDADE NA FRONTEIRA JAGUAR\u00c3O\/RIO BRANCO: UM (DES)ENCONTRO DE VOZES<\/p>\n<p>Orientador: \u00a0HILARIO INACIO BOHN<\/p>\n<p>Data da defesa:\u00a0\u00a0\u00a0 26\/04\/2012<\/p>\n<p><a href=\"https:\/\/wp.ufpel.edu.br\/ppgl\/files\/2018\/11\/A-Representa\u00e7\u00e3o-Discursiva-da-Irmandade-na-Fronteira-Jaguar\u00e3o-Rio-Branco-Um-DESEncontro-de-Vozes-Alessandra-Avila-Martins.pdf\">Texto Completo <\/a><\/p>\n<p>&nbsp;<\/p>\n<p>&nbsp;<\/p>\n<p><strong>LUCIA VALQUIRIA SOUZA GRIGOLETTI\u00a0\u00a0\u00a0\u00a0\u00a0\u00a0\u00a0\u00a0 <\/strong><\/p>\n<p>A VOZ IDENTIT\u00c1RIA DO ESTRANGEIRO ECOA NUM ESPA\u00c7O SONORO DE MUITAS VIAGENS<\/p>\n<p>Orientador: \u00a0HILARIO INACIO BOHN<\/p>\n<p><strong>Data da defesa:\u00a0\u00a0\u00a0 02\/03\/2012<\/strong><\/p>\n<p><a href=\"https:\/\/wp.ufpel.edu.br\/ppgl\/files\/2018\/11\/A-Voz-identit\u00e1ria-do-Estrangeiro-Ecoa-num-Espa\u00e7o-de-Muitas-Viagens-L\u00facia-Valqu\u00edria-Souza-Grigoletti.pdf\">Texto Completo <\/a><\/p>\n","protected":false},"excerpt":{"rendered":"<p>ROSANE GARCIA SILVA PADR\u00d5ES DE COOCORR\u00caNCIA CV NA AQUISI\u00c7\u00c3O DO PORTUGU\u00caS BRASILEIRO EM CRIAN\u00c7AS DE 1 A 3 ANOS Orientador: M\u00e1rcia Cristina Zimmer Texto Completo &nbsp; &nbsp; &nbsp; VIRGINIA SUSANA ORLANDO COLOMBO &#8220;\u201c\u00a1ESTAMOS EN JAPON\u00c9S!\u201d: Dimens\u00e3o ativo-dial\u00f3gica da compreens\u00e3o e g\u00eaneros discursivos em cursos de leitura em l\u00ednguas estrangeiras pr\u00f3ximas Orientador: HIL\u00c1RIO INACIO BOHN Data [&hellip;]<\/p>\n","protected":false},"author":253,"featured_media":0,"parent":3090,"menu_order":7,"comment_status":"closed","ping_status":"closed","template":"","meta":{"jetpack_post_was_ever_published":false,"footnotes":""},"class_list":["post-2617","page","type-page","status-publish","hentry"],"jetpack_sharing_enabled":true,"jetpack_shortlink":"https:\/\/wp.me\/P8vD3Q-Gd","_links":{"self":[{"href":"https:\/\/wp.ufpel.edu.br\/ppgl\/wp-json\/wp\/v2\/pages\/2617","targetHints":{"allow":["GET"]}}],"collection":[{"href":"https:\/\/wp.ufpel.edu.br\/ppgl\/wp-json\/wp\/v2\/pages"}],"about":[{"href":"https:\/\/wp.ufpel.edu.br\/ppgl\/wp-json\/wp\/v2\/types\/page"}],"author":[{"embeddable":true,"href":"https:\/\/wp.ufpel.edu.br\/ppgl\/wp-json\/wp\/v2\/users\/253"}],"replies":[{"embeddable":true,"href":"https:\/\/wp.ufpel.edu.br\/ppgl\/wp-json\/wp\/v2\/comments?post=2617"}],"version-history":[{"count":7,"href":"https:\/\/wp.ufpel.edu.br\/ppgl\/wp-json\/wp\/v2\/pages\/2617\/revisions"}],"predecessor-version":[{"id":3527,"href":"https:\/\/wp.ufpel.edu.br\/ppgl\/wp-json\/wp\/v2\/pages\/2617\/revisions\/3527"}],"up":[{"embeddable":true,"href":"https:\/\/wp.ufpel.edu.br\/ppgl\/wp-json\/wp\/v2\/pages\/3090"}],"wp:attachment":[{"href":"https:\/\/wp.ufpel.edu.br\/ppgl\/wp-json\/wp\/v2\/media?parent=2617"}],"curies":[{"name":"wp","href":"https:\/\/api.w.org\/{rel}","templated":true}]}}