{"id":2613,"date":"2018-11-19T11:13:41","date_gmt":"2018-11-19T13:13:41","guid":{"rendered":"https:\/\/wp.ufpel.edu.br\/ppgl\/?page_id=2613"},"modified":"2018-12-10T10:41:14","modified_gmt":"2018-12-10T12:41:14","slug":"2013-2","status":"publish","type":"page","link":"https:\/\/wp.ufpel.edu.br\/ppgl\/trabalhos-defendidos\/teses\/2013-2\/","title":{"rendered":"2013"},"content":{"rendered":"<p><strong>JANDIRA AQUINO PILAR\u00a0 <\/strong><\/p>\n<p>O SUJEITO DO DESEJO NA FRONTEIRA ENTRE O SAGRADO E O PROFANO<\/p>\n<p>Orientador: ARACY GRACA ERNST<\/p>\n<p>Data da defesa:\u00a0\u00a0\u00a0 20\/12\/2013<\/p>\n<p><a href=\"https:\/\/wp.ufpel.edu.br\/ppgl\/files\/2018\/11\/Ser-Mulher-O-Sujeito-do-Desejo-na-Fronteira-Entre-O-Sagrado-e-o-Profano-JANDIRA-AQUINO-PILAR.pdf\">Texto Completo <\/a><\/p>\n<p>&nbsp;<\/p>\n<p>&nbsp;<\/p>\n<p><strong>CLORIS MARIA FREIRE DOROW\u00a0\u00a0\u00a0\u00a0\u00a0\u00a0 <\/strong><\/p>\n<p>MENTIRA OU VERDADE? MARCAS PROS\u00d3DICAS ASSINALANDO SENTIDOS NO DISCURSO DO TRIBUNAL DO J\u00daRI<\/p>\n<p>Orientador: ARACY GRACA ERNST<\/p>\n<p>Data da defesa:\u00a0\u00a0\u00a0 16\/12\/2013<\/p>\n<p><a href=\"https:\/\/wp.ufpel.edu.br\/ppgl\/files\/2018\/11\/Mentira-ou-verdade.Marcas-pros\u00f3dicas-assinalando-sentidos-no-discurso-do-tribunal-do-juri.Cl\u00f3ris-Maria-Freire-Dorow.pdf\">Texto Completo <\/a><\/p>\n<p>&nbsp;<\/p>\n<p><strong>\u00a0<\/strong><\/p>\n<p><strong>REGINA ZAUK LEIVAS\u00a0\u00a0\u00a0\u00a0\u00a0\u00a0\u00a0 <\/strong><\/p>\n<p>AMORES PERROS: ARQUITET\u00d4NICA EM ESPELHO ESTILHA\u00c7ADO<\/p>\n<p>Orientador: MARIA DA GLORIA CORREA DI FANTI<\/p>\n<p>Data da defesa:\u00a0\u00a0\u00a0 12\/12\/2013<\/p>\n<p><a href=\"https:\/\/wp.ufpel.edu.br\/ppgl\/files\/2018\/11\/Amores-Perros_Arquitetonica-em-Espelho-Estilhacado-Regina-Zauk-Leivas.pdf\">Texto Completo <\/a><\/p>\n<p>&nbsp;<\/p>\n<p>&nbsp;<\/p>\n<p><strong>NARA REJANE DA SILVA WIDHOLZER\u00a0\u00a0\u00a0\u00a0\u00a0\u00a0\u00a0\u00a0\u00a0\u00a0\u00a0 <\/strong><\/p>\n<p>G\u00eanero em Carta Capital e Veja: Proposta para a teoriza\u00e7\u00e3o do parag\u00eanero textual<\/p>\n<p>Orientador: ELIANE TEREZINHA DO AMARAL CAMPELLO<\/p>\n<p>Data da defesa:\u00a0\u00a0\u00a0 02\/12\/2013<\/p>\n<p><a href=\"https:\/\/wp.ufpel.edu.br\/ppgl\/files\/2018\/11\/Genero-em-Carta-Capital-e-Veja_Proposta-para-a-Teorizacao-do-Paragenero-Textual-Nara-Rejane-da-Silva-Widholzer.pdf\">Texto Completo <\/a><\/p>\n<p>&nbsp;<\/p>\n<p>&nbsp;<\/p>\n<p><strong>IDA MARIA MORALES MARINS\u00a0\u00a0\u00a0\u00a0\u00a0\u00a0\u00a0 <\/strong><\/p>\n<p>PROCESSOS DE IDENTIFICA\u00c7\u00c3O COM A DOC\u00caNCIA: UM OLHAR A PARTIR DA TRAJET\u00d3RIA DE FORMA\u00c7\u00c3O DE ALUNAS EM UM CURSO DE LICENCIATURA EM LETRAS<\/p>\n<p>Orientador: HILARIO INACIO BOHN<\/p>\n<p>Data da defesa:\u00a0\u00a0\u00a0 22\/11\/2013<\/p>\n<p><a href=\"https:\/\/wp.ufpel.edu.br\/ppgl\/files\/2018\/11\/Processos-de-Identifica\u00e7\u00e3o-com-a-Doc\u00eancia-Um-Olhar-a-Partir-da-Trajet\u00f3ria-de-Forma\u00e7\u00e3o-de-Alunas-em-um-Curso-de-Licenciatura-em-Letras-IDA-MARIA-MORAL.pdf\">Texto Completo <\/a><\/p>\n<p><strong>\u00a0<\/strong><\/p>\n<p><strong>\u00a0<\/strong><\/p>\n<p><strong>ELAINE NOGUEIRA DA SILVA\u00a0\u00a0\u00a0\u00a0\u00a0\u00a0\u00a0\u00a0\u00a0\u00a0 <\/strong><\/p>\n<p>OS SIGNIFICADOS DA DOC\u00caNCIA NOS TEXTOS PRODUZIDOS POR ESTUDANTES DOS CURSOS DE LETRAS EM SITUA\u00c7\u00c3O DE EST\u00c1GIO DE L\u00cdNGUA PORTUGUESA<\/p>\n<p>Orientador: HILARIO INACIO BOHN<\/p>\n<p>Data da defesa:\u00a0\u00a0\u00a0 28\/10\/2013<\/p>\n<p><a href=\"https:\/\/wp.ufpel.edu.br\/ppgl\/files\/2018\/11\/Os-Significados-da-Docencia-nos-Textos-Produzidos-por-Estudantes-dos-Cursos-de-Letras-em-Situacao-de-Estagio-de-Lingua-Portuguesa-ELAINE-NOGUEIRA-DA-.pdf\">Texto Completo <\/a><\/p>\n<p><strong>\u00a0<\/strong><\/p>\n<p><strong>\u00a0<\/strong><\/p>\n<p><strong>CINTIA AVILA BLANK\u00a0\u00a0\u00a0\u00a0\u00a0\u00a0\u00a0\u00a0 <\/strong><\/p>\n<p>A INFLU\u00caNCIA GRAFO-F\u00d4NICO-FONOL\u00d3GICA NA PRODU\u00c7\u00c3O ORAL E NO PROCESSAMENTO DE PRIMING EM MULTIL\u00cdNGUES: UMA PERSPECTIVA DIN\u00c2MICA<\/p>\n<p>Orientador: MARCIA CRISTINA ZIMMER<\/p>\n<p>Data da defesa:\u00a0\u00a0\u00a0 07\/06\/2013<\/p>\n<p><a href=\"https:\/\/wp.ufpel.edu.br\/ppgl\/files\/2018\/11\/A-Influ\u00eancia-Grafo-F\u00f4nico-Fonol\u00f3gica-na-Produ\u00e7\u00e3o-Oral-e-no-Processamento-de-Priming-em-Multil\u00edngues-Uma-Perspectiva-Din\u00e2mica-Cintia-Avila-Blank-1.pdf\">Texto Completo <\/a><\/p>\n","protected":false},"excerpt":{"rendered":"<p>JANDIRA AQUINO PILAR\u00a0 O SUJEITO DO DESEJO NA FRONTEIRA ENTRE O SAGRADO E O PROFANO Orientador: ARACY GRACA ERNST Data da defesa:\u00a0\u00a0\u00a0 20\/12\/2013 Texto Completo &nbsp; &nbsp; CLORIS MARIA FREIRE DOROW\u00a0\u00a0\u00a0\u00a0\u00a0\u00a0 MENTIRA OU VERDADE? MARCAS PROS\u00d3DICAS ASSINALANDO SENTIDOS NO DISCURSO DO TRIBUNAL DO J\u00daRI Orientador: ARACY GRACA ERNST Data da defesa:\u00a0\u00a0\u00a0 16\/12\/2013 Texto Completo &nbsp; [&hellip;]<\/p>\n","protected":false},"author":253,"featured_media":0,"parent":3090,"menu_order":6,"comment_status":"closed","ping_status":"closed","template":"","meta":{"jetpack_post_was_ever_published":false,"footnotes":""},"class_list":["post-2613","page","type-page","status-publish","hentry"],"jetpack_sharing_enabled":true,"jetpack_shortlink":"https:\/\/wp.me\/P8vD3Q-G9","_links":{"self":[{"href":"https:\/\/wp.ufpel.edu.br\/ppgl\/wp-json\/wp\/v2\/pages\/2613","targetHints":{"allow":["GET"]}}],"collection":[{"href":"https:\/\/wp.ufpel.edu.br\/ppgl\/wp-json\/wp\/v2\/pages"}],"about":[{"href":"https:\/\/wp.ufpel.edu.br\/ppgl\/wp-json\/wp\/v2\/types\/page"}],"author":[{"embeddable":true,"href":"https:\/\/wp.ufpel.edu.br\/ppgl\/wp-json\/wp\/v2\/users\/253"}],"replies":[{"embeddable":true,"href":"https:\/\/wp.ufpel.edu.br\/ppgl\/wp-json\/wp\/v2\/comments?post=2613"}],"version-history":[{"count":5,"href":"https:\/\/wp.ufpel.edu.br\/ppgl\/wp-json\/wp\/v2\/pages\/2613\/revisions"}],"predecessor-version":[{"id":3098,"href":"https:\/\/wp.ufpel.edu.br\/ppgl\/wp-json\/wp\/v2\/pages\/2613\/revisions\/3098"}],"up":[{"embeddable":true,"href":"https:\/\/wp.ufpel.edu.br\/ppgl\/wp-json\/wp\/v2\/pages\/3090"}],"wp:attachment":[{"href":"https:\/\/wp.ufpel.edu.br\/ppgl\/wp-json\/wp\/v2\/media?parent=2613"}],"curies":[{"name":"wp","href":"https:\/\/api.w.org\/{rel}","templated":true}]}}