{"id":2607,"date":"2018-11-19T11:07:48","date_gmt":"2018-11-19T13:07:48","guid":{"rendered":"https:\/\/wp.ufpel.edu.br\/ppgl\/?page_id=2607"},"modified":"2019-05-13T11:39:56","modified_gmt":"2019-05-13T14:39:56","slug":"2015-2","status":"publish","type":"page","link":"https:\/\/wp.ufpel.edu.br\/ppgl\/trabalhos-defendidos\/teses\/2015-2\/","title":{"rendered":"2015"},"content":{"rendered":"<p><strong>Maria In\u00eas Gon\u00e7alves Medeiros Cordeiro<\/strong><\/p>\n<p>ENSINO PROFISSIONALIZANTE NO BRASIL: DETERMINA\u00c7\u00d5ES E ESCAPES<\/p>\n<p>Orientador: Erc\u00edlia Ana Cazarin<\/p>\n<p><a href=\"https:\/\/wp.ufpel.edu.br\/ppgl\/files\/2019\/05\/Ensino-Profissionalizante-no-Brasil_Determina\u00e7\u00f5es-e-Escapes-Maria-In\u00eas-Gon\u00e7alves-Medeiros-Cordeiro.pdf\">Texto Completo<\/a><\/p>\n<p>&nbsp;<\/p>\n<p>&nbsp;<\/p>\n<p><strong>ANA CLAUDIA PEREIRA DE ALMEIDA\u00a0\u00a0\u00a0\u00a0\u00a0\u00a0\u00a0\u00a0\u00a0\u00a0\u00a0\u00a0 <\/strong><\/p>\n<p>DE BR\u00c1S CUBAS \u00c0 CURVA DE KOCH: PRODU\u00c7\u00c3O TEXTUAL COM BASE NAS TEORIAS DA COMPLEXIDADE<\/p>\n<p>Orientador: VILSON JOSE LEFFA<\/p>\n<p>Data da defesa:\u00a002\/12\/2015<\/p>\n<p><a href=\"https:\/\/wp.ufpel.edu.br\/ppgl\/files\/2018\/11\/De-Br\u00e1s-Cubas-\u00e0-Curva-de-Koch_Produ\u00e7\u00e3o-Textual-com-Base-nas-Teorias-da-Complexidade-Ana-Cl\u00e1udia-Pereira-de-Almeida.pdf\">Texto Completo <\/a><\/p>\n<p>&nbsp;<\/p>\n<p>&nbsp;<\/p>\n<p><strong>RENATA CARPENA SCHRAMM\u00a0\u00a0\u00a0\u00a0\u00a0\u00a0\u00a0\u00a0 <\/strong><\/p>\n<p>FALAR MAIS DE UMA L\u00cdNGUA PODE AUMENTAR A CRIATIVIDADE? UM ESTUDO COGNITIVO SOBRE O IMPACTO DO BILINGUISMO NA ATEN\u00c7\u00c3O E NA CRIATIVIDADE<\/p>\n<p>Orientador: LILIANE DA SILVA PRESTES RODRIGUES<\/p>\n<p>Data da defesa:\u00a002\/12\/2015<\/p>\n<p><a href=\"https:\/\/wp.ufpel.edu.br\/ppgl\/files\/2018\/11\/Falar-Mais-de-Uma-L\u00edngua-Pode-Aumentar-a-Criatividade_Um-Estudo-Cognitivo-Sobre-o-Impacto-do-Bilinguismo-na-Aten\u00e7\u00e3o-e-na-Criatividade-Renata-Carpena-.pdf\">Texto Completo <\/a><\/p>\n<p><strong>\u00a0<\/strong><\/p>\n<p><strong>\u00a0<\/strong><\/p>\n<p><strong>EDGAR ANTONIO COSTA MATTARREDONA\u00a0 <\/strong><\/p>\n<p>A USABILIDADE LINGU\u00cdSTICA DA WEB: UM ESTUDO DE CASO NO PORTAL DO GOVERNO ELETR\u00d4NICO<\/p>\n<p>Orientador: VILSON JOSE LEFFA<\/p>\n<p>Data da defesa:\u00a029\/09\/2015<\/p>\n<p><a href=\"https:\/\/wp.ufpel.edu.br\/ppgl\/files\/2018\/11\/A-Usabilidade-Lingu\u00edstica-da-WEB_Um-Estudo-de-Caso-em-Portal-de-Governo-Eletr\u00f4nico-Edgar-Ant\u00f4nio-Costa-Mattarredona.pdf\">Texto Completo <\/a><\/p>\n<p>&nbsp;<\/p>\n<p>&nbsp;<\/p>\n<p><strong>CANDIDA MARTINS PINTO\u00a0\u00a0\u00a0\u00a0\u00a0\u00a0\u00a0\u00a0\u00a0\u00a0\u00a0\u00a0\u00a0\u00a0 <\/strong><\/p>\n<p>METAN\u00c1LISE QUALITATIVA DE INVESTIGA\u00c7\u00c3O BRASILEIRA SOBRE LETRAMENTO DIGITAL NA FORMA\u00c7\u00c3O DE PROFESSORES DE L\u00cdNGUAS<\/p>\n<p>Orientador: VILSON JOSE LEFFA<\/p>\n<p>Data da defesa:\u00a018\/09\/2015<\/p>\n<p><a href=\"https:\/\/wp.ufpel.edu.br\/ppgl\/files\/2018\/11\/Metan\u00e1lise-Qualitativa-de-Investiga\u00e7\u00e3o-Brasileira-Sobre-Letramento-Digital-na-Forma\u00e7\u00e3o-de-Professores-de-L\u00ednguas-C\u00e2ndida-Martins-Pinto.pdf\">Texto<\/a><a href=\"https:\/\/wp.ufpel.edu.br\/ppgl\/files\/2018\/11\/Metan\u00e1lise-Qualitativa-de-Investiga\u00e7\u00e3o-Brasileira-Sobre-Letramento-Digital-na-Forma\u00e7\u00e3o-de-Professores-de-L\u00ednguas-C\u00e2ndida-Martins-Pinto.pdf\"> Com<\/a><a href=\"https:\/\/wp.ufpel.edu.br\/ppgl\/files\/2018\/11\/Metan\u00e1lise-Qualitativa-de-Investiga\u00e7\u00e3o-Brasileira-Sobre-Letramento-Digital-na-Forma\u00e7\u00e3o-de-Professores-de-L\u00ednguas-C\u00e2ndida-Martins-Pinto.pdf\">pleto<\/a><\/p>\n<p>&nbsp;<\/p>\n<p><strong>\u00a0<\/strong><\/p>\n<p><strong>ALINE NEUSCHRANK COLOMBY\u00a0\u00a0\u00a0\u00a0\u00a0 <\/strong><\/p>\n<p>FONOLOGIZA\u00c7\u00c3O NA DIACRONIA: DO LATIM AO PORTUGU\u00caS MODERNO<\/p>\n<p>Orientador: CARMEN LUCIA BARRETO MATZENAUER<\/p>\n<p>Data da defesa:\u00a001\/09\/2015<\/p>\n<p><a href=\"https:\/\/wp.ufpel.edu.br\/ppgl\/files\/2018\/11\/Fonologiza\u00e7\u00e3o-na-Diacronia_Do-Latim-ao-Portugu\u00eas-Moderno-Aline-Neuschrank.pdf\">Texto Completo <\/a><\/p>\n<p>&nbsp;<\/p>\n<p><strong>\u00a0<\/strong><\/p>\n<p><strong>JANAINA CARDOSO BRUM\u00a0\u00a0\u00a0\u00a0\u00a0\u00a0\u00a0\u00a0\u00a0\u00a0\u00a0\u00a0\u00a0\u00a0 <\/strong><\/p>\n<p>SENTIDOS EM DESALINHO: O FANTASMA DA LIBERDADE ENTRE A EVID\u00caNCIA E O EQU\u00cdVOCO<\/p>\n<p>Orientador: ARACY GRACA ERNST<\/p>\n<p>Data<\/p>\n<p>da defesa:\u00a018\/08\/2015<\/p>\n<p><a href=\"https:\/\/wp.ufpel.edu.br\/ppgl\/files\/2018\/11\/Sentidos-em-Desalinho_O-Fantasma-da-Liberdade-Entre-a-Evid\u00eancia-e-o-Equ\u00edvoco-Janaina-Cardoso-Brum.pdf\">Texto Completo <\/a><\/p>\n<p><strong>\u00a0<\/strong><\/p>\n<p><strong>\u00a0<\/strong><\/p>\n<p><strong>SILVANIA FACCIN COLACO\u00a0\u00a0\u00a0\u00a0\u00a0\u00a0\u00a0\u00a0\u00a0\u00a0\u00a0\u00a0\u00a0 <\/strong><\/p>\n<p>A TRAVESSIA DO SER ALUNO PARA O SER PROFESSOR &#8211; PR\u00c1TICAS DE LETRAMENTO PEDAG\u00d3GICO NO PIBID<\/p>\n<p>Orientador: HILARIO INACIO BOHN<\/p>\n<p>Data da defesa:\u00a031\/07\/2015<\/p>\n<p><a href=\"https:\/\/wp.ufpel.edu.br\/ppgl\/files\/2018\/11\/A-Travessia-do-Ser-Aluno-Para-o-Ser-Professor_Pr\u00e1ticas-de-Letramento-Pedag\u00f3gico-no-PIBID-Silvania-Faccin-Cola\u00e7o.pdf\">Texto Completo <\/a><\/p>\n<p><strong>\u00a0<\/strong><\/p>\n<p><strong>\u00a0<\/strong><\/p>\n<p><strong>EVANIR TERESINHA PICCOLO CARVALHO\u00a0\u00a0\u00a0\u00a0 <\/strong><\/p>\n<p>OS LETRAMENTOS E AS IDENTIDADES NOS DISCURSOS DOS SUJEITOS DA EDUCA\u00c7\u00c3O DE JOVENS E ADULTOS (PROEJA)<\/p>\n<p>Orientador: HILARIO INACIO BOHN<\/p>\n<p>Data da defesa:\u00a030\/07\/2015<\/p>\n<p><a href=\"https:\/\/wp.ufpel.edu.br\/ppgl\/files\/2018\/11\/Os-Letramentos-e-as-Identidades-nos-Discursos-dos-Sujeitos-da-Educa\u00e7\u00e3o-de-Jovens-e-Adultos_PROEJA-Evanir-Piccolo-Carvalho.pdf\">Texto Completo <\/a><\/p>\n<p>&nbsp;<\/p>\n<p><strong>\u00a0<\/strong><\/p>\n<p><strong>JOSSEMAR DE MATOS THEISEN\u00a0\u00a0\u00a0\u00a0\u00a0\u00a0\u00a0 <\/strong><\/p>\n<p>O LETRAMENTO DIGITAL E A LEITURA ONLINE NO CONTEXTO UNIVERSIT\u00c1RIO<\/p>\n<p>Orientador: VILSON JOSE LEFFA<\/p>\n<p>Data da defesa:\u00a028\/07\/2015<\/p>\n<p><a href=\"https:\/\/wp.ufpel.edu.br\/ppgl\/files\/2018\/11\/O-Letramento-Digital-e-a-Leitura-Online-no-Contexto-Universitario-Jossemar-de-Matos-Theisen.pdf\">Texto Completo <\/a><\/p>\n<p>&nbsp;<\/p>\n<p>&nbsp;<\/p>\n<p><strong>LUCIANA CONTREIRA DOMINGO\u00a0\u00a0 <\/strong><\/p>\n<p>LETRAMENTO INTERCULTURAL: A FORMA\u00c7\u00c3O DE MEDIADORES INTERCULTURAIS NOS CURSOS DE LETRAS<\/p>\n<p>Orientador: HILARIO INACIO BOHN<\/p>\n<p>Data da defesa:\u00a009\/07\/2015<\/p>\n<p><a href=\"https:\/\/wp.ufpel.edu.br\/ppgl\/files\/2018\/11\/Letramento-Intercultural_A-Forma\u00e7\u00e3o-de-Mediadores-Interculturais-nos-Cursos-de-Letras-Luciana-Contreira-Domingo.pdf\">Texto Completo<\/a><\/p>\n<p>&nbsp;<\/p>\n<p><strong>\u00a0<\/strong><\/p>\n<p><strong>VERONICE CAMARGO DA SILVA\u00a0\u00a0\u00a0\u00a0\u00a0 <\/strong><\/p>\n<p>RELA\u00c7\u00d5ES ENTRE LETRAMENTO ACAD\u00caMICO NO EST\u00c1GIO SUPERVISIONADO E PR\u00c1TICAS DE A\u00c7\u00c3O DOCENTE NA VOZ DO ALUNO-PROFESSOR<\/p>\n<p>Orientador: ADAIL UBIRAJARA SOBRAL<\/p>\n<p>Data da defesa:\u00a026\/06\/2015<\/p>\n<p><a href=\"https:\/\/wp.ufpel.edu.br\/ppgl\/files\/2018\/11\/Relacoes-Entre-Letramento-Academico-no-Estagio-Supervisionado-e-Praticas-de-Acao-Docente-na-Voz-do-Aluno-Professor-Veronice-Camargo-da-Silva.pdf\">Texto Completo <\/a><\/p>\n","protected":false},"excerpt":{"rendered":"<p>Maria In\u00eas Gon\u00e7alves Medeiros Cordeiro ENSINO PROFISSIONALIZANTE NO BRASIL: DETERMINA\u00c7\u00d5ES E ESCAPES Orientador: Erc\u00edlia Ana Cazarin Texto Completo &nbsp; &nbsp; ANA CLAUDIA PEREIRA DE ALMEIDA\u00a0\u00a0\u00a0\u00a0\u00a0\u00a0\u00a0\u00a0\u00a0\u00a0\u00a0\u00a0 DE BR\u00c1S CUBAS \u00c0 CURVA DE KOCH: PRODU\u00c7\u00c3O TEXTUAL COM BASE NAS TEORIAS DA COMPLEXIDADE Orientador: VILSON JOSE LEFFA Data da defesa:\u00a002\/12\/2015 Texto Completo &nbsp; &nbsp; RENATA CARPENA SCHRAMM\u00a0\u00a0\u00a0\u00a0\u00a0\u00a0\u00a0\u00a0 FALAR [&hellip;]<\/p>\n","protected":false},"author":253,"featured_media":0,"parent":3090,"menu_order":4,"comment_status":"closed","ping_status":"closed","template":"","meta":{"jetpack_post_was_ever_published":false,"footnotes":""},"class_list":["post-2607","page","type-page","status-publish","hentry"],"jetpack_sharing_enabled":true,"jetpack_shortlink":"https:\/\/wp.me\/P8vD3Q-G3","_links":{"self":[{"href":"https:\/\/wp.ufpel.edu.br\/ppgl\/wp-json\/wp\/v2\/pages\/2607","targetHints":{"allow":["GET"]}}],"collection":[{"href":"https:\/\/wp.ufpel.edu.br\/ppgl\/wp-json\/wp\/v2\/pages"}],"about":[{"href":"https:\/\/wp.ufpel.edu.br\/ppgl\/wp-json\/wp\/v2\/types\/page"}],"author":[{"embeddable":true,"href":"https:\/\/wp.ufpel.edu.br\/ppgl\/wp-json\/wp\/v2\/users\/253"}],"replies":[{"embeddable":true,"href":"https:\/\/wp.ufpel.edu.br\/ppgl\/wp-json\/wp\/v2\/comments?post=2607"}],"version-history":[{"count":8,"href":"https:\/\/wp.ufpel.edu.br\/ppgl\/wp-json\/wp\/v2\/pages\/2607\/revisions"}],"predecessor-version":[{"id":3528,"href":"https:\/\/wp.ufpel.edu.br\/ppgl\/wp-json\/wp\/v2\/pages\/2607\/revisions\/3528"}],"up":[{"embeddable":true,"href":"https:\/\/wp.ufpel.edu.br\/ppgl\/wp-json\/wp\/v2\/pages\/3090"}],"wp:attachment":[{"href":"https:\/\/wp.ufpel.edu.br\/ppgl\/wp-json\/wp\/v2\/media?parent=2607"}],"curies":[{"name":"wp","href":"https:\/\/api.w.org\/{rel}","templated":true}]}}