{"id":2604,"date":"2018-11-19T11:05:38","date_gmt":"2018-11-19T13:05:38","guid":{"rendered":"https:\/\/wp.ufpel.edu.br\/ppgl\/?page_id=2604"},"modified":"2018-12-10T10:42:27","modified_gmt":"2018-12-10T12:42:27","slug":"2016-2","status":"publish","type":"page","link":"https:\/\/wp.ufpel.edu.br\/ppgl\/trabalhos-defendidos\/teses\/2016-2\/","title":{"rendered":"2016"},"content":{"rendered":"<p><strong>GERSON BRUNO FORGIARINI DE QUADROS\u00a0\u00a0\u00a0\u00a0\u00a0\u00a0\u00a0\u00a0\u00a0\u00a0\u00a0\u00a0\u00a0\u00a0\u00a0 <\/strong><\/p>\n<p>A GAMIFICA\u00c7\u00c3O NO ENSINO DE L\u00cdNGUAS ONLINE<\/p>\n<p>Orientador: VILSON JOSE LEFFA<\/p>\n<p>Data da defesa:\u00a022\/12\/2016<\/p>\n<p><a href=\"https:\/\/wp.ufpel.edu.br\/ppgl\/files\/2018\/10\/A-Gamifica\u00e7\u00e3o-no-Ensino-de-L\u00ednguas-Online-Gerson-Bruno-Forgiarini-de-Quadros.pdf\">Texto Completo <\/a><\/p>\n<p><strong>\u00a0<\/strong><\/p>\n<p>&nbsp;<\/p>\n<p><strong>LUCIANA SP<\/strong><strong>ECHT\u00a0 \u00a0 \u00a0 \u00a0 \u00a0 \u00a0 \u00a0 \u00a0<\/strong><\/p>\n<p>O INGRESSO NA L\u00cdNGUA ESTRANGEIRA: V\u00cdNCULOS LINGU\u00cdSTICO-CULTURAIS E IDENTIT\u00c1RIOS DE PROFESSORES DE L\u00cdNGUA INGLESA<\/p>\n<p>Orientador: HILARIO INACIO BOHN<\/p>\n<p>Data da defesa:\u00a015\/12\/2016<\/p>\n<p><a style=\"color: #9538c5\" href=\"https:\/\/wp.ufpel.edu.br\/ppgl\/files\/2018\/10\/O-Ingresso-na-L\u00edngua-Estrangeira_V\u00ednculos-Lingu\u00edstico-Culturais-e-Identit\u00e1rios-de-Professores-de-L\u00edngua-Inglesa-Luciana-Specht.pdf\">Texto Completo<\/a><\/p>\n<p>&nbsp;<\/p>\n<p>&nbsp;<\/p>\n<p><strong>ISAPHI MARLENE JARDIN ALVAREZ\u00a0\u00a0\u00a0\u00a0\u00a0\u00a0\u00a0\u00a0\u00a0\u00a0\u00a0\u00a0\u00a0\u00a0\u00a0 <\/strong><\/p>\n<p>O (In)C\u00f4modo hibridismo lingu\u00edstico dos alunos na fronteira Brasil-Uruguai: O desafio docente<\/p>\n<p>Orientador: HILARIO INACIO BOHN<\/p>\n<p>Data da defesa:\u00a013\/12\/2016<\/p>\n<p><a href=\"https:\/\/wp.ufpel.edu.br\/ppgl\/files\/2018\/10\/O-InC\u00f4modo-Hibridismo-Lingu\u00edstico-dos-Alunos-na-Fronteira-Brasil-Uruguai_O-Desafio-Docente-Isaphi-Marlene-Jaerdim-Alvarez.pdf\">Texto Completo<\/a><\/p>\n<p>&nbsp;<\/p>\n<p>&nbsp;<\/p>\n<p><strong>CAROLINA CAMPOS RODEGHIERO <\/strong><\/p>\n<p>APRENDIZAGEM CONECTADA EM MODOS DE PARTICIPA\u00c7\u00c3O NO SCRATCH: PROPOSTA DE TIPOLOGIA<\/p>\n<p>Orientador: RAQUEL DA CUNHA RECUERO<\/p>\n<p>Data da defesa:\u00a008\/12\/2016<\/p>\n<p><a href=\"https:\/\/wp.ufpel.edu.br\/ppgl\/files\/2018\/10\/Aprendizagem-Conectada-em-Modos-de-Participa\u00e7\u00e3o-no-Scratch_-Proposta-de-Tipologia-Carolina-Campos-Rodeghiero.pdf\">Texto Completo <\/a><\/p>\n<p>&nbsp;<\/p>\n<p><strong>\u00a0<\/strong><\/p>\n<p><strong>DANIEL ESPIRITO SANTO GARCIA\u00a0\u00a0 <\/strong><\/p>\n<p>LETRAMENTO EM DESIGN DE GAMES: JOGANDO, CRIANDO E COMPARTILHANDO TEXTOS VIDEOL\u00daDICOS<\/p>\n<p>Orientador: VILSON JOSE LEFFA<\/p>\n<p>Data da defesa:\u00a028\/09\/2016<\/p>\n<p><a href=\"https:\/\/wp.ufpel.edu.br\/ppgl\/files\/2018\/10\/Letramento-em-Design-de-Games_Jogando-Criando-e-Compartilhando-Textos-Videol\u00fadicos-Daniel-Esp\u00edrito-Santo-Garcia.pdf\">Texto Completo <\/a><\/p>\n<p>&nbsp;<\/p>\n<p>&nbsp;<\/p>\n<p><strong>ROBERTA QUINTANILHA AZEVEDO\u00a0\u00a0<\/strong><strong>\u00a0 \u00a0 \u00a0 \u00a0 \u00a0 \u00a0 \u00a0<\/strong><\/p>\n<p>FORMALIZA\u00c7\u00c3O FON\u00c9TICO-FONOL\u00d3GICA DA INTERA\u00c7\u00c3O DE RESTRI\u00c7\u00d5ES NA PRODU\u00c7\u00c3O E NA PERCEP\u00c7\u00c3O DA EP\u00caNTESE NO PORTUGU\u00caS BRASILEIRO E NO PORTUGU\u00caS EUROPEU<\/p>\n<p>Orientador: CARMEN LUCIA BARRETO MATZENAUER<\/p>\n<p>Data da defesa:\u00a011\/07\/2016<\/p>\n<p><a href=\"https:\/\/wp.ufpel.edu.br\/ppgl\/files\/2018\/10\/Formaliza\u00e7\u00e3o-Fon\u00e9tico-Fonol\u00f3gica-da-Intera\u00e7\u00e3o-de-Restri\u00e7\u00f5es-na-Produ\u00e7\u00e3o-e-na-Percep\u00e7\u00e3o-da-Ep\u00eantese-no-Portugu\u00eas-Brasileiro-e-no-Portugu\u00eas-Europeu-Rob.pdf\">Texto Completo <\/a><\/p>\n<p>&nbsp;<\/p>\n<p>&nbsp;<\/p>\n<p><strong>MARIA DO SOCORRO DE ALMEIDA FARIAS MARQUES\u00a0\u00a0\u00a0\u00a0\u00a0\u00a0\u00a0\u00a0\u00a0\u00a0\u00a0\u00a0\u00a0 <\/strong><\/p>\n<p>UM OLHAR PARA O INGRESSO ESPEC\u00cdFICO PARA URUGUAIOS FRONTEIRI\u00c7OS NA UNIPAMPA &#8211; CAMPUS JAGUAR\u00c3O: POR UMA POL\u00cdTICA LINGU\u00cdSTICA E EDUCACIONAL INTEGRACIONISTA NO ENTREMEIO IDENTIT\u00c1RIO<\/p>\n<p>Orientador: ADAIL UBIRAJARA SOBRAL<\/p>\n<p>Data da defesa:\u00a002\/06\/2016<\/p>\n<p><a style=\"color: #9538c5\" href=\"https:\/\/wp.ufpel.edu.br\/ppgl\/files\/2018\/10\/Um-Olhar-Para-o-Ingresso-Espec\u00edfico-Para-Uruguaios-Fronteiri\u00e7os-na-UNIPAMPA-Maria-do-Socorro-de-Al.pdf\">Texto<\/a><a style=\"color: #9538c5\" href=\"https:\/\/wp.ufpel.edu.br\/ppgl\/files\/2018\/10\/Um-Olhar-Para-o-Ingresso-Espec\u00edfico-Para-Uruguaios-Fronteiri\u00e7os-na-UNIPAMPA-Maria-do-Socorro-de-Al.pdf\"> Completo<\/a><a style=\"color: #9538c5\" href=\"https:\/\/wp.ufpel.edu.br\/ppgl\/files\/2018\/10\/Um-Olhar-Para-o-Ingresso-Espec\u00edfico-Para-Uruguaios-Fronteiri\u00e7os-na-UNIPAMPA-Maria-do-Socorro-de-Al.pdf\">\u00a0<\/a><\/p>\n<p>&nbsp;<\/p>\n<p>&nbsp;<\/p>\n<p><strong>MABEL OLIVEIRA TEIXEIRA\u00a0\u00a0\u00a0\u00a0\u00a0\u00a0\u00a0\u00a0\u00a0\u00a0\u00a0\u00a0\u00a0\u00a0 <\/strong><\/p>\n<p>O TU\u00cdTE JORNAL\u00cdSTICO: Um di\u00e1logo sobre g\u00eaneros discursivos, jornalismo e novas m\u00eddias<\/p>\n<p>Orientador: RAQUEL DA CUNHA RECUERO<\/p>\n<p>Data da defesa:\u00a030\/03\/2016<\/p>\n<p><a href=\"https:\/\/wp.ufpel.edu.br\/ppgl\/files\/2018\/10\/O-Tu\u00edte-Jornal\u00edstico_Um-Di\u00e1logo-Sobre-G\u00eaneros-discursivos-Jornalismo-e-Novas-M\u00eddias-Mabel-Oliveira-Teixeira.pdf\">Texto Completo <\/a><\/p>\n<p>&nbsp;<\/p>\n<p>&nbsp;<\/p>\n<p><strong>CATARINA MAITE MACEDO MACHADO BARBOZA\u00a0\u00a0\u00a0\u00a0\u00a0 <\/strong><\/p>\n<p>INVADINDO AS MASMORRAS &#8211; APROPRIA\u00c7\u00d5ES CRIATIVAS, AUTOINSER\u00c7\u00c3O (FAN)FICCIONAL E A CONSTRU\u00c7\u00c3O DE UMA (INTER)SUBJETIVIDADE ENUNCIATIVA: UMA ETNOGRAFIA DO GRUPO SNAPETES \u00c0 LUZ DO PENSAMENTO BAKHTINIANO<\/p>\n<p>Orientador: RAQUEL DA CUNHA RECUERO<\/p>\n<p>Data da defesa:\u00a029\/03\/2016<\/p>\n<p><a href=\"https:\/\/wp.ufpel.edu.br\/ppgl\/files\/2018\/10\/Invadindo-as-Masmorras-Apropria\u00e7\u00f5es-Criativas-Autoinser\u00e7\u00e3o-FanFiccional-e-a-Emerg\u00eancia-de-uma-Intersubjetividade-Discursiva-Catarina-Mait.pdf\">Texto Completo<\/a><\/p>\n","protected":false},"excerpt":{"rendered":"<p>GERSON BRUNO FORGIARINI DE QUADROS\u00a0\u00a0\u00a0\u00a0\u00a0\u00a0\u00a0\u00a0\u00a0\u00a0\u00a0\u00a0\u00a0\u00a0\u00a0 A GAMIFICA\u00c7\u00c3O NO ENSINO DE L\u00cdNGUAS ONLINE Orientador: VILSON JOSE LEFFA Data da defesa:\u00a022\/12\/2016 Texto Completo \u00a0 &nbsp; LUCIANA SPECHT\u00a0 \u00a0 \u00a0 \u00a0 \u00a0 \u00a0 \u00a0 \u00a0 O INGRESSO NA L\u00cdNGUA ESTRANGEIRA: V\u00cdNCULOS LINGU\u00cdSTICO-CULTURAIS E IDENTIT\u00c1RIOS DE PROFESSORES DE L\u00cdNGUA INGLESA Orientador: HILARIO INACIO BOHN Data da defesa:\u00a015\/12\/2016 Texto Completo [&hellip;]<\/p>\n","protected":false},"author":253,"featured_media":0,"parent":3090,"menu_order":3,"comment_status":"closed","ping_status":"closed","template":"","meta":{"jetpack_post_was_ever_published":false,"footnotes":""},"class_list":["post-2604","page","type-page","status-publish","hentry"],"jetpack_sharing_enabled":true,"jetpack_shortlink":"https:\/\/wp.me\/P8vD3Q-G0","_links":{"self":[{"href":"https:\/\/wp.ufpel.edu.br\/ppgl\/wp-json\/wp\/v2\/pages\/2604","targetHints":{"allow":["GET"]}}],"collection":[{"href":"https:\/\/wp.ufpel.edu.br\/ppgl\/wp-json\/wp\/v2\/pages"}],"about":[{"href":"https:\/\/wp.ufpel.edu.br\/ppgl\/wp-json\/wp\/v2\/types\/page"}],"author":[{"embeddable":true,"href":"https:\/\/wp.ufpel.edu.br\/ppgl\/wp-json\/wp\/v2\/users\/253"}],"replies":[{"embeddable":true,"href":"https:\/\/wp.ufpel.edu.br\/ppgl\/wp-json\/wp\/v2\/comments?post=2604"}],"version-history":[{"count":9,"href":"https:\/\/wp.ufpel.edu.br\/ppgl\/wp-json\/wp\/v2\/pages\/2604\/revisions"}],"predecessor-version":[{"id":3101,"href":"https:\/\/wp.ufpel.edu.br\/ppgl\/wp-json\/wp\/v2\/pages\/2604\/revisions\/3101"}],"up":[{"embeddable":true,"href":"https:\/\/wp.ufpel.edu.br\/ppgl\/wp-json\/wp\/v2\/pages\/3090"}],"wp:attachment":[{"href":"https:\/\/wp.ufpel.edu.br\/ppgl\/wp-json\/wp\/v2\/media?parent=2604"}],"curies":[{"name":"wp","href":"https:\/\/api.w.org\/{rel}","templated":true}]}}