{"id":2549,"date":"2018-12-10T10:47:33","date_gmt":"2018-12-10T12:47:33","guid":{"rendered":"https:\/\/wp.ufpel.edu.br\/ppgl\/?page_id=2549"},"modified":"2018-12-10T10:47:33","modified_gmt":"2018-12-10T12:47:33","slug":"1996-2","status":"publish","type":"page","link":"https:\/\/wp.ufpel.edu.br\/ppgl\/trabalhos-defendidos\/dissertacoes\/1996-2\/","title":{"rendered":"1996"},"content":{"rendered":"<p><strong>Vera Lucia Dias Fernandes<\/strong><\/p>\n<p>A BUSCA DA AUTONOMIA NA APRENDIZAGEM DA LE: A EXPERI\u00caNCIA DO ENSINO CONCENTRADO NA UCPel<\/p>\n<p>Orientador: Hil\u00e1rio In\u00e1cio Bohn<\/p>\n<p><a href=\"https:\/\/wp.ufpel.edu.br\/ppgl\/files\/2018\/11\/A_busca_da_autonomia-Vera_Fernandes.pdf\">Texto<\/a><a href=\"https:\/\/wp.ufpel.edu.br\/ppgl\/files\/2018\/11\/A_busca_da_autonomia-Vera_Fernandes.pdf\"> Com<\/a><a href=\"https:\/\/wp.ufpel.edu.br\/ppgl\/files\/2018\/11\/A_busca_da_autonomia-Vera_Fernandes.pdf\">pleto<\/a><\/p>\n<p>&nbsp;<\/p>\n<p>&nbsp;<\/p>\n<p><strong>Christine Nicolaides<\/strong><\/p>\n<p>INTERA\u00c7\u00c3O EM SALA DE AULA DE L\u00cdNGUA ESTRANGEIRA: UMA<\/p>\n<p>EXPERI\u00caNCIA NA ESCOLA DE ENSINO DE PRIME IRO GRAU<\/p>\n<p>Orientador: Hil\u00e1rio In\u00e1cio Bohn<\/p>\n<p><a href=\"https:\/\/wp.ufpel.edu.br\/ppgl\/files\/2018\/11\/Interacao_em_sala_de_aula-Christine_Nicolaides.pdf\">Texto Completo\u00a0 <\/a><\/p>\n<p>&nbsp;<\/p>\n<p>&nbsp;<\/p>\n<p><strong>Lu\u00eds I. C. Amaral<\/strong><\/p>\n<p>O ABAIXAMENTO DE \/i\/ E \/u\/ NO PORTUGU\u00caS DA CAMPANHA GA\u00daCHA<\/p>\n<p>Orientador: Carmen L\u00facia Matzenauer Hernandorena<\/p>\n<p><a href=\"https:\/\/wp.ufpel.edu.br\/ppgl\/files\/2018\/11\/O-Abaixamento-de-.i.-E-.u.-no-Portugu\u00eas-da-Campanha-Ga\u00facha-Luis_Amaral.pdf\">Texto Completo <\/a><\/p>\n<p>&nbsp;<\/p>\n<p>&nbsp;<\/p>\n","protected":false},"excerpt":{"rendered":"<p>Vera Lucia Dias Fernandes A BUSCA DA AUTONOMIA NA APRENDIZAGEM DA LE: A EXPERI\u00caNCIA DO ENSINO CONCENTRADO NA UCPel Orientador: Hil\u00e1rio In\u00e1cio Bohn Texto Completo &nbsp; &nbsp; Christine Nicolaides INTERA\u00c7\u00c3O EM SALA DE AULA DE L\u00cdNGUA ESTRANGEIRA: UMA EXPERI\u00caNCIA NA ESCOLA DE ENSINO DE PRIME IRO GRAU Orientador: Hil\u00e1rio In\u00e1cio Bohn Texto Completo\u00a0 &nbsp; &nbsp; [&hellip;]<\/p>\n","protected":false},"author":253,"featured_media":0,"parent":397,"menu_order":24,"comment_status":"closed","ping_status":"closed","template":"","meta":{"jetpack_post_was_ever_published":false,"footnotes":""},"class_list":["post-2549","page","type-page","status-publish","hentry"],"jetpack_sharing_enabled":true,"jetpack_shortlink":"https:\/\/wp.me\/P8vD3Q-F7","_links":{"self":[{"href":"https:\/\/wp.ufpel.edu.br\/ppgl\/wp-json\/wp\/v2\/pages\/2549","targetHints":{"allow":["GET"]}}],"collection":[{"href":"https:\/\/wp.ufpel.edu.br\/ppgl\/wp-json\/wp\/v2\/pages"}],"about":[{"href":"https:\/\/wp.ufpel.edu.br\/ppgl\/wp-json\/wp\/v2\/types\/page"}],"author":[{"embeddable":true,"href":"https:\/\/wp.ufpel.edu.br\/ppgl\/wp-json\/wp\/v2\/users\/253"}],"replies":[{"embeddable":true,"href":"https:\/\/wp.ufpel.edu.br\/ppgl\/wp-json\/wp\/v2\/comments?post=2549"}],"version-history":[{"count":3,"href":"https:\/\/wp.ufpel.edu.br\/ppgl\/wp-json\/wp\/v2\/pages\/2549\/revisions"}],"predecessor-version":[{"id":3049,"href":"https:\/\/wp.ufpel.edu.br\/ppgl\/wp-json\/wp\/v2\/pages\/2549\/revisions\/3049"}],"up":[{"embeddable":true,"href":"https:\/\/wp.ufpel.edu.br\/ppgl\/wp-json\/wp\/v2\/pages\/397"}],"wp:attachment":[{"href":"https:\/\/wp.ufpel.edu.br\/ppgl\/wp-json\/wp\/v2\/media?parent=2549"}],"curies":[{"name":"wp","href":"https:\/\/api.w.org\/{rel}","templated":true}]}}