{"id":2545,"date":"2018-12-10T10:48:09","date_gmt":"2018-12-10T12:48:09","guid":{"rendered":"https:\/\/wp.ufpel.edu.br\/ppgl\/?page_id=2545"},"modified":"2018-12-10T10:48:09","modified_gmt":"2018-12-10T12:48:09","slug":"1997-2","status":"publish","type":"page","link":"https:\/\/wp.ufpel.edu.br\/ppgl\/trabalhos-defendidos\/dissertacoes\/1997-2\/","title":{"rendered":"1997"},"content":{"rendered":"<p><strong>Maria Teresinha Py Elichirigoity<\/strong><\/p>\n<p>ESTRUTURAS SINT\u00c1TICAS MARCADAS POR REORDENA\u00c7\u00c3O EM<\/p>\n<p>DISSERTA\u00c7\u00d5ES DE VESTIBULANDOS<\/p>\n<p>Orientador: Ana Maria Stahl Zilles<\/p>\n<p><a href=\"https:\/\/wp.ufpel.edu.br\/ppgl\/files\/2018\/11\/Estruturas_sintaticas_remarcadas-Maria_Elichirigoity.pdf\">Texto Completo <\/a><\/p>\n<p>&nbsp;<\/p>\n<p>&nbsp;<\/p>\n<p><strong>Jorge Walter Da Rocha Espiga<\/strong><\/p>\n<p>INFLU\u00caNCIA DO ESPANHOL NA VARIA\u00c7\u00c3O DA LATERAL P\u00d3S-VOC\u00c1LICA DO PORTUGU\u00caS DA FRONTEIRA<\/p>\n<p>Orientador: Carmem L\u00facia Matzenauer Hernandorena<\/p>\n<p><a href=\"https:\/\/wp.ufpel.edu.br\/ppgl\/files\/2018\/11\/Influencia_do_espanhol-Jorge_Espiga.pdf\">Texto Completo <\/a><\/p>\n<p>&nbsp;<\/p>\n<p>&nbsp;<\/p>\n<p><strong>K\u00e1tia Nascimento<\/strong><\/p>\n<p>INTERA\u00c7\u00c3O EM SALA DE AULA DE L\u00cdNGUA ESTRANGEIRA DE DEFICIENTES VISUAIS<\/p>\n<p>Orientador: Hil\u00e1rio\u00a0 In\u00e1cio\u00a0 Bohn<\/p>\n<p><a href=\"https:\/\/wp.ufpel.edu.br\/ppgl\/files\/2018\/11\/Interacao_lingua_estrangeira_deficientes-Katia_nascimento.pdf\">Texto Completo <\/a><\/p>\n<p>&nbsp;<\/p>\n<p><strong>\u00a0<\/strong><\/p>\n<p><strong>Isabella Mozzillo De Moura<\/strong><\/p>\n<p>TRAI\u00c7\u00c3O LING\u00dc\u00cdSTICA E LEALDADE CULTURAL A ALTERN\u00c2NCIA DE C\u00d3DIGO NO DISCURSO BIL\u00cdNG\u00dcE<\/p>\n<p>Orientador: Hil\u00e1rio\u00a0 In\u00e1cio\u00a0 Bohn<\/p>\n<p><a href=\"https:\/\/wp.ufpel.edu.br\/ppgl\/files\/2018\/11\/Traicao_linguistica_e_lealdade-Isabella_de_Moura.pdf\">Texto Completo <\/a><\/p>\n","protected":false},"excerpt":{"rendered":"<p>Maria Teresinha Py Elichirigoity ESTRUTURAS SINT\u00c1TICAS MARCADAS POR REORDENA\u00c7\u00c3O EM DISSERTA\u00c7\u00d5ES DE VESTIBULANDOS Orientador: Ana Maria Stahl Zilles Texto Completo &nbsp; &nbsp; Jorge Walter Da Rocha Espiga INFLU\u00caNCIA DO ESPANHOL NA VARIA\u00c7\u00c3O DA LATERAL P\u00d3S-VOC\u00c1LICA DO PORTUGU\u00caS DA FRONTEIRA Orientador: Carmem L\u00facia Matzenauer Hernandorena Texto Completo &nbsp; &nbsp; K\u00e1tia Nascimento INTERA\u00c7\u00c3O EM SALA DE AULA [&hellip;]<\/p>\n","protected":false},"author":253,"featured_media":0,"parent":397,"menu_order":23,"comment_status":"closed","ping_status":"closed","template":"","meta":{"jetpack_post_was_ever_published":false,"footnotes":""},"class_list":["post-2545","page","type-page","status-publish","hentry"],"jetpack_sharing_enabled":true,"jetpack_shortlink":"https:\/\/wp.me\/P8vD3Q-F3","_links":{"self":[{"href":"https:\/\/wp.ufpel.edu.br\/ppgl\/wp-json\/wp\/v2\/pages\/2545","targetHints":{"allow":["GET"]}}],"collection":[{"href":"https:\/\/wp.ufpel.edu.br\/ppgl\/wp-json\/wp\/v2\/pages"}],"about":[{"href":"https:\/\/wp.ufpel.edu.br\/ppgl\/wp-json\/wp\/v2\/types\/page"}],"author":[{"embeddable":true,"href":"https:\/\/wp.ufpel.edu.br\/ppgl\/wp-json\/wp\/v2\/users\/253"}],"replies":[{"embeddable":true,"href":"https:\/\/wp.ufpel.edu.br\/ppgl\/wp-json\/wp\/v2\/comments?post=2545"}],"version-history":[{"count":3,"href":"https:\/\/wp.ufpel.edu.br\/ppgl\/wp-json\/wp\/v2\/pages\/2545\/revisions"}],"predecessor-version":[{"id":2861,"href":"https:\/\/wp.ufpel.edu.br\/ppgl\/wp-json\/wp\/v2\/pages\/2545\/revisions\/2861"}],"up":[{"embeddable":true,"href":"https:\/\/wp.ufpel.edu.br\/ppgl\/wp-json\/wp\/v2\/pages\/397"}],"wp:attachment":[{"href":"https:\/\/wp.ufpel.edu.br\/ppgl\/wp-json\/wp\/v2\/media?parent=2545"}],"curies":[{"name":"wp","href":"https:\/\/api.w.org\/{rel}","templated":true}]}}