{"id":2542,"date":"2018-12-10T10:48:44","date_gmt":"2018-12-10T12:48:44","guid":{"rendered":"https:\/\/wp.ufpel.edu.br\/ppgl\/?page_id=2542"},"modified":"2018-12-10T10:48:44","modified_gmt":"2018-12-10T12:48:44","slug":"1998-2","status":"publish","type":"page","link":"https:\/\/wp.ufpel.edu.br\/ppgl\/trabalhos-defendidos\/dissertacoes\/1998-2\/","title":{"rendered":"1998"},"content":{"rendered":"<p><strong>Ivete Bellomo Machado<\/strong><\/p>\n<p>ENTRE O REAL E O FICT\u00cdCIO: ELEMENTOS NARRATIVOS EM SONHOS TROPICAIS,\u00a0 DE MOACYR SCLIAR<\/p>\n<p>Orientador: Susana Funck<\/p>\n<p><a href=\"https:\/\/wp.ufpel.edu.br\/ppgl\/files\/2018\/11\/Elementos_narrativos_em_Sonhos_Tropicais-Ivete_Machado.pdf\">Texto Completo <\/a><\/p>\n<p>&nbsp;<\/p>\n<p>&nbsp;<\/p>\n<p><strong>Brenda Maris Scur Da Silva<\/strong><\/p>\n<p>GALVEZ, IMPERADOR DO ACRE: RESIST\u00caNCIA E TRANSGRESS\u00c3O<\/p>\n<p>Orientador: Aracy Ernst Pereira<\/p>\n<p><a href=\"https:\/\/wp.ufpel.edu.br\/ppgl\/files\/2018\/11\/Galvez_Imperador_do_Acre-Brenda_da_Silva.pdf\">Texto Completo <\/a><\/p>\n<p>&nbsp;<\/p>\n<p>&nbsp;<\/p>\n<p><strong>Matilde Contreras<\/strong><\/p>\n<p>LAS TRAMPAS QUE PUEDE OFRECER LA PROXIMIDAD DE LOS IDIOMAS LA INTERLENGUA OFRECIDA COMO INSUMO EN LAS CLASES DE LENGUA ESPA\u00d1OLA COMO LE<\/p>\n<p>Orientador: HIL\u00c1RIO IN\u00c1CIO BOHN<\/p>\n<p><a href=\"https:\/\/wp.ufpel.edu.br\/ppgl\/files\/2018\/11\/Las_trampas-Matilde_Contreras.pdf\">Texto Completo <\/a><\/p>\n<p>&nbsp;<\/p>\n<p>&nbsp;<\/p>\n<p><strong>C\u00edntia Da Costa Alc\u00e2ntara<\/strong><\/p>\n<p>O PROCESSO DE AQUISI\u00c7\u00c3O DAS VOGAIS FRONTAIS ARREDONDADAS DO FRANC\u00caS POR FALANTES NATIVOS DO PORTUGU\u00caS<\/p>\n<p>Orientador: L\u00facia Matzenauer Hernandorena<\/p>\n<p><a href=\"https:\/\/wp.ufpel.edu.br\/ppgl\/files\/2018\/11\/O_processo_de_aquisicao_das_vogais-Cintia_Alcantara.pdf\">Texto Completo <\/a><\/p>\n<p>&nbsp;<\/p>\n<p>&nbsp;<\/p>\n<p><strong>Maria Cristina Freitas Teixeira<\/strong><\/p>\n<p>OS PROCESSOS DE NARRATIVIDADE SUBJACENTES AO DISCURSO<\/p>\n<p>PUBLICIT\u00c1RIO<\/p>\n<p>Orientador: Susana Born\u00e9o Funck<\/p>\n<p><a href=\"https:\/\/wp.ufpel.edu.br\/ppgl\/files\/2018\/11\/Os_processos_de_narratividade-Maria_Cristina_Teixeira.pdf\">Texto Completo <\/a><\/p>\n","protected":false},"excerpt":{"rendered":"<p>Ivete Bellomo Machado ENTRE O REAL E O FICT\u00cdCIO: ELEMENTOS NARRATIVOS EM SONHOS TROPICAIS,\u00a0 DE MOACYR SCLIAR Orientador: Susana Funck Texto Completo &nbsp; &nbsp; Brenda Maris Scur Da Silva GALVEZ, IMPERADOR DO ACRE: RESIST\u00caNCIA E TRANSGRESS\u00c3O Orientador: Aracy Ernst Pereira Texto Completo &nbsp; &nbsp; Matilde Contreras LAS TRAMPAS QUE PUEDE OFRECER LA PROXIMIDAD DE LOS [&hellip;]<\/p>\n","protected":false},"author":253,"featured_media":0,"parent":397,"menu_order":22,"comment_status":"closed","ping_status":"closed","template":"","meta":{"jetpack_post_was_ever_published":false,"footnotes":""},"class_list":["post-2542","page","type-page","status-publish","hentry"],"jetpack_sharing_enabled":true,"jetpack_shortlink":"https:\/\/wp.me\/P8vD3Q-F0","_links":{"self":[{"href":"https:\/\/wp.ufpel.edu.br\/ppgl\/wp-json\/wp\/v2\/pages\/2542","targetHints":{"allow":["GET"]}}],"collection":[{"href":"https:\/\/wp.ufpel.edu.br\/ppgl\/wp-json\/wp\/v2\/pages"}],"about":[{"href":"https:\/\/wp.ufpel.edu.br\/ppgl\/wp-json\/wp\/v2\/types\/page"}],"author":[{"embeddable":true,"href":"https:\/\/wp.ufpel.edu.br\/ppgl\/wp-json\/wp\/v2\/users\/253"}],"replies":[{"embeddable":true,"href":"https:\/\/wp.ufpel.edu.br\/ppgl\/wp-json\/wp\/v2\/comments?post=2542"}],"version-history":[{"count":4,"href":"https:\/\/wp.ufpel.edu.br\/ppgl\/wp-json\/wp\/v2\/pages\/2542\/revisions"}],"predecessor-version":[{"id":3050,"href":"https:\/\/wp.ufpel.edu.br\/ppgl\/wp-json\/wp\/v2\/pages\/2542\/revisions\/3050"}],"up":[{"embeddable":true,"href":"https:\/\/wp.ufpel.edu.br\/ppgl\/wp-json\/wp\/v2\/pages\/397"}],"wp:attachment":[{"href":"https:\/\/wp.ufpel.edu.br\/ppgl\/wp-json\/wp\/v2\/media?parent=2542"}],"curies":[{"name":"wp","href":"https:\/\/api.w.org\/{rel}","templated":true}]}}