{"id":2529,"date":"2018-10-25T11:52:16","date_gmt":"2018-10-25T14:52:16","guid":{"rendered":"https:\/\/wp.ufpel.edu.br\/ppgl\/?page_id=2529"},"modified":"2018-12-10T10:49:51","modified_gmt":"2018-12-10T12:49:51","slug":"2000-2","status":"publish","type":"page","link":"https:\/\/wp.ufpel.edu.br\/ppgl\/trabalhos-defendidos\/dissertacoes\/2000-2\/","title":{"rendered":"2000"},"content":{"rendered":"<p><strong>Maria Carolina Alves Pereira Avila <\/strong><\/p>\n<p>A aquisi\u00e7\u00e3o do ataque sil\u00e1bico complexo: Um estudo sobre crian\u00e7as com idade entre 2:0 e 3:7<\/p>\n<p>Orientador: Carmen L\u00facia Matzenauer Hernandorena<\/p>\n<p><a href=\"https:\/\/wp.ufpel.edu.br\/ppgl\/files\/2018\/11\/A_aquisicao_do_ataque_silabico-Maria_Avila.pdf\">Texto Completo <\/a><\/p>\n<p>&nbsp;<\/p>\n<p>&nbsp;<\/p>\n<p>&nbsp;<\/p>\n<p><strong>Fernanda\u00a0 Antoniolo\u00a0 Hammes\u00a0 De\u00a0 Carvalho<\/strong><\/p>\n<p>A CONSTRU\u00c7\u00c3O DA\u00a0 APTID\u00c3O : UMA PROV\u00c1VEL RESPOSTA PARA DIFERENTES DESEMPENHOS NA\u00a0 AQUISI\u00c7\u00c3O DE LE<\/p>\n<p>Orientador: Hil\u00e1rio In\u00e1cio Bohn.<\/p>\n<p><a href=\"https:\/\/wp.ufpel.edu.br\/ppgl\/files\/2018\/11\/A_construcao_da_aptidao-Fernanda_de_Carvalho.pdf\">Texto Completo <\/a><\/p>\n<p>&nbsp;<\/p>\n<p>&nbsp;<\/p>\n<p>&nbsp;<\/p>\n<p><strong>M\u00edriam Cristina Carniato<\/strong><\/p>\n<p>A NEUTRALIZA\u00c7\u00c3O DAS VOGAIS\u00a0 POST\u00d4NICAS FINAIS NA COMUNIDADE DE SANTA VIT\u00d3RIA DO PALMAR<\/p>\n<p>Orientador: Carmen L\u00facia Matzenauer Hernandorena<\/p>\n<p><a href=\"https:\/\/wp.ufpel.edu.br\/ppgl\/files\/2018\/11\/A_neutralizacao_das_vogais-Miriam_Carniato.pdf\">Texto Completo <\/a><\/p>\n<p>&nbsp;<\/p>\n<p>&nbsp;<\/p>\n<p>&nbsp;<\/p>\n<p><strong>Giovana Ferreira Gon\u00e7alves Bonilha<\/strong><\/p>\n<p>AQUISI\u00c7\u00c3O DOS DITONGOS ORAIS DECRESCENTES: UMA AN\u00c1LISE \u00c0 LUZ DA TEORIA DA OTIMIDADE<\/p>\n<p>Orientador: Carmen L\u00facia Matzenauer Hernandorena<\/p>\n<p><a href=\"https:\/\/wp.ufpel.edu.br\/ppgl\/files\/2018\/11\/Aquisicao_dos_ditongos-Giovana_Bonilha.pdf\">Texto Completo <\/a><\/p>\n<p>&nbsp;<\/p>\n<p>&nbsp;<\/p>\n<p>&nbsp;<\/p>\n<p><strong>Rosely Diniz da Silva Machado<\/strong><\/p>\n<p>O FUNCIONAMENTO DISCURSIVO DE CHARGES POL\u00cdTICAS<\/p>\n<p>Orientador: Aracy Ernst Pereira.<\/p>\n<p><a href=\"https:\/\/wp.ufpel.edu.br\/ppgl\/files\/2018\/11\/Charges_politicas-Rosely_Machado.pdf\">Texto Completo <\/a><\/p>\n<p>&nbsp;<\/p>\n<p>&nbsp;<\/p>\n<p>&nbsp;<\/p>\n<p><strong>Wesley Mayer Vergara<\/strong><\/p>\n<p>DISCURSO ORAL E DISCURSO ESCRITO: DIFEREN\u00c7AS E SEMELHAN\u00c7AS<\/p>\n<p>Orientador: Vilson Jos\u00e9 Leffa<\/p>\n<p><a href=\"https:\/\/wp.ufpel.edu.br\/ppgl\/files\/2018\/11\/Discurso_oral_discurso_escrito-Wesley_Vergara.pdf\">Texto Completo <\/a><\/p>\n<p>&nbsp;<\/p>\n<p>&nbsp;<\/p>\n<p>&nbsp;<\/p>\n<p><strong>Clara da Silva<\/strong><\/p>\n<p>EP\u00caNTESE DIANTE DO SEGMENTO [w] NO ESPANHOL DO URUGUAI<\/p>\n<p>Orientador: Carmen L\u00facia Matzenauer Hernandorena<\/p>\n<p><a href=\"https:\/\/wp.ufpel.edu.br\/ppgl\/files\/2018\/11\/Epentese_diante_do_segmento-Clara_Silva.pdf\">Texto Completo <\/a><\/p>\n<p>&nbsp;<\/p>\n<p>&nbsp;<\/p>\n<p>&nbsp;<\/p>\n<p><strong>Analva Aparecida De Andrade Lucas Passos<\/strong><\/p>\n<p>O PAPEL DO TEXTO NA CONSTRU\u00c7\u00c3O DO CONHECIMENTO NA UNIVERSIDADE &#8211; UMA REFLEX\u00c3O SOBRE A CULTURA DE SALADE AULA E O USO DA LINGUAGEM NA CONSTRU\u00c7\u00c3O DO CONHECIMENTO<\/p>\n<p>Orientador: Hil\u00e1rio In\u00e1cio Bohn<\/p>\n<p><a href=\"https:\/\/wp.ufpel.edu.br\/ppgl\/files\/2018\/11\/O_papel_do_texto-Analva_Passos.pdf\">Texto Completo <\/a><\/p>\n","protected":false},"excerpt":{"rendered":"<p>Maria Carolina Alves Pereira Avila A aquisi\u00e7\u00e3o do ataque sil\u00e1bico complexo: Um estudo sobre crian\u00e7as com idade entre 2:0 e 3:7 Orientador: Carmen L\u00facia Matzenauer Hernandorena Texto Completo &nbsp; &nbsp; &nbsp; Fernanda\u00a0 Antoniolo\u00a0 Hammes\u00a0 De\u00a0 Carvalho A CONSTRU\u00c7\u00c3O DA\u00a0 APTID\u00c3O : UMA PROV\u00c1VEL RESPOSTA PARA DIFERENTES DESEMPENHOS NA\u00a0 AQUISI\u00c7\u00c3O DE LE Orientador: Hil\u00e1rio In\u00e1cio Bohn. [&hellip;]<\/p>\n","protected":false},"author":253,"featured_media":0,"parent":397,"menu_order":20,"comment_status":"closed","ping_status":"closed","template":"","meta":{"jetpack_post_was_ever_published":false,"footnotes":""},"class_list":["post-2529","page","type-page","status-publish","hentry"],"jetpack_sharing_enabled":true,"jetpack_shortlink":"https:\/\/wp.me\/P8vD3Q-EN","_links":{"self":[{"href":"https:\/\/wp.ufpel.edu.br\/ppgl\/wp-json\/wp\/v2\/pages\/2529","targetHints":{"allow":["GET"]}}],"collection":[{"href":"https:\/\/wp.ufpel.edu.br\/ppgl\/wp-json\/wp\/v2\/pages"}],"about":[{"href":"https:\/\/wp.ufpel.edu.br\/ppgl\/wp-json\/wp\/v2\/types\/page"}],"author":[{"embeddable":true,"href":"https:\/\/wp.ufpel.edu.br\/ppgl\/wp-json\/wp\/v2\/users\/253"}],"replies":[{"embeddable":true,"href":"https:\/\/wp.ufpel.edu.br\/ppgl\/wp-json\/wp\/v2\/comments?post=2529"}],"version-history":[{"count":3,"href":"https:\/\/wp.ufpel.edu.br\/ppgl\/wp-json\/wp\/v2\/pages\/2529\/revisions"}],"predecessor-version":[{"id":2847,"href":"https:\/\/wp.ufpel.edu.br\/ppgl\/wp-json\/wp\/v2\/pages\/2529\/revisions\/2847"}],"up":[{"embeddable":true,"href":"https:\/\/wp.ufpel.edu.br\/ppgl\/wp-json\/wp\/v2\/pages\/397"}],"wp:attachment":[{"href":"https:\/\/wp.ufpel.edu.br\/ppgl\/wp-json\/wp\/v2\/media?parent=2529"}],"curies":[{"name":"wp","href":"https:\/\/api.w.org\/{rel}","templated":true}]}}