{"id":2520,"date":"2018-10-25T11:47:20","date_gmt":"2018-10-25T14:47:20","guid":{"rendered":"https:\/\/wp.ufpel.edu.br\/ppgl\/?page_id=2520"},"modified":"2018-12-10T10:51:27","modified_gmt":"2018-12-10T12:51:27","slug":"2002-2","status":"publish","type":"page","link":"https:\/\/wp.ufpel.edu.br\/ppgl\/trabalhos-defendidos\/dissertacoes\/2002-2\/","title":{"rendered":"2002"},"content":{"rendered":"<p><strong>Cl\u00f3ris Maria Freire Dorow<\/strong><\/p>\n<p>A IRONIA NO DISCURSO DO TRIBUNAL DO J\u00daRI \u2013UM DIZER MARCADO PELA PROS\u00d3DIA<\/p>\n<p>Orientador: Aracy Ernst-Pereira<\/p>\n<p><a href=\"https:\/\/wp.ufpel.edu.br\/ppgl\/files\/2018\/11\/A-Ironia-no-Discurso-do-Tribunal-do-J\u00fari-Um-Dizer-Marcado-Pela-Pros\u00f3dia-Cl\u00f3ris-Maria-Freire-Dorow.pdf\">Texto Completo <\/a><\/p>\n<p>&nbsp;<\/p>\n<p>&nbsp;<\/p>\n<p><strong>Dulce Helena Moraes<\/strong><\/p>\n<p>HORAS MARCADAS: G\u00caNERO E DISCURSO PUBLICIT\u00c1RIO<\/p>\n<p>Orientador: Dulce Helena Moraes<\/p>\n<p><a href=\"https:\/\/wp.ufpel.edu.br\/ppgl\/files\/2018\/11\/Horas_marcadas-Dulce_Moraes.pdf\">Texto Completo <\/a><\/p>\n<p>&nbsp;<\/p>\n<p>&nbsp;<\/p>\n<p><strong>Clarice Vaz Peres Alves<\/strong><\/p>\n<p>O PROCESSO DE REVIS\u00c3O TEXTUAL NA CONSTRU\u00c7\u00c3O DA TEXTUALIDADE ATRAV\u00c9S DA FOCALIZA\u00c7\u00c3O DAS M\u00c1XIMAS DE GRICE<\/p>\n<p>Orientador: Hil\u00e1rio In\u00e1cio Bohn<\/p>\n<p><a href=\"https:\/\/wp.ufpel.edu.br\/ppgl\/files\/2018\/11\/O_processo_de_revisao_textual-Clarice_Alves.pdf\">Texto Completo <\/a><\/p>\n<p>&nbsp;<\/p>\n<p>&nbsp;<\/p>\n<p><strong>Elisane Pinto Da Silva Machado De\u00a0 Lima<\/strong><\/p>\n<p>SE FORMOS FI\u00c9IS A ELE, ELE CERTAMENTE SER\u00c1 FIEL A N\u00d3S: a condicionalidade e o discurso religioso da Igreja Universal do Reino de Deus<\/p>\n<p>Orientador: Aracy Ernst-Pereira<\/p>\n<p><a href=\"https:\/\/wp.ufpel.edu.br\/ppgl\/files\/2018\/11\/Se_formos_fieis-Elisane_de_Lima.pdf\">Texto Completo <\/a><\/p>\n","protected":false},"excerpt":{"rendered":"<p>Cl\u00f3ris Maria Freire Dorow A IRONIA NO DISCURSO DO TRIBUNAL DO J\u00daRI \u2013UM DIZER MARCADO PELA PROS\u00d3DIA Orientador: Aracy Ernst-Pereira Texto Completo &nbsp; &nbsp; Dulce Helena Moraes HORAS MARCADAS: G\u00caNERO E DISCURSO PUBLICIT\u00c1RIO Orientador: Dulce Helena Moraes Texto Completo &nbsp; &nbsp; Clarice Vaz Peres Alves O PROCESSO DE REVIS\u00c3O TEXTUAL NA CONSTRU\u00c7\u00c3O DA TEXTUALIDADE ATRAV\u00c9S [&hellip;]<\/p>\n","protected":false},"author":253,"featured_media":0,"parent":397,"menu_order":18,"comment_status":"closed","ping_status":"closed","template":"","meta":{"jetpack_post_was_ever_published":false,"footnotes":""},"class_list":["post-2520","page","type-page","status-publish","hentry"],"jetpack_sharing_enabled":true,"jetpack_shortlink":"https:\/\/wp.me\/P8vD3Q-EE","_links":{"self":[{"href":"https:\/\/wp.ufpel.edu.br\/ppgl\/wp-json\/wp\/v2\/pages\/2520","targetHints":{"allow":["GET"]}}],"collection":[{"href":"https:\/\/wp.ufpel.edu.br\/ppgl\/wp-json\/wp\/v2\/pages"}],"about":[{"href":"https:\/\/wp.ufpel.edu.br\/ppgl\/wp-json\/wp\/v2\/types\/page"}],"author":[{"embeddable":true,"href":"https:\/\/wp.ufpel.edu.br\/ppgl\/wp-json\/wp\/v2\/users\/253"}],"replies":[{"embeddable":true,"href":"https:\/\/wp.ufpel.edu.br\/ppgl\/wp-json\/wp\/v2\/comments?post=2520"}],"version-history":[{"count":2,"href":"https:\/\/wp.ufpel.edu.br\/ppgl\/wp-json\/wp\/v2\/pages\/2520\/revisions"}],"predecessor-version":[{"id":2825,"href":"https:\/\/wp.ufpel.edu.br\/ppgl\/wp-json\/wp\/v2\/pages\/2520\/revisions\/2825"}],"up":[{"embeddable":true,"href":"https:\/\/wp.ufpel.edu.br\/ppgl\/wp-json\/wp\/v2\/pages\/397"}],"wp:attachment":[{"href":"https:\/\/wp.ufpel.edu.br\/ppgl\/wp-json\/wp\/v2\/media?parent=2520"}],"curies":[{"name":"wp","href":"https:\/\/api.w.org\/{rel}","templated":true}]}}