{"id":2505,"date":"2018-10-25T11:34:46","date_gmt":"2018-10-25T14:34:46","guid":{"rendered":"https:\/\/wp.ufpel.edu.br\/ppgl\/?page_id=2505"},"modified":"2018-12-10T10:53:29","modified_gmt":"2018-12-10T12:53:29","slug":"2005-2","status":"publish","type":"page","link":"https:\/\/wp.ufpel.edu.br\/ppgl\/trabalhos-defendidos\/dissertacoes\/2005-2\/","title":{"rendered":"2005"},"content":{"rendered":"<p><strong>Ana L\u00facia Pederzolli Cavalheiro<\/strong><\/p>\n<p>REPRESENTA\u00c7\u00d5ES DA L\u00cdNGUA ESPA\u00d1OLA: NO IMAGIN\u00c1RIO DOS PROFESSORES, O AMOR \u00c0 L\u00cdNGUA MATERNA<\/p>\n<p>Orientador: Aracy Ernst-Pereira<\/p>\n<p><a href=\"https:\/\/wp.ufpel.edu.br\/ppgl\/files\/2018\/11\/Representacoes_da_lingua-Ana_Lucia_Cavalheiro.pdf\">Texto Completo<\/a><\/p>\n<p>&nbsp;<\/p>\n<p>&nbsp;<\/p>\n<p><strong>Elisa Clasen Lorenzet<\/strong><\/p>\n<p>PROCESSO DE ENSINO\/APRENDIZAGEM DE LEITURA PARA SURDOS MEDIADO POR COMPUTADOR<\/p>\n<p>Orientador: Vilson Jos\u00e9 Leffa<\/p>\n<p><a href=\"https:\/\/wp.ufpel.edu.br\/ppgl\/files\/2018\/11\/Processo_de_ensino-Elisa_Lorenzet.pdf\">Texto Completo <\/a><\/p>\n<p>&nbsp;<\/p>\n<p>&nbsp;<\/p>\n<p><strong>D\u00e2ni R<\/strong><strong>odrigues Moreira<\/strong><\/p>\n<p>UM ESTUDO DO PROCESSO DE AQUISI\u00c7\u00c3O DA\u00a0 HARMONIA VERBAL \u00c0 LUZ DA \u2018OT\u2019<\/p>\n<p>Orientador: Carmen L\u00facia Barreto Matzenauer<\/p>\n<p><a href=\"https:\/\/wp.ufpel.edu.br\/ppgl\/files\/2018\/11\/Processo_de_aquisicao-Dani_Moreira.pdf\">Texto Completo <\/a><\/p>\n<p>&nbsp;<\/p>\n<p>&nbsp;<\/p>\n<p><strong>Miguel Mishuo Watanabe<\/strong><\/p>\n<p>PARA ELE \/PARA ELA: CONCEP\u00c7\u00d5ES DE FEMININO E DE MASCULINO<\/p>\n<p>NO DISCURSO PUBLICIT\u00c1RIO DIRIGIDO<\/p>\n<p>Orientador: Susana Born\u00e9o Funck<\/p>\n<p><a href=\"https:\/\/wp.ufpel.edu.br\/ppgl\/files\/2018\/11\/Para_ele_para_ela-Miguel_Watanabe.pdf\">Texto Completo <\/a><\/p>\n<p>&nbsp;<\/p>\n<p>&nbsp;<\/p>\n<p><strong>Vera L\u00fa<\/strong><strong>cia Silveira Caballero Frantz<\/strong><\/p>\n<p>OS UNI VERSAIS TIPOL\u00d3GICOS E A AQUISI\u00c7\u00c3O DAS ORA\u00c7\u00d5ES<\/p>\n<p>RELATIVAS EM INGL\u00caS COMO L2<\/p>\n<p>Orientador: Ingrid Finger<\/p>\n<p><a href=\"https:\/\/wp.ufpel.edu.br\/ppgl\/files\/2018\/11\/Os_universais_tipologicos-Vera_Lucia_Frantz.pdf\">Texto Copleto<\/a><\/p>\n<p>&nbsp;<\/p>\n<p>&nbsp;<\/p>\n<p><strong>Marcia Bratkoswki\u00a0 Kossmann<\/strong><\/p>\n<p>O PROCESSO DISCURSIVO ANAF\u00d3RICO EM REDA\u00c7\u00d5ES\u00a0 DE VESTIBULA<\/p>\n<p>Orientador: Aracy Ernst<\/p>\n<p><a href=\"https:\/\/wp.ufpel.edu.br\/ppgl\/files\/2018\/11\/O_processo_discursivo-Marcia_Kosmann.pdf\">Texto Completo <\/a><\/p>\n<p>&nbsp;<\/p>\n<p>&nbsp;<\/p>\n<p><strong>Leila Bom Camillo<\/strong><\/p>\n<p>PROCESSO DE APRENDIZAGEM DA LINGUAGEM ESCRITA NUM CONTEXTO RURAL SUL-BRASILEIRO<\/p>\n<p>Orientador: Hil\u00e1rio I. Bohn<\/p>\n<p><a href=\"https:\/\/wp.ufpel.edu.br\/ppgl\/files\/2018\/11\/O_processo_de_aprendizagem-Leila_Camillo.pdf\">Texto Completo <\/a><\/p>\n<p>&nbsp;<\/p>\n<p>&nbsp;<\/p>\n<p><strong>Ida Maria Morales Marins<\/strong><\/p>\n<p>O CONTEXTO SOCIAL NA MOTIVA\u00c7\u00c3O DE CRIAN\u00c7AS APRENDIZES DE UMA L\u00cdNGUA ESTRANGEIRA<\/p>\n<p>Orientador: Hil\u00e1rio In\u00e1cio Bohn<\/p>\n<p><a href=\"https:\/\/wp.ufpel.edu.br\/ppgl\/files\/2018\/11\/O_contexto_social-Ida_Maria_Marins.pdf\">Texto Completo <\/a><\/p>\n<p>&nbsp;<\/p>\n<p>&nbsp;<\/p>\n<p><strong>Maria Thereza Veloso<\/strong><\/p>\n<p>O CANTO QUE ENCANTA: NA LINHA DE MONTAGEM, O DISCURSO\u00a0 DA N\u00c3O-MUDAN\u00c7A<\/p>\n<p>Orientador: Aracy Ernst-Pereira<\/p>\n<p><a href=\"https:\/\/wp.ufpel.edu.br\/ppgl\/files\/2018\/11\/O_canto_que_encanta-Maria_Thereza_Veloso.pdf\">Texto Completo <\/a><\/p>\n<p>&nbsp;<\/p>\n<p>&nbsp;<\/p>\n<p><strong>Jeize De F\u00e1tima Batista<\/strong><\/p>\n<p>ATIVIDADES DE LEITURA:\u00a0 UMA AN\u00c1LISE DISCURSIVA<\/p>\n<p>Orientador: Aracy Ernst-Pereira<\/p>\n<p><a href=\"https:\/\/wp.ufpel.edu.br\/ppgl\/files\/2018\/11\/Atividades_de_leitura-Jeize_Batista.pdf\">Texto Completo <\/a><\/p>\n<p>&nbsp;<\/p>\n<p>&nbsp;<\/p>\n<p><strong>Circi Nayar Oliveira Louren\u00e7o<\/strong><\/p>\n<p>AS FRONTEIRAS DE UM DIZER NUMA FRONTEIRA SINGULAR: entre o poder\u00a0 e o desejo da l\u00edngua, as representa\u00e7\u00f5es das alunas falantes nativas de l\u00edngua espanhola<\/p>\n<p>Orientador: Aracy Ernst-Pereira<\/p>\n<p><a href=\"https:\/\/wp.ufpel.edu.br\/ppgl\/files\/2018\/11\/As_fronteiras_de_um_dizer-Circi_Lourenco.pdf\">Texto Completo <\/a><\/p>\n<p>&nbsp;<\/p>\n<p>&nbsp;<\/p>\n<p><strong>Maristela Andr\u00e9a Teichmann Bazzan<\/strong><\/p>\n<p>AS VOGAIS M\u00c9DIAS NA INTERFONOLOGIA PORTUGU\u00caS \u2013 ESPANHOL<\/p>\n<p>Orientador: Carmen L\u00facia Barreto Matzenauer<\/p>\n<p><a href=\"https:\/\/wp.ufpel.edu.br\/ppgl\/files\/2018\/11\/As-Vogais-M\u00e9dias-na-Interfonologia-Portugu\u00eas-Espanhol-Maristela-Andr\u00e9a-Teichmann-Bazzan.pdf\">Texto Completo <\/a><\/p>\n<p>&nbsp;<\/p>\n<p>&nbsp;<\/p>\n<p><strong>Elena Ortiz Preuss<\/strong><\/p>\n<p>A\u00a0 INTERFACE ENTRE OS CONHECIMENTOS IMPL\u00cdCITO E EXPL\u00cdCITO: UM ESTUDO BASEADO NO SE \u2013 OPERADOR ASPECTUAL COMO DELIMITADOR<\/p>\n<p>EM ESPANHOL<\/p>\n<p>Orientador: Ingrid Finger<\/p>\n<p><a href=\"https:\/\/wp.ufpel.edu.br\/ppgl\/files\/2018\/11\/A_interface_entre_os_conhecimentos-Elena_Preuss.pdf\">Texto Completo <\/a><\/p>\n<p>&nbsp;<\/p>\n<p>&nbsp;<\/p>\n<p><strong>Silvio Paniz<\/strong><\/p>\n<p>A FONOLOGIA DO TALIAN, O V\u00caNETO-RIO-GRANDENSE FALADO NA CIDADE DE NOVA ROMA DO SUL, SOB A LUZ DA TEORI A DA OTIMIDADE.<\/p>\n<p>Orientador: Carmen L\u00facia Barreto Matzenauer<\/p>\n<p><a href=\"https:\/\/wp.ufpel.edu.br\/ppgl\/files\/2018\/11\/A_fonologia_do_Talian-Silvio_Paniz.pdf\">Texto Completo <\/a><\/p>\n<p>&nbsp;<\/p>\n<p>&nbsp;<\/p>\n<p><strong>Vanessa Ribas Fialho\u00a0\u00a0 <\/strong><\/p>\n<p>A DIFEREN\u00c7A NA SEMELHAN\u00c7A: UMA PROPOSTA BASEADA NA TEORIA DA ATIVIDADE PARA O ENSINO DE L\u00cdNGUAS PR\u00d3XIMAS<\/p>\n<p>Orientador: Vilson Jos\u00e9 Leffa Orientador<\/p>\n<p><a href=\"https:\/\/wp.ufpel.edu.br\/ppgl\/files\/2018\/11\/A_diferenca_na_semelhanca-Vanessa_Fialho.pdf\">Texto Completo <\/a><\/p>\n<p>&nbsp;<\/p>\n<p>&nbsp;<\/p>\n<p><strong>Eliane Rauber Spuldaro\u00a0 <\/strong><\/p>\n<p>A AQUISI\u00c7\u00c3O DE DISTIN\u00c7\u00d5ES ASPECTUAIS EM PORTUGU\u00caS COMO SEGUNDA L\u00cdNGUA POR FALANTES NATIVOS DE INGL\u00caS: O EXEMPLO DOS PRET\u00c9RITOS PERFEITO E IMPERFEITO<\/p>\n<p>Orientador: Ingrid Finger<\/p>\n<p><a href=\"https:\/\/wp.ufpel.edu.br\/ppgl\/files\/2018\/11\/A_aquisicao_de_distincoes-Eliane_Spuldaro.pdf\">Texto Completo<\/a><\/p>\n<p>&nbsp;<\/p>\n<p>&nbsp;<\/p>\n<p><strong>Marlene M. C. Festugato<\/strong><\/p>\n<p>INTERFER\u00caNCIAS DA L\u00cdNGUA TALIAN NO APRENDIZADO DO ESPANHOL:<br \/>\nUM ESTUDO DE CASO<\/p>\n<p>Orientador: Dr. Jorge Espiga.<\/p>\n<p><a href=\"https:\/\/wp.ufpel.edu.br\/ppgl\/files\/2018\/11\/Interferencias_da_lingua-Marlene_Festugato.pdf\">Texto Completo<\/a><\/p>\n<p>&nbsp;<\/p>\n<p>&nbsp;<\/p>\n<p><strong>Cristiane Lazzarotto<\/strong><\/p>\n<p>AVALIA\u00c7\u00c3O E PLANEJAMENTO FONOTERAP\u00caUTICO PARA CASOS DE DESVIO FONOL\u00d3GICO COM BASE NA TEORIA DA<br \/>\nOTIMIDADE<\/p>\n<p>Orientadora: Prof\u00aa Dr\u00aa Carmen L\u00facia Barreto Matzenauer<\/p>\n<p><a href=\"https:\/\/wp.ufpel.edu.br\/ppgl\/files\/2018\/11\/Avaliacao_e_planejamento_fonoterepeutico-Cristiane_Lazzaroto.pdf\">Texto Completo <\/a><\/p>\n<p>&nbsp;<\/p>\n<p>&nbsp;<\/p>\n<p>&nbsp;<\/p>\n","protected":false},"excerpt":{"rendered":"<p>Ana L\u00facia Pederzolli Cavalheiro REPRESENTA\u00c7\u00d5ES DA L\u00cdNGUA ESPA\u00d1OLA: NO IMAGIN\u00c1RIO DOS PROFESSORES, O AMOR \u00c0 L\u00cdNGUA MATERNA Orientador: Aracy Ernst-Pereira Texto Completo &nbsp; &nbsp; Elisa Clasen Lorenzet PROCESSO DE ENSINO\/APRENDIZAGEM DE LEITURA PARA SURDOS MEDIADO POR COMPUTADOR Orientador: Vilson Jos\u00e9 Leffa Texto Completo &nbsp; &nbsp; D\u00e2ni Rodrigues Moreira UM ESTUDO DO PROCESSO DE AQUISI\u00c7\u00c3O DA\u00a0 [&hellip;]<\/p>\n","protected":false},"author":253,"featured_media":0,"parent":397,"menu_order":15,"comment_status":"closed","ping_status":"closed","template":"","meta":{"jetpack_post_was_ever_published":false,"footnotes":""},"class_list":["post-2505","page","type-page","status-publish","hentry"],"jetpack_sharing_enabled":true,"jetpack_shortlink":"https:\/\/wp.me\/P8vD3Q-Ep","_links":{"self":[{"href":"https:\/\/wp.ufpel.edu.br\/ppgl\/wp-json\/wp\/v2\/pages\/2505","targetHints":{"allow":["GET"]}}],"collection":[{"href":"https:\/\/wp.ufpel.edu.br\/ppgl\/wp-json\/wp\/v2\/pages"}],"about":[{"href":"https:\/\/wp.ufpel.edu.br\/ppgl\/wp-json\/wp\/v2\/types\/page"}],"author":[{"embeddable":true,"href":"https:\/\/wp.ufpel.edu.br\/ppgl\/wp-json\/wp\/v2\/users\/253"}],"replies":[{"embeddable":true,"href":"https:\/\/wp.ufpel.edu.br\/ppgl\/wp-json\/wp\/v2\/comments?post=2505"}],"version-history":[{"count":6,"href":"https:\/\/wp.ufpel.edu.br\/ppgl\/wp-json\/wp\/v2\/pages\/2505\/revisions"}],"predecessor-version":[{"id":3018,"href":"https:\/\/wp.ufpel.edu.br\/ppgl\/wp-json\/wp\/v2\/pages\/2505\/revisions\/3018"}],"up":[{"embeddable":true,"href":"https:\/\/wp.ufpel.edu.br\/ppgl\/wp-json\/wp\/v2\/pages\/397"}],"wp:attachment":[{"href":"https:\/\/wp.ufpel.edu.br\/ppgl\/wp-json\/wp\/v2\/media?parent=2505"}],"curies":[{"name":"wp","href":"https:\/\/api.w.org\/{rel}","templated":true}]}}